{"id":8416,"date":"2023-04-27T14:47:29","date_gmt":"2023-04-27T14:47:29","guid":{"rendered":"https:\/\/moverdb.com\/?page_id=8416"},"modified":"2026-01-08T15:30:06","modified_gmt":"2026-01-08T15:30:06","slug":"moving-companies-malawi","status":"publish","type":"page","link":"https:\/\/moverdb.com\/da\/moving-companies\/moving-companies-malawi\/","title":{"rendered":"Bedste internationale flyttefirmaer i Malawi"},"content":{"rendered":"<p>Det kan v\u00e6re kompliceret at flytte, is\u00e6r hvis du skal til et andet land, s\u00e5 du vil m\u00e5ske gerne have hj\u00e6lp fra en <a href=\"https:\/\/moverdb.com\/da\/moving-companies\/\" data-internallinksmanager029f6b8e52c=\"79\" title=\"Top 25 internationale flyttefirmaer online\">flyttefirma<\/a> da de kan v\u00e6re med til at mindske stress i processen. Nedenfor har vi samlet en liste over Malawi-baserede <a href=\"https:\/\/moverdb.com\/da\/international-removals\/\" data-internallinksmanager029f6b8e52c=\"27\" title=\"De 36 bedste internationale flyttefirmaer i Storbritannien\">flyttefirmaer<\/a> der er medlemmer af den <a href=\"https:\/\/moverdb.com\/da\/iam\/\" data-internallinksmanager029f6b8e52c=\"23\" title=\"International Association of Movers (IAM) Forklaret\">Den internationale sammenslutning af flyttefirmaer<\/a> (IAM) og\/eller <a href=\"https:\/\/moverdb.com\/da\/fidi-faim\/\" data-internallinksmanager029f6b8e52c=\"16\" title=\"FIDI &amp; FAIM (FIDI Accredited International Mover) forklaret\">FIDI<\/a> akkrediteret international flyttevirksomhed (FAIM), som kan hj\u00e6lpe dig med din flytning.<\/p>\n<h2><strong>Stuffafords internationale flytninger<\/strong><\/h2>\n<p><img loading=\"lazy\" decoding=\"async\" class=\"alignnone size-full wp-image-8369\" src=\"https:\/\/moverdb.com\/wp-content\/uploads\/Stuttafords-International-Malawi-moving-company.png\" alt=\"Stuttafords International Malawi flyttefirma\" width=\"1440\" height=\"680\" data-wp-pid=\"8369\" srcset=\"https:\/\/moverdb.com\/wp-content\/uploads\/Stuttafords-International-Malawi-moving-company.png 1440w, https:\/\/moverdb.com\/wp-content\/uploads\/Stuttafords-International-Malawi-moving-company-300x142.png 300w, https:\/\/moverdb.com\/wp-content\/uploads\/Stuttafords-International-Malawi-moving-company-1024x484.png 1024w, https:\/\/moverdb.com\/wp-content\/uploads\/Stuttafords-International-Malawi-moving-company-18x9.png 18w, https:\/\/moverdb.com\/wp-content\/uploads\/Stuttafords-International-Malawi-moving-company-600x283.png 600w\" sizes=\"auto, (max-width: 1440px) 100vw, 1440px\" \/><\/p>\n<ul>\n<li>Lokale og nationale flytninger<\/li>\n<li>Internationale flytninger<\/li>\n<li>Flytning af husholdninger<\/li>\n<li>Flytning af kontorer<\/li>\n<li>D\u00f8r-til-d\u00f8r-service<\/li>\n<li>Emballage service<\/li>\n<li>Kasser<\/li>\n<li>Valg af forsendelsesst\u00f8rrelser<\/li>\n<li>Vej-, jernbane-, luft- og s\u00f8transport<\/li>\n<li>Kort- og langtidsopbevaring<\/li>\n<\/ul>\n<p>Stuffafords International Removals er et flyttefirma, der blev grundlagt i 1994 og har base i Lilongwe, men de har ogs\u00e5 afdelinger i Zimbabwe og Zambia. De samarbejder med flyttefirmaer over hele verden for at levere internationale tjenester. De er medlem af IAM og har 29 \u00e5rs erfaring.<\/p>\n<p>Stuffafords International Removals tilbyder en d\u00f8r-til-d\u00f8r-service, som kan omfatte en professionel pakningsservice, der bruger de bedste pakningsprodukter og genanvendelige materialer til at beskytte dine genstande under transporten. De tilbyder ogs\u00e5 kasser til beskyttelse af skr\u00f8belige genstande. De s\u00f8rger for transport af dine genstande ad vej, jernbane, luft eller skib.<\/p>\n<p>Hjemmeside: <a href=\"http:\/\/www.stuttafordsmalawi.com\" target=\"_blank\" rel=\"noopener\">http:\/\/www.stuttafordsmalawi.com<\/a><\/p>","protected":false},"excerpt":{"rendered":"<p>Moving can be complex especially if you are going to another country so you may want to engage the services of a moving company as they can help reduce the stress of the process. Below we have compiled a list of Malawi based removal companies that are members of the International Association of Movers (IAM) [&hellip;]<\/p>\n","protected":false},"author":4,"featured_media":0,"parent":190,"menu_order":0,"comment_status":"closed","ping_status":"closed","template":"","meta":{"_genesis_hide_title":false,"_genesis_hide_breadcrumbs":false,"_genesis_hide_singular_image":false,"_genesis_hide_footer_widgets":false,"_genesis_custom_body_class":"","_genesis_custom_post_class":"","_genesis_layout":"","footnotes":""},"class_list":{"0":"post-8416","1":"page","2":"type-page","3":"status-publish","5":"entry","6":"has-post-thumbnail"},"_links":{"self":[{"href":"https:\/\/moverdb.com\/da\/wp-json\/wp\/v2\/pages\/8416","targetHints":{"allow":["GET"]}}],"collection":[{"href":"https:\/\/moverdb.com\/da\/wp-json\/wp\/v2\/pages"}],"about":[{"href":"https:\/\/moverdb.com\/da\/wp-json\/wp\/v2\/types\/page"}],"author":[{"embeddable":true,"href":"https:\/\/moverdb.com\/da\/wp-json\/wp\/v2\/users\/4"}],"replies":[{"embeddable":true,"href":"https:\/\/moverdb.com\/da\/wp-json\/wp\/v2\/comments?post=8416"}],"version-history":[{"count":1,"href":"https:\/\/moverdb.com\/da\/wp-json\/wp\/v2\/pages\/8416\/revisions"}],"predecessor-version":[{"id":8417,"href":"https:\/\/moverdb.com\/da\/wp-json\/wp\/v2\/pages\/8416\/revisions\/8417"}],"up":[{"embeddable":true,"href":"https:\/\/moverdb.com\/da\/wp-json\/wp\/v2\/pages\/190"}],"wp:attachment":[{"href":"https:\/\/moverdb.com\/da\/wp-json\/wp\/v2\/media?parent=8416"}],"curies":[{"name":"wp","href":"https:\/\/api.w.org\/{rel}","templated":true}]}}