{"id":8412,"date":"2023-04-27T14:49:22","date_gmt":"2023-04-27T14:49:22","guid":{"rendered":"https:\/\/moverdb.com\/?page_id=8412"},"modified":"2026-01-08T15:23:48","modified_gmt":"2026-01-08T15:23:48","slug":"moving-companies-macedonia","status":"publish","type":"page","link":"https:\/\/moverdb.com\/da\/moving-companies\/moving-companies-macedonia\/","title":{"rendered":"2 bedste internationale flyttefirmaer i Makedonien"},"content":{"rendered":"<p>En flytning kan v\u00e6re en hektisk tid med en masse opgaver og papirarbejde, is\u00e6r hvis du flytter til udlandet. Det er her, at en <a href=\"https:\/\/moverdb.com\/da\/moving-companies\/\" data-internallinksmanager029f6b8e52c=\"79\" title=\"Top 25 internationale flyttefirmaer online\">flyttefirma<\/a> kan hj\u00e6lpe dig med at lette din byrde og styre flytningen for dig. Nedenfor har vi samlet en liste over Macedonia-baserede <a href=\"https:\/\/moverdb.com\/da\/international-removals\/\" data-internallinksmanager029f6b8e52c=\"27\" title=\"De 36 bedste internationale flyttefirmaer i Storbritannien\">flyttefirmaer<\/a> der er medlemmer af den <a href=\"https:\/\/moverdb.com\/da\/iam\/\" data-internallinksmanager029f6b8e52c=\"23\" title=\"International Association of Movers (IAM) Forklaret\">Den internationale sammenslutning af flyttefirmaer<\/a> (IAM) og\/eller <a href=\"https:\/\/moverdb.com\/da\/fidi-faim\/\" data-internallinksmanager029f6b8e52c=\"16\" title=\"FIDI &amp; FAIM (FIDI Accredited International Mover) forklaret\">FIDI<\/a> Accredited International Mover (FAIM), som kan hj\u00e6lpe dig med din flytning.<\/p>\n<h2><strong>1. Orbit Ltd International<\/strong><\/h2>\n<p><img loading=\"lazy\" decoding=\"async\" class=\"alignnone size-full wp-image-8352\" src=\"https:\/\/moverdb.com\/wp-content\/uploads\/Orbit-Macedonia-international-moving-company.png\" alt=\"Orbit Macedonia international flyttevirksomhed\" width=\"1440\" height=\"681\" data-wp-pid=\"8352\" srcset=\"https:\/\/moverdb.com\/wp-content\/uploads\/Orbit-Macedonia-international-moving-company.png 1440w, https:\/\/moverdb.com\/wp-content\/uploads\/Orbit-Macedonia-international-moving-company-300x142.png 300w, https:\/\/moverdb.com\/wp-content\/uploads\/Orbit-Macedonia-international-moving-company-1024x484.png 1024w, https:\/\/moverdb.com\/wp-content\/uploads\/Orbit-Macedonia-international-moving-company-18x9.png 18w, https:\/\/moverdb.com\/wp-content\/uploads\/Orbit-Macedonia-international-moving-company-600x284.png 600w\" sizes=\"auto, (max-width: 1440px) 100vw, 1440px\" \/><\/p>\n<ul>\n<li>Nationale flytninger<\/li>\n<li>Internationale flytninger<\/li>\n<li>Flytning af husholdninger<\/li>\n<li>Messer og udstillinger<\/li>\n<li>D\u00f8r-til-d\u00f8r-service<\/li>\n<li>Vej-, s\u00f8- og luftfragt<\/li>\n<li>Valg af <a href=\"https:\/\/moverdb.com\/da\/shipping-container-sizes-and-dimensions\/\" data-internallinksmanager029f6b8e52c=\"247\" title=\"Den ultimative guide til st\u00f8rrelser og dimensioner af skibscontainere\">beholderst\u00f8rrelser<\/a><\/li>\n<li>Toldklarering<\/li>\n<li>Forsikring<\/li>\n<li>Opbevaringsfaciliteter<\/li>\n<\/ul>\n<p>Orbit Ltd International er en speditions- og flyttevirksomhed, der blev grundlagt i 2000 i Skopje, Makedonien, og er en del af Orphee Beinoglou Group. Orbit er specialiseret i Nordmakedonien og Kosovo og Orphee Beinoglou i <a href=\"https:\/\/moverdb.com\/da\/moving-to-greece\/\" data-internallinksmanager029f6b8e52c=\"353\" title=\"Flytter du til Gr\u00e6kenland? 2026 Leveomkostninger og tips til flytning\">Gr\u00e6kenland<\/a> og \u00d8steuropa. De er medlem af IAM med 23 \u00e5rs anciennitet.<\/p>\n<p>Orbit Ltd International tilbyder s\u00f8transporttjenester, som omfatter en r\u00e6kke muligheder s\u00e5som samlegods, fulde containere og bulklast. De tilbyder luftfragt med et udvalg af premium-, deferred-, konsoliderede og chartrede tjenester. Lastvognsgodstjenesten tilbyder fuld last eller dellast. Deres tjenester omfatter sporing af forsendelser, toldformaliteter og forsikring.<\/p>\n<p>Hjemmeside: <a href=\"http:\/\/www.orbit.mk\" target=\"_blank\" rel=\"noopener\">http:\/\/www.orbit.mk<\/a><\/p>\n<h2><strong>2. DoraMoving<\/strong><\/h2>\n<p><img loading=\"lazy\" decoding=\"async\" class=\"alignnone size-full wp-image-8307\" src=\"https:\/\/moverdb.com\/wp-content\/uploads\/DoraMoving-international-moving-company.png\" alt=\"DoraMoving international flyttevirksomhed\" width=\"1440\" height=\"682\" data-wp-pid=\"8307\" srcset=\"https:\/\/moverdb.com\/wp-content\/uploads\/DoraMoving-international-moving-company.png 1440w, https:\/\/moverdb.com\/wp-content\/uploads\/DoraMoving-international-moving-company-300x142.png 300w, https:\/\/moverdb.com\/wp-content\/uploads\/DoraMoving-international-moving-company-1024x485.png 1024w, https:\/\/moverdb.com\/wp-content\/uploads\/DoraMoving-international-moving-company-18x9.png 18w, https:\/\/moverdb.com\/wp-content\/uploads\/DoraMoving-international-moving-company-600x284.png 600w\" sizes=\"auto, (max-width: 1440px) 100vw, 1440px\" \/><\/p>\n<ul>\n<li>Lokale flytninger<\/li>\n<li>Internationale flytninger<\/li>\n<li>Flytning af boliger<\/li>\n<li>Flytning af virksomheder<\/li>\n<li>Skr\u00e6ddersyede tjenester<\/li>\n<li>Individuelt tilbud<\/li>\n<li>Hel eller delvis service<\/li>\n<li>Emballage service<\/li>\n<li>Arrangement af transport<\/li>\n<li>Sikker opbevaring<\/li>\n<\/ul>\n<p>DoraMoving er et flyttefirma, der blev grundlagt i 2019 i Skopje, Makedonien, og som tilbyder lokale og internationale flyttetjenester til private og erhvervskunder. De er medlem af IAM med fire \u00e5rs tjeneste, hvilket giver dem adgang til et internationalt netv\u00e6rk af flytteagenter, der st\u00f8tter dem.<\/p>\n<p>DoraMoving tilbyder skr\u00e6ddersyede flyttetjenester, og de giver dig et tilbud p\u00e5 din flytning baseret p\u00e5 dine behov og volumen. De tilbyder et valg mellem en pakningsservice eller selvpakning med materialer leveret. Deres pakningsservice omfatter indpakning og udpakning samt demontering og samling af dine m\u00f8bler.<\/p>\n<p>Hjemmeside: <a href=\"https:\/\/doramoving.com\/en\/international-moving\/\" target=\"_blank\" rel=\"noopener\">https:\/\/doramoving.com\/en\/international-moving\/<\/a><\/p>","protected":false},"excerpt":{"rendered":"<p>Moving can be a hectic time with a lot of tasks to do and paperwork to complete, especially if you are moving abroad. This is where a moving company can assist in lightening your load and managing the move for you. Below we have compiled a list of Macedonia based removal companies that are members [&hellip;]<\/p>\n","protected":false},"author":4,"featured_media":0,"parent":190,"menu_order":0,"comment_status":"closed","ping_status":"closed","template":"","meta":{"_genesis_hide_title":false,"_genesis_hide_breadcrumbs":false,"_genesis_hide_singular_image":false,"_genesis_hide_footer_widgets":false,"_genesis_custom_body_class":"","_genesis_custom_post_class":"","_genesis_layout":"","footnotes":""},"class_list":{"0":"post-8412","1":"page","2":"type-page","3":"status-publish","5":"entry","6":"has-post-thumbnail"},"_links":{"self":[{"href":"https:\/\/moverdb.com\/da\/wp-json\/wp\/v2\/pages\/8412","targetHints":{"allow":["GET"]}}],"collection":[{"href":"https:\/\/moverdb.com\/da\/wp-json\/wp\/v2\/pages"}],"about":[{"href":"https:\/\/moverdb.com\/da\/wp-json\/wp\/v2\/types\/page"}],"author":[{"embeddable":true,"href":"https:\/\/moverdb.com\/da\/wp-json\/wp\/v2\/users\/4"}],"replies":[{"embeddable":true,"href":"https:\/\/moverdb.com\/da\/wp-json\/wp\/v2\/comments?post=8412"}],"version-history":[{"count":1,"href":"https:\/\/moverdb.com\/da\/wp-json\/wp\/v2\/pages\/8412\/revisions"}],"predecessor-version":[{"id":8413,"href":"https:\/\/moverdb.com\/da\/wp-json\/wp\/v2\/pages\/8412\/revisions\/8413"}],"up":[{"embeddable":true,"href":"https:\/\/moverdb.com\/da\/wp-json\/wp\/v2\/pages\/190"}],"wp:attachment":[{"href":"https:\/\/moverdb.com\/da\/wp-json\/wp\/v2\/media?parent=8412"}],"curies":[{"name":"wp","href":"https:\/\/api.w.org\/{rel}","templated":true}]}}