{"id":8406,"date":"2023-04-27T14:50:58","date_gmt":"2023-04-27T14:50:58","guid":{"rendered":"https:\/\/moverdb.com\/?page_id=8406"},"modified":"2026-01-08T15:30:03","modified_gmt":"2026-01-08T15:30:03","slug":"moving-companies-libya","status":"publish","type":"page","link":"https:\/\/moverdb.com\/da\/moving-companies\/moving-companies-libya\/","title":{"rendered":"Bedste internationale flyttefirmaer i Libyen"},"content":{"rendered":"<p>N\u00e5r du flytter hjem og\/eller kontor, kan det v\u00e6re en travl tid, hvor der er meget, der skal h\u00e5ndteres, is\u00e6r hvis du flytter til udlandet. Det er her, at en <a href=\"https:\/\/moverdb.com\/da\/moving-companies\/\" data-internallinksmanager029f6b8e52c=\"79\" title=\"Top 25 internationale flyttefirmaer online\">flyttefirma<\/a> kan hj\u00e6lpe med at overtage en stor del af ledelsen og opgaverne. Nedenfor har vi samlet en liste over Libyen-baserede <a href=\"https:\/\/moverdb.com\/da\/international-removals\/\" data-internallinksmanager029f6b8e52c=\"27\" title=\"De 36 bedste internationale flyttefirmaer i Storbritannien\">flyttefirmaer<\/a> der er medlemmer af den <a href=\"https:\/\/moverdb.com\/da\/iam\/\" data-internallinksmanager029f6b8e52c=\"23\" title=\"International Association of Movers (IAM) Forklaret\">Den internationale sammenslutning af flyttefirmaer<\/a> (IAM) og\/eller <a href=\"https:\/\/moverdb.com\/da\/fidi-faim\/\" data-internallinksmanager029f6b8e52c=\"16\" title=\"FIDI &amp; FAIM (FIDI Accredited International Mover) forklaret\">FIDI<\/a> Accredited International Mover (FAIM), som kan hj\u00e6lpe dig med din flytning.<\/p>\n<h2><strong>Hudhud Worldwide Logistics<\/strong><\/h2>\n<p><img loading=\"lazy\" decoding=\"async\" class=\"alignnone size-full wp-image-8326\" src=\"https:\/\/moverdb.com\/wp-content\/uploads\/Hudhud-Worldwide-Logistics-international-moving-company.png\" alt=\"Hudhud Worldwide Logistics international flyttevirksomhed\" width=\"1440\" height=\"681\" data-wp-pid=\"8326\" srcset=\"https:\/\/moverdb.com\/wp-content\/uploads\/Hudhud-Worldwide-Logistics-international-moving-company.png 1440w, https:\/\/moverdb.com\/wp-content\/uploads\/Hudhud-Worldwide-Logistics-international-moving-company-300x142.png 300w, https:\/\/moverdb.com\/wp-content\/uploads\/Hudhud-Worldwide-Logistics-international-moving-company-1024x484.png 1024w, https:\/\/moverdb.com\/wp-content\/uploads\/Hudhud-Worldwide-Logistics-international-moving-company-18x9.png 18w, https:\/\/moverdb.com\/wp-content\/uploads\/Hudhud-Worldwide-Logistics-international-moving-company-600x284.png 600w\" sizes=\"auto, (max-width: 1440px) 100vw, 1440px\" \/><\/p>\n<ul>\n<li><a href=\"https:\/\/moverdb.com\/da\/container-shipping\/\" data-internallinksmanager029f6b8e52c=\"3\" title=\"Diagram over internationale containerpriser: April 2026\">International forsendelse<\/a><\/li>\n<li>Virksomhedens forsendelse<\/li>\n<li>Skr\u00e6ddersyede tjenester<\/li>\n<li>Vej-, luft- og s\u00f8transport<\/li>\n<li>Sporing af forsendelser<\/li>\n<li>Valg af skibscontainere<\/li>\n<li>Toldklarering<\/li>\n<li>St\u00f8tte til papirarbejde og overholdelse af reglerne<\/li>\n<li>Forsikring<\/li>\n<li>Opbevaringsfaciliteter<\/li>\n<\/ul>\n<p>Hudhud Worldwide Logistics er en shipping- og transportvirksomhed, der har v\u00e6ret aktiv i over ti \u00e5r og har base i Tripoli, Benghazi, Misurata og andre st\u00f8rre byer. De har et netv\u00e6rk af agenter og transportvirksomheder, der st\u00f8tter dem i leveringen af deres tjenester rundt om i verden. De er medlem af IAM og har 15 \u00e5rs erfaring.<\/p>\n<p>Hudhud Worldwide Logistics tilbyder d\u00f8r-til-d\u00f8r-l\u00f8sninger, der er skr\u00e6ddersyet til dine behov. De tilbyder s\u00f8transport med et udvalg af 20', 40', open top, flat rack og break bulk med toldklarering. De tilbyder luftfragt med fuld sporingsservice, h\u00e5ndtering af papirarbejde og toldklarering.<\/p>\n<p>Hjemmeside: <a href=\"http:\/\/www.hudhudlogistics.com\" target=\"_blank\" rel=\"noopener\">http:\/\/www.hudhudlogistics.com<\/a><\/p>","protected":false},"excerpt":{"rendered":"<p>When you are moving home and\/or offices it can be a busy time with lots to manage particularly if you are moving abroad. This is where a moving company can assist in helping take on a lot of the management and tasks. Below we have compiled a list of Libya based removal companies that are [&hellip;]<\/p>\n","protected":false},"author":4,"featured_media":0,"parent":190,"menu_order":0,"comment_status":"closed","ping_status":"closed","template":"","meta":{"_genesis_hide_title":false,"_genesis_hide_breadcrumbs":false,"_genesis_hide_singular_image":false,"_genesis_hide_footer_widgets":false,"_genesis_custom_body_class":"","_genesis_custom_post_class":"","_genesis_layout":"","footnotes":""},"class_list":{"0":"post-8406","1":"page","2":"type-page","3":"status-publish","5":"entry","6":"has-post-thumbnail"},"_links":{"self":[{"href":"https:\/\/moverdb.com\/da\/wp-json\/wp\/v2\/pages\/8406","targetHints":{"allow":["GET"]}}],"collection":[{"href":"https:\/\/moverdb.com\/da\/wp-json\/wp\/v2\/pages"}],"about":[{"href":"https:\/\/moverdb.com\/da\/wp-json\/wp\/v2\/types\/page"}],"author":[{"embeddable":true,"href":"https:\/\/moverdb.com\/da\/wp-json\/wp\/v2\/users\/4"}],"replies":[{"embeddable":true,"href":"https:\/\/moverdb.com\/da\/wp-json\/wp\/v2\/comments?post=8406"}],"version-history":[{"count":1,"href":"https:\/\/moverdb.com\/da\/wp-json\/wp\/v2\/pages\/8406\/revisions"}],"predecessor-version":[{"id":8407,"href":"https:\/\/moverdb.com\/da\/wp-json\/wp\/v2\/pages\/8406\/revisions\/8407"}],"up":[{"embeddable":true,"href":"https:\/\/moverdb.com\/da\/wp-json\/wp\/v2\/pages\/190"}],"wp:attachment":[{"href":"https:\/\/moverdb.com\/da\/wp-json\/wp\/v2\/media?parent=8406"}],"curies":[{"name":"wp","href":"https:\/\/api.w.org\/{rel}","templated":true}]}}