{"id":8396,"date":"2023-04-27T14:53:30","date_gmt":"2023-04-27T14:53:30","guid":{"rendered":"https:\/\/moverdb.com\/?page_id=8396"},"modified":"2026-01-08T15:24:46","modified_gmt":"2026-01-08T15:24:46","slug":"moving-companies-kenya","status":"publish","type":"page","link":"https:\/\/moverdb.com\/da\/moving-companies\/moving-companies-kenya\/","title":{"rendered":"4 bedste internationale flyttefirmaer i Kenya"},"content":{"rendered":"<p>Hvis du skal flytte hjem eller flytte din virksomhed, kan det virke en smule skr\u00e6mmende, is\u00e6r hvis du flytter til et andet land, med det ekstra papirarbejde og de ekstra arrangementer, der skal laves. Det er her, at en <a href=\"https:\/\/moverdb.com\/da\/moving-companies\/\" data-internallinksmanager029f6b8e52c=\"79\" title=\"Top 25 internationale flyttefirmaer online\">flyttefirma<\/a> kan virkelig lette din byrde. S\u00e5 nedenfor har vi listet kenyanske baserede <a href=\"https:\/\/moverdb.com\/da\/international-removals\/\" data-internallinksmanager029f6b8e52c=\"27\" title=\"De 36 bedste internationale flyttefirmaer i Storbritannien\">flyttefirmaer<\/a> der er medlemmer af den <a href=\"https:\/\/moverdb.com\/da\/iam\/\" data-internallinksmanager029f6b8e52c=\"23\" title=\"International Association of Movers (IAM) Forklaret\">Den internationale sammenslutning af flyttefirmaer<\/a> (IAM) og\/eller <a href=\"https:\/\/moverdb.com\/da\/fidi-faim\/\" data-internallinksmanager029f6b8e52c=\"16\" title=\"FIDI &amp; FAIM (FIDI Accredited International Mover) forklaret\">FIDI<\/a> akkrediteret international flyttevirksomhed (FAIM), som kan hj\u00e6lpe dig med din flytning.<\/p>\n<div id=\"ez-toc-container\" class=\"ez-toc-v2_0_82_2 ez-toc-wrap-left counter-hierarchy ez-toc-counter ez-toc-transparent ez-toc-container-direction\">\n<div class=\"ez-toc-title-container\">\n<p class=\"ez-toc-title\" style=\"cursor:inherit\">Sektioner<\/p>\n<span class=\"ez-toc-title-toggle\"><a href=\"#\" class=\"ez-toc-pull-right ez-toc-btn ez-toc-btn-xs ez-toc-btn-default ez-toc-toggle\" aria-label=\"Toggle indholdsfortegnelse\"><span class=\"ez-toc-js-icon-con\"><span class=\"\"><span class=\"eztoc-hide\" style=\"display:none;\">Toggle<\/span><span class=\"ez-toc-icon-toggle-span\"><svg style=\"fill: #999;color:#999\" xmlns=\"http:\/\/www.w3.org\/2000\/svg\" class=\"list-377408\" width=\"20px\" height=\"20px\" viewbox=\"0 0 24 24\" fill=\"none\"><path d=\"M6 6H4v2h2V6zm14 0H8v2h12V6zM4 11h2v2H4v-2zm16 0H8v2h12v-2zM4 16h2v2H4v-2zm16 0H8v2h12v-2z\" fill=\"currentColor\"><\/path><\/svg><svg style=\"fill: #999;color:#999\" class=\"arrow-unsorted-368013\" xmlns=\"http:\/\/www.w3.org\/2000\/svg\" width=\"10px\" height=\"10px\" viewbox=\"0 0 24 24\" version=\"1.2\" baseprofile=\"tiny\"><path d=\"M18.2 9.3l-6.2-6.3-6.2 6.3c-.2.2-.3.4-.3.7s.1.5.3.7c.2.2.4.3.7.3h11c.3 0 .5-.1.7-.3.2-.2.3-.5.3-.7s-.1-.5-.3-.7zM5.8 14.7l6.2 6.3 6.2-6.3c.2-.2.3-.5.3-.7s-.1-.5-.3-.7c-.2-.2-.4-.3-.7-.3h-11c-.3 0-.5.1-.7.3-.2.2-.3.5-.3.7s.1.5.3.7z\"\/><\/svg><\/span><\/span><\/span><\/a><\/span><\/div>\n<nav><ul class='ez-toc-list ez-toc-list-level-1 eztoc-toggle-hide-by-default' ><li class='ez-toc-page-1 ez-toc-heading-level-2'><a class=\"ez-toc-link ez-toc-heading-1\" href=\"https:\/\/moverdb.com\/da\/moving-companies\/moving-companies-kenya\/#1_Quick_Task_Freight_Limited\" >1. Quick Task Freight Limited<\/a><\/li><li class='ez-toc-page-1 ez-toc-heading-level-2'><a class=\"ez-toc-link ez-toc-heading-2\" href=\"https:\/\/moverdb.com\/da\/moving-companies\/moving-companies-kenya\/#2_Nellions_Moving_Relocations\" >2. Nellions Moving &amp; Relocations<\/a><\/li><li class='ez-toc-page-1 ez-toc-heading-level-2'><a class=\"ez-toc-link ez-toc-heading-3\" href=\"https:\/\/moverdb.com\/da\/moving-companies\/moving-companies-kenya\/#3_Benfi_Global_Logistics\" >3. Benfi Global Logistics<\/a><\/li><li class='ez-toc-page-1 ez-toc-heading-level-2'><a class=\"ez-toc-link ez-toc-heading-4\" href=\"https:\/\/moverdb.com\/da\/moving-companies\/moving-companies-kenya\/#4_DB_Schenker\" >4. DB Schenker<\/a><\/li><\/ul><\/nav><\/div>\n<h2><span class=\"ez-toc-section\" id=\"1_Quick_Task_Freight_Limited\"><\/span><strong>1. Quick Task Freight Limited<\/strong><span class=\"ez-toc-section-end\"><\/span><\/h2>\n<p><img loading=\"lazy\" decoding=\"async\" class=\"alignnone size-full wp-image-8356\" src=\"https:\/\/moverdb.com\/wp-content\/uploads\/Quick-Task-Freight-international-moving-company.png\" alt=\"Quick Task Freight international flyttevirksomhed\" width=\"1440\" height=\"682\" data-wp-pid=\"8356\" srcset=\"https:\/\/moverdb.com\/wp-content\/uploads\/Quick-Task-Freight-international-moving-company.png 1440w, https:\/\/moverdb.com\/wp-content\/uploads\/Quick-Task-Freight-international-moving-company-300x142.png 300w, https:\/\/moverdb.com\/wp-content\/uploads\/Quick-Task-Freight-international-moving-company-1024x485.png 1024w, https:\/\/moverdb.com\/wp-content\/uploads\/Quick-Task-Freight-international-moving-company-18x9.png 18w, https:\/\/moverdb.com\/wp-content\/uploads\/Quick-Task-Freight-international-moving-company-600x284.png 600w\" sizes=\"auto, (max-width: 1440px) 100vw, 1440px\" \/><\/p>\n<ul>\n<li>Lokale flytninger<\/li>\n<li>Internationale flytninger<\/li>\n<li>Flytning af husholdningen<\/li>\n<li>Flytning af virksomheder<\/li>\n<li>Skr\u00e6ddersyet d\u00f8r-til-d\u00f8r-service<\/li>\n<li>Emballage service<\/li>\n<li>Vej-, s\u00f8- og lufttransport<\/li>\n<li>Toldm\u00e6glervirksomhed<\/li>\n<li>Forsikringsr\u00e5dgivning<\/li>\n<li>Opbevaringsfaciliteter<\/li>\n<\/ul>\n<p>Quick Task Freight Limited er en speditions- og logistikvirksomhed, der blev grundlagt i 2013 og har hovedkvarter i Kenya med kontorer i Nairobi og Mombasa samt yderligere kontorer i \u00d8stafrika. De samarbejder med internationale partnere om at flytte folk rundt om i verden. De er medlem af IAM med otte \u00e5rs anciennitet.<\/p>\n<p>Quick Task Freight Limited tilbyder skr\u00e6ddersyede d\u00f8r-til-d\u00f8r flyttetjenester til husholdninger og virksomheder. De tilbyder en pakningsservice, der beskytter dine ejendele under transporten, uanset om det er ad landevej, til s\u00f8s eller i luften. De yder bistand med toldformidling og forsikring.<\/p>\n<p>Hjemmeside: <a href=\"http:\/\/www.quicktaskfreight.com\" target=\"_blank\" rel=\"noopener\">http:\/\/www.quicktaskfreight.com<\/a><\/p>\n<h2><span class=\"ez-toc-section\" id=\"2_Nellions_Moving_Relocations\"><\/span><strong>2. Nellions Moving &amp; Relocations<\/strong><span class=\"ez-toc-section-end\"><\/span><\/h2>\n<p><img loading=\"lazy\" decoding=\"async\" class=\"alignnone size-full wp-image-8348\" src=\"https:\/\/moverdb.com\/wp-content\/uploads\/Nellions-international-moving-company.png\" alt=\"Nellions internationale flyttefirma\" width=\"1440\" height=\"680\" data-wp-pid=\"8348\" srcset=\"https:\/\/moverdb.com\/wp-content\/uploads\/Nellions-international-moving-company.png 1440w, https:\/\/moverdb.com\/wp-content\/uploads\/Nellions-international-moving-company-300x142.png 300w, https:\/\/moverdb.com\/wp-content\/uploads\/Nellions-international-moving-company-1024x484.png 1024w, https:\/\/moverdb.com\/wp-content\/uploads\/Nellions-international-moving-company-18x9.png 18w, https:\/\/moverdb.com\/wp-content\/uploads\/Nellions-international-moving-company-600x283.png 600w\" sizes=\"auto, (max-width: 1440px) 100vw, 1440px\" \/><\/p>\n<ul>\n<li>Nationale flytninger<\/li>\n<li>Internationale flytninger<\/li>\n<li>Flytning af boliger<\/li>\n<li>Firma- og kontorflytninger<\/li>\n<li>D\u00f8r-til-d\u00f8r-service<\/li>\n<li>Fragt med fly, skib eller vej<\/li>\n<li>Forsendelsesmuligheder, herunder gruppering<\/li>\n<li>Toldklarering<\/li>\n<li>Forsikring<\/li>\n<li>Opbevaringsfaciliteter<\/li>\n<\/ul>\n<p>Nellions Moving &amp; Relocations er et internationalt flyttefirma med base i Nairobi. De er medlem af IAM med ni \u00e5rs erfaring, hvilket giver dem adgang til et internationalt netv\u00e6rk af flytteagenter, der kan st\u00f8tte dem.<\/p>\n<p>Nellions Moving &amp; Relocations tilbyder en unders\u00f8gelse f\u00f8r flytning og flyttekonsulenter til at hj\u00e6lpe dig med planl\u00e6gningen af din flytning. De tilbyder d\u00f8r-til-d\u00f8r, d\u00f8r-til-d\u00f8r<a href=\"https:\/\/moverdb.com\/da\/top-49-container-ports\/\" data-internallinksmanager029f6b8e52c=\"80\" title=\"Top 49 st\u00f8rste og travleste containerhavne i 2025\">port<\/a> eller port-til-d\u00f8r-l\u00f8sninger. De pakker dine ejendele sikkert ind, herunder installation og montering af m\u00f8bler og udarbejdelse af en papirl\u00f8s pakkeliste. De s\u00f8rger for transport med fly, skib eller vej og h\u00e5ndterer import- og eksporttold. Forsendelsen omfatter fuld last eller mindre end containerlast og muligheder for saml\u00e6sning.<\/p>\n<p>Hjemmeside: <a href=\"http:\/\/www.nellions.co.ke\" target=\"_blank\" rel=\"noopener\">http:\/\/www.nellions.co.ke<\/a><\/p>\n<h2><span class=\"ez-toc-section\" id=\"3_Benfi_Global_Logistics\"><\/span><strong>3. <\/strong><strong>Benfi Global Logistics<\/strong><span class=\"ez-toc-section-end\"><\/span><\/h2>\n<p><img loading=\"lazy\" decoding=\"async\" class=\"alignnone size-full wp-image-8294\" src=\"https:\/\/moverdb.com\/wp-content\/uploads\/Benfi-Global-Logistics-international-moving-company.png\" alt=\"Benfi Global Logistics international flyttevirksomhed\" width=\"1440\" height=\"683\" data-wp-pid=\"8294\" srcset=\"https:\/\/moverdb.com\/wp-content\/uploads\/Benfi-Global-Logistics-international-moving-company.png 1440w, https:\/\/moverdb.com\/wp-content\/uploads\/Benfi-Global-Logistics-international-moving-company-300x142.png 300w, https:\/\/moverdb.com\/wp-content\/uploads\/Benfi-Global-Logistics-international-moving-company-1024x486.png 1024w, https:\/\/moverdb.com\/wp-content\/uploads\/Benfi-Global-Logistics-international-moving-company-18x9.png 18w, https:\/\/moverdb.com\/wp-content\/uploads\/Benfi-Global-Logistics-international-moving-company-600x285.png 600w\" sizes=\"auto, (max-width: 1440px) 100vw, 1440px\" \/><\/p>\n<ul>\n<li>Lokal og national logistik<\/li>\n<li><a href=\"https:\/\/moverdb.com\/da\/container-shipping\/\" data-internallinksmanager029f6b8e52c=\"3\" title=\"Diagram over internationale containerpriser: April 2026\">International forsendelse<\/a><\/li>\n<li>Individuelle forsendelser<\/li>\n<li>Virksomhedsforsendelser<\/li>\n<li>Personaliseret tilgang<\/li>\n<li>Vejgodstransport med deres fl\u00e5de<\/li>\n<li>Muligheder for luftfragt<\/li>\n<li>Muligheder for s\u00f8transport<\/li>\n<li>Toldm\u00e6glervirksomhed<\/li>\n<li>Opbevaringsfaciliteter<\/li>\n<\/ul>\n<p>Benfi Global Logistics er en one-stop logistikleverand\u00f8r, der kan levere til alle hj\u00f8rner af kloden, og som har base i Nairobi. De har forbindelser over hele verden for at udvide deres r\u00e6kkevidde og levering af internationale tjenester. De er medlem af IAM med 10 \u00e5rs erfaring.<\/p>\n<p>Benfi Global Logistics tilbyder kun spedition og oplagring, men kan ogs\u00e5 tage sig af enkeltpersoner og virksomheder. De tilbyder en r\u00e6kke transportmuligheder, herunder godstransport ved hj\u00e6lp af deres vognpark, luftfragt fra sm\u00e5 forsendelser til charterfly og s\u00f8fragt af enten fuld eller mindre end containerlast.<\/p>\n<p>Hjemmeside: <a href=\"http:\/\/www.benfifreightkenya.co.ke\" target=\"_blank\" rel=\"noopener\">http:\/\/www.benfifreightkenya.co.ke<\/a><\/p>\n<h2><span class=\"ez-toc-section\" id=\"4_DB_Schenker\"><\/span><strong>4. DB Schenker<\/strong><span class=\"ez-toc-section-end\"><\/span><\/h2>\n<p><img loading=\"lazy\" decoding=\"async\" class=\"alignnone size-full wp-image-8303\" src=\"https:\/\/moverdb.com\/wp-content\/uploads\/DB-Schenker-Kenya-international-moving-company.png\" alt=\"DB Schenker Kenya international flyttevirksomhed\" width=\"1440\" height=\"677\" data-wp-pid=\"8303\" srcset=\"https:\/\/moverdb.com\/wp-content\/uploads\/DB-Schenker-Kenya-international-moving-company.png 1440w, https:\/\/moverdb.com\/wp-content\/uploads\/DB-Schenker-Kenya-international-moving-company-300x141.png 300w, https:\/\/moverdb.com\/wp-content\/uploads\/DB-Schenker-Kenya-international-moving-company-1024x481.png 1024w, https:\/\/moverdb.com\/wp-content\/uploads\/DB-Schenker-Kenya-international-moving-company-18x8.png 18w, https:\/\/moverdb.com\/wp-content\/uploads\/DB-Schenker-Kenya-international-moving-company-600x282.png 600w\" sizes=\"auto, (max-width: 1440px) 100vw, 1440px\" \/><\/p>\n<ul>\n<li>Nationale flytninger<\/li>\n<li>Internationale flytninger<\/li>\n<li>Flytning af boliger<\/li>\n<li>Flytning af virksomheder<\/li>\n<li>Emballage service<\/li>\n<li>Professionelle pakkerier<\/li>\n<li>Land-, jernbane-, luft- og s\u00f8transport<\/li>\n<li>Toldklarering<\/li>\n<li>Sporingstjeneste<\/li>\n<li>Opbevaringsfaciliteter<\/li>\n<\/ul>\n<p>DB Schenker er en global logistikleverand\u00f8r med en tilstedev\u00e6relse p\u00e5 n\u00e6sten 725 lokationer i over 60 lande og har v\u00e6ret aktiv i over 150 \u00e5r. Deres kenyanske base ligger i Nairobi, hvor de tilbyder nationale og internationale tjenester. De har et internationalt netv\u00e6rk til at levere verdensomsp\u00e6ndende tjenester og er medlem af IAM.<\/p>\n<p>DB Schenker tilbyder en pakningsservice, der beskytter dine ejendele ved hj\u00e6lp af milj\u00f8venlige emballagematerialer og omfatter demontering og samling af m\u00f8bler. De s\u00f8rger for transport til lands, med jernbane, i luften eller til s\u00f8s med toldklarering og en sporingstjeneste, s\u00e5 du kan f\u00f8lge udviklingen.<\/p>\n<p>Hjemmeside: <a href=\"http:\/\/www.dbschenker.com\" target=\"_blank\" rel=\"noopener\">http:\/\/www.dbschenker.com<\/a><\/p>","protected":false},"excerpt":{"rendered":"<p>If you are moving home or your business, it might seem a bit daunting especially if you are moving countries with the additional paperwork and arrangements to make. This is where a moving company can really lighten your load. So below we\u2019ve listed Kenyan based removal companies that are members of the International Association of [&hellip;]<\/p>\n","protected":false},"author":4,"featured_media":0,"parent":190,"menu_order":0,"comment_status":"closed","ping_status":"closed","template":"","meta":{"_genesis_hide_title":false,"_genesis_hide_breadcrumbs":false,"_genesis_hide_singular_image":false,"_genesis_hide_footer_widgets":false,"_genesis_custom_body_class":"","_genesis_custom_post_class":"","_genesis_layout":"","footnotes":""},"class_list":{"0":"post-8396","1":"page","2":"type-page","3":"status-publish","5":"entry","6":"has-post-thumbnail"},"_links":{"self":[{"href":"https:\/\/moverdb.com\/da\/wp-json\/wp\/v2\/pages\/8396","targetHints":{"allow":["GET"]}}],"collection":[{"href":"https:\/\/moverdb.com\/da\/wp-json\/wp\/v2\/pages"}],"about":[{"href":"https:\/\/moverdb.com\/da\/wp-json\/wp\/v2\/types\/page"}],"author":[{"embeddable":true,"href":"https:\/\/moverdb.com\/da\/wp-json\/wp\/v2\/users\/4"}],"replies":[{"embeddable":true,"href":"https:\/\/moverdb.com\/da\/wp-json\/wp\/v2\/comments?post=8396"}],"version-history":[{"count":1,"href":"https:\/\/moverdb.com\/da\/wp-json\/wp\/v2\/pages\/8396\/revisions"}],"predecessor-version":[{"id":8397,"href":"https:\/\/moverdb.com\/da\/wp-json\/wp\/v2\/pages\/8396\/revisions\/8397"}],"up":[{"embeddable":true,"href":"https:\/\/moverdb.com\/da\/wp-json\/wp\/v2\/pages\/190"}],"wp:attachment":[{"href":"https:\/\/moverdb.com\/da\/wp-json\/wp\/v2\/media?parent=8396"}],"curies":[{"name":"wp","href":"https:\/\/api.w.org\/{rel}","templated":true}]}}