{"id":8394,"date":"2023-04-27T14:54:05","date_gmt":"2023-04-27T14:54:05","guid":{"rendered":"https:\/\/moverdb.com\/?page_id=8394"},"modified":"2026-01-08T15:24:20","modified_gmt":"2026-01-08T15:24:20","slug":"moving-companies-kazakhstan","status":"publish","type":"page","link":"https:\/\/moverdb.com\/da\/moving-companies\/moving-companies-kazakhstan\/","title":{"rendered":"3 bedste internationale flyttefirmaer i Kasakhstan"},"content":{"rendered":"<p>En flytning kan v\u00e6re en stressende tid, men hvis du \u00f8nsker at reducere den, kan du benytte dig af en <a href=\"https:\/\/moverdb.com\/da\/moving-companies\/\" data-internallinksmanager029f6b8e52c=\"79\" title=\"Top 25 internationale flyttefirmaer online\">flyttefirma<\/a>. De kan st\u00e5 for organisering, pakning og administration af din flytning. Nedenfor har vi samlet en liste over Kazakhstan-baserede <a href=\"https:\/\/moverdb.com\/da\/international-removals\/\" data-internallinksmanager029f6b8e52c=\"27\" title=\"De 36 bedste internationale flyttefirmaer i Storbritannien\">flyttefirmaer<\/a> der er medlemmer af den <a href=\"https:\/\/moverdb.com\/da\/iam\/\" data-internallinksmanager029f6b8e52c=\"23\" title=\"International Association of Movers (IAM) Forklaret\">Den internationale sammenslutning af flyttefirmaer<\/a> (IAM) og\/eller <a href=\"https:\/\/moverdb.com\/da\/fidi-faim\/\" data-internallinksmanager029f6b8e52c=\"16\" title=\"FIDI &amp; FAIM (FIDI Accredited International Mover) forklaret\">FIDI<\/a> Accredited International Mover (FAIM), som kan hj\u00e6lpe dig med din flytning.<\/p>\n<h2><strong>1. Intermovex<\/strong><\/h2>\n<p><img loading=\"lazy\" decoding=\"async\" class=\"alignnone size-full wp-image-8330\" src=\"https:\/\/moverdb.com\/wp-content\/uploads\/Intermovex-international-moving-company.png\" alt=\"Intermovex international flyttevirksomhed\" width=\"1440\" height=\"680\" data-wp-pid=\"8330\" srcset=\"https:\/\/moverdb.com\/wp-content\/uploads\/Intermovex-international-moving-company.png 1440w, https:\/\/moverdb.com\/wp-content\/uploads\/Intermovex-international-moving-company-300x142.png 300w, https:\/\/moverdb.com\/wp-content\/uploads\/Intermovex-international-moving-company-1024x484.png 1024w, https:\/\/moverdb.com\/wp-content\/uploads\/Intermovex-international-moving-company-18x9.png 18w, https:\/\/moverdb.com\/wp-content\/uploads\/Intermovex-international-moving-company-600x283.png 600w\" sizes=\"auto, (max-width: 1440px) 100vw, 1440px\" \/><\/p>\n<ul>\n<li>Nationale flytninger<\/li>\n<li>Internationale flytninger<\/li>\n<li>Flytning af husholdninger<\/li>\n<li>Flytning af kontorer<\/li>\n<li>D\u00f8r-til-d\u00f8r-service<\/li>\n<li>Emballage service<\/li>\n<li>Toldklarering<\/li>\n<li>H\u00e5ndtering af kunst<\/li>\n<li>Transport af dyr og biler<\/li>\n<li>Kort- til langtidsopbevaring<\/li>\n<\/ul>\n<p>Intermovex er et internationalt flyttefirma, der blev grundlagt i 2009 og har kontorer i Almaty og Astana. De samarbejder med udenlandske partnere for at hj\u00e6lpe dem med at levere deres tjenester internationalt. De er medlem af IAM med 14 \u00e5rs erfaring.<\/p>\n<p>Intermovex tilbyder en d\u00f8r-til-d\u00f8r-service med en personlig manager, der hj\u00e6lper dig gennem alle faser af din flytning. Deres pakkeservice anvender emballagematerialer af h\u00f8j kvalitet, de hj\u00e6lper dig med at v\u00e6lge den mest hensigtsm\u00e6ssige transport og hj\u00e6lper dig med toldklarering. De tilbyder en r\u00e6kke yderligere tjenester, herunder transport af biler, udstillinger, dyr, kulturgoder og kunstgenstande samt fragtforsikring og opbevaringsfaciliteter.<\/p>\n<p>Hjemmeside: <a href=\"http:\/\/www.intermovex.kz\" target=\"_blank\" rel=\"noopener\">http:\/\/www.intermovex.kz<\/a><\/p>\n<h2><strong>2. Gosselin<\/strong><\/h2>\n<p><img loading=\"lazy\" decoding=\"async\" class=\"alignnone size-full wp-image-8321\" src=\"https:\/\/moverdb.com\/wp-content\/uploads\/Gosselin-Kazakhstan-international-moving-company.png\" alt=\"Gosselin Kasakhstan international flyttevirksomhed\" width=\"1440\" height=\"680\" data-wp-pid=\"8321\" srcset=\"https:\/\/moverdb.com\/wp-content\/uploads\/Gosselin-Kazakhstan-international-moving-company.png 1440w, https:\/\/moverdb.com\/wp-content\/uploads\/Gosselin-Kazakhstan-international-moving-company-300x142.png 300w, https:\/\/moverdb.com\/wp-content\/uploads\/Gosselin-Kazakhstan-international-moving-company-1024x484.png 1024w, https:\/\/moverdb.com\/wp-content\/uploads\/Gosselin-Kazakhstan-international-moving-company-18x9.png 18w, https:\/\/moverdb.com\/wp-content\/uploads\/Gosselin-Kazakhstan-international-moving-company-600x283.png 600w\" sizes=\"auto, (max-width: 1440px) 100vw, 1440px\" \/><\/p>\n<ul>\n<li>Nationale flytninger<\/li>\n<li>Internationale flytninger<\/li>\n<li>Flytning af boliger<\/li>\n<li>Flytning af kontorer<\/li>\n<li>Skr\u00e6ddersyet d\u00f8r-til-d\u00f8r-service<\/li>\n<li>Emballage service<\/li>\n<li>Arrangement af transport<\/li>\n<li>Transport af k\u00e6ledyr og k\u00f8ret\u00f8jer<\/li>\n<li>Forsikring<\/li>\n<li>Fleksibel kort- til langtidsopbevaring<\/li>\n<\/ul>\n<p>Gosselin er en international flytte- og relocationvirksomhed med 34 kontorer i hele Europa og Rusland, herunder Kasakhstan. De har deres eget netv\u00e6rk af filialer og partnere til at hj\u00e6lpe dem med internationale flytninger og er medlem af IAM.<\/p>\n<p>Gosselin tilbyder en d\u00f8r-til-d\u00f8r flyttetjeneste med et online unders\u00f8gelsesv\u00e6rkt\u00f8j, der giver et hurtigt overslag efterfulgt af et p\u00e5lideligt overslag. De tilbyder en pakningsservice med professionelle flyttefolk, der bruger milj\u00f8venlige emballagematerialer til at beskytte dine ejendele, og de tilbyder ogs\u00e5 at afmontere og samle m\u00f8bler og udpakningsservice. De tilbyder ogs\u00e5 yderligere tjenester, herunder flytning af k\u00e6ledyr, h\u00e5ndtering af kunst, bilforsendelse og opbevaringsl\u00f8sninger.<\/p>\n<p>Hjemmeside: <a href=\"http:\/\/www.moving.gosselingroup.eu\" target=\"_blank\" rel=\"noopener\">http:\/\/www.moving.gosselingroup.eu<\/a><\/p>\n<h2><strong>3. Globalink Logistics<\/strong><\/h2>\n<p><img loading=\"lazy\" decoding=\"async\" class=\"alignnone size-full wp-image-8320\" src=\"https:\/\/moverdb.com\/wp-content\/uploads\/Globalink-Logistics-international-moving-company.png\" alt=\"Globalink Logistics international flyttevirksomhed\" width=\"1440\" height=\"680\" data-wp-pid=\"8320\" srcset=\"https:\/\/moverdb.com\/wp-content\/uploads\/Globalink-Logistics-international-moving-company.png 1440w, https:\/\/moverdb.com\/wp-content\/uploads\/Globalink-Logistics-international-moving-company-300x142.png 300w, https:\/\/moverdb.com\/wp-content\/uploads\/Globalink-Logistics-international-moving-company-1024x484.png 1024w, https:\/\/moverdb.com\/wp-content\/uploads\/Globalink-Logistics-international-moving-company-18x9.png 18w, https:\/\/moverdb.com\/wp-content\/uploads\/Globalink-Logistics-international-moving-company-600x283.png 600w\" sizes=\"auto, (max-width: 1440px) 100vw, 1440px\" \/><\/p>\n<ul>\n<li>Nationale flytninger<\/li>\n<li>Internationale flytninger<\/li>\n<li>Flytning af boliger<\/li>\n<li>Flytning af virksomheder<\/li>\n<li>D\u00f8r-til-d\u00f8r-service<\/li>\n<li>Emballage service<\/li>\n<li>Vej-, jernbane-, s\u00f8- og luftfragt<\/li>\n<li>Toldm\u00e6glervirksomhed<\/li>\n<li>Flytning af k\u00e6ledyr<\/li>\n<li>Opbevaringsfaciliteter<\/li>\n<\/ul>\n<p>Globalink Logistics er en specialiseret logistikvirksomhed i Europa og Asien, der tilbyder flyttetjenester. De har lokationer i Almaty, Astana, Atyrau, Aktobe, Oskemen, Uralsk og Shymkent. De har et globalt netv\u00e6rk i 55 lande for at levere tjenester internationalt. De er medlem af IAM med 24 \u00e5rs erfaring og er akkrediteret af FIDI.<\/p>\n<p>Globalink Logistics tilbyder en unders\u00f8gelse f\u00f8r flytning og en planl\u00e6gningsproces med et prisoverslag. De tilbyder en d\u00f8r-til-d\u00f8r-flytningsservice, herunder transport af k\u00e6ledyr og k\u00f8ret\u00f8jer, forsikring og sporing af flytning. De tilbyder en pakningsservice med materialer af h\u00f8j kvalitet med transport ad vej, jernbane, skib eller luft, og de hj\u00e6lper med toldformidling.<\/p>\n<p>Hjemmeside: <a href=\"https:\/\/globalinklogistics.com\/\" target=\"_blank\" rel=\"noopener\">https:\/\/globalinklogistics.com\/<\/a><\/p>","protected":false},"excerpt":{"rendered":"<p>Moving can be a stressful time but if you want to reduce it, you can employ the services of a moving company. They can take over the organisation, packing and administration of your move. Below we have compiled a list of Kazakhstan based removal companies that are members of the International Association of Movers (IAM) [&hellip;]<\/p>\n","protected":false},"author":4,"featured_media":0,"parent":190,"menu_order":0,"comment_status":"closed","ping_status":"closed","template":"","meta":{"_genesis_hide_title":false,"_genesis_hide_breadcrumbs":false,"_genesis_hide_singular_image":false,"_genesis_hide_footer_widgets":false,"_genesis_custom_body_class":"","_genesis_custom_post_class":"","_genesis_layout":"","footnotes":""},"class_list":{"0":"post-8394","1":"page","2":"type-page","3":"status-publish","5":"entry","6":"has-post-thumbnail"},"_links":{"self":[{"href":"https:\/\/moverdb.com\/da\/wp-json\/wp\/v2\/pages\/8394","targetHints":{"allow":["GET"]}}],"collection":[{"href":"https:\/\/moverdb.com\/da\/wp-json\/wp\/v2\/pages"}],"about":[{"href":"https:\/\/moverdb.com\/da\/wp-json\/wp\/v2\/types\/page"}],"author":[{"embeddable":true,"href":"https:\/\/moverdb.com\/da\/wp-json\/wp\/v2\/users\/4"}],"replies":[{"embeddable":true,"href":"https:\/\/moverdb.com\/da\/wp-json\/wp\/v2\/comments?post=8394"}],"version-history":[{"count":1,"href":"https:\/\/moverdb.com\/da\/wp-json\/wp\/v2\/pages\/8394\/revisions"}],"predecessor-version":[{"id":8395,"href":"https:\/\/moverdb.com\/da\/wp-json\/wp\/v2\/pages\/8394\/revisions\/8395"}],"up":[{"embeddable":true,"href":"https:\/\/moverdb.com\/da\/wp-json\/wp\/v2\/pages\/190"}],"wp:attachment":[{"href":"https:\/\/moverdb.com\/da\/wp-json\/wp\/v2\/media?parent=8394"}],"curies":[{"name":"wp","href":"https:\/\/api.w.org\/{rel}","templated":true}]}}