{"id":8390,"date":"2023-04-27T14:54:37","date_gmt":"2023-04-27T14:54:37","guid":{"rendered":"https:\/\/moverdb.com\/?page_id=8390"},"modified":"2026-01-08T15:29:21","modified_gmt":"2026-01-08T15:29:21","slug":"moving-companies-jordan","status":"publish","type":"page","link":"https:\/\/moverdb.com\/da\/moving-companies\/moving-companies-jordan\/","title":{"rendered":"6 bedste internationale flyttefirmaer i Jordan"},"content":{"rendered":"<p>Skal du flytte dit hjem eller din virksomhed? S\u00e5 er du m\u00e5ske begyndt at blive skr\u00e6mt af organiseringen og papirarbejdet, s\u00e5 du har m\u00e5ske brug for hj\u00e6lp fra en <a href=\"https:\/\/moverdb.com\/da\/moving-companies\/\" data-internallinksmanager029f6b8e52c=\"79\" title=\"Top 25 internationale flyttefirmaer online\">flyttefirma<\/a>. Hvis du \u00f8nsker at flytte i, til eller fra Jordan, har vi samlet nedenst\u00e5ende liste over <a href=\"https:\/\/moverdb.com\/da\/international-removals\/\" data-internallinksmanager029f6b8e52c=\"27\" title=\"De 36 bedste internationale flyttefirmaer i Storbritannien\">flyttefirmaer<\/a> der er medlemmer af den <a href=\"https:\/\/moverdb.com\/da\/iam\/\" data-internallinksmanager029f6b8e52c=\"23\" title=\"International Association of Movers (IAM) Forklaret\">Den internationale sammenslutning af flyttefirmaer<\/a> (IAM) og\/eller <a href=\"https:\/\/moverdb.com\/da\/fidi-faim\/\" data-internallinksmanager029f6b8e52c=\"16\" title=\"FIDI &amp; FAIM (FIDI Accredited International Mover) forklaret\">FIDI<\/a> akkrediteret international flyttevirksomhed (FAIM), som kan hj\u00e6lpe dig med din flytning.<\/p>\n<div id=\"ez-toc-container\" class=\"ez-toc-v2_0_82_2 ez-toc-wrap-left counter-hierarchy ez-toc-counter ez-toc-transparent ez-toc-container-direction\">\n<div class=\"ez-toc-title-container\">\n<p class=\"ez-toc-title\" style=\"cursor:inherit\">Sektioner<\/p>\n<span class=\"ez-toc-title-toggle\"><a href=\"#\" class=\"ez-toc-pull-right ez-toc-btn ez-toc-btn-xs ez-toc-btn-default ez-toc-toggle\" aria-label=\"Toggle indholdsfortegnelse\"><span class=\"ez-toc-js-icon-con\"><span class=\"\"><span class=\"eztoc-hide\" style=\"display:none;\">Toggle<\/span><span class=\"ez-toc-icon-toggle-span\"><svg style=\"fill: #999;color:#999\" xmlns=\"http:\/\/www.w3.org\/2000\/svg\" class=\"list-377408\" width=\"20px\" height=\"20px\" viewbox=\"0 0 24 24\" fill=\"none\"><path d=\"M6 6H4v2h2V6zm14 0H8v2h12V6zM4 11h2v2H4v-2zm16 0H8v2h12v-2zM4 16h2v2H4v-2zm16 0H8v2h12v-2z\" fill=\"currentColor\"><\/path><\/svg><svg style=\"fill: #999;color:#999\" class=\"arrow-unsorted-368013\" xmlns=\"http:\/\/www.w3.org\/2000\/svg\" width=\"10px\" height=\"10px\" viewbox=\"0 0 24 24\" version=\"1.2\" baseprofile=\"tiny\"><path d=\"M18.2 9.3l-6.2-6.3-6.2 6.3c-.2.2-.3.4-.3.7s.1.5.3.7c.2.2.4.3.7.3h11c.3 0 .5-.1.7-.3.2-.2.3-.5.3-.7s-.1-.5-.3-.7zM5.8 14.7l6.2 6.3 6.2-6.3c.2-.2.3-.5.3-.7s-.1-.5-.3-.7c-.2-.2-.4-.3-.7-.3h-11c-.3 0-.5.1-.7.3-.2.2-.3.5-.3.7s.1.5.3.7z\"\/><\/svg><\/span><\/span><\/span><\/a><\/span><\/div>\n<nav><ul class='ez-toc-list ez-toc-list-level-1 eztoc-toggle-hide-by-default' ><li class='ez-toc-page-1 ez-toc-heading-level-2'><a class=\"ez-toc-link ez-toc-heading-1\" href=\"https:\/\/moverdb.com\/da\/moving-companies\/moving-companies-jordan\/#1_CML_Safe_Pak\" >1. CML Safe Pak<\/a><\/li><li class='ez-toc-page-1 ez-toc-heading-level-2'><a class=\"ez-toc-link ez-toc-heading-2\" href=\"https:\/\/moverdb.com\/da\/moving-companies\/moving-companies-jordan\/#2_Jirpac\" >2. Jirpac<\/a><\/li><li class='ez-toc-page-1 ez-toc-heading-level-2'><a class=\"ez-toc-link ez-toc-heading-3\" href=\"https:\/\/moverdb.com\/da\/moving-companies\/moving-companies-jordan\/#3_Jordanian_Coast_Cargo_Service\" >3. Jordanian Coast Cargo Service<\/a><\/li><li class='ez-toc-page-1 ez-toc-heading-level-2'><a class=\"ez-toc-link ez-toc-heading-4\" href=\"https:\/\/moverdb.com\/da\/moving-companies\/moving-companies-jordan\/#4_Levant_Express\" >4. Levant Express<\/a><\/li><li class='ez-toc-page-1 ez-toc-heading-level-2'><a class=\"ez-toc-link ez-toc-heading-5\" href=\"https:\/\/moverdb.com\/da\/moving-companies\/moving-companies-jordan\/#5_Logistimania\" >5. Logistimania<\/a><\/li><li class='ez-toc-page-1 ez-toc-heading-level-2'><a class=\"ez-toc-link ez-toc-heading-6\" href=\"https:\/\/moverdb.com\/da\/moving-companies\/moving-companies-jordan\/#6_Naouri_Group\" >6. Naouri Gruppen<\/a><\/li><\/ul><\/nav><\/div>\n<h2><span class=\"ez-toc-section\" id=\"1_CML_Safe_Pak\"><\/span><strong>1. CML Safe Pak<\/strong><span class=\"ez-toc-section-end\"><\/span><\/h2>\n<p><img loading=\"lazy\" decoding=\"async\" class=\"alignnone size-full wp-image-8391\" src=\"https:\/\/moverdb.com\/wp-content\/uploads\/CML-Safe-Pak-international-moving-company.png\" alt=\"CML Safe Pak international flyttevirksomhed\" width=\"1440\" height=\"667\" data-wp-pid=\"8391\" srcset=\"https:\/\/moverdb.com\/wp-content\/uploads\/CML-Safe-Pak-international-moving-company.png 1440w, https:\/\/moverdb.com\/wp-content\/uploads\/CML-Safe-Pak-international-moving-company-300x139.png 300w, https:\/\/moverdb.com\/wp-content\/uploads\/CML-Safe-Pak-international-moving-company-1024x474.png 1024w, https:\/\/moverdb.com\/wp-content\/uploads\/CML-Safe-Pak-international-moving-company-18x8.png 18w, https:\/\/moverdb.com\/wp-content\/uploads\/CML-Safe-Pak-international-moving-company-600x278.png 600w\" sizes=\"auto, (max-width: 1440px) 100vw, 1440px\" \/><\/p>\n<ul>\n<li>Lokale og nationale flytninger<\/li>\n<li>Internationale flytninger<\/li>\n<li>Flytning af boliger<\/li>\n<li>Koordinator for flytning<\/li>\n<li>Emballage service<\/li>\n<li>Transport til lands, til vands og i luften<\/li>\n<li>Toldklarering<\/li>\n<li>Transport af k\u00e6ledyr<\/li>\n<li>Reng\u00f8ringstjenester<\/li>\n<li>Sikker opbevaring<\/li>\n<\/ul>\n<p>CML Safe Pak er et flytte-, logistik- og fragtservicefirma, der har hjulpet folk med at flytte siden 1992, og som har base i Amman. De er medlem af <a href=\"https:\/\/moverdb.com\/da\/harmony-relocation-network\/\" data-internallinksmanager029f6b8e52c=\"20\" title=\"Forklaring af Harmony Relocation Network (HRN)\">Harmony Relocation Network<\/a> og IAM med 31 \u00e5rs anciennitet og er akkrediteret af FIDI. Disse sammenslutninger giver dem adgang til et internationalt netv\u00e6rk af flytteagenter.<\/p>\n<p>CML Safe Pak tilbyder en konsultation f\u00f8r flytning med en flyttekonsulent for at vurdere dine behov. Flyttekoordinatoren tager sig af al logistik i forbindelse med din flytning, herunder papirarbejde og toldklarering. De tilbyder yderligere tjenester, som omfatter reng\u00f8ring ved ud- og indflytning, flytning af kunst og antikke genstande samt transport af k\u00e6ledyr.<\/p>\n<p>Hjemmeside: <a href=\"http:\/\/www.cml-jo.com\" target=\"_blank\" rel=\"noopener\">http:\/\/www.cml-jo.com<\/a><\/p>\n<h2><span class=\"ez-toc-section\" id=\"2_Jirpac\"><\/span><strong>2. Jirpac<\/strong><span class=\"ez-toc-section-end\"><\/span><\/h2>\n<p><img loading=\"lazy\" decoding=\"async\" class=\"alignnone size-full wp-image-8333\" src=\"https:\/\/moverdb.com\/wp-content\/uploads\/Jirpac-international-moving-company.png\" alt=\"Jirpac international flyttevirksomhed\" width=\"1440\" height=\"679\" data-wp-pid=\"8333\" srcset=\"https:\/\/moverdb.com\/wp-content\/uploads\/Jirpac-international-moving-company.png 1440w, https:\/\/moverdb.com\/wp-content\/uploads\/Jirpac-international-moving-company-300x141.png 300w, https:\/\/moverdb.com\/wp-content\/uploads\/Jirpac-international-moving-company-1024x483.png 1024w, https:\/\/moverdb.com\/wp-content\/uploads\/Jirpac-international-moving-company-18x8.png 18w, https:\/\/moverdb.com\/wp-content\/uploads\/Jirpac-international-moving-company-600x283.png 600w\" sizes=\"auto, (max-width: 1440px) 100vw, 1440px\" \/><\/p>\n<ul>\n<li>Nationale flytninger<\/li>\n<li>Internationale flytninger<\/li>\n<li>Flytning af husholdninger<\/li>\n<li>Flytning af medarbejdere<\/li>\n<li>Flytning af virksomheder og kontorer<\/li>\n<li>Emballage service<\/li>\n<li>Transport til lands, til vands og i luften<\/li>\n<li>Toldm\u00e6glervirksomhed<\/li>\n<li>Forsikring<\/li>\n<li>Sikre opbevaringsfaciliteter<\/li>\n<\/ul>\n<p>Jirpac er et internationalt flytte- og pakkeri, der blev etableret i 1978 og er baseret i Amman. De har et netv\u00e6rk af korrespondenter over hele verden i 170 lande, som hj\u00e6lper dem med at levere internationale tjenester. De er medlem af IAM og har 45 \u00e5rs erfaring.<\/p>\n<p>Jirpac tilbyder nationale og internationale flyttetjenester til husholdninger og organisationer. De tilbyder en pakningsservice, der leverer en r\u00e6kke forskellige emballagematerialer og kartoner til at beskytte dine ejendele under transporten, som opfylder internationale standarder. De tilbyder transport til lands, i luften og til s\u00f8s med toldklareringstjenester.<\/p>\n<p>Hjemmeside: <a href=\"http:\/\/www.jirpac.com\" target=\"_blank\" rel=\"noopener\">http:\/\/www.jirpac.com<\/a><\/p>\n<h2><span class=\"ez-toc-section\" id=\"3_Jordanian_Coast_Cargo_Service\"><\/span><strong>3. Jordanian Coast Cargo Service<\/strong><span class=\"ez-toc-section-end\"><\/span><\/h2>\n<p><img loading=\"lazy\" decoding=\"async\" class=\"alignnone size-full wp-image-8334\" src=\"https:\/\/moverdb.com\/wp-content\/uploads\/Jordanian-Coast-Cargo-Services-international-moving-company.png\" alt=\"Jordanian Coast Cargo Services international flyttevirksomhed\" width=\"1440\" height=\"677\" data-wp-pid=\"8334\" srcset=\"https:\/\/moverdb.com\/wp-content\/uploads\/Jordanian-Coast-Cargo-Services-international-moving-company.png 1440w, https:\/\/moverdb.com\/wp-content\/uploads\/Jordanian-Coast-Cargo-Services-international-moving-company-300x141.png 300w, https:\/\/moverdb.com\/wp-content\/uploads\/Jordanian-Coast-Cargo-Services-international-moving-company-1024x481.png 1024w, https:\/\/moverdb.com\/wp-content\/uploads\/Jordanian-Coast-Cargo-Services-international-moving-company-18x8.png 18w, https:\/\/moverdb.com\/wp-content\/uploads\/Jordanian-Coast-Cargo-Services-international-moving-company-600x282.png 600w\" sizes=\"auto, (max-width: 1440px) 100vw, 1440px\" \/><\/p>\n<ul>\n<li>Nationale flytninger<\/li>\n<li>Internationale flytninger<\/li>\n<li>Flytning af husholdninger<\/li>\n<li>Kommercielle tjenester<\/li>\n<li>D\u00f8r-til-d\u00f8r-service<\/li>\n<li>Professionel pakningsservice<\/li>\n<li>Land-, luft- og s\u00f8transport<\/li>\n<li>Toldklarering<\/li>\n<li>Transport af k\u00f8ret\u00f8jer og k\u00e6ledyr<\/li>\n<li>Sikker kort- og langtidsopbevaring<\/li>\n<\/ul>\n<p>Jordanian Coast Cargo Services er en shippingvirksomhed, <a href=\"https:\/\/moverdb.com\/da\/freight-forwarder\/\" data-internallinksmanager029f6b8e52c=\"17\" title=\"Guide til internationale omkostninger og virksomheder for spedit\u00f8rer og NVOCC&#039;er\">spedit\u00f8r<\/a> og lagerfirma, der tilbyder flytning og diplomatiske flytninger. De blev grundlagt i 2000 og er baseret i Amman. De samarbejder med internationale organisationer for at levere deres tjenester i hele verden. De er medlem af IAM med 23 \u00e5rs anciennitet.<\/p>\n<p>Jordanian Coast Cargo Services tilbyder en d\u00f8r-til-d\u00f8r-service med h\u00f8jt kvalificerede pakkerier, der bruger pakkematerialer og kasser af h\u00f8j kvalitet til at flytte dine ejendele sikkert. De s\u00f8rger for transport med toldklarering, det kan v\u00e6re til lands, i luften eller til s\u00f8s i mindre end containerl\u00e6s og hele containerl\u00e6s.<\/p>\n<p>Hjemmeside: <a href=\"http:\/\/www.jordaniancoastco.com\" target=\"_blank\" rel=\"noopener\">http:\/\/www.jordaniancoastco.com<\/a><\/p>\n<h2><span class=\"ez-toc-section\" id=\"4_Levant_Express\"><\/span><strong>4. Levant Express<\/strong><span class=\"ez-toc-section-end\"><\/span><\/h2>\n<p><img loading=\"lazy\" decoding=\"async\" class=\"alignnone size-full wp-image-8392\" src=\"https:\/\/moverdb.com\/wp-content\/uploads\/Levant-Express-international-moving-company.png\" alt=\"Levant Express international flyttevirksomhed\" width=\"1440\" height=\"683\" data-wp-pid=\"8392\" srcset=\"https:\/\/moverdb.com\/wp-content\/uploads\/Levant-Express-international-moving-company.png 1440w, https:\/\/moverdb.com\/wp-content\/uploads\/Levant-Express-international-moving-company-300x142.png 300w, https:\/\/moverdb.com\/wp-content\/uploads\/Levant-Express-international-moving-company-1024x486.png 1024w, https:\/\/moverdb.com\/wp-content\/uploads\/Levant-Express-international-moving-company-18x9.png 18w, https:\/\/moverdb.com\/wp-content\/uploads\/Levant-Express-international-moving-company-600x285.png 600w\" sizes=\"auto, (max-width: 1440px) 100vw, 1440px\" \/><\/p>\n<ul>\n<li>Nationale flytninger<\/li>\n<li>Internationale flytninger<\/li>\n<li>Flytning af husholdninger<\/li>\n<li>Indledende unders\u00f8gelse<\/li>\n<li>Emballage service<\/li>\n<li>Opg\u00f8relse<\/li>\n<li>Transport til lands, til vands og i luften<\/li>\n<li>Toldklarering<\/li>\n<li>Forsikring<\/li>\n<li>Opbevaringsfaciliteter<\/li>\n<\/ul>\n<p>Levant Express er en udbyder af end-to-end supply chain-l\u00f8sninger, der tilbyder flyttetjenester. De blev dannet i 1930 og har lokationer i Jordan og <a href=\"https:\/\/moverdb.com\/da\/moving-companies\/moving-companies-lebanon\/\" data-internallinksmanager029f6b8e52c=\"302\" title=\"7 bedste internationale flyttefirmaer i Libanon\">Libanon<\/a>. De er medlem af IAM med 93 \u00e5rs erfaring, hvilket giver dem adgang til et internationalt netv\u00e6rk af flytteagenter til at st\u00f8tte dem.<\/p>\n<p>Levant Express tilbyder en unders\u00f8gelse f\u00f8r flytning for at vurdere omfanget af din flytning og udarbejde et tilbud. De tilbyder en pakningsservice, der beskytter dine ejendele under transporten ved hj\u00e6lp af de mest hensigtsm\u00e6ssige emballagematerialer, herunder kartoner og kasser. Alle pakker er m\u00e6rket, og der udarbejdes en opg\u00f8relse.<\/p>\n<p>Hjemmeside: <a href=\"http:\/\/www.levantexpress.net\" target=\"_blank\" rel=\"noopener\">http:\/\/www.levantexpress.net<\/a><\/p>\n<h2><span class=\"ez-toc-section\" id=\"5_Logistimania\"><\/span><strong>5. <\/strong><strong>Logistimania<\/strong><span class=\"ez-toc-section-end\"><\/span><\/h2>\n<p><img loading=\"lazy\" decoding=\"async\" class=\"alignnone size-full wp-image-8337\" src=\"https:\/\/moverdb.com\/wp-content\/uploads\/Logistimania-international-moving-company.png\" alt=\"Logistimania international flyttevirksomhed\" width=\"1440\" height=\"676\" data-wp-pid=\"8337\" srcset=\"https:\/\/moverdb.com\/wp-content\/uploads\/Logistimania-international-moving-company.png 1440w, https:\/\/moverdb.com\/wp-content\/uploads\/Logistimania-international-moving-company-300x141.png 300w, https:\/\/moverdb.com\/wp-content\/uploads\/Logistimania-international-moving-company-1024x481.png 1024w, https:\/\/moverdb.com\/wp-content\/uploads\/Logistimania-international-moving-company-18x8.png 18w, https:\/\/moverdb.com\/wp-content\/uploads\/Logistimania-international-moving-company-600x282.png 600w\" sizes=\"auto, (max-width: 1440px) 100vw, 1440px\" \/><\/p>\n<ul>\n<li>Nationale flytninger<\/li>\n<li>Internationale flytninger<\/li>\n<li>Flytning af husstande<\/li>\n<li>Kommerciel fragt<\/li>\n<li>D\u00f8r-til-d\u00f8r-service<\/li>\n<li>Professionel pakningsservice<\/li>\n<li>Emballeringsmaterialer af h\u00f8j kvalitet<\/li>\n<li>Transport med fly, skib og vej<\/li>\n<li>Toldklarering<\/li>\n<li>Opbevaringsfaciliteter<\/li>\n<\/ul>\n<p>Logistimania er et internationalt flytte- og speditionsfirma, der blev oprettet i Stockholm, men de har ogs\u00e5 en afdeling i Amman, Jordan. De har langvarige relationer med rederier, fragtagenter og vognmandsleverand\u00f8rer for at levere deres tjenester over hele verden, og de er ogs\u00e5 medlem af IAM.<\/p>\n<p>Logistimania tilbyder d\u00f8r-til-d\u00f8r flytning og flytningstjenester. De tilbyder en professionel pakningsservice, der anvender emballagematerialer af h\u00f8j kvalitet for at beskytte dine genstande under transporten. De s\u00f8rger for transport med fly, skib og vej med toldklarering, hvis det er n\u00f8dvendigt. De hj\u00e6lper med at pakke dine genstande ud ved ankomsten.<\/p>\n<p>Hjemmeside: <a href=\"http:\/\/www.logistimania.com\" target=\"_blank\" rel=\"noopener\">http:\/\/www.logistimania.com<\/a><\/p>\n<h2><span class=\"ez-toc-section\" id=\"6_Naouri_Group\"><\/span><strong>6. Naouri Gruppen<\/strong><span class=\"ez-toc-section-end\"><\/span><\/h2>\n<p><img loading=\"lazy\" decoding=\"async\" class=\"alignnone size-full wp-image-8347\" src=\"https:\/\/moverdb.com\/wp-content\/uploads\/Naouri-Group-international-moving-company.png\" alt=\"Naouri Group international flyttevirksomhed\" width=\"1440\" height=\"680\" data-wp-pid=\"8347\" srcset=\"https:\/\/moverdb.com\/wp-content\/uploads\/Naouri-Group-international-moving-company.png 1440w, https:\/\/moverdb.com\/wp-content\/uploads\/Naouri-Group-international-moving-company-300x142.png 300w, https:\/\/moverdb.com\/wp-content\/uploads\/Naouri-Group-international-moving-company-1024x484.png 1024w, https:\/\/moverdb.com\/wp-content\/uploads\/Naouri-Group-international-moving-company-18x9.png 18w, https:\/\/moverdb.com\/wp-content\/uploads\/Naouri-Group-international-moving-company-600x283.png 600w\" sizes=\"auto, (max-width: 1440px) 100vw, 1440px\" \/><\/p>\n<ul>\n<li>Nationale flytninger<\/li>\n<li>Internationale flytninger<\/li>\n<li>Virksomhedens forsendelser<\/li>\n<li>Individuelle forsendelser<\/li>\n<li>Videresendelse af projekter<\/li>\n<li>Skr\u00e6ddersyet service<\/li>\n<li>Vej-, s\u00f8- og lufttransport<\/li>\n<li>Muligheder for gruppering<\/li>\n<li>Toldklarering<\/li>\n<li>Containerterminal<\/li>\n<\/ul>\n<p>Naouri Group er en speditions- og logistikvirksomhed, der blev grundlagt i 1994 og har hoveds\u00e6de i Amman med aktiviteter ogs\u00e5 i <a href=\"https:\/\/moverdb.com\/da\/moving-companies\/moving-companies-iraq\/\" data-internallinksmanager029f6b8e52c=\"314\" title=\"2 bedste internationale flyttefirmaer i Irak\">Irak<\/a> og Pal\u00e6stina. De er medlem af IAM med 13 \u00e5rs erfaring og er akkrediteret af FIDI. Disse sammenslutninger giver dem adgang til et internationalt netv\u00e6rk af agenter, som kan hj\u00e6lpe dem med at levere tjenesteydelser i udlandet.<\/p>\n<p>Naouri Group tilbyder en skr\u00e6ddersyet service, der opfylder dine krav, og de h\u00e6vder at v\u00e6re en af Jordans f\u00f8rende logistikkoncerner. De tilbyder en r\u00e6kke transport- og speditionstjenester, herunder vej-, luft- og s\u00f8transport samt samk\u00f8rsel for mindre end containerlaster.<\/p>\n<p>Hjemmeside: <a href=\"http:\/\/www.naouri.com\" target=\"_blank\" rel=\"noopener\">http:\/\/www.naouri.com<\/a><\/p>","protected":false},"excerpt":{"rendered":"<p>Are you moving home or your business? Then the organisation and paperwork may be starting to daunt you, so you may want the assistance of a moving company. If you are looking to move within, to or from Jordan we have compiled the below list of removal companies that are members of the International Association [&hellip;]<\/p>\n","protected":false},"author":4,"featured_media":0,"parent":190,"menu_order":0,"comment_status":"closed","ping_status":"closed","template":"","meta":{"_genesis_hide_title":false,"_genesis_hide_breadcrumbs":false,"_genesis_hide_singular_image":false,"_genesis_hide_footer_widgets":false,"_genesis_custom_body_class":"","_genesis_custom_post_class":"","_genesis_layout":"","footnotes":""},"class_list":{"0":"post-8390","1":"page","2":"type-page","3":"status-publish","5":"entry","6":"has-post-thumbnail"},"_links":{"self":[{"href":"https:\/\/moverdb.com\/da\/wp-json\/wp\/v2\/pages\/8390","targetHints":{"allow":["GET"]}}],"collection":[{"href":"https:\/\/moverdb.com\/da\/wp-json\/wp\/v2\/pages"}],"about":[{"href":"https:\/\/moverdb.com\/da\/wp-json\/wp\/v2\/types\/page"}],"author":[{"embeddable":true,"href":"https:\/\/moverdb.com\/da\/wp-json\/wp\/v2\/users\/4"}],"replies":[{"embeddable":true,"href":"https:\/\/moverdb.com\/da\/wp-json\/wp\/v2\/comments?post=8390"}],"version-history":[{"count":1,"href":"https:\/\/moverdb.com\/da\/wp-json\/wp\/v2\/pages\/8390\/revisions"}],"predecessor-version":[{"id":8393,"href":"https:\/\/moverdb.com\/da\/wp-json\/wp\/v2\/pages\/8390\/revisions\/8393"}],"up":[{"embeddable":true,"href":"https:\/\/moverdb.com\/da\/wp-json\/wp\/v2\/pages\/190"}],"wp:attachment":[{"href":"https:\/\/moverdb.com\/da\/wp-json\/wp\/v2\/media?parent=8390"}],"curies":[{"name":"wp","href":"https:\/\/api.w.org\/{rel}","templated":true}]}}