{"id":7781,"date":"2023-04-27T14:57:02","date_gmt":"2023-04-27T14:57:02","guid":{"rendered":"https:\/\/moverdb.com\/?page_id=7781"},"modified":"2026-01-08T15:23:46","modified_gmt":"2026-01-08T15:23:46","slug":"moving-companies-jamaica","status":"publish","type":"page","link":"https:\/\/moverdb.com\/da\/moving-companies\/moving-companies-jamaica\/","title":{"rendered":"2 bedste internationale flyttefirmaer i Jamaica"},"content":{"rendered":"<p>Det kan v\u00e6re sv\u00e6rt at flytte sit hjem eller sin virksomhed og l\u00e6gge et stort pres p\u00e5 dig, is\u00e6r hvis du planl\u00e6gger en flytning til udlandet, s\u00e5 det kan v\u00e6re en god id\u00e9 at ans\u00e6tte en <a href=\"https:\/\/moverdb.com\/da\/moving-companies\/\" data-internallinksmanager029f6b8e52c=\"79\" title=\"Top 25 internationale flyttefirmaer online\">flyttefirma<\/a> kan virkelig hj\u00e6lpe dig. Nedenfor har vi samlet en liste over jamaicanske <a href=\"https:\/\/moverdb.com\/da\/international-removals\/\" data-internallinksmanager029f6b8e52c=\"27\" title=\"De 36 bedste internationale flyttefirmaer i Storbritannien\">flyttefirmaer<\/a> der er medlemmer af den <a href=\"https:\/\/moverdb.com\/da\/iam\/\" data-internallinksmanager029f6b8e52c=\"23\" title=\"International Association of Movers (IAM) Forklaret\">Den internationale sammenslutning af flyttefirmaer<\/a> (IAM) og\/eller <a href=\"https:\/\/moverdb.com\/da\/fidi-faim\/\" data-internallinksmanager029f6b8e52c=\"16\" title=\"FIDI &amp; FAIM (FIDI Accredited International Mover) forklaret\">FIDI<\/a> Accredited International Mover (FAIM), som kan hj\u00e6lpe dig med din flytning.<\/p>\n<h2><strong>1. Aero International Shipping<\/strong><\/h2>\n<p><img loading=\"lazy\" decoding=\"async\" class=\"alignnone size-full wp-image-7656\" src=\"https:\/\/moverdb.com\/wp-content\/uploads\/Aero-International-Shipping-moving-company.png\" alt=\"Aero International Shipping flyttefirma\" width=\"1440\" height=\"686\" data-wp-pid=\"7656\" srcset=\"https:\/\/moverdb.com\/wp-content\/uploads\/Aero-International-Shipping-moving-company.png 1440w, https:\/\/moverdb.com\/wp-content\/uploads\/Aero-International-Shipping-moving-company-300x143.png 300w, https:\/\/moverdb.com\/wp-content\/uploads\/Aero-International-Shipping-moving-company-1024x488.png 1024w, https:\/\/moverdb.com\/wp-content\/uploads\/Aero-International-Shipping-moving-company-18x9.png 18w, https:\/\/moverdb.com\/wp-content\/uploads\/Aero-International-Shipping-moving-company-600x286.png 600w\" sizes=\"auto, (max-width: 1440px) 100vw, 1440px\" \/><\/p>\n<ul>\n<li><a href=\"https:\/\/moverdb.com\/da\/container-shipping\/\" data-internallinksmanager029f6b8e52c=\"3\" title=\"Diagram over internationale containerpriser: April 2026\">International forsendelse<\/a><\/li>\n<li>Forsendelse af husholdninger<\/li>\n<li>Kommerciel skibsfart<\/li>\n<li>S\u00e6rlige projekter<\/li>\n<li>Eksportemballage<\/li>\n<li>Land-, luft- og s\u00f8transport<\/li>\n<li>Konsolideringsmuligheder<\/li>\n<li>Brugerdefineret klarering<\/li>\n<li>Forsikringsd\u00e6kning<\/li>\n<li>Opbevaringsfaciliteter<\/li>\n<\/ul>\n<p>Aero International Shipping er en international transport- og logistikvirksomhed, der bl.a. besk\u00e6ftiger sig med transport af husholdningsgods. De blev grundlagt i 1974 og er baseret i Kingston. De arbejder sammen med et internationalt netv\u00e6rk af agenturer for at levere tjenester i hele verden. De er medlem af IAM med 49 \u00e5r p\u00e5 bagen.<\/p>\n<p>Aero International Shipping tilbyder sm\u00e5 til store transporttjenester. De yder st\u00f8tte med eksportemballage for at sikre, at dine ejendele er forsvarligt pakket til transport. De arrangerer transport til lands, i luften og til s\u00f8s med n\u00f8je udvalgte ruter, toldklarering og forsikringsd\u00e6kning. De tilbyder konsolideringsmuligheder for luft- og s\u00f8transport for at reducere omkostningerne.<\/p>\n<p>Hjemmeside: <a href=\"http:\/\/www.aerointel.com\/\" target=\"_blank\" rel=\"noopener\">http:\/\/www.aerointel.com\/<\/a><\/p>\n<h2><strong>2. B.L. Williams<\/strong><\/h2>\n<p><img loading=\"lazy\" decoding=\"async\" class=\"alignnone size-full wp-image-7675\" src=\"https:\/\/moverdb.com\/wp-content\/uploads\/Bliss-Moving-international-moving-company.png\" alt=\"BL Williams international flyttevirksomhed\" width=\"1440\" height=\"684\" data-wp-pid=\"7675\" srcset=\"https:\/\/moverdb.com\/wp-content\/uploads\/Bliss-Moving-international-moving-company.png 1440w, https:\/\/moverdb.com\/wp-content\/uploads\/Bliss-Moving-international-moving-company-300x143.png 300w, https:\/\/moverdb.com\/wp-content\/uploads\/Bliss-Moving-international-moving-company-1024x486.png 1024w, https:\/\/moverdb.com\/wp-content\/uploads\/Bliss-Moving-international-moving-company-18x9.png 18w, https:\/\/moverdb.com\/wp-content\/uploads\/Bliss-Moving-international-moving-company-600x285.png 600w\" sizes=\"auto, (max-width: 1440px) 100vw, 1440px\" \/><\/p>\n<ul>\n<li>Nationale flytninger<\/li>\n<li>Internationale flytninger<\/li>\n<li>Flytning af husstande<\/li>\n<li>D\u00f8r-til-d\u00f8r-service<\/li>\n<li>Emballage service<\/li>\n<li>S\u00f8- og luftfragt<\/li>\n<li>Eksport- og importtjenester<\/li>\n<li>Oprindelses- og destinationstjenester<\/li>\n<li>Forsikring af forsendelser<\/li>\n<li>Opbevaringsfaciliteter<\/li>\n<\/ul>\n<p>B.L. Williams er en <a href=\"https:\/\/moverdb.com\/da\/freight-forwarder\/\" data-internallinksmanager029f6b8e52c=\"17\" title=\"Guide til internationale omkostninger og virksomheder for spedit\u00f8rer og NVOCC&#039;er\">spedit\u00f8r<\/a> og international spedit\u00f8r, der blev grundlagt i 1924 og har hoveds\u00e6de i Kingston. De st\u00f8ttes af et netv\u00e6rk af lokale agenter, der er placeret over hele verden. De er medlem af IAM og har 34 \u00e5rs erfaring.<\/p>\n<p>B.L. Williams foretager en indledende unders\u00f8gelse for at fastl\u00e6gge dine behov og give et tilbud. De har engageret personale til at st\u00f8tte dig under hele flytningen med en d\u00f8r-til-d\u00f8r-service. De tilbyder en pakningsservice, hvor der anvendes forskellige materialer til at beskytte dine ejendele og pakke dem i kasser. De arrangerer transport med s\u00f8- og luftfragt, som omfatter alle eksport- og importtjenester.<\/p>\n<p>Hjemmeside: <a href=\"http:\/\/www.blwilliams.com\/\" target=\"_blank\" rel=\"noopener\">http:\/\/www.blwilliams.com\/<\/a><\/p>","protected":false},"excerpt":{"rendered":"<p>Moving your home or business can be difficult and add a lot of pressure especially if you are planning a move abroad, so employing a moving company can really assist you. Below we have compiled a list of Jamaican removal companies that are members of the International Association of Movers (IAM) and\/or FIDI Accredited International [&hellip;]<\/p>\n","protected":false},"author":4,"featured_media":0,"parent":190,"menu_order":0,"comment_status":"closed","ping_status":"closed","template":"","meta":{"_genesis_hide_title":false,"_genesis_hide_breadcrumbs":false,"_genesis_hide_singular_image":false,"_genesis_hide_footer_widgets":false,"_genesis_custom_body_class":"","_genesis_custom_post_class":"","_genesis_layout":"","footnotes":""},"class_list":{"0":"post-7781","1":"page","2":"type-page","3":"status-publish","5":"entry","6":"has-post-thumbnail"},"_links":{"self":[{"href":"https:\/\/moverdb.com\/da\/wp-json\/wp\/v2\/pages\/7781","targetHints":{"allow":["GET"]}}],"collection":[{"href":"https:\/\/moverdb.com\/da\/wp-json\/wp\/v2\/pages"}],"about":[{"href":"https:\/\/moverdb.com\/da\/wp-json\/wp\/v2\/types\/page"}],"author":[{"embeddable":true,"href":"https:\/\/moverdb.com\/da\/wp-json\/wp\/v2\/users\/4"}],"replies":[{"embeddable":true,"href":"https:\/\/moverdb.com\/da\/wp-json\/wp\/v2\/comments?post=7781"}],"version-history":[{"count":1,"href":"https:\/\/moverdb.com\/da\/wp-json\/wp\/v2\/pages\/7781\/revisions"}],"predecessor-version":[{"id":7782,"href":"https:\/\/moverdb.com\/da\/wp-json\/wp\/v2\/pages\/7781\/revisions\/7782"}],"up":[{"embeddable":true,"href":"https:\/\/moverdb.com\/da\/wp-json\/wp\/v2\/pages\/190"}],"wp:attachment":[{"href":"https:\/\/moverdb.com\/da\/wp-json\/wp\/v2\/media?parent=7781"}],"curies":[{"name":"wp","href":"https:\/\/api.w.org\/{rel}","templated":true}]}}