{"id":7779,"date":"2023-04-27T14:57:32","date_gmt":"2023-04-27T14:57:32","guid":{"rendered":"https:\/\/moverdb.com\/?page_id=7779"},"modified":"2026-05-15T15:00:30","modified_gmt":"2026-05-15T15:00:30","slug":"moving-companies-israel","status":"publish","type":"page","link":"https:\/\/moverdb.com\/da\/moving-companies\/moving-companies-israel\/","title":{"rendered":"6 bedste internationale flyttefirmaer i Israel"},"content":{"rendered":"<p>Det kan v\u00e6re stressende at flytte sit hjem eller sin virksomhed, s\u00e5 det er vigtigt at f\u00e5 hj\u00e6lp af en <a href=\"https:\/\/moverdb.com\/da\/moving-companies\/\" data-internallinksmanager029f6b8e52c=\"79\" title=\"Top 25 internationale flyttefirmaer online\">flyttefirma<\/a> kan reducere arbejdsbyrden og lette flytningen. S\u00e5 nedenfor har vi samlet en liste over <a href=\"https:\/\/moverdb.com\/da\/moving-to-israel\/\" data-internallinksmanager029f6b8e52c=\"333\" title=\"Flytter du til Israel? 2026 Leveomkostninger og tips til flytning\">Israel<\/a> baseret <a href=\"https:\/\/moverdb.com\/da\/international-removals\/\" data-internallinksmanager029f6b8e52c=\"27\" title=\"De 36 bedste internationale flyttefirmaer i Storbritannien\">flyttefirmaer<\/a> der er medlemmer af den <a href=\"https:\/\/moverdb.com\/da\/iam\/\" data-internallinksmanager029f6b8e52c=\"23\" title=\"International Association of Movers (IAM) Forklaret\">Den internationale sammenslutning af flyttefirmaer<\/a> (IAM) og\/eller <a href=\"https:\/\/moverdb.com\/da\/fidi-faim\/\" data-internallinksmanager029f6b8e52c=\"16\" title=\"FIDI &amp; FAIM (FIDI Accredited International Mover) forklaret\">FIDI<\/a> Accredited International Mover (FAIM), som kan hj\u00e6lpe dig med din flytning til, fra eller inden for Israel.<\/p>\n<div id=\"ez-toc-container\" class=\"ez-toc-v2_0_83 ez-toc-wrap-left counter-hierarchy ez-toc-counter ez-toc-transparent ez-toc-container-direction\">\n<div class=\"ez-toc-title-container\">\n<p class=\"ez-toc-title\" style=\"cursor:inherit\">Sektioner<\/p>\n<span class=\"ez-toc-title-toggle\"><a href=\"#\" class=\"ez-toc-pull-right ez-toc-btn ez-toc-btn-xs ez-toc-btn-default ez-toc-toggle\" aria-label=\"Toggle indholdsfortegnelse\"><span class=\"ez-toc-js-icon-con\"><span class=\"\"><span class=\"eztoc-hide\" style=\"display:none;\">Toggle<\/span><span class=\"ez-toc-icon-toggle-span\"><svg style=\"fill: #999;color:#999\" xmlns=\"http:\/\/www.w3.org\/2000\/svg\" class=\"list-377408\" width=\"20px\" height=\"20px\" viewbox=\"0 0 24 24\" fill=\"none\"><path d=\"M6 6H4v2h2V6zm14 0H8v2h12V6zM4 11h2v2H4v-2zm16 0H8v2h12v-2zM4 16h2v2H4v-2zm16 0H8v2h12v-2z\" fill=\"currentColor\"><\/path><\/svg><svg style=\"fill: #999;color:#999\" class=\"arrow-unsorted-368013\" xmlns=\"http:\/\/www.w3.org\/2000\/svg\" width=\"10px\" height=\"10px\" viewbox=\"0 0 24 24\" version=\"1.2\" baseprofile=\"tiny\"><path d=\"M18.2 9.3l-6.2-6.3-6.2 6.3c-.2.2-.3.4-.3.7s.1.5.3.7c.2.2.4.3.7.3h11c.3 0 .5-.1.7-.3.2-.2.3-.5.3-.7s-.1-.5-.3-.7zM5.8 14.7l6.2 6.3 6.2-6.3c.2-.2.3-.5.3-.7s-.1-.5-.3-.7c-.2-.2-.4-.3-.7-.3h-11c-.3 0-.5.1-.7.3-.2.2-.3.5-.3.7s.1.5.3.7z\"\/><\/svg><\/span><\/span><\/span><\/a><\/span><\/div>\n<nav><ul class='ez-toc-list ez-toc-list-level-1 eztoc-toggle-hide-by-default' ><li class='ez-toc-page-1 ez-toc-heading-level-2'><a class=\"ez-toc-link ez-toc-heading-1\" href=\"https:\/\/moverdb.com\/da\/moving-companies\/moving-companies-israel\/#1_Globus_Relocation\" >1. Globus flytning<\/a><\/li><li class='ez-toc-page-1 ez-toc-heading-level-2'><a class=\"ez-toc-link ez-toc-heading-2\" href=\"https:\/\/moverdb.com\/da\/moving-companies\/moving-companies-israel\/#2_Infinity_Pack_Ship\" >2. Infinity Pack &amp; Ship<\/a><\/li><li class='ez-toc-page-1 ez-toc-heading-level-2'><a class=\"ez-toc-link ez-toc-heading-3\" href=\"https:\/\/moverdb.com\/da\/moving-companies\/moving-companies-israel\/#3_Ocean\" >3. Ocean<\/a><\/li><li class='ez-toc-page-1 ez-toc-heading-level-2'><a class=\"ez-toc-link ez-toc-heading-4\" href=\"https:\/\/moverdb.com\/da\/moving-companies\/moving-companies-israel\/#4_Sonigo\" >4. Sonigo<\/a><\/li><li class='ez-toc-page-1 ez-toc-heading-level-2'><a class=\"ez-toc-link ez-toc-heading-5\" href=\"https:\/\/moverdb.com\/da\/moving-companies\/moving-companies-israel\/#5_A_Univers_Transit\" >5. A. Univers Transit<\/a><\/li><li class='ez-toc-page-1 ez-toc-heading-level-2'><a class=\"ez-toc-link ez-toc-heading-6\" href=\"https:\/\/moverdb.com\/da\/moving-companies\/moving-companies-israel\/#6_Teamnet\" >6. Teamnet<\/a><\/li><li class='ez-toc-page-1 ez-toc-heading-level-2'><a class=\"ez-toc-link ez-toc-heading-7\" href=\"https:\/\/moverdb.com\/da\/moving-companies\/moving-companies-israel\/#Other_Useful_Guides_to_Israel\" >Andre nyttige guider til Israel<\/a><\/li><\/ul><\/nav><\/div>\n<h2><span class=\"ez-toc-section\" id=\"1_Globus_Relocation\"><\/span><strong>1. Globus flytning<\/strong><span class=\"ez-toc-section-end\"><\/span><\/h2>\n<p><img loading=\"lazy\" decoding=\"async\" class=\"alignnone size-full wp-image-7699\" src=\"https:\/\/moverdb.com\/wp-content\/uploads\/Globus-Relocation-international-moving-company.png\" alt=\"Globus Relocation international flyttevirksomhed\" width=\"1440\" height=\"681\" data-wp-pid=\"7699\" srcset=\"https:\/\/moverdb.com\/wp-content\/uploads\/Globus-Relocation-international-moving-company.png 1440w, https:\/\/moverdb.com\/wp-content\/uploads\/Globus-Relocation-international-moving-company-300x142.png 300w, https:\/\/moverdb.com\/wp-content\/uploads\/Globus-Relocation-international-moving-company-1024x484.png 1024w, https:\/\/moverdb.com\/wp-content\/uploads\/Globus-Relocation-international-moving-company-18x9.png 18w, https:\/\/moverdb.com\/wp-content\/uploads\/Globus-Relocation-international-moving-company-600x284.png 600w\" sizes=\"auto, (max-width: 1440px) 100vw, 1440px\" \/><\/p>\n<ul>\n<li>Internationale flytninger<\/li>\n<li>Personlige flytninger<\/li>\n<li>Kommercielle flytninger<\/li>\n<li>Flytningstjenester<\/li>\n<li>D\u00f8r-til-d\u00f8r-service<\/li>\n<li>Hj\u00e6lp til pakning<\/li>\n<li>Avancerede og tilpassede emballagematerialer<\/li>\n<li>Transport til lands, til vands og i luften<\/li>\n<li>Forsikring<\/li>\n<li>Sikker opbevaring<\/li>\n<\/ul>\n<p>Globus Relocation er en international pakke- og <a href=\"https:\/\/moverdb.com\/da\/shipping-companies\/\" data-internallinksmanager029f6b8e52c=\"4\" title=\"De 10 st\u00f8rste internationale containerrederier\">rederi<\/a> der blev grundlagt i 2014 og har base i Ashdod. De er medlem af IAM og er akkrediteret af FIDI. Disse medlemskaber eller akkrediteret giver dem adgang til et internationalt netv\u00e6rk af agenter.<\/p>\n<p>Globus Relocation uddeler en af sine specialister til at hj\u00e6lpe dig under hele flytningen. De tilbyder en d\u00f8r-til-d\u00f8r-service med avancerede pakkematerialer og skr\u00e6ddersyede pakkel\u00f8sninger, der passer til alle genstande. De arrangerer transporten af dine ejendele via jorden, havet eller luften. De tilbyder yderligere flytningstjenester, som omfatter arbejdsvisa, s\u00f8gning efter hjem og skole, leje af m\u00f8bler, ankomsttjenester og reng\u00f8ringsservice.<\/p>\n<p>Hjemmeside: <a href=\"http:\/\/www.globus-relocation.com\" target=\"_blank\" rel=\"noopener\">http:\/\/www.globus-relocation.com<\/a><\/p>\n<h2><span class=\"ez-toc-section\" id=\"2_Infinity_Pack_Ship\"><\/span><strong>2. Infinity Pack &amp; Ship<\/strong><span class=\"ez-toc-section-end\"><\/span><\/h2>\n<p><img loading=\"lazy\" decoding=\"async\" class=\"alignnone size-full wp-image-7707\" src=\"https:\/\/moverdb.com\/wp-content\/uploads\/Infinity-Pack-Ship-international-moving-company.png\" alt=\"Infinity Pack &amp; Ship international flyttevirksomhed\" width=\"1440\" height=\"680\" data-wp-pid=\"7707\" srcset=\"https:\/\/moverdb.com\/wp-content\/uploads\/Infinity-Pack-Ship-international-moving-company.png 1440w, https:\/\/moverdb.com\/wp-content\/uploads\/Infinity-Pack-Ship-international-moving-company-300x142.png 300w, https:\/\/moverdb.com\/wp-content\/uploads\/Infinity-Pack-Ship-international-moving-company-1024x484.png 1024w, https:\/\/moverdb.com\/wp-content\/uploads\/Infinity-Pack-Ship-international-moving-company-18x9.png 18w, https:\/\/moverdb.com\/wp-content\/uploads\/Infinity-Pack-Ship-international-moving-company-600x283.png 600w\" sizes=\"auto, (max-width: 1440px) 100vw, 1440px\" \/><\/p>\n<ul>\n<li>Nationale flytninger<\/li>\n<li>Internationale flytninger<\/li>\n<li>Flytning af boliger<\/li>\n<li>Kommercielle forsendelser<\/li>\n<li>D\u00f8r-til-d\u00f8r eller d\u00f8r-til-d\u00f8r<a href=\"https:\/\/moverdb.com\/da\/top-49-container-ports\/\" data-internallinksmanager029f6b8e52c=\"80\" title=\"Top 49 st\u00f8rste og travleste containerhavne i 2025\">port<\/a> service<\/li>\n<li>Hj\u00e6lp til pakning<\/li>\n<li>Vej-, s\u00f8- og lufttransport<\/li>\n<li>Toldklarering<\/li>\n<li>Forsikring<\/li>\n<li>Kort- til langtidsopbevaring<\/li>\n<\/ul>\n<p>Infinity Pack &amp; Ship er en flytte- og logistikvirksomhed, der blev grundlagt i 2005 i Jerusalem. De arbejder sammen med et internationalt netv\u00e6rk af flytte- og logistikvirksomheder for at levere deres tjenester. De er medlem af IAM med 16 \u00e5rs erfaring.<\/p>\n<p>Infinity Pack &amp; Ship tilbyder en gratis unders\u00f8gelse i hjemmet og h\u00e5ndterer alt papirarbejdet i forbindelse med din flytning, herunder toldklarering. De stiller et professionelt pakkeri til r\u00e5dighed for at pakke dine ejendele sikkert. De tilbyder en r\u00e6kke forskellige transportmuligheder, herunder vejtransport s\u00e5som lukkede luftposer, trailere og k\u00f8ling, luftfragt og s\u00f8fragt s\u00e5som fuld eller mindre end containerlast.<\/p>\n<p>Hjemmeside: <a href=\"http:\/\/infinitypack.co.il\" target=\"_blank\" rel=\"noopener\">http:\/\/infinitypack.co.il<\/a><\/p>\n<h2><span class=\"ez-toc-section\" id=\"3_Ocean\"><\/span><strong>3. <\/strong><strong>Ocean<\/strong><span class=\"ez-toc-section-end\"><\/span><\/h2>\n<p><img loading=\"lazy\" decoding=\"async\" class=\"alignnone size-full wp-image-7731\" src=\"https:\/\/moverdb.com\/wp-content\/uploads\/Ocean-international-moving-company.png\" alt=\"Ocean international flyttefirma\" width=\"1440\" height=\"682\" data-wp-pid=\"7731\" srcset=\"https:\/\/moverdb.com\/wp-content\/uploads\/Ocean-international-moving-company.png 1440w, https:\/\/moverdb.com\/wp-content\/uploads\/Ocean-international-moving-company-300x142.png 300w, https:\/\/moverdb.com\/wp-content\/uploads\/Ocean-international-moving-company-1024x485.png 1024w, https:\/\/moverdb.com\/wp-content\/uploads\/Ocean-international-moving-company-18x9.png 18w, https:\/\/moverdb.com\/wp-content\/uploads\/Ocean-international-moving-company-600x284.png 600w\" sizes=\"auto, (max-width: 1440px) 100vw, 1440px\" \/><\/p>\n<ul>\n<li>Internationale flytninger<\/li>\n<li>Flytning af husholdninger<\/li>\n<li>Flytningstjenester<\/li>\n<li>Kundechef til at st\u00f8tte dig<\/li>\n<li>Emballage service<\/li>\n<li>Vej-, s\u00f8- og lufttransport<\/li>\n<li>Toldklarering<\/li>\n<li>Sporing af forsendelsen<\/li>\n<li>Akkrediteret af FIDI<\/li>\n<li>Globale opbevaringstjenester<\/li>\n<\/ul>\n<p>Ocean er et flytte- og relocationfirma, der har sit hoveds\u00e6de i Kibbutz Yakum. De samarbejder med internationale partnere for at levere flytte- og forflytningstjenester p\u00e5 internationalt plan. De er medlem af IAM med 79 \u00e5r p\u00e5 bagen og er akkrediteret af FIDI.<\/p>\n<p>Ocean stiller en flytteansvarlig til r\u00e5dighed, som st\u00f8tter dig under hele flytningen og udarbejder en forsendelsesplan. De stiller en vurderingsmand til r\u00e5dighed, som vurderer dine behov og udarbejder en plan for, hvad der skal transporteres med fly, skib eller i bagagen. Deres flytningstjenester omfatter bl.a. s\u00f8gning efter et hjem og skoler, akklimatiseringstjenester, midlertidig indkvartering, udlejning af m\u00f8bler, arbejdsvisa, sprogundervisning og opbevaringsl\u00f8sninger.<\/p>\n<p>Hjemmeside: <a href=\"http:\/\/www.ocean-il.co.il\" target=\"_blank\" rel=\"noopener\">http:\/\/www.ocean-il.co.il<\/a><\/p>\n<h2><span class=\"ez-toc-section\" id=\"4_Sonigo\"><\/span><strong>4. Sonigo<\/strong><span class=\"ez-toc-section-end\"><\/span><\/h2>\n<p><img loading=\"lazy\" decoding=\"async\" class=\"alignnone size-full wp-image-7750\" src=\"https:\/\/moverdb.com\/wp-content\/uploads\/Sonigo-international-moving-company.png\" alt=\"Sonigo international flyttevirksomhed\" width=\"1440\" height=\"679\" data-wp-pid=\"7750\" srcset=\"https:\/\/moverdb.com\/wp-content\/uploads\/Sonigo-international-moving-company.png 1440w, https:\/\/moverdb.com\/wp-content\/uploads\/Sonigo-international-moving-company-300x141.png 300w, https:\/\/moverdb.com\/wp-content\/uploads\/Sonigo-international-moving-company-1024x483.png 1024w, https:\/\/moverdb.com\/wp-content\/uploads\/Sonigo-international-moving-company-18x8.png 18w, https:\/\/moverdb.com\/wp-content\/uploads\/Sonigo-international-moving-company-600x283.png 600w\" sizes=\"auto, (max-width: 1440px) 100vw, 1440px\" \/><\/p>\n<ul>\n<li>Lokale og nationale flytninger<\/li>\n<li>Internationale flytninger og flytninger<\/li>\n<li>Flytning af husholdninger<\/li>\n<li>Kommercielle flytninger<\/li>\n<li>D\u00f8r-til-d\u00f8r-service<\/li>\n<li>Emballage service<\/li>\n<li>Toldklarering<\/li>\n<li>H\u00e5ndtering af kunst<\/li>\n<li>Forsikring<\/li>\n<li>Kort- og langtidsopbevaring<\/li>\n<\/ul>\n<p>Sonigo er en <a href=\"https:\/\/moverdb.com\/da\/container-shipping\/\" data-internallinksmanager029f6b8e52c=\"3\" title=\"Diagram over internationale containerpriser: Maj 2026\">international forsendelse<\/a> virksomhed med base i Gan Yavne, der har eksisteret siden 1986 og tilbyder pakning og forsendelse til husholdninger og erhverv. De har et globalt netv\u00e6rk af h\u00e5ndplukkede internationale shippingagenter til at st\u00f8tte dem. De er medlem af IAM med 36 \u00e5rs erfaring og er akkrediteret af FIDI.<\/p>\n<p>Sonigo tilbyder d\u00f8r-til-d\u00f8r flytte- og forflytningsservice, som starter med en unders\u00f8gelse i hjemmet for at vurdere kravene og give et tilbud. De tilbyder en professionel pakningsservice, udfyldelse af dokumentation og arrangering af transport. Deres flytningstjenester omfatter visa, skatter\u00e5dgivning, bolig- og skoles\u00f8gning, udlejning af m\u00f8bler, ankomsttjenester, orienteringstjenester og hj\u00e6lp til forsyningsselskaber.<\/p>\n<p>Hjemmeside: <a href=\"http:\/\/www.sonigo.com\" target=\"_blank\" rel=\"noopener\">http:\/\/www.sonigo.com<\/a><\/p>\n<h2><span class=\"ez-toc-section\" id=\"5_A_Univers_Transit\"><\/span><strong>5. A. Univers Transit<\/strong><span class=\"ez-toc-section-end\"><\/span><\/h2>\n<p><img loading=\"lazy\" decoding=\"async\" class=\"alignnone size-full wp-image-7654\" src=\"https:\/\/moverdb.com\/wp-content\/uploads\/A-Univers-Transit-international-moving-company.png\" alt=\"En Univers Transit international flyttevirksomhed\" width=\"1440\" height=\"691\" data-wp-pid=\"7654\" srcset=\"https:\/\/moverdb.com\/wp-content\/uploads\/A-Univers-Transit-international-moving-company.png 1440w, https:\/\/moverdb.com\/wp-content\/uploads\/A-Univers-Transit-international-moving-company-300x144.png 300w, https:\/\/moverdb.com\/wp-content\/uploads\/A-Univers-Transit-international-moving-company-1024x491.png 1024w, https:\/\/moverdb.com\/wp-content\/uploads\/A-Univers-Transit-international-moving-company-18x9.png 18w, https:\/\/moverdb.com\/wp-content\/uploads\/A-Univers-Transit-international-moving-company-600x288.png 600w\" sizes=\"auto, (max-width: 1440px) 100vw, 1440px\" \/><\/p>\n<ul>\n<li>Internationale flytninger<\/li>\n<li>Flytning af husholdninger<\/li>\n<li>Kommercielle flytninger<\/li>\n<li>Flytningstjenester<\/li>\n<li>D\u00f8r-til-d\u00f8r-service<\/li>\n<li>Professionel pakning<\/li>\n<li>Luft- og s\u00f8transport<\/li>\n<li>Udfyldelse af papirarbejde<\/li>\n<li>S\u00f8gning i hjem og skole<\/li>\n<li>Sikker opbevaring<\/li>\n<\/ul>\n<p>Univers Transit er en shipping-, transport- og flyttevirksomhed, der ogs\u00e5 tilbyder paknings- og opbevaringsl\u00f8sninger, og som blev grundlagt i slutningen af 1980'erne. De har kontorer i Tel Aviv, Ashdod og Haifa. De er medlem af IAM med 28 \u00e5rs erfaring og er akkrediteret af FIDI.<\/p>\n<p>Univers Transit tilbyder d\u00f8r-til-d\u00f8r flytning og flytningsservice, der starter med et konsultationsm\u00f8de, hvor vi vurderer dine behov og udarbejder en flytteplan. De leverer professionel pakning og passende kasser til dine ejendele. De l\u00e6sser containere og kasser til transport og k\u00f8rer dem til lufthavnen eller havnen til levering.<\/p>\n<p>Hjemmeside: <a href=\"http:\/\/www.univers-transit.co.il\" target=\"_blank\" rel=\"noopener\">http:\/\/www.univers-transit.co.il<\/a><\/p>\n<h2><span class=\"ez-toc-section\" id=\"6_Teamnet\"><\/span><strong>6. Teamnet<\/strong><span class=\"ez-toc-section-end\"><\/span><\/h2>\n<p><img loading=\"lazy\" decoding=\"async\" class=\"alignnone size-full wp-image-7752\" src=\"https:\/\/moverdb.com\/wp-content\/uploads\/Teamnet-international-moving-company.png\" alt=\"Teamnet international flyttevirksomhed\" width=\"1440\" height=\"685\" data-wp-pid=\"7752\" srcset=\"https:\/\/moverdb.com\/wp-content\/uploads\/Teamnet-international-moving-company.png 1440w, https:\/\/moverdb.com\/wp-content\/uploads\/Teamnet-international-moving-company-300x143.png 300w, https:\/\/moverdb.com\/wp-content\/uploads\/Teamnet-international-moving-company-1024x487.png 1024w, https:\/\/moverdb.com\/wp-content\/uploads\/Teamnet-international-moving-company-18x9.png 18w, https:\/\/moverdb.com\/wp-content\/uploads\/Teamnet-international-moving-company-600x285.png 600w\" sizes=\"auto, (max-width: 1440px) 100vw, 1440px\" \/><\/p>\n<ul>\n<li>Internationale flytninger<\/li>\n<li>Personlige flytninger<\/li>\n<li>Kommercielle forsendelser<\/li>\n<li>Flytningstjenester<\/li>\n<li>D\u00f8r-til-d\u00f8r-service<\/li>\n<li>Emballeringstjenester<\/li>\n<li>Arrangement af forsendelse eller luftfragt<\/li>\n<li>Toldformaliteter<\/li>\n<li>Forsikring<\/li>\n<li>Opbevaringsfaciliteter<\/li>\n<\/ul>\n<p>Teamnet er et flytte- og forflytningsfirma med base i Haifa. De tilbyder en r\u00e6kke tjenester til privatpersoner og virksomheder, der transporterer varer til eller fra Israel. De arbejder sammen med et netv\u00e6rk af internationale agenter for at levere tjenester uden for Israel, og de er medlem af IAM.<\/p>\n<p>Teamnet tilbyder en d\u00f8r-til-d\u00f8r flytte- og forflytningsservice til udg\u00e5ende og indg\u00e5ende kunder til Israel. De tilbyder en konsultation i hjemmet for at vurdere dine flyttebehov. De udarbejder en detaljeret plan og tilbyder en pakningsservice med avancerede pakningsmaterialer, der er egnet til s\u00f8- eller lufttransport. De tager sig af myndighederne og toldformaliteterne.<\/p>\n<p>Hjemmeside: <a href=\"http:\/\/www.en.team-net.co.il\" target=\"_blank\" rel=\"noopener\">http:\/\/www.en.team-net.co.il<\/a><\/p>\n<h2><span class=\"ez-toc-section\" id=\"Other_Useful_Guides_to_Israel\"><\/span>Andre nyttige guider til Israel<span class=\"ez-toc-section-end\"><\/span><\/h2>\n<ul>\n<li> <a href=\"https:\/\/moverdb.com\/da\/containerforsendelse\/israel\/\">2024 Priser for s\u00f8fragt af containere til og fra Israel<\/a><\/li>\n<li> <a href=\"https:\/\/moverdb.com\/da\/moving-to-israel\/\">Flytter du til Israel? 2026 Leveomkostninger og tips til flytning<\/a><\/li>\n<li> <a href=\"https:\/\/moverdb.com\/da\/moving-to-israel\/best-places-to-live-israel\/\">De 13 bedste steder at bo i Israel<\/a><\/li>\n<li> <a href=\"https:\/\/moverdb.com\/da\/moving-to-israel\/living-in-israel\/\">21 hemmeligheder om at bo i Israel, som du b\u00f8r kende, f\u00f8r du flytter<\/a><\/li>\n<\/ul>","protected":false},"excerpt":{"rendered":"<p>Moving your home or business can be stressful so employing the services of a moving company could reduce the workload and ease the move. So below we have compiled a list of Israel based removal companies that are members of the International Association of Movers (IAM) and\/or FIDI Accredited International Mover (FAIM) who could assist [&hellip;]<\/p>\n","protected":false},"author":4,"featured_media":0,"parent":190,"menu_order":0,"comment_status":"closed","ping_status":"closed","template":"","meta":{"_genesis_hide_title":false,"_genesis_hide_breadcrumbs":false,"_genesis_hide_singular_image":false,"_genesis_hide_footer_widgets":false,"_genesis_custom_body_class":"","_genesis_custom_post_class":"","_genesis_layout":"","footnotes":""},"class_list":{"0":"post-7779","1":"page","2":"type-page","3":"status-publish","5":"entry","6":"has-post-thumbnail"},"_links":{"self":[{"href":"https:\/\/moverdb.com\/da\/wp-json\/wp\/v2\/pages\/7779","targetHints":{"allow":["GET"]}}],"collection":[{"href":"https:\/\/moverdb.com\/da\/wp-json\/wp\/v2\/pages"}],"about":[{"href":"https:\/\/moverdb.com\/da\/wp-json\/wp\/v2\/types\/page"}],"author":[{"embeddable":true,"href":"https:\/\/moverdb.com\/da\/wp-json\/wp\/v2\/users\/4"}],"replies":[{"embeddable":true,"href":"https:\/\/moverdb.com\/da\/wp-json\/wp\/v2\/comments?post=7779"}],"version-history":[{"count":4,"href":"https:\/\/moverdb.com\/da\/wp-json\/wp\/v2\/pages\/7779\/revisions"}],"predecessor-version":[{"id":17076,"href":"https:\/\/moverdb.com\/da\/wp-json\/wp\/v2\/pages\/7779\/revisions\/17076"}],"up":[{"embeddable":true,"href":"https:\/\/moverdb.com\/da\/wp-json\/wp\/v2\/pages\/190"}],"wp:attachment":[{"href":"https:\/\/moverdb.com\/da\/wp-json\/wp\/v2\/media?parent=7779"}],"curies":[{"name":"wp","href":"https:\/\/api.w.org\/{rel}","templated":true}]}}