{"id":7764,"date":"2023-04-27T14:59:23","date_gmt":"2023-04-27T14:59:23","guid":{"rendered":"https:\/\/moverdb.com\/?page_id=7764"},"modified":"2026-01-08T15:23:45","modified_gmt":"2026-01-08T15:23:45","slug":"moving-companies-iraq","status":"publish","type":"page","link":"https:\/\/moverdb.com\/da\/moving-companies\/moving-companies-iraq\/","title":{"rendered":"2 bedste internationale flyttefirmaer i Irak"},"content":{"rendered":"<p>Det er aldrig ligetil at flytte hjem eller flytte din virksomhed, s\u00e5 det kan v\u00e6re en stor hj\u00e6lp at f\u00e5 hj\u00e6lp, is\u00e6r hvis du flytter mellem lande. Hvis du flytter i, til eller fra Irak, har vi samlet en liste over <a href=\"https:\/\/moverdb.com\/da\/international-removals\/\" data-internallinksmanager029f6b8e52c=\"27\" title=\"De 36 bedste internationale flyttefirmaer i Storbritannien\">flyttefirmaer<\/a> der er medlemmer af den <a href=\"https:\/\/moverdb.com\/da\/iam\/\" data-internallinksmanager029f6b8e52c=\"23\" title=\"International Association of Movers (IAM) Forklaret\">Den internationale sammenslutning af flyttefirmaer<\/a> (IAM) og\/eller <a href=\"https:\/\/moverdb.com\/da\/fidi-faim\/\" data-internallinksmanager029f6b8e52c=\"16\" title=\"FIDI &amp; FAIM (FIDI Accredited International Mover) forklaret\">FIDI<\/a> Accredited International Mover (FAIM), som kan hj\u00e6lpe dig med din flytning.<\/p>\n<h2><strong>1. BCC Logistik<\/strong><\/h2>\n<p><img loading=\"lazy\" decoding=\"async\" class=\"alignnone size-full wp-image-7673\" src=\"https:\/\/moverdb.com\/wp-content\/uploads\/BCC-Logistics-international-moving-company.png\" alt=\"BCC Logistics international flyttevirksomhed\" width=\"1440\" height=\"634\" data-wp-pid=\"7673\" srcset=\"https:\/\/moverdb.com\/wp-content\/uploads\/BCC-Logistics-international-moving-company.png 1440w, https:\/\/moverdb.com\/wp-content\/uploads\/BCC-Logistics-international-moving-company-300x132.png 300w, https:\/\/moverdb.com\/wp-content\/uploads\/BCC-Logistics-international-moving-company-1024x451.png 1024w, https:\/\/moverdb.com\/wp-content\/uploads\/BCC-Logistics-international-moving-company-18x8.png 18w, https:\/\/moverdb.com\/wp-content\/uploads\/BCC-Logistics-international-moving-company-600x264.png 600w\" sizes=\"auto, (max-width: 1440px) 100vw, 1440px\" \/><\/p>\n<ul>\n<li>Nationale flytninger<\/li>\n<li>Internationale flytninger<\/li>\n<li>Flytning af husholdninger<\/li>\n<li>Virksomheds-, diplomat- og milit\u00e6rflytninger<\/li>\n<li>Flytning fra d\u00f8r til d\u00f8r<\/li>\n<li>Emballage service<\/li>\n<li>Vej-, s\u00f8- og luftfragt<\/li>\n<li>Toldklarering<\/li>\n<li>H\u00e5ndtering af billedkunst<\/li>\n<li>Opbevaringsfaciliteter<\/li>\n<\/ul>\n<p>BCC Logistics er en global speditionsvirksomhed, der blev grundlagt i 1993 i <a href=\"https:\/\/moverdb.com\/da\/moving-companies\/moving-companies-lebanon\/\" data-internallinksmanager029f6b8e52c=\"302\" title=\"7 bedste internationale flyttefirmaer i Libanon\">Libanon<\/a> med kontorer i <a href=\"https:\/\/moverdb.com\/da\/moving-to-qatar\/\" data-internallinksmanager029f6b8e52c=\"334\" title=\"Flytter du til Qatar? 2026 Leveomkostninger og tips til flytning\">Qatar<\/a>, Irak og <a href=\"https:\/\/moverdb.com\/da\/moving-to-saudi-arabia\/\" data-internallinksmanager029f6b8e52c=\"319\" title=\"Flytter du til Saudi-Arabien? 2026 Leveomkostninger og flyttetips\">Saudi-Arabien<\/a>. Det irakiske kontor i Erbil \u00e5bnede i 2008. De har et internationalt netv\u00e6rk af agenter til at st\u00f8tte deres globale indsats. De er medlem af IAM med 15 \u00e5rs erfaring.<\/p>\n<p>BCC Logistics tilbyder en d\u00f8r-til-d\u00f8r flyttehj\u00e6lp til nationale og internationale flytninger. De tilbyder en pakningsservice, der omfatter containeriserede s\u00f8transporter, trev\u00e6gsforsendelser til lufttransporter og tr\u00e6liftvogne. De pakker ud og s\u00e6tter m\u00f8bler op og fjerner eventuelle emballageaffald. De s\u00f8rger for forsendelse til lands, i luften eller til s\u00f8s med toldformaliteter.<\/p>\n<p>Hjemmeside: <a href=\"http:\/\/www.bcclogistics.com\" target=\"_blank\" rel=\"noopener\">http:\/\/www.bcclogistics.com<\/a><\/p>\n<h2><strong>2. Paxton<\/strong><\/h2>\n<p><img loading=\"lazy\" decoding=\"async\" class=\"alignnone size-full wp-image-7736\" src=\"https:\/\/moverdb.com\/wp-content\/uploads\/Paxton-international-moving-company.png\" alt=\"Paxton international flyttevirksomhed\" width=\"1440\" height=\"682\" data-wp-pid=\"7736\" srcset=\"https:\/\/moverdb.com\/wp-content\/uploads\/Paxton-international-moving-company.png 1440w, https:\/\/moverdb.com\/wp-content\/uploads\/Paxton-international-moving-company-300x142.png 300w, https:\/\/moverdb.com\/wp-content\/uploads\/Paxton-international-moving-company-1024x485.png 1024w, https:\/\/moverdb.com\/wp-content\/uploads\/Paxton-international-moving-company-18x9.png 18w, https:\/\/moverdb.com\/wp-content\/uploads\/Paxton-international-moving-company-600x284.png 600w\" sizes=\"auto, (max-width: 1440px) 100vw, 1440px\" \/><\/p>\n<ul>\n<li>Nationale flytninger<\/li>\n<li>Internationale flytninger<\/li>\n<li>Flytning af husstande<\/li>\n<li>Kontor- og industriflytninger<\/li>\n<li>D\u00f8r-til-d\u00f8r-service<\/li>\n<li>Emballage service<\/li>\n<li>Arrangement af transport<\/li>\n<li>Toldklarering<\/li>\n<li>Transport af k\u00f8ret\u00f8jer<\/li>\n<li>Sikre opbevaringsfaciliteter<\/li>\n<\/ul>\n<p>Paxton er en virksomhed, der tilbyder tjenester inden for flytning, information og logistikstyring, og som har v\u00e6ret aktiv lokalt og globalt. De har v\u00e6ret aktive i over 60 \u00e5r og har kontorer i USA, Pakistan og Sydsudan, <a href=\"https:\/\/moverdb.com\/da\/moving-to-singapore\/\" data-internallinksmanager029f6b8e52c=\"68\" title=\"Flytter du til Singapore? 2022 Leveomkostninger og tips til flytning\">Singapore<\/a>, Afghanistan og Irak i Baghdad og Erbil. De har et netv\u00e6rk af udvalgte partnere, der leverer tjenester internationalt, og de er medlem af IAM.<\/p>\n<p>Paxton tilbyder en d\u00f8r-til-d\u00f8r flytningsservice lokalt, nationalt og internationalt. De tilbyder en pakningsservice for at beskytte dine ejendele under transporten eller en g\u00f8r-det-selv-mulighed. De tilbyder transportmuligheder, der passer bedst til dine behov og dit budget, og de yder st\u00f8tte til toldklarering.<\/p>\n<p>Hjemmeside: <a href=\"http:\/\/www.paxton.com\" target=\"_blank\" rel=\"noopener\">http:\/\/www.paxton.com<\/a><\/p>","protected":false},"excerpt":{"rendered":"<p>Moving home or your business is never straightforward so getting assistance can really help especially if you are moving between countries. If you moving within, to or from Iraq, we have compiled a list of removal companies that are members of the International Association of Movers (IAM) and\/or FIDI Accredited International Mover (FAIM) who could [&hellip;]<\/p>\n","protected":false},"author":4,"featured_media":0,"parent":190,"menu_order":0,"comment_status":"closed","ping_status":"closed","template":"","meta":{"_genesis_hide_title":false,"_genesis_hide_breadcrumbs":false,"_genesis_hide_singular_image":false,"_genesis_hide_footer_widgets":false,"_genesis_custom_body_class":"","_genesis_custom_post_class":"","_genesis_layout":"","footnotes":""},"class_list":{"0":"post-7764","1":"page","2":"type-page","3":"status-publish","5":"entry","6":"has-post-thumbnail"},"_links":{"self":[{"href":"https:\/\/moverdb.com\/da\/wp-json\/wp\/v2\/pages\/7764","targetHints":{"allow":["GET"]}}],"collection":[{"href":"https:\/\/moverdb.com\/da\/wp-json\/wp\/v2\/pages"}],"about":[{"href":"https:\/\/moverdb.com\/da\/wp-json\/wp\/v2\/types\/page"}],"author":[{"embeddable":true,"href":"https:\/\/moverdb.com\/da\/wp-json\/wp\/v2\/users\/4"}],"replies":[{"embeddable":true,"href":"https:\/\/moverdb.com\/da\/wp-json\/wp\/v2\/comments?post=7764"}],"version-history":[{"count":1,"href":"https:\/\/moverdb.com\/da\/wp-json\/wp\/v2\/pages\/7764\/revisions"}],"predecessor-version":[{"id":7765,"href":"https:\/\/moverdb.com\/da\/wp-json\/wp\/v2\/pages\/7764\/revisions\/7765"}],"up":[{"embeddable":true,"href":"https:\/\/moverdb.com\/da\/wp-json\/wp\/v2\/pages\/190"}],"wp:attachment":[{"href":"https:\/\/moverdb.com\/da\/wp-json\/wp\/v2\/media?parent=7764"}],"curies":[{"name":"wp","href":"https:\/\/api.w.org\/{rel}","templated":true}]}}