{"id":7520,"date":"2023-02-01T14:02:23","date_gmt":"2023-02-01T14:02:23","guid":{"rendered":"https:\/\/moverdb.com\/?page_id=7520"},"modified":"2026-01-08T15:29:35","modified_gmt":"2026-01-08T15:29:35","slug":"flyttefirmaer-ungarn","status":"publish","type":"page","link":"https:\/\/moverdb.com\/da\/moving-companies\/moving-companies-hungary\/","title":{"rendered":"8 bedste internationale flyttefirmaer i Ungarn"},"content":{"rendered":"<p>Hvis du planl\u00e6gger en flytning, kan det v\u00e6re en god id\u00e9 at f\u00e5 hj\u00e6lp af en <a href=\"https:\/\/moverdb.com\/da\/moving-companies\/\" data-internallinksmanager029f6b8e52c=\"79\" title=\"Top 25 internationale flyttefirmaer online\">flyttefirma<\/a> da de kan hj\u00e6lpe med pakning, transport og toldregler. Hvis du skal flytte til, fra eller inden for <a href=\"https:\/\/moverdb.com\/da\/moving-to-hungary\/\" data-internallinksmanager029f6b8e52c=\"341\" title=\"Flytte til Ungarn? 2026 Leveomkostninger og tips til flytning\">Ungarn<\/a>har vi samlet en liste over <a href=\"https:\/\/moverdb.com\/da\/international-removals\/\" data-internallinksmanager029f6b8e52c=\"27\" title=\"De 36 bedste internationale flyttefirmaer i Storbritannien\">flyttefirmaer<\/a> nedenfor, der er medlemmer af den <a href=\"https:\/\/moverdb.com\/da\/iam\/\" data-internallinksmanager029f6b8e52c=\"23\" title=\"International Association of Movers (IAM) Forklaret\">Den internationale sammenslutning af flyttefirmaer<\/a> (IAM) og\/eller <a href=\"https:\/\/moverdb.com\/da\/fidi-faim\/\" data-internallinksmanager029f6b8e52c=\"16\" title=\"FIDI &amp; FAIM (FIDI Accredited International Mover) forklaret\">FIDI<\/a> akkrediteret international flyttevirksomhed (FAIM), som kan hj\u00e6lpe dig med din flytning.<\/p>\n<div id=\"ez-toc-container\" class=\"ez-toc-v2_0_82_2 ez-toc-wrap-left counter-hierarchy ez-toc-counter ez-toc-transparent ez-toc-container-direction\">\n<div class=\"ez-toc-title-container\">\n<p class=\"ez-toc-title\" style=\"cursor:inherit\">Sektioner<\/p>\n<span class=\"ez-toc-title-toggle\"><a href=\"#\" class=\"ez-toc-pull-right ez-toc-btn ez-toc-btn-xs ez-toc-btn-default ez-toc-toggle\" aria-label=\"Toggle indholdsfortegnelse\"><span class=\"ez-toc-js-icon-con\"><span class=\"\"><span class=\"eztoc-hide\" style=\"display:none;\">Toggle<\/span><span class=\"ez-toc-icon-toggle-span\"><svg style=\"fill: #999;color:#999\" xmlns=\"http:\/\/www.w3.org\/2000\/svg\" class=\"list-377408\" width=\"20px\" height=\"20px\" viewbox=\"0 0 24 24\" fill=\"none\"><path d=\"M6 6H4v2h2V6zm14 0H8v2h12V6zM4 11h2v2H4v-2zm16 0H8v2h12v-2zM4 16h2v2H4v-2zm16 0H8v2h12v-2z\" fill=\"currentColor\"><\/path><\/svg><svg style=\"fill: #999;color:#999\" class=\"arrow-unsorted-368013\" xmlns=\"http:\/\/www.w3.org\/2000\/svg\" width=\"10px\" height=\"10px\" viewbox=\"0 0 24 24\" version=\"1.2\" baseprofile=\"tiny\"><path d=\"M18.2 9.3l-6.2-6.3-6.2 6.3c-.2.2-.3.4-.3.7s.1.5.3.7c.2.2.4.3.7.3h11c.3 0 .5-.1.7-.3.2-.2.3-.5.3-.7s-.1-.5-.3-.7zM5.8 14.7l6.2 6.3 6.2-6.3c.2-.2.3-.5.3-.7s-.1-.5-.3-.7c-.2-.2-.4-.3-.7-.3h-11c-.3 0-.5.1-.7.3-.2.2-.3.5-.3.7s.1.5.3.7z\"\/><\/svg><\/span><\/span><\/span><\/a><\/span><\/div>\n<nav><ul class='ez-toc-list ez-toc-list-level-1 eztoc-toggle-hide-by-default' ><li class='ez-toc-page-1 ez-toc-heading-level-2'><a class=\"ez-toc-link ez-toc-heading-1\" href=\"https:\/\/moverdb.com\/da\/moving-companies\/moving-companies-hungary\/#1_ABC_Ricard\" >1. ABC Ricard<\/a><\/li><li class='ez-toc-page-1 ez-toc-heading-level-2'><a class=\"ez-toc-link ez-toc-heading-2\" href=\"https:\/\/moverdb.com\/da\/moving-companies\/moving-companies-hungary\/#2_Beta_Moving\" >2. Beta Moving<\/a><\/li><li class='ez-toc-page-1 ez-toc-heading-level-2'><a class=\"ez-toc-link ez-toc-heading-3\" href=\"https:\/\/moverdb.com\/da\/moving-companies\/moving-companies-hungary\/#3_DB_Schenker\" >3. DB Schenker<\/a><\/li><li class='ez-toc-page-1 ez-toc-heading-level-2'><a class=\"ez-toc-link ez-toc-heading-4\" href=\"https:\/\/moverdb.com\/da\/moving-companies\/moving-companies-hungary\/#4_Euromove\" >4. Euromove<\/a><\/li><li class='ez-toc-page-1 ez-toc-heading-level-2'><a class=\"ez-toc-link ez-toc-heading-5\" href=\"https:\/\/moverdb.com\/da\/moving-companies\/moving-companies-hungary\/#5_Gosselin\" >5. Gosselin<\/a><\/li><li class='ez-toc-page-1 ez-toc-heading-level-2'><a class=\"ez-toc-link ez-toc-heading-6\" href=\"https:\/\/moverdb.com\/da\/moving-companies\/moving-companies-hungary\/#6_MoveArtis\" >6. MoveArtis<\/a><\/li><li class='ez-toc-page-1 ez-toc-heading-level-2'><a class=\"ez-toc-link ez-toc-heading-7\" href=\"https:\/\/moverdb.com\/da\/moving-companies\/moving-companies-hungary\/#7_NSEW_Mobility\" >7. NSEW-mobilitet<\/a><\/li><li class='ez-toc-page-1 ez-toc-heading-level-2'><a class=\"ez-toc-link ez-toc-heading-8\" href=\"https:\/\/moverdb.com\/da\/moving-companies\/moving-companies-hungary\/#8_Santa_Fe_Relocation\" >8. Flytning af Santa Fe<\/a><\/li><\/ul><\/nav><\/div>\n<h2><span class=\"ez-toc-section\" id=\"1_ABC_Ricard\"><\/span><strong>1. ABC Ricard<\/strong><span class=\"ez-toc-section-end\"><\/span><\/h2>\n<p><img loading=\"lazy\" decoding=\"async\" class=\"alignnone size-full wp-image-7408\" src=\"https:\/\/moverdb.com\/wp-content\/uploads\/ABC-Ricard-international-moving-company.png\" alt=\"ABC Ricard international flyttevirksomhed\" width=\"1440\" height=\"677\" data-wp-pid=\"7408\" srcset=\"https:\/\/moverdb.com\/wp-content\/uploads\/ABC-Ricard-international-moving-company.png 1440w, https:\/\/moverdb.com\/wp-content\/uploads\/ABC-Ricard-international-moving-company-300x141.png 300w, https:\/\/moverdb.com\/wp-content\/uploads\/ABC-Ricard-international-moving-company-1024x481.png 1024w, https:\/\/moverdb.com\/wp-content\/uploads\/ABC-Ricard-international-moving-company-18x8.png 18w, https:\/\/moverdb.com\/wp-content\/uploads\/ABC-Ricard-international-moving-company-600x282.png 600w\" sizes=\"auto, (max-width: 1440px) 100vw, 1440px\" \/><\/p>\n<ul>\n<li>Nationale flytninger<\/li>\n<li>Internationale flytninger<\/li>\n<li>Flytning af husholdninger<\/li>\n<li>Indledende unders\u00f8gelse<\/li>\n<li>Flytning fra d\u00f8r til d\u00f8r<\/li>\n<li>Emballage af h\u00f8j kvalitet<\/li>\n<li>Brugerdefinerede kasser<\/li>\n<li>Arrangere transport<\/li>\n<li>H\u00e5ndtering af toldformaliteter<\/li>\n<li>All-risk-forsikring<\/li>\n<\/ul>\n<p>ABC Ricard er et verdensomsp\u00e6ndende flyttefirma med et operationelt filialnetv\u00e6rk i Centraleuropa med kontorer i <a href=\"https:\/\/moverdb.com\/da\/moving-to-france\/\" data-internallinksmanager029f6b8e52c=\"315\" title=\"Flytter du til Frankrig? 2026 Leveomkostninger og flyttetips\">Frankrig<\/a>, <a href=\"https:\/\/moverdb.com\/da\/moving-to-poland\/\" data-internallinksmanager029f6b8e52c=\"378\" title=\"Flytter du til Polen? 2026 Leveomkostninger og tips til flytning\">Polen<\/a> og Ungarn i Budapest. De blev grundlagt i 1958 i Frankrig, og det f\u00f8rste datterselskab var i Budapest. De er tilknyttet st\u00f8rre globale netv\u00e6rk for at udvide deres r\u00e6kkevidde, hvilket omfatter medlemskab af IAM.<\/p>\n<p>ABC Ricard tilbyder en personlig service, der starter med en unders\u00f8gelse foretaget af en r\u00e5dgiver, som planl\u00e6gger din flytning. De hj\u00e6lper med at v\u00e6lge den bedste transportform til din flytning og opfylder kravene til de formaliteter og den dokumentation, der er n\u00f8dvendig for at flytte lande.<\/p>\n<p>Hjemmeside: <a href=\"http:\/\/www.abcricardfl.com\" target=\"_blank\" rel=\"noopener\">http:\/\/www.abcricardfl.com<\/a><\/p>\n<h2><span class=\"ez-toc-section\" id=\"2_Beta_Moving\"><\/span><strong>2. Beta Moving<\/strong><span class=\"ez-toc-section-end\"><\/span><\/h2>\n<p><img loading=\"lazy\" decoding=\"async\" class=\"alignnone size-full wp-image-7419\" src=\"https:\/\/moverdb.com\/wp-content\/uploads\/Beta-Moving-international-moving-company.png\" alt=\"Beta Moving international flyttevirksomhed\" width=\"1440\" height=\"679\" data-wp-pid=\"7419\" srcset=\"https:\/\/moverdb.com\/wp-content\/uploads\/Beta-Moving-international-moving-company.png 1440w, https:\/\/moverdb.com\/wp-content\/uploads\/Beta-Moving-international-moving-company-300x141.png 300w, https:\/\/moverdb.com\/wp-content\/uploads\/Beta-Moving-international-moving-company-1024x483.png 1024w, https:\/\/moverdb.com\/wp-content\/uploads\/Beta-Moving-international-moving-company-18x8.png 18w, https:\/\/moverdb.com\/wp-content\/uploads\/Beta-Moving-international-moving-company-600x283.png 600w\" sizes=\"auto, (max-width: 1440px) 100vw, 1440px\" \/><\/p>\n<ul>\n<li>Nationale flytninger<\/li>\n<li>Internationale flytninger<\/li>\n<li>Flytteservice<\/li>\n<li>Flytning af husholdninger og kontorer<\/li>\n<li>Flytning fra d\u00f8r til d\u00f8r<\/li>\n<li>Emballage service<\/li>\n<li>Vej-, s\u00f8- og lufttransport<\/li>\n<li>Toldklarering<\/li>\n<li>Forsikring<\/li>\n<li>Opbevaringsfaciliteter<\/li>\n<\/ul>\n<p>Beta Moving er et internationalt flyttefirma, der blev grundlagt i 2016 i Budapest og tilbyder nationale og internationale flytninger og relocation-tjenester. De samarbejder med internationale partnere for at levere flytninger og flytningstjenester i hele verden. De er medlem af IAM med syv \u00e5rs erfaring.<\/p>\n<p>Beta Moving tilbyder skr\u00e6ddersyede flyttel\u00f8sninger med d\u00f8r-til-d\u00f8r-service, som omfatter pakning, transport ad landevej, luft- eller s\u00f8vej, toldklarering, udpakning og fjernelse af affald. Deres flytningsservice omfatter arbejdstilladelser og registrering af besk\u00e6ftigelse. De tilbyder ogs\u00e5 yderligere tjenester, som omfatter flytning af k\u00e6ledyr, transport af k\u00f8ret\u00f8jer, h\u00e5ndv\u00e6rkertjenester, forsikring og opbevaringsfaciliteter.<\/p>\n<p>Hjemmeside: <a href=\"https:\/\/www.betamoving.com\" target=\"_blank\" rel=\"noopener\">https:\/\/www.betamoving.com<\/a><\/p>\n<h2><span class=\"ez-toc-section\" id=\"3_DB_Schenker\"><\/span><strong>3. DB Schenker<\/strong><span class=\"ez-toc-section-end\"><\/span><\/h2>\n<p><img loading=\"lazy\" decoding=\"async\" class=\"alignnone size-full wp-image-7433\" src=\"https:\/\/moverdb.com\/wp-content\/uploads\/DB-Schenker-Hungary-international-moving-company.png\" alt=\"DB Schenker Ungarn international flyttevirksomhed\" width=\"1440\" height=\"664\" data-wp-pid=\"7433\" srcset=\"https:\/\/moverdb.com\/wp-content\/uploads\/DB-Schenker-Hungary-international-moving-company.png 1440w, https:\/\/moverdb.com\/wp-content\/uploads\/DB-Schenker-Hungary-international-moving-company-300x138.png 300w, https:\/\/moverdb.com\/wp-content\/uploads\/DB-Schenker-Hungary-international-moving-company-1024x472.png 1024w, https:\/\/moverdb.com\/wp-content\/uploads\/DB-Schenker-Hungary-international-moving-company-18x8.png 18w, https:\/\/moverdb.com\/wp-content\/uploads\/DB-Schenker-Hungary-international-moving-company-600x277.png 600w\" sizes=\"auto, (max-width: 1440px) 100vw, 1440px\" \/><\/p>\n<ul>\n<li>Nationale flytninger<\/li>\n<li>Internationale flytninger<\/li>\n<li>Flytning af boliger<\/li>\n<li>Flytning af kontoret<\/li>\n<li>Emballeringsmaterialer af h\u00f8j kvalitet<\/li>\n<li>Transport til lands, til vands og i luften<\/li>\n<li>Toldst\u00f8tte<\/li>\n<li>Transport af k\u00f8ret\u00f8jer<\/li>\n<li>Transport af k\u00e6ledyr<\/li>\n<li>Opbevaringsfaciliteter<\/li>\n<\/ul>\n<p>DB Schenker er en global leverand\u00f8r af logistikydelser, der har v\u00e6ret aktiv i over 140 \u00e5r og blev grundlagt i Wien. De har afdelinger over hele verden, herunder Ungarn, hvor de etablerede en afdeling i Budapest i 1874. De er medlem af IAM og har adgang til deres internationale netv\u00e6rk.<\/p>\n<p>DB Schenker tilbyder en indledende konsultation og en unders\u00f8gelse p\u00e5 stedet for at planl\u00e6gge din flytning. De leverer emballagematerialer af h\u00f8j kvalitet for at beskytte dine ejendele og giver dig mulighed for at spore din forsendelse ved hj\u00e6lp af deres online-tracker. De tilbyder ogs\u00e5 yderligere tjenester, som omfatter transport af k\u00f8ret\u00f8jer, transport af k\u00e6ledyr, levering af kunstv\u00e6rker, forsikring og opbevaring.<\/p>\n<p>Hjemmeside: <a href=\"http:\/\/www.dbschenker.hu\" target=\"_blank\" rel=\"noopener\">http:\/\/www.dbschenker.hu<\/a><\/p>\n<h2><span class=\"ez-toc-section\" id=\"4_Euromove\"><\/span><strong>4. Euromove<\/strong><span class=\"ez-toc-section-end\"><\/span><\/h2>\n<p><img loading=\"lazy\" decoding=\"async\" class=\"alignnone size-full wp-image-7439\" src=\"https:\/\/moverdb.com\/wp-content\/uploads\/Euromove-international-moving-company.png\" alt=\"Euromove international flyttevirksomhed\" width=\"1440\" height=\"683\" data-wp-pid=\"7439\" srcset=\"https:\/\/moverdb.com\/wp-content\/uploads\/Euromove-international-moving-company.png 1440w, https:\/\/moverdb.com\/wp-content\/uploads\/Euromove-international-moving-company-300x142.png 300w, https:\/\/moverdb.com\/wp-content\/uploads\/Euromove-international-moving-company-1024x486.png 1024w, https:\/\/moverdb.com\/wp-content\/uploads\/Euromove-international-moving-company-18x9.png 18w, https:\/\/moverdb.com\/wp-content\/uploads\/Euromove-international-moving-company-600x285.png 600w\" sizes=\"auto, (max-width: 1440px) 100vw, 1440px\" \/><\/p>\n<ul>\n<li>Nationale flytninger<\/li>\n<li>Internationale flytninger<\/li>\n<li>Flyttepakker<\/li>\n<li>Flytning af husholdninger<\/li>\n<li>Flytning af kontorer<\/li>\n<li>Emballage service<\/li>\n<li>Vej-, s\u00f8- eller lufttransport<\/li>\n<li>Toldklarering<\/li>\n<li>Forsendelse af specialvarer<\/li>\n<li>Opbevaringsfaciliteter<\/li>\n<\/ul>\n<p>Euromove er et internationalt flyttefirma med base i Budapest, som blev grundlagt i 1998. De har et stort netv\u00e6rk af partnere, som g\u00f8r det muligt for dem at levere flyttetjenester overalt i verden. De er medlem af IAM med 25 \u00e5rs erfaring og er akkrediteret af FIDI.<\/p>\n<p>Euromove tilbyder personlige flyttetjenester og flyttepakker, som kan omfatte specialiserede genstande som kunst, biler eller k\u00e6ledyr. De leverer deres tjenester efter internationale standarder, herunder deres pakningsservice. De arrangerer transport ad landevej, luft- eller s\u00f8vej, herunder mulighederne for samk\u00f8rsel, og de yder st\u00f8tte til toldklarering.<\/p>\n<p>Hjemmeside: <a href=\"https:\/\/www.euromove.hu\/en\" target=\"_blank\" rel=\"noopener\">https:\/\/www.euromove.hu\/en<\/a><\/p>\n<h2><span class=\"ez-toc-section\" id=\"5_Gosselin\"><\/span><strong>5. Gosselin<\/strong><span class=\"ez-toc-section-end\"><\/span><\/h2>\n<p><img loading=\"lazy\" decoding=\"async\" class=\"alignnone size-full wp-image-7447\" src=\"https:\/\/moverdb.com\/wp-content\/uploads\/Gosselin-Hungary-international-moving-company.png\" alt=\"Gosselin Hungary international flyttevirksomhed\" width=\"1440\" height=\"678\" data-wp-pid=\"7447\" srcset=\"https:\/\/moverdb.com\/wp-content\/uploads\/Gosselin-Hungary-international-moving-company.png 1440w, https:\/\/moverdb.com\/wp-content\/uploads\/Gosselin-Hungary-international-moving-company-300x141.png 300w, https:\/\/moverdb.com\/wp-content\/uploads\/Gosselin-Hungary-international-moving-company-1024x482.png 1024w, https:\/\/moverdb.com\/wp-content\/uploads\/Gosselin-Hungary-international-moving-company-18x8.png 18w, https:\/\/moverdb.com\/wp-content\/uploads\/Gosselin-Hungary-international-moving-company-600x283.png 600w\" sizes=\"auto, (max-width: 1440px) 100vw, 1440px\" \/><\/p>\n<ul>\n<li>Nationale flytninger<\/li>\n<li>Internationale flytninger<\/li>\n<li>Flytning af husholdninger<\/li>\n<li>Flytning af kontorer<\/li>\n<li>Emballage service<\/li>\n<li>Arrangement af transport<\/li>\n<li>Transport af kunstneriske v\u00e6rker<\/li>\n<li>Flytning af k\u00e6ledyr<\/li>\n<li>Transport af k\u00f8ret\u00f8jer<\/li>\n<li>Kort- til langtidsopbevaring<\/li>\n<\/ul>\n<p>Gosselin er en international flytte- og logistikvirksomhed, der blev grundlagt i 1930 i <a href=\"https:\/\/moverdb.com\/da\/moving-to-belgium\/\" data-internallinksmanager029f6b8e52c=\"323\" title=\"Flytter du til Belgien? 2026 Leveomkostninger og flyttetips\">Belgien<\/a> og de har kontorer i hele Europa, herunder et i Budapest i Ungarn. De er medlem af IAM og har 24 \u00e5rs erfaring. De udnytter deres filialer og internationale netv\u00e6rk til at tilbyde flytninger overalt i verden.<\/p>\n<p>Gosselin tilbyder en professionel pakningsservice, der beskytter dine ejendele ved hj\u00e6lp af emballagematerialer af h\u00f8j kvalitet, en r\u00e6kke specialkasser og specialfremstillede kasser. De s\u00f8rger for alle arrangementer i forbindelse med flytningen af dine ejendele og hj\u00e6lper dig med dokumentationen. De tilbyder ogs\u00e5 specialiserede transporttjenester, som omfatter flytning af kunstgenstande, k\u00e6ledyr og k\u00f8ret\u00f8jer.<\/p>\n<p>Hjemmeside: <a href=\"https:\/\/gosselin-moving.com\/en\/hungary-slovakia\" target=\"_blank\" rel=\"noopener\">https:\/\/gosselin-moving.com\/en\/hungary-slovakia<\/a><\/p>\n<h2><span class=\"ez-toc-section\" id=\"6_MoveArtis\"><\/span><strong>6. MoveArtis<\/strong><span class=\"ez-toc-section-end\"><\/span><\/h2>\n<p><img loading=\"lazy\" decoding=\"async\" class=\"alignnone size-full wp-image-7468\" src=\"https:\/\/moverdb.com\/wp-content\/uploads\/MoveArtis-international-moving-company.png\" alt=\"MoveArtis internationale flyttefirma\" width=\"1440\" height=\"682\" data-wp-pid=\"7468\" srcset=\"https:\/\/moverdb.com\/wp-content\/uploads\/MoveArtis-international-moving-company.png 1440w, https:\/\/moverdb.com\/wp-content\/uploads\/MoveArtis-international-moving-company-300x142.png 300w, https:\/\/moverdb.com\/wp-content\/uploads\/MoveArtis-international-moving-company-1024x485.png 1024w, https:\/\/moverdb.com\/wp-content\/uploads\/MoveArtis-international-moving-company-18x9.png 18w, https:\/\/moverdb.com\/wp-content\/uploads\/MoveArtis-international-moving-company-600x284.png 600w\" sizes=\"auto, (max-width: 1440px) 100vw, 1440px\" \/><\/p>\n<ul>\n<li>Nationale flytninger<\/li>\n<li>Internationale flytninger<\/li>\n<li>Flytning af boliger<\/li>\n<li>Flytning af kontorer<\/li>\n<li>D\u00f8r-til-d\u00f8r-service<\/li>\n<li>Emballeringsmuligheder<\/li>\n<li>Vej-, s\u00f8- og lufttransport<\/li>\n<li>Toldklarering<\/li>\n<li>Forsikring<\/li>\n<li>Opbevaringsfaciliteter<\/li>\n<\/ul>\n<p>MoveArtis er et familieejet ungarsk internationalt flyttefirma med base i Budapest. De har et internationalt netv\u00e6rk af partnere over hele verden, som hj\u00e6lper dem med flytninger overalt. De er medlem af IAM og har 12 \u00e5rs erfaring.<\/p>\n<p>MoveArtis tilbyder en skr\u00e6ddersyet flyttel\u00f8sning, der giver en d\u00f8r-til-d\u00f8r-service til internationale flytninger. De tilbyder en r\u00e6kke emballagematerialer, der passer til en r\u00e6kke forskellige genstande, herunder specielt designede kasser. De hj\u00e6lper med transport, som omfatter luftfragt og s\u00f8transport, f.eks. fulde containerlaster og mindre end containerlaster, og de hj\u00e6lper med toldklarering.<\/p>\n<p>Hjemmeside: <a href=\"http:\/\/www.moveartis.com\" target=\"_blank\" rel=\"noopener\">http:\/\/www.moveartis.com<\/a><\/p>\n<h2><span class=\"ez-toc-section\" id=\"7_NSEW_Mobility\"><\/span><strong>7. NSEW-mobilitet<\/strong><span class=\"ez-toc-section-end\"><\/span><\/h2>\n<p><img loading=\"lazy\" decoding=\"async\" class=\"alignnone size-full wp-image-7473\" src=\"https:\/\/moverdb.com\/wp-content\/uploads\/NSEW-Mobility-international-moving-company.png\" alt=\"NSEW Mobility international flyttevirksomhed\" width=\"1440\" height=\"681\" data-wp-pid=\"7473\" srcset=\"https:\/\/moverdb.com\/wp-content\/uploads\/NSEW-Mobility-international-moving-company.png 1440w, https:\/\/moverdb.com\/wp-content\/uploads\/NSEW-Mobility-international-moving-company-300x142.png 300w, https:\/\/moverdb.com\/wp-content\/uploads\/NSEW-Mobility-international-moving-company-1024x484.png 1024w, https:\/\/moverdb.com\/wp-content\/uploads\/NSEW-Mobility-international-moving-company-18x9.png 18w, https:\/\/moverdb.com\/wp-content\/uploads\/NSEW-Mobility-international-moving-company-600x284.png 600w\" sizes=\"auto, (max-width: 1440px) 100vw, 1440px\" \/><\/p>\n<ul>\n<li>Nationale flytninger<\/li>\n<li>Internationale flytninger<\/li>\n<li>Flytningstjenester<\/li>\n<li>D\u00f8r-til-d\u00f8r-service<\/li>\n<li>Emballeringstjenester<\/li>\n<li>Vej-, luft- og s\u00f8transport<\/li>\n<li>Toldklarering<\/li>\n<li><a href=\"https:\/\/moverdb.com\/da\/car-transport-shipping\/\" data-internallinksmanager029f6b8e52c=\"2\" title=\"2026 tilbud p\u00e5 international biltransport og forsendelse af k\u00f8ret\u00f8jer\">Forsendelse af k\u00f8ret\u00f8jer<\/a><\/li>\n<li>Forsikring<\/li>\n<li>Sikre kort- og langtidsopbevaringsfaciliteter<\/li>\n<\/ul>\n<p>NSEW Mobility er et uafh\u00e6ngigt flytte- og relocationsselskab med base i Budapest. De tilbyder flytteydelser i Ungarn, <a href=\"https:\/\/moverdb.com\/da\/moving-to-austria\/\" data-internallinksmanager029f6b8e52c=\"343\" title=\"Flytter du til \u00d8strig? 2026 Leveomkostninger og tips til flytning\">\u00d8strig<\/a>, <a href=\"https:\/\/moverdb.com\/da\/moving-to-croatia\/\" data-internallinksmanager029f6b8e52c=\"428\" title=\"Flytter du til Kroatien? 2026 Leveomkostninger og tips til flytning\">Kroatien<\/a>, <a href=\"https:\/\/moverdb.com\/da\/moving-to-germany\/\" data-internallinksmanager029f6b8e52c=\"321\" title=\"Flytter du til Tyskland? 2026 Leveomkostninger og flyttetips\">Tyskland<\/a>, Rum\u00e6nien, <a href=\"https:\/\/moverdb.com\/da\/moving-to-slovakia\/\" data-internallinksmanager029f6b8e52c=\"338\" title=\"Flytter du til Slovakiet? 2026 Leveomkostninger og tips til flytning\">Slovakiet<\/a>, <a href=\"https:\/\/moverdb.com\/da\/moving-to-slovenia\/\" data-internallinksmanager029f6b8e52c=\"392\" title=\"Flytter du til Slovenien? 2026 Leveomkostninger og tips til flytning\">Slovenien<\/a> og <a href=\"https:\/\/moverdb.com\/da\/moving-to-switzerland\/\" data-internallinksmanager029f6b8e52c=\"327\" title=\"Flytter du til Schweiz? 2026 Leveomkostninger og flyttetips\">Schweiz<\/a>, og arbejder sammen med internationale partnere om at levere flytninger i Europa og resten af verden. De har leveret flyttetjenester i over 20 \u00e5r og er medlem af IAM.<\/p>\n<p>NSEW Mobility tilbyder gratis unders\u00f8gelser p\u00e5 stedet, giver et tilbud og udpeger en flyttekoordinator. De tilbyder en d\u00f8r-til-d\u00f8r-service for flytninger og forflytninger, der omfatter pakning af dit hjem og styring af din forsendelse ad landevej, luft- og s\u00f8vej med toldklarering. Deres flytningstjenester omfatter visum og immigration, s\u00f8gning efter et hjem og en skole samt indflytningstjenester.<\/p>\n<p>Hjemmeside: <a href=\"https:\/\/nsew-mobility.com\/\" target=\"_blank\" rel=\"noopener\">https:\/\/nsew-mobility.com\/<\/a><\/p>\n<h2><span class=\"ez-toc-section\" id=\"8_Santa_Fe_Relocation\"><\/span><strong>8. Flytning af Santa Fe<\/strong><span class=\"ez-toc-section-end\"><\/span><\/h2>\n<p><img loading=\"lazy\" decoding=\"async\" class=\"alignnone size-full wp-image-7483\" src=\"https:\/\/moverdb.com\/wp-content\/uploads\/Santa-Fe-Hungary-international-moving-company.png\" alt=\"Santa Fe Hungary international flyttevirksomhed\" width=\"1440\" height=\"652\" data-wp-pid=\"7483\" srcset=\"https:\/\/moverdb.com\/wp-content\/uploads\/Santa-Fe-Hungary-international-moving-company.png 1440w, https:\/\/moverdb.com\/wp-content\/uploads\/Santa-Fe-Hungary-international-moving-company-300x136.png 300w, https:\/\/moverdb.com\/wp-content\/uploads\/Santa-Fe-Hungary-international-moving-company-1024x464.png 1024w, https:\/\/moverdb.com\/wp-content\/uploads\/Santa-Fe-Hungary-international-moving-company-18x8.png 18w, https:\/\/moverdb.com\/wp-content\/uploads\/Santa-Fe-Hungary-international-moving-company-600x272.png 600w\" sizes=\"auto, (max-width: 1440px) 100vw, 1440px\" \/><\/p>\n<ul>\n<li>Nationale flytninger<\/li>\n<li>Internationale flytninger<\/li>\n<li>Flytning af husstande<\/li>\n<li>Flytning af virksomheder<\/li>\n<li>Emballage service<\/li>\n<li>Transport ad landevej, ad s\u00f8vejen eller med fly<\/li>\n<li>Toldklarering<\/li>\n<li>Transport af k\u00e6ledyr og k\u00f8ret\u00f8jer<\/li>\n<li>Beskyttelse af forsendelser<\/li>\n<li>Kort- til langtidsopbevaring<\/li>\n<\/ul>\n<p>Santa Fe Relocation er en international flytte- og relocationvirksomhed, der har 64 kontorer i 38 lande. De \u00e5bnede deres ungarske afdeling i Budapest i 1993. De er medlem af IAM med 30 \u00e5rs erfaring og er akkrediteret af FIDI.<\/p>\n<p>Santa Fe Relocation tilbyder en konsultation f\u00f8r flytning og en unders\u00f8gelse i hjemmet for at vurdere dine behov. De tilbyder pakningsservice for at beskytte dine ejendele og arrangerer transport ad landevej, ad s\u00f8vejen eller med fly og hj\u00e6lper med toldklarering. De tilbyder en r\u00e6kke till\u00e6gsydelser, herunder beskyttelse af forsendelser, flytning af k\u00e6ledyr, transport af k\u00f8ret\u00f8jer, opbevaring, s\u00f8gning efter hjem og skole, indflytningstjenester, st\u00f8tte ved afrejse og visa.<\/p>\n<p>Hjemmeside: <a href=\"https:\/\/www.santaferelo.com\/en\/contact\/our-offices\/hungary-budapest\/\" target=\"_blank\" rel=\"noopener\">https:\/\/www.santaferelo.com\/en\/contact\/our-offices\/hungary-budapest\/<\/a><\/p>","protected":false},"excerpt":{"rendered":"<p>If you are planning a move then you may want to enlist the services of a moving company as they can help with packing, transportation and customs regulations. If you are moving to, from or within Hungary, we have compiled a list of removal companies below that are members of the International Association of Movers [&hellip;]<\/p>\n","protected":false},"author":4,"featured_media":0,"parent":190,"menu_order":0,"comment_status":"closed","ping_status":"closed","template":"","meta":{"_genesis_hide_title":false,"_genesis_hide_breadcrumbs":false,"_genesis_hide_singular_image":false,"_genesis_hide_footer_widgets":false,"_genesis_custom_body_class":"","_genesis_custom_post_class":"","_genesis_layout":"","footnotes":""},"class_list":{"0":"post-7520","1":"page","2":"type-page","3":"status-publish","5":"entry","6":"has-post-thumbnail"},"_links":{"self":[{"href":"https:\/\/moverdb.com\/da\/wp-json\/wp\/v2\/pages\/7520","targetHints":{"allow":["GET"]}}],"collection":[{"href":"https:\/\/moverdb.com\/da\/wp-json\/wp\/v2\/pages"}],"about":[{"href":"https:\/\/moverdb.com\/da\/wp-json\/wp\/v2\/types\/page"}],"author":[{"embeddable":true,"href":"https:\/\/moverdb.com\/da\/wp-json\/wp\/v2\/users\/4"}],"replies":[{"embeddable":true,"href":"https:\/\/moverdb.com\/da\/wp-json\/wp\/v2\/comments?post=7520"}],"version-history":[{"count":1,"href":"https:\/\/moverdb.com\/da\/wp-json\/wp\/v2\/pages\/7520\/revisions"}],"predecessor-version":[{"id":7521,"href":"https:\/\/moverdb.com\/da\/wp-json\/wp\/v2\/pages\/7520\/revisions\/7521"}],"up":[{"embeddable":true,"href":"https:\/\/moverdb.com\/da\/wp-json\/wp\/v2\/pages\/190"}],"wp:attachment":[{"href":"https:\/\/moverdb.com\/da\/wp-json\/wp\/v2\/media?parent=7520"}],"curies":[{"name":"wp","href":"https:\/\/api.w.org\/{rel}","templated":true}]}}