{"id":7514,"date":"2023-02-01T14:00:27","date_gmt":"2023-02-01T14:00:27","guid":{"rendered":"https:\/\/moverdb.com\/?page_id=7514"},"modified":"2026-01-08T15:23:43","modified_gmt":"2026-01-08T15:23:43","slug":"flyttefirmaer-guinea","status":"publish","type":"page","link":"https:\/\/moverdb.com\/da\/moving-companies\/moving-companies-guinea\/","title":{"rendered":"2 bedste internationale flyttefirmaer i Guinea"},"content":{"rendered":"<p>N\u00e5r du planl\u00e6gger en flytning, uanset om det er dit hjem eller kontor, kan det v\u00e6re en stressende tid med en masse logistik og papirarbejde, der skal h\u00e5ndteres. Det er her, det er n\u00f8dvendigt at ans\u00e6tte en <a href=\"https:\/\/moverdb.com\/da\/moving-companies\/\" data-internallinksmanager029f6b8e52c=\"79\" title=\"Top 25 internationale flyttefirmaer online\">flyttefirma<\/a> kan v\u00e6re med til at lette byrden. Nedenfor har vi samlet en liste over Guinea-baserede <a href=\"https:\/\/moverdb.com\/da\/international-removals\/\" data-internallinksmanager029f6b8e52c=\"27\" title=\"De 36 bedste internationale flyttefirmaer i Storbritannien\">flyttefirmaer<\/a> der er medlemmer af den <a href=\"https:\/\/moverdb.com\/da\/iam\/\" data-internallinksmanager029f6b8e52c=\"23\" title=\"International Association of Movers (IAM) Forklaret\">Den internationale sammenslutning af flyttefirmaer<\/a> (IAM) og\/eller <a href=\"https:\/\/moverdb.com\/da\/fidi-faim\/\" data-internallinksmanager029f6b8e52c=\"16\" title=\"FIDI &amp; FAIM (FIDI Accredited International Mover) forklaret\">FIDI<\/a> akkrediteret international flyttevirksomhed (FAIM), som kan hj\u00e6lpe dig med din flytning.<\/p>\n<h2><strong>1. Soguifret<\/strong><\/h2>\n<p><img loading=\"lazy\" decoding=\"async\" class=\"alignnone size-full wp-image-7489\" src=\"https:\/\/moverdb.com\/wp-content\/uploads\/Soguifret-international-moving-company.png\" alt=\"Soguifret international flyttevirksomhed\" width=\"1440\" height=\"679\" data-wp-pid=\"7489\" srcset=\"https:\/\/moverdb.com\/wp-content\/uploads\/Soguifret-international-moving-company.png 1440w, https:\/\/moverdb.com\/wp-content\/uploads\/Soguifret-international-moving-company-300x141.png 300w, https:\/\/moverdb.com\/wp-content\/uploads\/Soguifret-international-moving-company-1024x483.png 1024w, https:\/\/moverdb.com\/wp-content\/uploads\/Soguifret-international-moving-company-18x8.png 18w, https:\/\/moverdb.com\/wp-content\/uploads\/Soguifret-international-moving-company-600x283.png 600w\" sizes=\"auto, (max-width: 1440px) 100vw, 1440px\" \/><\/p>\n<ul>\n<li>Nationale flytninger<\/li>\n<li>Internationale flytninger<\/li>\n<li>Flytning af husholdninger<\/li>\n<li>Flytning af kontorer<\/li>\n<li>D\u00f8r-til-d\u00f8r-service<\/li>\n<li>Emballage service<\/li>\n<li>Valg af beholdermuligheder<\/li>\n<li>Arrangement af transport<\/li>\n<li>Toldklarering<\/li>\n<li>Internationale netv\u00e6rk<\/li>\n<\/ul>\n<p>Soguifret er et flytte- og speditionsfirma, der blev etableret i 1989 i Guinea. De er en del af Universal Freight Organisation, der d\u00e6kker 120 lande, og er medlem af IAM med 34 \u00e5rs erfaring med d\u00e6kning i 170 lande. Gennem deres netv\u00e6rk arbejder de med internationale flyttekunder.<\/p>\n<p>Soguifret tilbyder d\u00f8r-til-d\u00f8r nationale og internationale flyttetjenester for husholdninger og kontorer. De tager sig af en lang r\u00e6kke forskellige personer, herunder ambassader og fredskorpset. De tilbyder et udvalg af containermuligheder, som omfatter mindre end containerl\u00e6s og hele containerl\u00e6s. De s\u00f8rger for transport af dine ejendele og udf\u00f8rer toldklarering.<\/p>\n<p>Hjemmeside: <a href=\"http:\/\/www.soguifret.com\" target=\"_blank\" rel=\"noopener\">http:\/\/www.soguifret.com<\/a><\/p>\n<h2><strong>2. JVK<\/strong><\/h2>\n<p><img loading=\"lazy\" decoding=\"async\" class=\"alignnone size-full wp-image-7459\" src=\"https:\/\/moverdb.com\/wp-content\/uploads\/JVK-Guinea-international-moving-company.png\" alt=\"JVK Guinea international flyttevirksomhed\" width=\"1440\" height=\"680\" data-wp-pid=\"7459\" srcset=\"https:\/\/moverdb.com\/wp-content\/uploads\/JVK-Guinea-international-moving-company.png 1440w, https:\/\/moverdb.com\/wp-content\/uploads\/JVK-Guinea-international-moving-company-300x142.png 300w, https:\/\/moverdb.com\/wp-content\/uploads\/JVK-Guinea-international-moving-company-1024x484.png 1024w, https:\/\/moverdb.com\/wp-content\/uploads\/JVK-Guinea-international-moving-company-18x9.png 18w, https:\/\/moverdb.com\/wp-content\/uploads\/JVK-Guinea-international-moving-company-600x283.png 600w\" sizes=\"auto, (max-width: 1440px) 100vw, 1440px\" \/><\/p>\n<ul>\n<li>Nationale flytninger<\/li>\n<li>Internationale flytninger<\/li>\n<li>Flytteservice<\/li>\n<li>Flytning af husholdninger<\/li>\n<li>Flytning af kontorer<\/li>\n<li>Emballage service<\/li>\n<li>Emballeringsmaterialer af h\u00f8j kvalitet<\/li>\n<li>Vej-, s\u00f8- og lufttransport<\/li>\n<li>Toldformaliteter<\/li>\n<li>Kort- og langtidsopbevaring<\/li>\n<\/ul>\n<p>JVK er et internationalt flytte- og relocationfirma, der har et netv\u00e6rk af kontorer i Afrika, Asien og Stillehavsomr\u00e5det. De har et kontor i Conakry i Guinea, men blev grundlagt i <a href=\"https:\/\/moverdb.com\/da\/moving-to-thailand\/\" data-internallinksmanager029f6b8e52c=\"318\" title=\"Flytter du til Thailand? 2026 Leveomkostninger og flyttetips\">Thailand<\/a> i 1979. De er medlem af IAM og har et netv\u00e6rk af internationale flytteagenter, der kan hj\u00e6lpe, hvor de ikke selv har d\u00e6kning.<\/p>\n<p>JVK tilbyder en unders\u00f8gelse f\u00f8r flytning for at vurdere dine flyttebehov, udarbejde et flytteforslag og planl\u00e6gge din flytning. De tilbyder en d\u00f8r-til-d\u00f8r-service, som omfatter sikker pakning af dine ejendele ved hj\u00e6lp af materialer af h\u00f8j kvalitet og s\u00e6rlige kasser til skr\u00f8belige genstande. De s\u00f8rger for transport ad vej, skib eller fly og koordinerer toldformaliteterne.<\/p>\n<p>Hjemmeside: <a href=\"http:\/\/www.jvkpacific.com\" target=\"_blank\" rel=\"noopener\">http:\/\/www.jvkpacific.com<\/a><\/p>","protected":false},"excerpt":{"rendered":"<p>When you are planning a move whether that is your home or office, it can be stressful time with a lot of logistics to manage and paperwork. This is where employing a moving company can help to ease the burden. Below we have compiled a list of Guinea based removal companies that are members of [&hellip;]<\/p>\n","protected":false},"author":4,"featured_media":0,"parent":190,"menu_order":0,"comment_status":"closed","ping_status":"closed","template":"","meta":{"_genesis_hide_title":false,"_genesis_hide_breadcrumbs":false,"_genesis_hide_singular_image":false,"_genesis_hide_footer_widgets":false,"_genesis_custom_body_class":"","_genesis_custom_post_class":"","_genesis_layout":"","footnotes":""},"class_list":{"0":"post-7514","1":"page","2":"type-page","3":"status-publish","5":"entry","6":"has-post-thumbnail"},"_links":{"self":[{"href":"https:\/\/moverdb.com\/da\/wp-json\/wp\/v2\/pages\/7514","targetHints":{"allow":["GET"]}}],"collection":[{"href":"https:\/\/moverdb.com\/da\/wp-json\/wp\/v2\/pages"}],"about":[{"href":"https:\/\/moverdb.com\/da\/wp-json\/wp\/v2\/types\/page"}],"author":[{"embeddable":true,"href":"https:\/\/moverdb.com\/da\/wp-json\/wp\/v2\/users\/4"}],"replies":[{"embeddable":true,"href":"https:\/\/moverdb.com\/da\/wp-json\/wp\/v2\/comments?post=7514"}],"version-history":[{"count":1,"href":"https:\/\/moverdb.com\/da\/wp-json\/wp\/v2\/pages\/7514\/revisions"}],"predecessor-version":[{"id":7515,"href":"https:\/\/moverdb.com\/da\/wp-json\/wp\/v2\/pages\/7514\/revisions\/7515"}],"up":[{"embeddable":true,"href":"https:\/\/moverdb.com\/da\/wp-json\/wp\/v2\/pages\/190"}],"wp:attachment":[{"href":"https:\/\/moverdb.com\/da\/wp-json\/wp\/v2\/media?parent=7514"}],"curies":[{"name":"wp","href":"https:\/\/api.w.org\/{rel}","templated":true}]}}