{"id":7510,"date":"2023-02-01T13:59:14","date_gmt":"2023-02-01T13:59:14","guid":{"rendered":"https:\/\/moverdb.com\/?page_id=7510"},"modified":"2026-01-08T15:29:34","modified_gmt":"2026-01-08T15:29:34","slug":"flyttefirmaer-graekenland","status":"publish","type":"page","link":"https:\/\/moverdb.com\/da\/moving-companies\/moving-companies-greece\/","title":{"rendered":"8 bedste internationale flyttefirmaer i Gr\u00e6kenland"},"content":{"rendered":"<p>Det kan v\u00e6re sv\u00e6rt at flytte hjem eller virksomhed at flytte med masser af logistik at h\u00e5ndtere, is\u00e6r hvis du flytter lande, s\u00e5 hvis du flytter til, fra eller inden for <a href=\"https:\/\/moverdb.com\/da\/moving-to-greece\/\" data-internallinksmanager029f6b8e52c=\"353\" title=\"Flytter du til Gr\u00e6kenland? 2026 Leveomkostninger og tips til flytning\">Gr\u00e6kenland<\/a>kan det v\u00e6re en god id\u00e9 at engagere en <a href=\"https:\/\/moverdb.com\/da\/moving-companies\/\" data-internallinksmanager029f6b8e52c=\"79\" title=\"Top 25 internationale flyttefirmaer online\">flyttefirma<\/a>. Nedenfor har vi samlet en liste over gr\u00e6ske <a href=\"https:\/\/moverdb.com\/da\/international-removals\/\" data-internallinksmanager029f6b8e52c=\"27\" title=\"De 36 bedste internationale flyttefirmaer i Storbritannien\">flyttefirmaer<\/a> der er medlemmer af den <a href=\"https:\/\/moverdb.com\/da\/iam\/\" data-internallinksmanager029f6b8e52c=\"23\" title=\"International Association of Movers (IAM) Forklaret\">Den internationale sammenslutning af flyttefirmaer<\/a> (IAM) og\/eller <a href=\"https:\/\/moverdb.com\/da\/fidi-faim\/\" data-internallinksmanager029f6b8e52c=\"16\" title=\"FIDI &amp; FAIM (FIDI Accredited International Mover) forklaret\">FIDI<\/a> akkrediteret international flyttevirksomhed (FAIM), som kan hj\u00e6lpe dig med din flytning.<\/p>\n<div id=\"ez-toc-container\" class=\"ez-toc-v2_0_82_2 ez-toc-wrap-left counter-hierarchy ez-toc-counter ez-toc-transparent ez-toc-container-direction\">\n<div class=\"ez-toc-title-container\">\n<p class=\"ez-toc-title\" style=\"cursor:inherit\">Sektioner<\/p>\n<span class=\"ez-toc-title-toggle\"><a href=\"#\" class=\"ez-toc-pull-right ez-toc-btn ez-toc-btn-xs ez-toc-btn-default ez-toc-toggle\" aria-label=\"Toggle indholdsfortegnelse\"><span class=\"ez-toc-js-icon-con\"><span class=\"\"><span class=\"eztoc-hide\" style=\"display:none;\">Toggle<\/span><span class=\"ez-toc-icon-toggle-span\"><svg style=\"fill: #999;color:#999\" xmlns=\"http:\/\/www.w3.org\/2000\/svg\" class=\"list-377408\" width=\"20px\" height=\"20px\" viewbox=\"0 0 24 24\" fill=\"none\"><path d=\"M6 6H4v2h2V6zm14 0H8v2h12V6zM4 11h2v2H4v-2zm16 0H8v2h12v-2zM4 16h2v2H4v-2zm16 0H8v2h12v-2z\" fill=\"currentColor\"><\/path><\/svg><svg style=\"fill: #999;color:#999\" class=\"arrow-unsorted-368013\" xmlns=\"http:\/\/www.w3.org\/2000\/svg\" width=\"10px\" height=\"10px\" viewbox=\"0 0 24 24\" version=\"1.2\" baseprofile=\"tiny\"><path d=\"M18.2 9.3l-6.2-6.3-6.2 6.3c-.2.2-.3.4-.3.7s.1.5.3.7c.2.2.4.3.7.3h11c.3 0 .5-.1.7-.3.2-.2.3-.5.3-.7s-.1-.5-.3-.7zM5.8 14.7l6.2 6.3 6.2-6.3c.2-.2.3-.5.3-.7s-.1-.5-.3-.7c-.2-.2-.4-.3-.7-.3h-11c-.3 0-.5.1-.7.3-.2.2-.3.5-.3.7s.1.5.3.7z\"\/><\/svg><\/span><\/span><\/span><\/a><\/span><\/div>\n<nav><ul class='ez-toc-list ez-toc-list-level-1 eztoc-toggle-hide-by-default' ><li class='ez-toc-page-1 ez-toc-heading-level-2'><a class=\"ez-toc-link ez-toc-heading-1\" href=\"https:\/\/moverdb.com\/da\/moving-companies\/moving-companies-greece\/#1_Attica_Movers\" >1. Attica flyttefolk<\/a><\/li><li class='ez-toc-page-1 ez-toc-heading-level-2'><a class=\"ez-toc-link ez-toc-heading-2\" href=\"https:\/\/moverdb.com\/da\/moving-companies\/moving-companies-greece\/#2_Cargo_Log_Ltd\" >2. Cargo Log Ltd<\/a><\/li><li class='ez-toc-page-1 ez-toc-heading-level-2'><a class=\"ez-toc-link ez-toc-heading-3\" href=\"https:\/\/moverdb.com\/da\/moving-companies\/moving-companies-greece\/#3_Celebrity_International_Movers\" >3. Celebrity International Movers<\/a><\/li><li class='ez-toc-page-1 ez-toc-heading-level-2'><a class=\"ez-toc-link ez-toc-heading-4\" href=\"https:\/\/moverdb.com\/da\/moving-companies\/moving-companies-greece\/#4_Matrix_Relocations\" >4. Matrix-forflytninger<\/a><\/li><li class='ez-toc-page-1 ez-toc-heading-level-2'><a class=\"ez-toc-link ez-toc-heading-5\" href=\"https:\/\/moverdb.com\/da\/moving-companies\/moving-companies-greece\/#5_Orphee_Beinoglou\" >5. Orphee Beinoglou<\/a><\/li><li class='ez-toc-page-1 ez-toc-heading-level-2'><a class=\"ez-toc-link ez-toc-heading-6\" href=\"https:\/\/moverdb.com\/da\/moving-companies\/moving-companies-greece\/#6_Safeway_Transport\" >6. Safeway Transport<\/a><\/li><li class='ez-toc-page-1 ez-toc-heading-level-2'><a class=\"ez-toc-link ez-toc-heading-7\" href=\"https:\/\/moverdb.com\/da\/moving-companies\/moving-companies-greece\/#7_Aritrans\" >7. Aritrans<\/a><\/li><li class='ez-toc-page-1 ez-toc-heading-level-2'><a class=\"ez-toc-link ez-toc-heading-8\" href=\"https:\/\/moverdb.com\/da\/moving-companies\/moving-companies-greece\/#8_Intermove\" >8. Intermove<\/a><\/li><li class='ez-toc-page-1 ez-toc-heading-level-2'><a class=\"ez-toc-link ez-toc-heading-9\" href=\"https:\/\/moverdb.com\/da\/moving-companies\/moving-companies-greece\/#Other_Useful_Guides_to_Greece\" >Andre nyttige guider til Gr\u00e6kenland<\/a><\/li><\/ul><\/nav><\/div>\n<h2><span class=\"ez-toc-section\" id=\"1_Attica_Movers\"><\/span><strong>1. Attica flyttefolk<\/strong><span class=\"ez-toc-section-end\"><\/span><\/h2>\n<p><img loading=\"lazy\" decoding=\"async\" class=\"alignnone size-full wp-image-7417\" src=\"https:\/\/moverdb.com\/wp-content\/uploads\/Attica-Movers-international-moving-company.png\" alt=\"Attica Movers international flyttevirksomhed\" width=\"1440\" height=\"682\" data-wp-pid=\"7417\" srcset=\"https:\/\/moverdb.com\/wp-content\/uploads\/Attica-Movers-international-moving-company.png 1440w, https:\/\/moverdb.com\/wp-content\/uploads\/Attica-Movers-international-moving-company-300x142.png 300w, https:\/\/moverdb.com\/wp-content\/uploads\/Attica-Movers-international-moving-company-1024x485.png 1024w, https:\/\/moverdb.com\/wp-content\/uploads\/Attica-Movers-international-moving-company-18x9.png 18w, https:\/\/moverdb.com\/wp-content\/uploads\/Attica-Movers-international-moving-company-600x284.png 600w\" sizes=\"auto, (max-width: 1440px) 100vw, 1440px\" \/><\/p>\n<ul>\n<li>Nationale flytninger<\/li>\n<li>Internationale flytninger<\/li>\n<li>Flytning af husholdninger<\/li>\n<li>Kommercielle flytninger<\/li>\n<li>Emballage service<\/li>\n<li>Konstruktion af tr\u00e6kasser<\/li>\n<li>Toldprocedurer<\/li>\n<li>Transport af k\u00e6ledyr<\/li>\n<li>Kunsttransport<\/li>\n<li>Kort- til langtidsopbevaring<\/li>\n<\/ul>\n<p>Attica Movers er et nationalt og internationalt flyttefirma, der blev grundlagt i 1980 med base i Athen. De er medlem af IAM med 43 \u00e5rs erfaring og er akkrediteret af FIDI, hvilket giver dem adgang til et internationalt netv\u00e6rk af flytteagenter, der kan st\u00f8tte dem.<\/p>\n<p>Attica Movers tilbyder en virtuel eller personlig unders\u00f8gelse for at vurdere omfanget af din flytning, emballagebehov og transportform. De tilbyder en komplet pakningsservice, hvor der anvendes moderne materialer af h\u00f8j kvalitet, og de fremstiller tr\u00e6kasser til skr\u00f8belige genstande. De kan udf\u00f8re toldprocedurer, hvis det er n\u00f8dvendigt. De tilbyder ogs\u00e5 specialiserede tjenester til transport af k\u00e6ledyr og kunst.<\/p>\n<p>Hjemmeside: <a href=\"http:\/\/www.atticamovers.gr\" target=\"_blank\" rel=\"noopener\">http:\/\/www.atticamovers.gr<\/a><\/p>\n<h2><span class=\"ez-toc-section\" id=\"2_Cargo_Log_Ltd\"><\/span><strong>2. Cargo Log Ltd<\/strong><span class=\"ez-toc-section-end\"><\/span><\/h2>\n<p><img loading=\"lazy\" decoding=\"async\" class=\"alignnone size-full wp-image-7424\" src=\"https:\/\/moverdb.com\/wp-content\/uploads\/Cargo-Log-international-moving-company.png\" alt=\"Cargo Log international flyttevirksomhed\" width=\"1440\" height=\"682\" data-wp-pid=\"7424\" srcset=\"https:\/\/moverdb.com\/wp-content\/uploads\/Cargo-Log-international-moving-company.png 1440w, https:\/\/moverdb.com\/wp-content\/uploads\/Cargo-Log-international-moving-company-300x142.png 300w, https:\/\/moverdb.com\/wp-content\/uploads\/Cargo-Log-international-moving-company-1024x485.png 1024w, https:\/\/moverdb.com\/wp-content\/uploads\/Cargo-Log-international-moving-company-18x9.png 18w, https:\/\/moverdb.com\/wp-content\/uploads\/Cargo-Log-international-moving-company-600x284.png 600w\" sizes=\"auto, (max-width: 1440px) 100vw, 1440px\" \/><\/p>\n<ul>\n<li>Nationale flytninger<\/li>\n<li>Internationale flytninger<\/li>\n<li>Flytning af husholdninger<\/li>\n<li>Forretningsflytninger<\/li>\n<li>Milit\u00e6re tr\u00e6k<\/li>\n<li>Emballage service<\/li>\n<li>Toldklarering<\/li>\n<li>Transport af k\u00f8ret\u00f8jer<\/li>\n<li>Transport af k\u00e6ledyr<\/li>\n<li>Kort- til langtidsopbevaring<\/li>\n<\/ul>\n<p>Cargo Log er en familieejet flyttevirksomhed, der tilbyder tjenester til og fra Kreta. De har hjulpet folk med at flytte i over 60 \u00e5r. De tager sig af husholdninger, virksomheder og milit\u00e6re flytninger. De er medlem af IAM med 34 \u00e5rs anciennitet.<\/p>\n<p>Cargo Log har et erfarent team, der vil arrangere din flytning til den bedst mulige pris og pakke dine ejendele sikkert og behandle dem med omhu. De kan ogs\u00e5 hj\u00e6lpe med toldklarering. De tilbyder en r\u00e6kke specialiserede flyttetjenester, som omfatter forsendelse af biler og motorcykler, transport af k\u00e6ledyr og flytning af udstillingsudstyr.<\/p>\n<p>Hjemmeside: <a href=\"http:\/\/www.cargolog.gr\" target=\"_blank\" rel=\"noopener\">http:\/\/www.cargolog.gr<\/a><\/p>\n<h2><span class=\"ez-toc-section\" id=\"3_Celebrity_International_Movers\"><\/span><strong>3. Celebrity International Movers<\/strong><span class=\"ez-toc-section-end\"><\/span><\/h2>\n<p><img loading=\"lazy\" decoding=\"async\" class=\"alignnone size-full wp-image-7426\" src=\"https:\/\/moverdb.com\/wp-content\/uploads\/Celebrity-International-Movers-moving-company.png\" alt=\"Celebrity International Movers flyttefirma\" width=\"1440\" height=\"645\" data-wp-pid=\"7426\" srcset=\"https:\/\/moverdb.com\/wp-content\/uploads\/Celebrity-International-Movers-moving-company.png 1440w, https:\/\/moverdb.com\/wp-content\/uploads\/Celebrity-International-Movers-moving-company-300x134.png 300w, https:\/\/moverdb.com\/wp-content\/uploads\/Celebrity-International-Movers-moving-company-1024x459.png 1024w, https:\/\/moverdb.com\/wp-content\/uploads\/Celebrity-International-Movers-moving-company-18x8.png 18w, https:\/\/moverdb.com\/wp-content\/uploads\/Celebrity-International-Movers-moving-company-600x269.png 600w\" sizes=\"auto, (max-width: 1440px) 100vw, 1440px\" \/><\/p>\n<ul>\n<li>Nationale flytninger<\/li>\n<li>Internationale flytninger<\/li>\n<li>Flytning af husholdninger<\/li>\n<li>Flytning af kontorer<\/li>\n<li>Skr\u00e6ddersyede flytningstjenester<\/li>\n<li>Skr\u00e6ddersyede tr\u00e6k<\/li>\n<li>Emballeringstjenester<\/li>\n<li>Transport af k\u00f8ret\u00f8jer og k\u00e6ledyr<\/li>\n<li>Fine art flytter sig<\/li>\n<li>Opbevaringsfaciliteter<\/li>\n<\/ul>\n<p>Celebrity International Movers er et nationalt og internationalt flyttefirma, der blev grundlagt i 1986. De samarbejder med partneragenter for at levere internationale flytninger. De er medlem af IAM med 37 \u00e5rs erfaring og er akkrediteret af FIDI.<\/p>\n<p>Celebrity International Movers tilbyder en personlig d\u00f8r-til-d\u00f8r flyttetjeneste til at hj\u00e6lpe folk med at flytte alle slags varer, herunder biler, b\u00e5de, kunst og k\u00e6ledyr. De tildeler hver kunde en flyttekonsulent. De tilbyder en pakningsservice for at beskytte dine ejendele, n\u00e5r du rejser til lands, i luften eller til s\u00f8s, og de h\u00e5ndterer toldformaliteterne. Deres flytningsservice omfatter ogs\u00e5 at finde bolig og skoler, immigration, orientering, afgangsservice og st\u00f8tte til indflytning.<\/p>\n<p>Hjemmeside: <a href=\"http:\/\/www.celebrity.gr\" target=\"_blank\" rel=\"noopener\">http:\/\/www.celebrity.gr<\/a><\/p>\n<h2><span class=\"ez-toc-section\" id=\"4_Matrix_Relocations\"><\/span><strong>4. Matrix-forflytninger<\/strong><span class=\"ez-toc-section-end\"><\/span><\/h2>\n<p><img loading=\"lazy\" decoding=\"async\" class=\"alignnone size-full wp-image-7466\" src=\"https:\/\/moverdb.com\/wp-content\/uploads\/Matrix-Relocations-international-moving-company.png\" alt=\"Matrix Relocations international flyttevirksomhed\" width=\"1440\" height=\"683\" data-wp-pid=\"7466\" srcset=\"https:\/\/moverdb.com\/wp-content\/uploads\/Matrix-Relocations-international-moving-company.png 1440w, https:\/\/moverdb.com\/wp-content\/uploads\/Matrix-Relocations-international-moving-company-300x142.png 300w, https:\/\/moverdb.com\/wp-content\/uploads\/Matrix-Relocations-international-moving-company-1024x486.png 1024w, https:\/\/moverdb.com\/wp-content\/uploads\/Matrix-Relocations-international-moving-company-18x9.png 18w, https:\/\/moverdb.com\/wp-content\/uploads\/Matrix-Relocations-international-moving-company-600x285.png 600w\" sizes=\"auto, (max-width: 1440px) 100vw, 1440px\" \/><\/p>\n<ul>\n<li>Nationale flytninger<\/li>\n<li>Internationale flytninger<\/li>\n<li>Flytning af husholdninger<\/li>\n<li>Flytning af virksomheder<\/li>\n<li>Flytningstjenester<\/li>\n<li>Personlig r\u00e5dgiver i forbindelse med flytning<\/li>\n<li>Emballage service<\/li>\n<li>Arrangere transport<\/li>\n<li>Toldklarering<\/li>\n<li>Opbevaringsfaciliteter<\/li>\n<\/ul>\n<p>Matrix Relocations er et flytte- og relocationfirma, der blev etableret i 1990 i Athen. De har et netv\u00e6rk af flyttefirmaer, der st\u00f8tter dem i leveringen af deres tjenester. De er medlem af IAM med 18 \u00e5rs erfaring.<\/p>\n<p>Matrix Relocations tilbyder en personlig flyttekonsulent, som vil styre din flytning under hele rejsen. De bruger pakkematerialer og -teknikker af h\u00f8jeste kvalitet og foretager en opg\u00f8relse af dine ejendele. De arrangerer transporten af dine ejendele med toldklarering, og de tilbyder online-sporing af forsendelsen. Deres flytningstjenester omfatter ankomst- og afgangstjenester, s\u00f8gning af hjem og skole samt lejem\u00e5lsstyring<\/p>\n<p>Hjemmeside: <a href=\"https:\/\/matrixrelo.com\" target=\"_blank\" rel=\"noopener\">https:\/\/matrixrelo.com<\/a><\/p>\n<h2><span class=\"ez-toc-section\" id=\"5_Orphee_Beinoglou\"><\/span><strong>5. Orphee Beinoglou<\/strong><span class=\"ez-toc-section-end\"><\/span><\/h2>\n<p><img loading=\"lazy\" decoding=\"async\" class=\"alignnone size-full wp-image-7475\" src=\"https:\/\/moverdb.com\/wp-content\/uploads\/Orphee-Beinoglou-international-moving-company.png\" alt=\"Orphee Beinoglou international flyttevirksomhed\" width=\"1440\" height=\"686\" data-wp-pid=\"7475\" srcset=\"https:\/\/moverdb.com\/wp-content\/uploads\/Orphee-Beinoglou-international-moving-company.png 1440w, https:\/\/moverdb.com\/wp-content\/uploads\/Orphee-Beinoglou-international-moving-company-300x143.png 300w, https:\/\/moverdb.com\/wp-content\/uploads\/Orphee-Beinoglou-international-moving-company-1024x488.png 1024w, https:\/\/moverdb.com\/wp-content\/uploads\/Orphee-Beinoglou-international-moving-company-18x9.png 18w, https:\/\/moverdb.com\/wp-content\/uploads\/Orphee-Beinoglou-international-moving-company-600x286.png 600w\" sizes=\"auto, (max-width: 1440px) 100vw, 1440px\" \/><\/p>\n<ul>\n<li>Nationale flytninger<\/li>\n<li>Internationale flytninger<\/li>\n<li>Flytning af boliger<\/li>\n<li>Flytning af kontorer<\/li>\n<li>Flytningstjenester<\/li>\n<li>D\u00f8r-til-d\u00f8r-service<\/li>\n<li>Emballage service<\/li>\n<li>Vej-, s\u00f8- og lufttransport<\/li>\n<li>Toldklarering<\/li>\n<li>Kort- og langtidsopbevaring<\/li>\n<\/ul>\n<p>Orphee Beinoglou er en leverand\u00f8r af godstransport og logistik, der blev grundlagt i 1923 i Athen. De har et globalt netv\u00e6rk, som de samarbejder med for at levere flytninger over hele verden. De er medlem af IAM med 100 \u00e5rs erfaring, og de er akkrediteret af FIDI.<\/p>\n<p>Orphee Beinoglou stiller en flyttekonsulent til r\u00e5dighed, som kan guide dig gennem processen. De tilbyder en d\u00f8r-til-d\u00f8r-service, som omfatter sikker pakning af dine ejendele med specialiseret emballagemateriale og transport af dem ad landevej, ad s\u00f8vejen eller med fly med toldklarering. De tilbyder ogs\u00e5 transport af kunstv\u00e6rker, s\u00e6rlige transportprojekter, forsikring og opbevaringsfaciliteter.<\/p>\n<p>Hjemmeside: <a href=\"http:\/\/www.beinoglou.gr\" target=\"_blank\" rel=\"noopener\">http:\/\/www.beinoglou.gr<\/a><\/p>\n<h2><span class=\"ez-toc-section\" id=\"6_Safeway_Transport\"><\/span><strong>6. Safeway Transport<\/strong><span class=\"ez-toc-section-end\"><\/span><\/h2>\n<p><img loading=\"lazy\" decoding=\"async\" class=\"alignnone size-full wp-image-7482\" src=\"https:\/\/moverdb.com\/wp-content\/uploads\/Safeway-Transport-international-moving-company.png\" alt=\"Safeway Transport international flyttevirksomhed\" width=\"1440\" height=\"692\" data-wp-pid=\"7482\" srcset=\"https:\/\/moverdb.com\/wp-content\/uploads\/Safeway-Transport-international-moving-company.png 1440w, https:\/\/moverdb.com\/wp-content\/uploads\/Safeway-Transport-international-moving-company-300x144.png 300w, https:\/\/moverdb.com\/wp-content\/uploads\/Safeway-Transport-international-moving-company-1024x492.png 1024w, https:\/\/moverdb.com\/wp-content\/uploads\/Safeway-Transport-international-moving-company-18x9.png 18w, https:\/\/moverdb.com\/wp-content\/uploads\/Safeway-Transport-international-moving-company-600x288.png 600w\" sizes=\"auto, (max-width: 1440px) 100vw, 1440px\" \/><\/p>\n<ul>\n<li>Nationale flytninger<\/li>\n<li>Internationale flytninger<\/li>\n<li>Flytning af husholdninger<\/li>\n<li>Flytning af virksomheder<\/li>\n<li>Skr\u00e6ddersyet service<\/li>\n<li>Emballage service<\/li>\n<li>Toldklarering<\/li>\n<li>Transport af k\u00e6ledyr<\/li>\n<li>Transport af k\u00f8ret\u00f8jer<\/li>\n<li>Kort til langtidsopbevaring<\/li>\n<\/ul>\n<p>Safeway Transport er en international og indenlandsk <a href=\"https:\/\/moverdb.com\/da\/shipping-companies\/\" data-internallinksmanager029f6b8e52c=\"4\" title=\"De 10 st\u00f8rste internationale containerrederier\">rederi<\/a> der har hjemsted i Athen. De leverer flytteydelser til private og erhvervskunder. De arbejder med et globalt netv\u00e6rk af agenter for at yde en d\u00f8r-til-d\u00f8r-service. De er medlem af IAM med 14 \u00e5rs anciennitet.<\/p>\n<p>Safeway Transport tilbyder en skr\u00e6ddersyet flytteservice med en personlig kontaktperson, der styrer din flytning og gennemf\u00f8rer en unders\u00f8gelse f\u00f8r flytningen. De tilbyder specialiserede tjenester for kunst, antikviteter, k\u00e6ledyr og k\u00f8ret\u00f8jer samt standardartikler. De tilbyder en pakningsservice, der omfatter kasser til at beskytte dine ejendele under transporten.<\/p>\n<p>Hjemmeside: <a href=\"http:\/\/www.safewaytransport.gr\" target=\"_blank\" rel=\"noopener\">http:\/\/www.safewaytransport.gr<\/a><\/p>\n<h2><span class=\"ez-toc-section\" id=\"7_Aritrans\"><\/span><strong>7. Aritrans<\/strong><span class=\"ez-toc-section-end\"><\/span><\/h2>\n<p><img loading=\"lazy\" decoding=\"async\" class=\"alignnone size-full wp-image-7413\" src=\"https:\/\/moverdb.com\/wp-content\/uploads\/Aritrans-international-moving-company.png\" alt=\"Aritrans international flyttevirksomhed\" width=\"1440\" height=\"673\" data-wp-pid=\"7413\" srcset=\"https:\/\/moverdb.com\/wp-content\/uploads\/Aritrans-international-moving-company.png 1440w, https:\/\/moverdb.com\/wp-content\/uploads\/Aritrans-international-moving-company-300x140.png 300w, https:\/\/moverdb.com\/wp-content\/uploads\/Aritrans-international-moving-company-1024x479.png 1024w, https:\/\/moverdb.com\/wp-content\/uploads\/Aritrans-international-moving-company-18x8.png 18w, https:\/\/moverdb.com\/wp-content\/uploads\/Aritrans-international-moving-company-600x280.png 600w\" sizes=\"auto, (max-width: 1440px) 100vw, 1440px\" \/><\/p>\n<ul>\n<li>Nationale flytninger<\/li>\n<li>Internationale flytninger<\/li>\n<li>Flytning af husholdninger<\/li>\n<li>Flytning af kontorer<\/li>\n<li>D\u00f8r-til-d\u00f8r-service<\/li>\n<li>Emballage service<\/li>\n<li>Demontering og samling af m\u00f8bler<\/li>\n<li>Vej-, s\u00f8- og luftfragt<\/li>\n<li>Toldklarering<\/li>\n<li>Sikker opbevaring<\/li>\n<\/ul>\n<p>Aritrans er en international <a href=\"https:\/\/moverdb.com\/da\/freight-forwarder\/\" data-internallinksmanager029f6b8e52c=\"17\" title=\"Guide til internationale omkostninger og virksomheder for spedit\u00f8rer og NVOCC&#039;er\">spedit\u00f8r<\/a> og logistikleverand\u00f8r, der blev grundlagt i 1992. Deres hovedkontor ligger i Pir\u00e6us, og de har to afdelinger i Athen og Thessaloniki. De har et p\u00e5lideligt agenturnetv\u00e6rk, der opererer i udlandet for at levere tjenester for dem. De er medlem af IAM og har 32 \u00e5rs erfaring.<\/p>\n<p>Aritrans stiller en flyttekonsulent til r\u00e5dighed og foretager en unders\u00f8gelse af dine ejendele for at vurdere dine paknings- og flyttebehov. De tilbyder en pakningsservice, som omfatter demontering og samling af m\u00f8bler, pakning og udpakning af dine ejendele. De s\u00f8rger for toldklarering, hvis det er n\u00f8dvendigt.<\/p>\n<p>Hjemmeside: <a href=\"http:\/\/www.aritrans.gr\" target=\"_blank\" rel=\"noopener\">http:\/\/www.aritrans.gr<\/a><\/p>\n<h2><span class=\"ez-toc-section\" id=\"8_Intermove\"><\/span><strong>8. Intermove<\/strong><span class=\"ez-toc-section-end\"><\/span><\/h2>\n<p><img loading=\"lazy\" decoding=\"async\" class=\"alignnone size-full wp-image-7455\" src=\"https:\/\/moverdb.com\/wp-content\/uploads\/Intermove-Greece-international-moving-company.png\" alt=\"Intermove Gr\u00e6kenland international flyttevirksomhed\" width=\"1440\" height=\"678\" data-wp-pid=\"7455\" srcset=\"https:\/\/moverdb.com\/wp-content\/uploads\/Intermove-Greece-international-moving-company.png 1440w, https:\/\/moverdb.com\/wp-content\/uploads\/Intermove-Greece-international-moving-company-300x141.png 300w, https:\/\/moverdb.com\/wp-content\/uploads\/Intermove-Greece-international-moving-company-1024x482.png 1024w, https:\/\/moverdb.com\/wp-content\/uploads\/Intermove-Greece-international-moving-company-18x8.png 18w, https:\/\/moverdb.com\/wp-content\/uploads\/Intermove-Greece-international-moving-company-600x283.png 600w\" sizes=\"auto, (max-width: 1440px) 100vw, 1440px\" \/><\/p>\n<ul>\n<li>National flytning<\/li>\n<li>International flytning<\/li>\n<li>Flytning af husholdninger<\/li>\n<li>Flytning af virksomheder<\/li>\n<li>Komplet pakke af service<\/li>\n<li>Arrangement af transport<\/li>\n<li>Land-, s\u00f8- eller luftfragt<\/li>\n<li>Transport af kunstv\u00e6rker<\/li>\n<li>Forsikring<\/li>\n<li>Opbevaring<\/li>\n<\/ul>\n<p>Intermove er en international transportvirksomhed med base i Athen, som har et transportnetv\u00e6rk og lagerfaciliteter i Gr\u00e6kenland. De har et internationalt netv\u00e6rk af partnere, der hj\u00e6lper dem med at levere tjenester i udlandet. De er medlem af IAM med 26 \u00e5r p\u00e5 bagen.<\/p>\n<p>Intermove tilbyder flytning af husholdninger, flytning af kontorer og flytningstjenester samt udstillingstjenester. De tilbyder en komplet pakke til lokale og internationale flytninger med mulighed for at pakke selv. De tilbyder transportmuligheder, herunder landtransport med deres egen fl\u00e5de, s\u00f8- eller luftfragt. De har lagerfaciliteter, som tilbyder opbevaringsl\u00f8sninger, hvis der er behov for det.<\/p>\n<p>Hjemmeside: <a href=\"http:\/\/www.intermove.gr\" target=\"_blank\" rel=\"noopener\">http:\/\/www.intermove.gr<\/a><\/p>\n<h2><span class=\"ez-toc-section\" id=\"Other_Useful_Guides_to_Greece\"><\/span>Andre nyttige guider til Gr\u00e6kenland<span class=\"ez-toc-section-end\"><\/span><\/h2>\n<ul>\n<li> <a href=\"https:\/\/moverdb.com\/da\/moving-to-greece\/\">Flytning til Gr\u00e6kenland: Leveomkostninger og tips til flytning<\/a><\/li>\n<li> <a href=\"https:\/\/moverdb.com\/da\/moving-to-greece\/living-in-greece\/\">21 hemmeligheder om at bo i Gr\u00e6kenland, som du b\u00f8r kende, f\u00f8r du flytter<\/a><\/li>\n<li> <a href=\"https:\/\/moverdb.com\/da\/moving-to-greece\/best-places-to-live-greece\/\">De 13 bedste steder at bo i Gr\u00e6kenland<\/a><\/li>\n<li> <a href=\"https:\/\/moverdb.com\/da\/containerforsendelse\/graekenland\/\">Priser for s\u00f8fragt af containere til og fra Gr\u00e6kenland<\/a><\/li>\n<\/ul>","protected":false},"excerpt":{"rendered":"<p>Moving home or business can be difficult with lots of logistics to handle especially if you are moving countries, so if you are moving to, from or within Greece, you may want to engage a moving company. Below we have compiled a list of Greek removal companies that are members of the International Association of [&hellip;]<\/p>\n","protected":false},"author":4,"featured_media":0,"parent":190,"menu_order":0,"comment_status":"closed","ping_status":"closed","template":"","meta":{"_genesis_hide_title":false,"_genesis_hide_breadcrumbs":false,"_genesis_hide_singular_image":false,"_genesis_hide_footer_widgets":false,"_genesis_custom_body_class":"","_genesis_custom_post_class":"","_genesis_layout":"","footnotes":""},"class_list":{"0":"post-7510","1":"page","2":"type-page","3":"status-publish","5":"entry","6":"has-post-thumbnail"},"_links":{"self":[{"href":"https:\/\/moverdb.com\/da\/wp-json\/wp\/v2\/pages\/7510","targetHints":{"allow":["GET"]}}],"collection":[{"href":"https:\/\/moverdb.com\/da\/wp-json\/wp\/v2\/pages"}],"about":[{"href":"https:\/\/moverdb.com\/da\/wp-json\/wp\/v2\/types\/page"}],"author":[{"embeddable":true,"href":"https:\/\/moverdb.com\/da\/wp-json\/wp\/v2\/users\/4"}],"replies":[{"embeddable":true,"href":"https:\/\/moverdb.com\/da\/wp-json\/wp\/v2\/comments?post=7510"}],"version-history":[{"count":3,"href":"https:\/\/moverdb.com\/da\/wp-json\/wp\/v2\/pages\/7510\/revisions"}],"predecessor-version":[{"id":16250,"href":"https:\/\/moverdb.com\/da\/wp-json\/wp\/v2\/pages\/7510\/revisions\/16250"}],"up":[{"embeddable":true,"href":"https:\/\/moverdb.com\/da\/wp-json\/wp\/v2\/pages\/190"}],"wp:attachment":[{"href":"https:\/\/moverdb.com\/da\/wp-json\/wp\/v2\/media?parent=7510"}],"curies":[{"name":"wp","href":"https:\/\/api.w.org\/{rel}","templated":true}]}}