{"id":6046,"date":"2023-02-01T13:44:41","date_gmt":"2023-02-01T13:44:41","guid":{"rendered":"https:\/\/moverdb.com\/?page_id=6046"},"modified":"2026-01-08T15:25:06","modified_gmt":"2026-01-08T15:25:06","slug":"flyttefirmaer-aethiopien","status":"publish","type":"page","link":"https:\/\/moverdb.com\/da\/moving-companies\/moving-companies-ethiopia\/","title":{"rendered":"5 bedste internationale flyttefirmaer i Etiopien"},"content":{"rendered":"<p>En flytning er en travl og stressende tid, is\u00e6r hvis du flytter fra et land til et andet, s\u00e5 det kan v\u00e6re en hj\u00e6lp at f\u00e5 st\u00f8tte fra et flyttefirma. <a href=\"https:\/\/moverdb.com\/da\/moving-companies\/\" data-internallinksmanager029f6b8e52c=\"79\" title=\"Top 25 internationale flyttefirmaer online\">Flyttefirmaer<\/a> kan hj\u00e6lpe med at finde rundt i papirarbejdet og arrangere transport. Nedenfor har vi samlet en liste over etiopiske <a href=\"https:\/\/moverdb.com\/da\/international-removals\/\" data-internallinksmanager029f6b8e52c=\"27\" title=\"De 36 bedste internationale flyttefirmaer i Storbritannien\">flyttefirmaer<\/a> der er medlemmer af den <a href=\"https:\/\/moverdb.com\/da\/iam\/\" data-internallinksmanager029f6b8e52c=\"23\" title=\"International Association of Movers (IAM) Forklaret\">Den internationale sammenslutning af flyttefirmaer<\/a> (IAM) og\/eller <a href=\"https:\/\/moverdb.com\/da\/fidi-faim\/\" data-internallinksmanager029f6b8e52c=\"16\" title=\"FIDI &amp; FAIM (FIDI Accredited International Mover) forklaret\">FIDI<\/a> akkrediteret international flyttevirksomhed (FAIM), som kan hj\u00e6lpe dig med din flytning.<\/p>\n<div id=\"ez-toc-container\" class=\"ez-toc-v2_0_82_2 ez-toc-wrap-left counter-hierarchy ez-toc-counter ez-toc-transparent ez-toc-container-direction\">\n<div class=\"ez-toc-title-container\">\n<p class=\"ez-toc-title\" style=\"cursor:inherit\">Sektioner<\/p>\n<span class=\"ez-toc-title-toggle\"><a href=\"#\" class=\"ez-toc-pull-right ez-toc-btn ez-toc-btn-xs ez-toc-btn-default ez-toc-toggle\" aria-label=\"Toggle indholdsfortegnelse\"><span class=\"ez-toc-js-icon-con\"><span class=\"\"><span class=\"eztoc-hide\" style=\"display:none;\">Toggle<\/span><span class=\"ez-toc-icon-toggle-span\"><svg style=\"fill: #999;color:#999\" xmlns=\"http:\/\/www.w3.org\/2000\/svg\" class=\"list-377408\" width=\"20px\" height=\"20px\" viewbox=\"0 0 24 24\" fill=\"none\"><path d=\"M6 6H4v2h2V6zm14 0H8v2h12V6zM4 11h2v2H4v-2zm16 0H8v2h12v-2zM4 16h2v2H4v-2zm16 0H8v2h12v-2z\" fill=\"currentColor\"><\/path><\/svg><svg style=\"fill: #999;color:#999\" class=\"arrow-unsorted-368013\" xmlns=\"http:\/\/www.w3.org\/2000\/svg\" width=\"10px\" height=\"10px\" viewbox=\"0 0 24 24\" version=\"1.2\" baseprofile=\"tiny\"><path d=\"M18.2 9.3l-6.2-6.3-6.2 6.3c-.2.2-.3.4-.3.7s.1.5.3.7c.2.2.4.3.7.3h11c.3 0 .5-.1.7-.3.2-.2.3-.5.3-.7s-.1-.5-.3-.7zM5.8 14.7l6.2 6.3 6.2-6.3c.2-.2.3-.5.3-.7s-.1-.5-.3-.7c-.2-.2-.4-.3-.7-.3h-11c-.3 0-.5.1-.7.3-.2.2-.3.5-.3.7s.1.5.3.7z\"\/><\/svg><\/span><\/span><\/span><\/a><\/span><\/div>\n<nav><ul class='ez-toc-list ez-toc-list-level-1 eztoc-toggle-hide-by-default' ><li class='ez-toc-page-1 ez-toc-heading-level-2'><a class=\"ez-toc-link ez-toc-heading-1\" href=\"https:\/\/moverdb.com\/da\/moving-companies\/moving-companies-ethiopia\/#1_Melehk_Logistics\" >1. Melehk Logistics<\/a><\/li><li class='ez-toc-page-1 ez-toc-heading-level-2'><a class=\"ez-toc-link ez-toc-heading-2\" href=\"https:\/\/moverdb.com\/da\/moving-companies\/moving-companies-ethiopia\/#2_Move_One\" >2. Flyt en<\/a><\/li><li class='ez-toc-page-1 ez-toc-heading-level-2'><a class=\"ez-toc-link ez-toc-heading-3\" href=\"https:\/\/moverdb.com\/da\/moving-companies\/moving-companies-ethiopia\/#3_Panafric_Global\" >3. Panafric Global<\/a><\/li><li class='ez-toc-page-1 ez-toc-heading-level-2'><a class=\"ez-toc-link ez-toc-heading-4\" href=\"https:\/\/moverdb.com\/da\/moving-companies\/moving-companies-ethiopia\/#4_Segon_Marill_Movers\" >4. Segon Marill Movers<\/a><\/li><li class='ez-toc-page-1 ez-toc-heading-level-2'><a class=\"ez-toc-link ez-toc-heading-5\" href=\"https:\/\/moverdb.com\/da\/moving-companies\/moving-companies-ethiopia\/#5_Solomon_Zewdu_Shipping_and_Freight_Forwarding\" >5. Solomon Zewdu Shipping og spedition<\/a><\/li><\/ul><\/nav><\/div>\n<h2><span class=\"ez-toc-section\" id=\"1_Melehk_Logistics\"><\/span><strong>1. Melehk Logistics<\/strong><span class=\"ez-toc-section-end\"><\/span><\/h2>\n<p><img loading=\"lazy\" decoding=\"async\" class=\"alignnone size-full wp-image-5971\" src=\"https:\/\/moverdb.com\/wp-content\/uploads\/Melehk-Logistics-international-moving-company.png\" alt=\"Melehk Logistics international flyttevirksomhed\" width=\"1440\" height=\"674\" data-wp-pid=\"5971\" srcset=\"https:\/\/moverdb.com\/wp-content\/uploads\/Melehk-Logistics-international-moving-company.png 1440w, https:\/\/moverdb.com\/wp-content\/uploads\/Melehk-Logistics-international-moving-company-300x140.png 300w, https:\/\/moverdb.com\/wp-content\/uploads\/Melehk-Logistics-international-moving-company-1024x479.png 1024w, https:\/\/moverdb.com\/wp-content\/uploads\/Melehk-Logistics-international-moving-company-18x8.png 18w, https:\/\/moverdb.com\/wp-content\/uploads\/Melehk-Logistics-international-moving-company-600x281.png 600w\" sizes=\"auto, (max-width: 1440px) 100vw, 1440px\" \/><\/p>\n<ul>\n<li>Lokale og nationale flytninger<\/li>\n<li>Internationale flytninger<\/li>\n<li>Flytning af husstande<\/li>\n<li>Personlig og skr\u00e6ddersyet service<\/li>\n<li>Dedikeret flyttekoordinator<\/li>\n<li>Arrangere og styre alle aspekter af din flytning<\/li>\n<li>Vej-, s\u00f8- og luftfragt<\/li>\n<li>Toldm\u00e6glervirksomhed<\/li>\n<li>Internationale partnerskaber<\/li>\n<li>Opbevaringsfaciliteter<\/li>\n<\/ul>\n<p>Melehk Logistics er en speditions- og logistikvirksomhed, der blev grundlagt i 2011 som Ginchi Trading, som tilbyder flytjenester inden for, til og fra Etiopien. De arbejder sammen med et internationalt netv\u00e6rk for at levere flyttetjenester i hele verden. De er medlem af IAM med 9 \u00e5rs erfaring.<\/p>\n<p>Melehk Logistics tilbyder flytning af husholdninger internationalt i hele verden og tilbyder en dedikeret flyttekoordinator. De tilbyder personlige og skr\u00e6ddersyede tjenester, der arrangerer alle aspekter af din flytning og styrer din flytning effektivt. De tilbyder fragtmuligheder, som omfatter vej-, luft- og s\u00f8transport med st\u00f8tte til toldformidling.<\/p>\n<p>Hjemmeside: <a href=\"http:\/\/www.melehk.com\" target=\"_blank\" rel=\"noopener\">http:\/\/www.melehk.com<\/a><\/p>\n<h2><span class=\"ez-toc-section\" id=\"2_Move_One\"><\/span><strong>2. Flyt en<\/strong><span class=\"ez-toc-section-end\"><\/span><\/h2>\n<p><img loading=\"lazy\" decoding=\"async\" class=\"alignnone size-full wp-image-5974\" src=\"https:\/\/moverdb.com\/wp-content\/uploads\/Move-One-Ethiopia-international-moving-company.png\" alt=\"Move One Ethiopia international flyttevirksomhed\" width=\"1440\" height=\"667\" data-wp-pid=\"5974\" srcset=\"https:\/\/moverdb.com\/wp-content\/uploads\/Move-One-Ethiopia-international-moving-company.png 1440w, https:\/\/moverdb.com\/wp-content\/uploads\/Move-One-Ethiopia-international-moving-company-300x139.png 300w, https:\/\/moverdb.com\/wp-content\/uploads\/Move-One-Ethiopia-international-moving-company-1024x474.png 1024w, https:\/\/moverdb.com\/wp-content\/uploads\/Move-One-Ethiopia-international-moving-company-18x8.png 18w, https:\/\/moverdb.com\/wp-content\/uploads\/Move-One-Ethiopia-international-moving-company-600x278.png 600w\" sizes=\"auto, (max-width: 1440px) 100vw, 1440px\" \/><\/p>\n<ul>\n<li>Nationale flytninger<\/li>\n<li>Internationale flytninger<\/li>\n<li>Flytning af husholdninger<\/li>\n<li>Kommercielle flytninger<\/li>\n<li>Emballage service<\/li>\n<li>Land-, s\u00f8- og luftfragt<\/li>\n<li>Toldm\u00e6glervirksomhed<\/li>\n<li>Visum og indvandringstjenester<\/li>\n<li>Forsendelse af k\u00e6ledyr<\/li>\n<li>Sikker opbevaring<\/li>\n<\/ul>\n<p>Move One er et internationalt flyttefirma, der blev grundlagt i 1992 og har kontorer i Europa, Afrika og Asien, herunder et kontor i Etiopien i Addis Ababa. De samarbejder med internationale partnere om at levere flytninger uden for deres operationsomr\u00e5der. De er medlem af IAM og har 8 \u00e5rs erfaring i Etiopien.<\/p>\n<p>Move One henvender sig til en r\u00e6kke sektorer, herunder den kommercielle detailsektor, det diplomatiske samfund, lokale offentlige institutioner og udenlandske entrepren\u00f8rer. De tilbyder eksportemballage for at beskytte dine ejendele og arrangerer forsendelse til lands, til vands og i luften med toldformidling. De tilbyder ogs\u00e5 yderligere tjenester, herunder bistand med visum og immigration samt transport af k\u00e6ledyr.<\/p>\n<p>Hjemmeside: <a href=\"http:\/\/www.moveoneinc.com\/ethiopia\" target=\"_blank\" rel=\"noopener\">http:\/\/www.moveoneinc.com\/ethiopia<\/a><\/p>\n<h2><span class=\"ez-toc-section\" id=\"3_Panafric_Global\"><\/span><strong>3. Panafric Global<\/strong><span class=\"ez-toc-section-end\"><\/span><\/h2>\n<p><img loading=\"lazy\" decoding=\"async\" class=\"alignnone size-full wp-image-5990\" src=\"https:\/\/moverdb.com\/wp-content\/uploads\/Panafric-Global-international-moving-company.png\" alt=\"Panafric Global international flyttevirksomhed\" width=\"1440\" height=\"674\" data-wp-pid=\"5990\" srcset=\"https:\/\/moverdb.com\/wp-content\/uploads\/Panafric-Global-international-moving-company.png 1440w, https:\/\/moverdb.com\/wp-content\/uploads\/Panafric-Global-international-moving-company-300x140.png 300w, https:\/\/moverdb.com\/wp-content\/uploads\/Panafric-Global-international-moving-company-1024x479.png 1024w, https:\/\/moverdb.com\/wp-content\/uploads\/Panafric-Global-international-moving-company-18x8.png 18w, https:\/\/moverdb.com\/wp-content\/uploads\/Panafric-Global-international-moving-company-600x281.png 600w\" sizes=\"auto, (max-width: 1440px) 100vw, 1440px\" \/><\/p>\n<ul>\n<li>Internationale flytninger<\/li>\n<li>Flytning af husholdninger<\/li>\n<li>Kommercielle projekter<\/li>\n<li>Flytteservice<\/li>\n<li>End-to-end-l\u00f8sning<\/li>\n<li>Land-, s\u00f8- og luftfragt<\/li>\n<li>St\u00f8tte til told og dokumentation<\/li>\n<li>Hj\u00e6lp til indflytning<\/li>\n<li>Forsikring af fragt<\/li>\n<li>Opbevaringsl\u00f8sninger<\/li>\n<\/ul>\n<p>Panafric Global er en multimodal transport- og logistikvirksomhed, der blev grundlagt i 1993 i Addis og har fem afdelinger i lufthavnen, Kality, Adama, Hawassa og <a href=\"https:\/\/moverdb.com\/da\/moving-companies\/moving-companies-djibouti\/\" data-internallinksmanager029f6b8e52c=\"220\" title=\"Bedste internationale flyttefirmaer i Djibouti\">Djibouti<\/a>. De tilbyder flytte- og forflytningstjenester i, til og fra Etiopien. De er medlem af IAM og har 29 \u00e5rs erfaring.<\/p>\n<p>Panafric Global tilbyder en d\u00f8r-til-d\u00f8r-service til og fra overalt i verden. De tilbyder transport til lands, i luften og til s\u00f8s med supporttjenester til at hj\u00e6lpe med told og dokumentation. De tilbyder flytningstjenester, der hj\u00e6lper med at finde skoler, finde k\u00f8ret\u00f8jer og oprette forsyningsvirksomheder og forsikringer.<\/p>\n<p>Hjemmeside: <a href=\"http:\/\/www.panafricglobal.com\" target=\"_blank\" rel=\"noopener\">http:\/\/www.panafricglobal.com<\/a><\/p>\n<h2><span class=\"ez-toc-section\" id=\"4_Segon_Marill_Movers\"><\/span><strong>4. Segon Marill Movers<\/strong><span class=\"ez-toc-section-end\"><\/span><\/h2>\n<p><img loading=\"lazy\" decoding=\"async\" class=\"alignnone size-full wp-image-6002\" src=\"https:\/\/moverdb.com\/wp-content\/uploads\/Segon-Marill-Movers-international-moving-company.png\" alt=\"Segon Marill Movers international flyttevirksomhed\" width=\"1440\" height=\"681\" data-wp-pid=\"6002\" srcset=\"https:\/\/moverdb.com\/wp-content\/uploads\/Segon-Marill-Movers-international-moving-company.png 1440w, https:\/\/moverdb.com\/wp-content\/uploads\/Segon-Marill-Movers-international-moving-company-300x142.png 300w, https:\/\/moverdb.com\/wp-content\/uploads\/Segon-Marill-Movers-international-moving-company-1024x484.png 1024w, https:\/\/moverdb.com\/wp-content\/uploads\/Segon-Marill-Movers-international-moving-company-18x9.png 18w, https:\/\/moverdb.com\/wp-content\/uploads\/Segon-Marill-Movers-international-moving-company-600x284.png 600w\" sizes=\"auto, (max-width: 1440px) 100vw, 1440px\" \/><\/p>\n<ul>\n<li>Nationale flytninger<\/li>\n<li>Internationale flytninger<\/li>\n<li>Flytning af husholdninger<\/li>\n<li>Flytning af virksomheder<\/li>\n<li>Flytteservice<\/li>\n<li>Emballage service<\/li>\n<li>Transport til lands, til vands og i luften<\/li>\n<li>Indflytningstjenester<\/li>\n<li>Hus- og skoles\u00f8gning<\/li>\n<li>Sikker opbevaring<\/li>\n<\/ul>\n<p>Segon Marill Movers er et internationalt flytte- og opbevaringsfirma, der blev grundlagt for 21 \u00e5r siden. De samarbejder med 50 partneragenter for at levere deres verdensomsp\u00e6ndende tjenester. De er medlem af IAM med 31 \u00e5rs erfaring.<\/p>\n<p>Segon Marill Movers tilbyder en personlig flytteservice med en pakkeservice, der anvender teknikker og materialer af h\u00f8j kvalitet for at beskytte dine ejendele. De arrangerer transport til lands, til vands eller i luften og f\u00e5r st\u00f8tte fra partneragenter, hvis det er n\u00f8dvendigt. Deres flytningstjenester hj\u00e6lper dig med at finde dig til rette i dit nye land, hvilket omfatter en orienteringsrejse, hj\u00e6lp til at finde et hjem og en skole samt st\u00f8tte med udrejseydelser.<\/p>\n<p>Hjemmeside: <a href=\"http:\/\/www.segon-marill.com\" target=\"_blank\" rel=\"noopener\">http:\/\/www.segon-marill.com<\/a><\/p>\n<h2><span class=\"ez-toc-section\" id=\"5_Solomon_Zewdu_Shipping_and_Freight_Forwarding\"><\/span><strong>5. Solomon Zewdu Shipping og spedition<\/strong><span class=\"ez-toc-section-end\"><\/span><\/h2>\n<p><img loading=\"lazy\" decoding=\"async\" class=\"alignnone size-full wp-image-6047\" src=\"https:\/\/moverdb.com\/wp-content\/uploads\/Solomon-Zewdu-international-moving-company.png\" alt=\"Solomon Zewdu international flyttevirksomhed\" width=\"1440\" height=\"682\" data-wp-pid=\"6047\" srcset=\"https:\/\/moverdb.com\/wp-content\/uploads\/Solomon-Zewdu-international-moving-company.png 1440w, https:\/\/moverdb.com\/wp-content\/uploads\/Solomon-Zewdu-international-moving-company-300x142.png 300w, https:\/\/moverdb.com\/wp-content\/uploads\/Solomon-Zewdu-international-moving-company-1024x485.png 1024w, https:\/\/moverdb.com\/wp-content\/uploads\/Solomon-Zewdu-international-moving-company-18x9.png 18w, https:\/\/moverdb.com\/wp-content\/uploads\/Solomon-Zewdu-international-moving-company-600x284.png 600w\" sizes=\"auto, (max-width: 1440px) 100vw, 1440px\" \/><\/p>\n<ul>\n<li>Lokale og nationale flytninger<\/li>\n<li>Internationale flytninger<\/li>\n<li>Flytning af husholdninger<\/li>\n<li>Flytning af kontorer<\/li>\n<li>D\u00f8r-til-d\u00f8r-service<\/li>\n<li>Emballage service<\/li>\n<li>Transport til lands, til vands og i luften<\/li>\n<li>Toldklarering<\/li>\n<li>Transport af k\u00f8ret\u00f8jer<\/li>\n<li>Opbevaringsfaciliteter<\/li>\n<\/ul>\n<p>Solomon Zewdu Shipping and Freight Forwarding er et flytte-, fragt- og speditionsfirma med over 20 \u00e5rs erfaring i at levere flyttetjenester. De samarbejder med overs\u00f8iske partnere for at levere flytninger internationalt. De er medlem af IAM med 22 \u00e5rs erfaring.<\/p>\n<p>Solomon Zewdu Shipping and Freight Forwarding tilbyder en d\u00f8r-til-d\u00f8r flytte- og forflytningsservice til husholdninger og kontorer. De tilbyder en pakning og udpakning for at beskytte dine ejendele og arrangerer transport til lands med deres fl\u00e5de, til s\u00f8s eller i luften med toldklarering. De kan ogs\u00e5 hj\u00e6lpe med transport og opbevaring af k\u00f8ret\u00f8jer.<\/p>\n<p>Hjemmeside: <a href=\"http:\/\/www.solomontransit.com\" target=\"_blank\" rel=\"noopener\">http:\/\/www.solomontransit.com<\/a><\/p>","protected":false},"excerpt":{"rendered":"<p>Moving is a busy and stressful time especially if you are moving between countries so getting some support from a moving company can help. Moving companies can assist with navigating the paperwork and arranging transportation. Below we have compiled a list of Ethiopian removal companies that are members of the International Association of Movers (IAM) [&hellip;]<\/p>\n","protected":false},"author":4,"featured_media":0,"parent":190,"menu_order":0,"comment_status":"closed","ping_status":"closed","template":"","meta":{"_genesis_hide_title":false,"_genesis_hide_breadcrumbs":false,"_genesis_hide_singular_image":false,"_genesis_hide_footer_widgets":false,"_genesis_custom_body_class":"","_genesis_custom_post_class":"","_genesis_layout":"","footnotes":""},"class_list":{"0":"post-6046","1":"page","2":"type-page","3":"status-publish","5":"entry","6":"has-post-thumbnail"},"_links":{"self":[{"href":"https:\/\/moverdb.com\/da\/wp-json\/wp\/v2\/pages\/6046","targetHints":{"allow":["GET"]}}],"collection":[{"href":"https:\/\/moverdb.com\/da\/wp-json\/wp\/v2\/pages"}],"about":[{"href":"https:\/\/moverdb.com\/da\/wp-json\/wp\/v2\/types\/page"}],"author":[{"embeddable":true,"href":"https:\/\/moverdb.com\/da\/wp-json\/wp\/v2\/users\/4"}],"replies":[{"embeddable":true,"href":"https:\/\/moverdb.com\/da\/wp-json\/wp\/v2\/comments?post=6046"}],"version-history":[{"count":1,"href":"https:\/\/moverdb.com\/da\/wp-json\/wp\/v2\/pages\/6046\/revisions"}],"predecessor-version":[{"id":6048,"href":"https:\/\/moverdb.com\/da\/wp-json\/wp\/v2\/pages\/6046\/revisions\/6048"}],"up":[{"embeddable":true,"href":"https:\/\/moverdb.com\/da\/wp-json\/wp\/v2\/pages\/190"}],"wp:attachment":[{"href":"https:\/\/moverdb.com\/da\/wp-json\/wp\/v2\/media?parent=6046"}],"curies":[{"name":"wp","href":"https:\/\/api.w.org\/{rel}","templated":true}]}}