{"id":6040,"date":"2023-02-01T12:37:34","date_gmt":"2023-02-01T12:37:34","guid":{"rendered":"https:\/\/moverdb.com\/?page_id=6040"},"modified":"2026-01-08T15:24:14","modified_gmt":"2026-01-08T15:24:14","slug":"flyttefirmaer-el-salvador","status":"publish","type":"page","link":"https:\/\/moverdb.com\/da\/moving-companies\/moving-companies-el-salvador\/","title":{"rendered":"3 bedste internationale flyttefirmaer i El Salvador"},"content":{"rendered":"<p>Har du planer om at flytte i El Salvador eller til eller fra El Salvador? S\u00e5 kan du med fordel benytte dig af en <a href=\"https:\/\/moverdb.com\/da\/moving-companies\/\" data-internallinksmanager029f6b8e52c=\"79\" title=\"Top 25 internationale flyttefirmaer online\">flyttefirma<\/a> til at hj\u00e6lpe dig og tage noget af presset fra dig. Nedenfor har vi samlet en liste over El Salvador <a href=\"https:\/\/moverdb.com\/da\/international-removals\/\" data-internallinksmanager029f6b8e52c=\"27\" title=\"De 36 bedste internationale flyttefirmaer i Storbritannien\">flyttefirmaer<\/a> der er medlemmer af den <a href=\"https:\/\/moverdb.com\/da\/iam\/\" data-internallinksmanager029f6b8e52c=\"23\" title=\"International Association of Movers (IAM) Forklaret\">Den internationale sammenslutning af flyttefirmaer<\/a> (IAM) og\/eller <a href=\"https:\/\/moverdb.com\/da\/fidi-faim\/\" data-internallinksmanager029f6b8e52c=\"16\" title=\"FIDI &amp; FAIM (FIDI Accredited International Mover) forklaret\">FIDI<\/a> Accredited International Mover (FAIM), som m\u00e5ske kan hj\u00e6lpe dig med din flytning.<\/p>\n<h2><strong>1. Comca International<\/strong><\/h2>\n<ul>\n<li>Nationale flytninger<\/li>\n<li>Internationale flytninger<\/li>\n<li>Flytning af husholdninger<\/li>\n<li>Inspektion i hjemmet<\/li>\n<li>Professionel pakningsservice<\/li>\n<li>Vej-, s\u00f8- og lufttransport<\/li>\n<li>Toldst\u00f8tte<\/li>\n<li>Emballage af kunstv\u00e6rker<\/li>\n<li>Forsikring<\/li>\n<li>Sikker opbevaring<\/li>\n<\/ul>\n<p>Comca International er en transport- og distributionslogistikvirksomhed, der blev grundlagt i 1967 og tilbyder nationale og internationale flyttetjenester. De har strategiske alliancer med internationale agenturer, som g\u00f8r det muligt for dem at gennemf\u00f8re internationale flytninger. De er medlem af IAM og har 55 \u00e5rs erfaring.<\/p>\n<p>Comca International tilbyder en inspektion og et overslag for din flytning og r\u00e5dgiver om den bedste transportmetode. De tilbyder professionel pakning ved hj\u00e6lp af de bedste materialer og kasser eller tr\u00e6kasser med selvkl\u00e6bende plastik og b\u00e5nd for at opn\u00e5 st\u00f8rre beskyttelse under transporten. De arrangerer transport ad landevej, ad s\u00f8vejen eller med fly og hj\u00e6lper med toldbehandlingen.<\/p>\n<p>Hjemmeside: <a href=\"http:\/\/www.comca.com.sv\" target=\"_blank\" rel=\"noopener\">http:\/\/www.comca.com.sv<\/a><\/p>\n<h2><strong>2. Mudanzas Suarez<\/strong><\/h2>\n<p><img loading=\"lazy\" decoding=\"async\" class=\"alignnone size-full wp-image-5982\" src=\"https:\/\/moverdb.com\/wp-content\/uploads\/Mudanzas-Suarez-international-moving-company.png\" alt=\"Mudanzas Suarez international flyttevirksomhed\" width=\"1440\" height=\"712\" data-wp-pid=\"5982\" srcset=\"https:\/\/moverdb.com\/wp-content\/uploads\/Mudanzas-Suarez-international-moving-company.png 1440w, https:\/\/moverdb.com\/wp-content\/uploads\/Mudanzas-Suarez-international-moving-company-300x148.png 300w, https:\/\/moverdb.com\/wp-content\/uploads\/Mudanzas-Suarez-international-moving-company-1024x506.png 1024w, https:\/\/moverdb.com\/wp-content\/uploads\/Mudanzas-Suarez-international-moving-company-18x9.png 18w, https:\/\/moverdb.com\/wp-content\/uploads\/Mudanzas-Suarez-international-moving-company-600x297.png 600w\" sizes=\"auto, (max-width: 1440px) 100vw, 1440px\" \/><\/p>\n<ul>\n<li>Nationale flytninger<\/li>\n<li>Internationale flytninger<\/li>\n<li>Flytning af boliger<\/li>\n<li>Forretningsflytninger<\/li>\n<li>Personlig service<\/li>\n<li>D\u00f8r-til-d\u00f8r-service<\/li>\n<li>Emballage service<\/li>\n<li>Tilpassede tr\u00e6kasser<\/li>\n<li>Valg af transportmuligheder<\/li>\n<li>konditioneret opbevaringsrum<\/li>\n<\/ul>\n<p>Mudanzas Suarez er en logistik- og flyttevirksomhed, der blev grundlagt i 1958 og har sit hoveds\u00e6de i Antiguo Cuscatlan. De har et bredt netv\u00e6rk af internationale agenter, der hj\u00e6lper dem med at levere flytninger i hele verden. De er medlem af IAM og har 54 \u00e5rs erfaring.<\/p>\n<p>Mudanzas Suarez tilbyder en personlig service og leverer tilpassede emballagel\u00f8sninger gennem deres eget snedkerteam, der bygger skr\u00e6ddersyede tr\u00e6kasser. De tilbyder en emballageservice, der beskytter dine ejendele under transporten. De tilbyder et udvalg af fragtmuligheder, herunder luftfragt og s\u00f8fragt som f.eks. konsolideret fragt.<\/p>\n<p>Hjemmeside: <a href=\"http:\/\/suarez.com.sv\" target=\"_blank\" rel=\"noopener\">http:\/\/suarez.com.sv<\/a><\/p>\n<h2><strong>3. Mudisa El Salvador<\/strong><\/h2>\n<p><img loading=\"lazy\" decoding=\"async\" class=\"alignnone size-full wp-image-5983\" src=\"https:\/\/moverdb.com\/wp-content\/uploads\/Mudisa-international-moving-company.png\" alt=\"Mudisa international flyttevirksomhed\" width=\"1440\" height=\"712\" data-wp-pid=\"5983\" srcset=\"https:\/\/moverdb.com\/wp-content\/uploads\/Mudisa-international-moving-company.png 1440w, https:\/\/moverdb.com\/wp-content\/uploads\/Mudisa-international-moving-company-300x148.png 300w, https:\/\/moverdb.com\/wp-content\/uploads\/Mudisa-international-moving-company-1024x506.png 1024w, https:\/\/moverdb.com\/wp-content\/uploads\/Mudisa-international-moving-company-18x9.png 18w, https:\/\/moverdb.com\/wp-content\/uploads\/Mudisa-international-moving-company-600x297.png 600w\" sizes=\"auto, (max-width: 1440px) 100vw, 1440px\" \/><\/p>\n<ul>\n<li>Nationale flytninger<\/li>\n<li>Internationale flytninger<\/li>\n<li>Flytning af husholdninger<\/li>\n<li>Flytning af virksomheder<\/li>\n<li>Flytningstjenester<\/li>\n<li>D\u00f8r-til-d\u00f8r-tjenester<\/li>\n<li>Pakning, herunder specialkasser og kasser<\/li>\n<li>Transport af kunstv\u00e6rker<\/li>\n<li>Transport af k\u00f8ret\u00f8jer<\/li>\n<li>Sikre opbevaringsfaciliteter<\/li>\n<\/ul>\n<p>Mudisa er et flytte-, logistik- og stykgodsfirma, der blev grundlagt i 1963 i San Salvador. De tilbyder en international d\u00f8r-til-d\u00f8r-service i samarbejde med andre internationale flyttefirmaer og har deres egen vognpark til nationale flytninger. De er medlem af IAM og har 45 \u00e5rs erfaring.<\/p>\n<p>Mudisa tilbyder flytte- og flytningstjenester til husholdninger og virksomheder. De tilbyder tjenester i dine eksisterende og nye lokaler, f.eks. indpakning og udpakning, som omfatter specialkasser og kasser. Deres flytningstjenester omfatter immigrationsst\u00f8tte, ankomsttjenester, vejledning om skoler, boligs\u00f8gning og indflytningstjenester.<\/p>\n<p>Hjemmeside: <a href=\"http:\/\/www.mudisa.com.sv\" target=\"_blank\" rel=\"noopener\">http:\/\/www.mudisa.com.sv<\/a><\/p>","protected":false},"excerpt":{"rendered":"<p>Are you planning on moving in El Salvador or to or from El Salvador? Then you may want to employ the services of a moving company to assist you and take some of the pressure off. Below we have compiled a list of El Salvador removal companies that are members of the International Association of [&hellip;]<\/p>\n","protected":false},"author":4,"featured_media":0,"parent":190,"menu_order":0,"comment_status":"closed","ping_status":"closed","template":"","meta":{"_genesis_hide_title":false,"_genesis_hide_breadcrumbs":false,"_genesis_hide_singular_image":false,"_genesis_hide_footer_widgets":false,"_genesis_custom_body_class":"","_genesis_custom_post_class":"","_genesis_layout":"","footnotes":""},"class_list":{"0":"post-6040","1":"page","2":"type-page","3":"status-publish","5":"entry","6":"has-post-thumbnail"},"_links":{"self":[{"href":"https:\/\/moverdb.com\/da\/wp-json\/wp\/v2\/pages\/6040","targetHints":{"allow":["GET"]}}],"collection":[{"href":"https:\/\/moverdb.com\/da\/wp-json\/wp\/v2\/pages"}],"about":[{"href":"https:\/\/moverdb.com\/da\/wp-json\/wp\/v2\/types\/page"}],"author":[{"embeddable":true,"href":"https:\/\/moverdb.com\/da\/wp-json\/wp\/v2\/users\/4"}],"replies":[{"embeddable":true,"href":"https:\/\/moverdb.com\/da\/wp-json\/wp\/v2\/comments?post=6040"}],"version-history":[{"count":3,"href":"https:\/\/moverdb.com\/da\/wp-json\/wp\/v2\/pages\/6040\/revisions"}],"predecessor-version":[{"id":6056,"href":"https:\/\/moverdb.com\/da\/wp-json\/wp\/v2\/pages\/6040\/revisions\/6056"}],"up":[{"embeddable":true,"href":"https:\/\/moverdb.com\/da\/wp-json\/wp\/v2\/pages\/190"}],"wp:attachment":[{"href":"https:\/\/moverdb.com\/da\/wp-json\/wp\/v2\/media?parent=6040"}],"curies":[{"name":"wp","href":"https:\/\/api.w.org\/{rel}","templated":true}]}}