{"id":6032,"date":"2023-02-01T13:49:08","date_gmt":"2023-02-01T13:49:08","guid":{"rendered":"https:\/\/moverdb.com\/?page_id=6032"},"modified":"2026-01-08T15:29:32","modified_gmt":"2026-01-08T15:29:32","slug":"flyttefirmaer-danmark","status":"publish","type":"page","link":"https:\/\/moverdb.com\/da\/moving-companies\/moving-companies-denmark\/","title":{"rendered":"8 bedste internationale flyttefirmaer i Danmark"},"content":{"rendered":"<p>Hvis du planl\u00e6gger at flytte hjem eller kontor i <a href=\"https:\/\/moverdb.com\/da\/moving-to-denmark\/\" data-internallinksmanager029f6b8e52c=\"335\" title=\"Flytter du til Danmark? 2026 Leveomkostninger og tips til flytning\">Danmark<\/a>eller til eller fra Danmark, kan det v\u00e6re en god id\u00e9 at f\u00e5 hj\u00e6lp af en <a href=\"https:\/\/moverdb.com\/da\/moving-companies\/\" data-internallinksmanager029f6b8e52c=\"79\" title=\"Top 25 internationale flyttefirmaer online\">flyttefirma<\/a> til at hj\u00e6lpe dig med din flytning for at mindske presset og fjerne nogle af de komplekse problemer. Nedenfor har vi samlet en liste over Danmark <a href=\"https:\/\/moverdb.com\/da\/international-removals\/\" data-internallinksmanager029f6b8e52c=\"27\" title=\"De 36 bedste internationale flyttefirmaer i Storbritannien\">flyttefirmaer<\/a> der er medlemmer af den <a href=\"https:\/\/moverdb.com\/da\/iam\/\" data-internallinksmanager029f6b8e52c=\"23\" title=\"International Association of Movers (IAM) Forklaret\">Den internationale sammenslutning af flyttefirmaer<\/a> (IAM) og\/eller <a href=\"https:\/\/moverdb.com\/da\/fidi-faim\/\" data-internallinksmanager029f6b8e52c=\"16\" title=\"FIDI &amp; FAIM (FIDI Accredited International Mover) forklaret\">FIDI<\/a> Accredited International Mover (FAIM), som kan hj\u00e6lpe dig.<\/p>\n<div id=\"ez-toc-container\" class=\"ez-toc-v2_0_82_2 ez-toc-wrap-left counter-hierarchy ez-toc-counter ez-toc-transparent ez-toc-container-direction\">\n<div class=\"ez-toc-title-container\">\n<p class=\"ez-toc-title\" style=\"cursor:inherit\">Sektioner<\/p>\n<span class=\"ez-toc-title-toggle\"><a href=\"#\" class=\"ez-toc-pull-right ez-toc-btn ez-toc-btn-xs ez-toc-btn-default ez-toc-toggle\" aria-label=\"Toggle indholdsfortegnelse\"><span class=\"ez-toc-js-icon-con\"><span class=\"\"><span class=\"eztoc-hide\" style=\"display:none;\">Toggle<\/span><span class=\"ez-toc-icon-toggle-span\"><svg style=\"fill: #999;color:#999\" xmlns=\"http:\/\/www.w3.org\/2000\/svg\" class=\"list-377408\" width=\"20px\" height=\"20px\" viewbox=\"0 0 24 24\" fill=\"none\"><path d=\"M6 6H4v2h2V6zm14 0H8v2h12V6zM4 11h2v2H4v-2zm16 0H8v2h12v-2zM4 16h2v2H4v-2zm16 0H8v2h12v-2z\" fill=\"currentColor\"><\/path><\/svg><svg style=\"fill: #999;color:#999\" class=\"arrow-unsorted-368013\" xmlns=\"http:\/\/www.w3.org\/2000\/svg\" width=\"10px\" height=\"10px\" viewbox=\"0 0 24 24\" version=\"1.2\" baseprofile=\"tiny\"><path d=\"M18.2 9.3l-6.2-6.3-6.2 6.3c-.2.2-.3.4-.3.7s.1.5.3.7c.2.2.4.3.7.3h11c.3 0 .5-.1.7-.3.2-.2.3-.5.3-.7s-.1-.5-.3-.7zM5.8 14.7l6.2 6.3 6.2-6.3c.2-.2.3-.5.3-.7s-.1-.5-.3-.7c-.2-.2-.4-.3-.7-.3h-11c-.3 0-.5.1-.7.3-.2.2-.3.5-.3.7s.1.5.3.7z\"\/><\/svg><\/span><\/span><\/span><\/a><\/span><\/div>\n<nav><ul class='ez-toc-list ez-toc-list-level-1 eztoc-toggle-hide-by-default' ><li class='ez-toc-page-1 ez-toc-heading-level-2'><a class=\"ez-toc-link ez-toc-heading-1\" href=\"https:\/\/moverdb.com\/da\/moving-companies\/moving-companies-denmark\/#1_European_Removal_Storage_Co\" >1. European Removal &amp; Storage Co<\/a><\/li><li class='ez-toc-page-1 ez-toc-heading-level-2'><a class=\"ez-toc-link ez-toc-heading-2\" href=\"https:\/\/moverdb.com\/da\/moving-companies\/moving-companies-denmark\/#2_Move-it\" >2. Move-it<\/a><\/li><li class='ez-toc-page-1 ez-toc-heading-level-2'><a class=\"ez-toc-link ez-toc-heading-3\" href=\"https:\/\/moverdb.com\/da\/moving-companies\/moving-companies-denmark\/#3_MF_Interlogistics\" >3. MF Interlogistics<\/a><\/li><li class='ez-toc-page-1 ez-toc-heading-level-2'><a class=\"ez-toc-link ez-toc-heading-4\" href=\"https:\/\/moverdb.com\/da\/moving-companies\/moving-companies-denmark\/#4_Bryde_Sonner\" >4. Bryde &amp; Sonner<\/a><\/li><li class='ez-toc-page-1 ez-toc-heading-level-2'><a class=\"ez-toc-link ez-toc-heading-5\" href=\"https:\/\/moverdb.com\/da\/moving-companies\/moving-companies-denmark\/#5_Inter_Express_Transport\" >5. Inter Express Transport<\/a><\/li><li class='ez-toc-page-1 ez-toc-heading-level-2'><a class=\"ez-toc-link ez-toc-heading-6\" href=\"https:\/\/moverdb.com\/da\/moving-companies\/moving-companies-denmark\/#6_Obro_Moving_Company\" >6. Obro Moving Company<\/a><\/li><li class='ez-toc-page-1 ez-toc-heading-level-2'><a class=\"ez-toc-link ez-toc-heading-7\" href=\"https:\/\/moverdb.com\/da\/moving-companies\/moving-companies-denmark\/#7_Alfa_Moving\" >7. Alfa Moving<\/a><\/li><li class='ez-toc-page-1 ez-toc-heading-level-2'><a class=\"ez-toc-link ez-toc-heading-8\" href=\"https:\/\/moverdb.com\/da\/moving-companies\/moving-companies-denmark\/#8_Aspire_Mobility_Group\" >8. Aspire Mobility Group<\/a><\/li><li class='ez-toc-page-1 ez-toc-heading-level-2'><a class=\"ez-toc-link ez-toc-heading-9\" href=\"https:\/\/moverdb.com\/da\/moving-companies\/moving-companies-denmark\/#Other_Useful_Guides_to_Denmark\" >Andre nyttige guider til Danmark<\/a><\/li><\/ul><\/nav><\/div>\n<h2><span class=\"ez-toc-section\" id=\"1_European_Removal_Storage_Co\"><\/span><strong>1. European Removal &amp; Storage Co<\/strong><span class=\"ez-toc-section-end\"><\/span><\/h2>\n<p><img loading=\"lazy\" decoding=\"async\" class=\"alignnone size-full wp-image-5944\" src=\"https:\/\/moverdb.com\/wp-content\/uploads\/European-Removal-Storage-Co-international-moving-company.png\" alt=\"European Removal &amp; Storage Co international flyttevirksomhed\" width=\"1440\" height=\"683\" data-wp-pid=\"5944\" srcset=\"https:\/\/moverdb.com\/wp-content\/uploads\/European-Removal-Storage-Co-international-moving-company.png 1440w, https:\/\/moverdb.com\/wp-content\/uploads\/European-Removal-Storage-Co-international-moving-company-300x142.png 300w, https:\/\/moverdb.com\/wp-content\/uploads\/European-Removal-Storage-Co-international-moving-company-1024x486.png 1024w, https:\/\/moverdb.com\/wp-content\/uploads\/European-Removal-Storage-Co-international-moving-company-18x9.png 18w, https:\/\/moverdb.com\/wp-content\/uploads\/European-Removal-Storage-Co-international-moving-company-600x285.png 600w\" sizes=\"auto, (max-width: 1440px) 100vw, 1440px\" \/><\/p>\n<ul>\n<li>Nationale flytninger<\/li>\n<li>Internationale flytninger<\/li>\n<li>Flytning af husholdninger<\/li>\n<li>Flytning af virksomheder<\/li>\n<li>Valg af pakkel\u00f8sninger<\/li>\n<li>Flytningstjenester<\/li>\n<li>D\u00f8r-til-d\u00f8r-service<\/li>\n<li>Toldklarering<\/li>\n<li>Husjagt<\/li>\n<li>Opbevaringsl\u00f8sninger<\/li>\n<\/ul>\n<p>European Removal &amp; Storage Co er et internationalt flyttefirma med base i K\u00f8benhavn, der blev grundlagt i 1995. Gennem deres medlemskab med <a href=\"https:\/\/moverdb.com\/da\/euromovers\/\" data-internallinksmanager029f6b8e52c=\"12\" title=\"European Mover Partnership (EUROMOVERS International) forklaret\">Euromovers<\/a>, de leverer internationale flytninger sammen med partnerflytningsfirmaer. De er medlem af IAM og har 27 \u00e5rs erfaring.<\/p>\n<p>European Removal &amp; Storage Co tilbyder en personlig service og en r\u00e6kke forskellige flyttetjenester. De tilbyder en fuld servicepakke med komplet d\u00f8r-til-d\u00f8r-service, en klassisk pakke, hvor du selv kan bestemme, hvor meget af flytningen du vil v\u00e6re involveret i, og en \u00f8konomipakke, hvor de kun l\u00e6sser og transporterer. Flyttetjenesterne omfatter ogs\u00e5 orientering, boligs\u00f8gning, karrierer\u00e5dgivning og interkulturel uddannelse.<\/p>\n<p>Hjemmeside: <a href=\"http:\/\/www.euromovers.dk\" target=\"_blank\" rel=\"noopener\">http:\/\/www.euromovers.dk<\/a><\/p>\n<h2><span class=\"ez-toc-section\" id=\"2_Move-it\"><\/span><strong>2. Move-it<\/strong><span class=\"ez-toc-section-end\"><\/span><\/h2>\n<p><img loading=\"lazy\" decoding=\"async\" class=\"alignnone size-full wp-image-5975\" src=\"https:\/\/moverdb.com\/wp-content\/uploads\/Move-it-international-moving-company.png\" alt=\"Move-it international flyttevirksomhed\" width=\"1440\" height=\"666\" data-wp-pid=\"5975\" srcset=\"https:\/\/moverdb.com\/wp-content\/uploads\/Move-it-international-moving-company.png 1440w, https:\/\/moverdb.com\/wp-content\/uploads\/Move-it-international-moving-company-300x139.png 300w, https:\/\/moverdb.com\/wp-content\/uploads\/Move-it-international-moving-company-1024x474.png 1024w, https:\/\/moverdb.com\/wp-content\/uploads\/Move-it-international-moving-company-18x8.png 18w, https:\/\/moverdb.com\/wp-content\/uploads\/Move-it-international-moving-company-600x278.png 600w\" sizes=\"auto, (max-width: 1440px) 100vw, 1440px\" \/><\/p>\n<ul>\n<li>Nationale flytninger<\/li>\n<li>Internationale flytninger<\/li>\n<li>Forretnings- og projektflytninger<\/li>\n<li>Flytning af medarbejdere<\/li>\n<li>Skr\u00e6ddersyet d\u00f8r-til-d\u00f8r-service<\/li>\n<li>Emballeringstjenester<\/li>\n<li>Udarbejdelse af tr\u00e6kasser og pakning efter europ\u00e6iske standarder<\/li>\n<li>Kombinerede transporttjenester<\/li>\n<li>Forsikring<\/li>\n<li>Kort- og langtidsopbevaring<\/li>\n<\/ul>\n<p>Move-it er et internationalt flyttefirma, der blev grundlagt i 1997 og har base i Glostrup. De har specialiseret sig i store flytninger, virksomhedsflytninger, projekter og flytning af medarbejdere. De samarbejder med internationale flyttepartnere for at levere flytninger i hele verden. De er medlem af IAM og har 25 \u00e5rs erfaring.<\/p>\n<p>Move-it tilbyder skr\u00e6ddersyede flyttetjenester, der omfatter en inspektion p\u00e5 stedet og et tilbud, indpakning og udpakning samt kort- og langtidsopbevaring, hvis det er n\u00f8dvendigt. De bruger det nyeste udstyr til at gennemf\u00f8re din flytning, f.eks. k\u00f8ret\u00f8jer med luftaffjedring og lifte, for at levere flytninger efter h\u00f8je standarder.<\/p>\n<p>Hjemmeside: <a href=\"http:\/\/www.moveit-int.dk\" target=\"_blank\" rel=\"noopener\">http:\/\/www.moveit-int.dk<\/a><\/p>\n<h2><span class=\"ez-toc-section\" id=\"3_MF_Interlogistics\"><\/span><strong>3. MF Interlogistics<\/strong><span class=\"ez-toc-section-end\"><\/span><\/h2>\n<p><img loading=\"lazy\" decoding=\"async\" class=\"alignnone size-full wp-image-5972\" src=\"https:\/\/moverdb.com\/wp-content\/uploads\/MF-Interlogistics-international-moving-company.png\" alt=\"MF Interlogistics international flyttevirksomhed\" width=\"1440\" height=\"677\" data-wp-pid=\"5972\" srcset=\"https:\/\/moverdb.com\/wp-content\/uploads\/MF-Interlogistics-international-moving-company.png 1440w, https:\/\/moverdb.com\/wp-content\/uploads\/MF-Interlogistics-international-moving-company-300x141.png 300w, https:\/\/moverdb.com\/wp-content\/uploads\/MF-Interlogistics-international-moving-company-1024x481.png 1024w, https:\/\/moverdb.com\/wp-content\/uploads\/MF-Interlogistics-international-moving-company-18x8.png 18w, https:\/\/moverdb.com\/wp-content\/uploads\/MF-Interlogistics-international-moving-company-600x282.png 600w\" sizes=\"auto, (max-width: 1440px) 100vw, 1440px\" \/><\/p>\n<ul>\n<li>Nationale flytninger<\/li>\n<li>Internationale flytninger<\/li>\n<li>Flytning af husholdninger<\/li>\n<li>Flytning af virksomheder<\/li>\n<li>Skr\u00e6ddersyet service<\/li>\n<li>Personlig flyttekoordinator<\/li>\n<li>Emballage service<\/li>\n<li>Transport ad landevej, i luften og til s\u00f8s<\/li>\n<li>Forsikring<\/li>\n<li>Sikker kort- til langtidsopbevaring<\/li>\n<\/ul>\n<p>MF Interlogistics er en international flyttevirksomhed, der er en del af Mesterflyt A\/S og blev grundlagt i 2019. De har lokationer i K\u00f8benhavn, Odense og Aarhus, og de har et netv\u00e6rk af velrenommerede globale flyttefirmaer til at st\u00f8tte internationale flytninger. De er medlem af IAM med 3 \u00e5r p\u00e5 bagen. De tilbyder flytteydelser til husholdninger og virksomheder nationalt og internationalt.<\/p>\n<p>MF Interlogistics tilbyder personlig service med flyttetjenester, der omfatter en konsultation f\u00f8r flytning med en unders\u00f8gelse i hjemmet. De pakker alle dine ejendele sikkert ind, arrangerer transport og levering ad vej, luft- eller s\u00f8vej og pakker dem ud p\u00e5 bestemmelsesstedet.<\/p>\n<p>Hjemmeside: <a href=\"http:\/\/www.mfinterlog.com\" target=\"_blank\" rel=\"noopener\">http:\/\/www.mfinterlog.com<\/a><\/p>\n<h2><span class=\"ez-toc-section\" id=\"4_Bryde_Sonner\"><\/span><strong>4. Bryde &amp; Sonner<\/strong><span class=\"ez-toc-section-end\"><\/span><\/h2>\n<p><img loading=\"lazy\" decoding=\"async\" class=\"alignnone size-full wp-image-5932\" src=\"https:\/\/moverdb.com\/wp-content\/uploads\/Bryde-Sonner-international-moving-company.png\" alt=\"Bryde &amp; Sonner international flyttevirksomhed\" width=\"1440\" height=\"669\" data-wp-pid=\"5932\" srcset=\"https:\/\/moverdb.com\/wp-content\/uploads\/Bryde-Sonner-international-moving-company.png 1440w, https:\/\/moverdb.com\/wp-content\/uploads\/Bryde-Sonner-international-moving-company-300x139.png 300w, https:\/\/moverdb.com\/wp-content\/uploads\/Bryde-Sonner-international-moving-company-1024x476.png 1024w, https:\/\/moverdb.com\/wp-content\/uploads\/Bryde-Sonner-international-moving-company-18x8.png 18w, https:\/\/moverdb.com\/wp-content\/uploads\/Bryde-Sonner-international-moving-company-600x279.png 600w\" sizes=\"auto, (max-width: 1440px) 100vw, 1440px\" \/><\/p>\n<ul>\n<li>Lokale og nationale flytninger<\/li>\n<li>Internationale flytninger<\/li>\n<li>Flytning af husholdninger<\/li>\n<li>Flytning af sm\u00e5 virksomheder<\/li>\n<li>Valg af inddragelsesniveau<\/li>\n<li>Professionelt pakket<\/li>\n<li>Transport med lastbil, fly eller skib<\/li>\n<li>Toldpapirer og -dokumenter<\/li>\n<li>Professionel reng\u00f8ring<\/li>\n<li>Opbevaringsfaciliteter<\/li>\n<\/ul>\n<p>Bryde &amp; Sonner er et familieejet internationalt flyttefirma, der har eksisteret i over 50 \u00e5r med hovedkvarter i K\u00f8benhavn. De har en r\u00e6kke forskellige k\u00f8ret\u00f8jer, herunder sm\u00e5 til store vogne, elevatorer og sidel\u00e6ssere. De er medlem af IAM.<\/p>\n<p>Bryde &amp; Sonner tilbyder et udvalg af involveringsniveauer, s\u00e5 du kan v\u00e6lge, hvor involveret du vil v\u00e6re, fra g\u00f8r-det-selv-arbejde til en total fjernelsepakke. Muligheden for selvflytning omfatter en container, der leveres til dit hjem, s\u00e5 du kan pakke. Den samlede flytningspakke omfatter pakning og udpakning. De kan ogs\u00e5 tilbyde professionel reng\u00f8ring, opbevaringsfaciliteter og containerudlejning.<\/p>\n<p>Hjemmeside: <a href=\"http:\/\/www.bryde-as.dk\" target=\"_blank\" rel=\"noopener\">http:\/\/www.bryde-as.dk<\/a><\/p>\n<h2><span class=\"ez-toc-section\" id=\"5_Inter_Express_Transport\"><\/span><strong>5. Inter Express Transport<\/strong><span class=\"ez-toc-section-end\"><\/span><\/h2>\n<p><img loading=\"lazy\" decoding=\"async\" class=\"alignnone size-full wp-image-5958\" src=\"https:\/\/moverdb.com\/wp-content\/uploads\/Inter-Express-Transport-international-moving-company.png\" alt=\"Inter Express Transport international flyttevirksomhed\" width=\"1440\" height=\"678\" data-wp-pid=\"5958\" srcset=\"https:\/\/moverdb.com\/wp-content\/uploads\/Inter-Express-Transport-international-moving-company.png 1440w, https:\/\/moverdb.com\/wp-content\/uploads\/Inter-Express-Transport-international-moving-company-300x141.png 300w, https:\/\/moverdb.com\/wp-content\/uploads\/Inter-Express-Transport-international-moving-company-1024x482.png 1024w, https:\/\/moverdb.com\/wp-content\/uploads\/Inter-Express-Transport-international-moving-company-18x8.png 18w, https:\/\/moverdb.com\/wp-content\/uploads\/Inter-Express-Transport-international-moving-company-600x283.png 600w\" sizes=\"auto, (max-width: 1440px) 100vw, 1440px\" \/><\/p>\n<ul>\n<li>Nationale flytninger<\/li>\n<li>Internationale flytninger<\/li>\n<li>Flytning af boliger<\/li>\n<li>Flytning af virksomheder<\/li>\n<li>Bes\u00f8g fra en flyttekonsulent<\/li>\n<li>Ekspertpakningsservice<\/li>\n<li>Planl\u00e6gning og styring af din flytning<\/li>\n<li>St\u00f8tte til dokumenter<\/li>\n<li>Medlem af <a href=\"https:\/\/moverdb.com\/da\/harmony-relocation-network\/\" data-internallinksmanager029f6b8e52c=\"20\" title=\"Forklaring af Harmony Relocation Network (HRN)\">Harmony Relocation Network<\/a><\/li>\n<li>Opbevaringsfaciliteter<\/li>\n<\/ul>\n<p>Inter Express Transport er et dansk flyttefirma, som blev etableret i 1987. De tilbyder nationale og internationale flytteydelser i samarbejde med andre internationale flyttefirmaer. De er medlem af Harmony Relocation Network og IAM med 35 \u00e5rs erfaring og er akkrediteret af FIDI.<\/p>\n<p>Inter Express Transport tilbyder professionel r\u00e5dgivning og vejledning til husstande og virksomheder, der skal flytte, for at lette flytningen. De tilbyder en flyttekonsulent til at st\u00f8tte dig og en ekspertpakningsservice til at beskytte dine ejendele. De planl\u00e6gger og styrer din flytning og hj\u00e6lper dig med alle de n\u00f8dvendige dokumenter.<\/p>\n<p>Hjemmeside: <a href=\"http:\/\/interexpress.dk\" target=\"_blank\" rel=\"noopener\">http:\/\/interexpress.dk<\/a><\/p>\n<h2><span class=\"ez-toc-section\" id=\"6_Obro_Moving_Company\"><\/span><strong>6. Obro Moving Company<\/strong><span class=\"ez-toc-section-end\"><\/span><\/h2>\n<p><img loading=\"lazy\" decoding=\"async\" class=\"alignnone size-full wp-image-5987\" src=\"https:\/\/moverdb.com\/wp-content\/uploads\/Obro-Moving-Company-international-moving-company.png\" alt=\"Obro Moving Company international flyttevirksomhed\" width=\"1440\" height=\"682\" data-wp-pid=\"5987\" srcset=\"https:\/\/moverdb.com\/wp-content\/uploads\/Obro-Moving-Company-international-moving-company.png 1440w, https:\/\/moverdb.com\/wp-content\/uploads\/Obro-Moving-Company-international-moving-company-300x142.png 300w, https:\/\/moverdb.com\/wp-content\/uploads\/Obro-Moving-Company-international-moving-company-1024x485.png 1024w, https:\/\/moverdb.com\/wp-content\/uploads\/Obro-Moving-Company-international-moving-company-18x9.png 18w, https:\/\/moverdb.com\/wp-content\/uploads\/Obro-Moving-Company-international-moving-company-600x284.png 600w\" sizes=\"auto, (max-width: 1440px) 100vw, 1440px\" \/><\/p>\n<ul>\n<li>Nationale flytninger<\/li>\n<li>Internationale flytninger<\/li>\n<li>Flytning af husholdninger<\/li>\n<li>Firma- og kontorflytninger<\/li>\n<li>Valg af pakningsniveau<\/li>\n<li>Opret godkendte tr\u00e6kasser<\/li>\n<li>H\u00e5ndtering af forsendelsespapirer<\/li>\n<li>Flytteelevator<\/li>\n<li>Forsikring<\/li>\n<li>Kort- til langtidsopbevaring<\/li>\n<\/ul>\n<p>Obro Flyttefirma er et familiedrevet flytte-, transport- og opbevaringsfirma med over 60 \u00e5rs erfaring og er baseret i Aalborg. De tilbyder flytteservice i hele landet, i hele Europa og i hele verden. De er medlem af IAM.<\/p>\n<p>Obro Moving Company tilbyder et udvalg af pakningsniveauer, som omfatter en mulighed for selvpakning, delvis pakning og fuld pakning. De leverer emballagematerialer, herunder tr\u00e6kasser eller kasser, hvis du \u00f8nsker det. De har regelm\u00e6ssige tjenester mellem Jylland og Sj\u00e6lland samt Gr\u00f8nland. De tilbyder en f\u00e6lles transportmulighed, hvor I kan dele et k\u00f8ret\u00f8j.<\/p>\n<p>Hjemmeside: <a href=\"http:\/\/www.obro.dk\" target=\"_blank\" rel=\"noopener\">http:\/\/www.obro.dk<\/a><\/p>\n<h2><span class=\"ez-toc-section\" id=\"7_Alfa_Moving\"><\/span><strong>7. Alfa Moving<\/strong><span class=\"ez-toc-section-end\"><\/span><\/h2>\n<p><img loading=\"lazy\" decoding=\"async\" class=\"alignnone size-full wp-image-5921\" src=\"https:\/\/moverdb.com\/wp-content\/uploads\/Alfa-international-moving-company.png\" alt=\"Alfa international flyttefirma\" width=\"1440\" height=\"679\" data-wp-pid=\"5921\" srcset=\"https:\/\/moverdb.com\/wp-content\/uploads\/Alfa-international-moving-company.png 1440w, https:\/\/moverdb.com\/wp-content\/uploads\/Alfa-international-moving-company-300x141.png 300w, https:\/\/moverdb.com\/wp-content\/uploads\/Alfa-international-moving-company-1024x483.png 1024w, https:\/\/moverdb.com\/wp-content\/uploads\/Alfa-international-moving-company-18x8.png 18w, https:\/\/moverdb.com\/wp-content\/uploads\/Alfa-international-moving-company-600x283.png 600w\" sizes=\"auto, (max-width: 1440px) 100vw, 1440px\" \/><\/p>\n<ul>\n<li>Nationale flytninger<\/li>\n<li>Internationale flytninger<\/li>\n<li>Flytningstjenester<\/li>\n<li>D\u00f8r-til-d\u00f8r-service<\/li>\n<li>Valg af pakningsniveauer<\/li>\n<li>Indpakning og udpakning<\/li>\n<li>Vej-, luft- og s\u00f8transport<\/li>\n<li>St\u00f8tte til indvandring og visa<\/li>\n<li>Forsikring<\/li>\n<li>Kort- og langtidsopbevaring<\/li>\n<\/ul>\n<p>Alfa Moving er en flytte- og relocationudbyder med kontorer i Danmark, <a href=\"https:\/\/moverdb.com\/da\/moving-to-sweden\/\" data-internallinksmanager029f6b8e52c=\"326\" title=\"Flytter du til Sverige? 2026 Leveomkostninger og flyttetips\">Sverige<\/a>, <a href=\"https:\/\/moverdb.com\/da\/moving-to-norway\/\" data-internallinksmanager029f6b8e52c=\"325\" title=\"Flytter du til Norge? 2026 Leveomkostninger og flyttetips\">Norge<\/a> og <a href=\"https:\/\/moverdb.com\/da\/moving-to-finland\/\" data-internallinksmanager029f6b8e52c=\"345\" title=\"Flytter du til Finland? 2026 Leveomkostninger og tips til flytning\">Finland<\/a>. De arbejder sammen med flytteagenter over hele verden for at levere internationale flytninger. De er medlem af IAM og er akkrediteret af FIDI.<\/p>\n<p>Alfa Moving tilbyder d\u00f8r-til-d\u00f8r-service med et udvalg af pakningsmuligheder, herunder indpakning af t\u00e6pper, delvis indpakning af m\u00f8bler og komplet indpakning. De tilbyder et udvalg af transportmuligheder, der kan kombineres for at skabe den mest effektive eller milj\u00f8venlige flytning, herunder land-, s\u00f8- og lufttransport. De vil ogs\u00e5 st\u00f8tte dine immigrations- og visumkrav og forsikringer for at lette din flytning til udlandet.<\/p>\n<p>Hjemmeside: <a href=\"https:\/\/www.alfamoving.com\/\" target=\"_blank\" rel=\"noopener\">https:\/\/www.alfamoving.com\/<\/a><\/p>\n<h2><span class=\"ez-toc-section\" id=\"8_Aspire_Mobility_Group\"><\/span><strong>8. Aspire Mobility Group<\/strong><span class=\"ez-toc-section-end\"><\/span><\/h2>\n<p><img loading=\"lazy\" decoding=\"async\" class=\"alignnone size-full wp-image-5927\" src=\"https:\/\/moverdb.com\/wp-content\/uploads\/Aspire-Mobility-Group-international-moving-company.png\" alt=\"Aspire Mobility Group international flyttevirksomhed\" width=\"1440\" height=\"684\" data-wp-pid=\"5927\" srcset=\"https:\/\/moverdb.com\/wp-content\/uploads\/Aspire-Mobility-Group-international-moving-company.png 1440w, https:\/\/moverdb.com\/wp-content\/uploads\/Aspire-Mobility-Group-international-moving-company-300x143.png 300w, https:\/\/moverdb.com\/wp-content\/uploads\/Aspire-Mobility-Group-international-moving-company-1024x486.png 1024w, https:\/\/moverdb.com\/wp-content\/uploads\/Aspire-Mobility-Group-international-moving-company-18x9.png 18w, https:\/\/moverdb.com\/wp-content\/uploads\/Aspire-Mobility-Group-international-moving-company-600x285.png 600w\" sizes=\"auto, (max-width: 1440px) 100vw, 1440px\" \/><\/p>\n<ul>\n<li>Nationale flytninger<\/li>\n<li>Internationale flytninger<\/li>\n<li>Flytningstjenester<\/li>\n<li>Flytning af boliger<\/li>\n<li>Flytning af virksomheder<\/li>\n<li>Online styrings- og overv\u00e5gningstjeneste<\/li>\n<li>Emballage service<\/li>\n<li>St\u00f8tte til indvandring og toldklarering<\/li>\n<li>Forsikring<\/li>\n<li>Opbevaringsfaciliteter<\/li>\n<\/ul>\n<p>Aspire Mobility Group er et internationalt flytte- og relocationfirma, der har eksisteret siden 1879 og har kontorer i Aarhus, K\u00f8benhavn, Odense, Hillerod og Stockholm. De samarbejder med internationale flyttepartnere for at levere flytninger over hele verden. De er medlem af IAM med 10 \u00e5rs anciennitet og er akkrediteret af FIDI.<\/p>\n<p>Aspire Mobility Group har et online styringssystem til overv\u00e5gning af flytninger i realtid. De tilbyder en unders\u00f8gelse f\u00f8r flytning og en flyttekonsulent til at vurdere dine behov og udarbejde en flytteplan. De hj\u00e6lper dig med toldklarering, regler, bestemmelser og papirarbejde i forbindelse med din flytning.<\/p>\n<p>Hjemmeside: <a href=\"https:\/\/www.aspiremobility.com\/\" target=\"_blank\" rel=\"noopener\">https:\/\/www.aspiremobility.com\/<\/a><\/p>\n<h2><span class=\"ez-toc-section\" id=\"Other_Useful_Guides_to_Denmark\"><\/span>Andre nyttige guider til Danmark<span class=\"ez-toc-section-end\"><\/span><\/h2>\n<ul>\n<li> <a href=\"https:\/\/moverdb.com\/da\/containerforsendelse\/danmark\/\">2024 S\u00f8transportpriser for containere til og fra Danmark<\/a><\/li>\n<li> <a href=\"https:\/\/moverdb.com\/da\/moving-to-denmark\/\">Flytter du til Danmark? 2026 Leveomkostninger og tips til flytning<\/a><\/li>\n<li> <a href=\"https:\/\/moverdb.com\/da\/moving-to-denmark\/best-places-to-live-denmark\/\">De 12 bedste steder at bo i Danmark<\/a><\/li>\n<li> <a href=\"https:\/\/moverdb.com\/da\/moving-to-denmark\/living-in-denmark\/\">21 hemmeligheder om at bo i Danmark, som du skal kende, f\u00f8r du flytter<\/a><\/li>\n<\/ul>","protected":false},"excerpt":{"rendered":"<p>If you are planning on moving home or office in Denmark, or to or from Denmark, you might want to enlist the help of a moving company to assist with your move to reduce the pressure and remove some of the complexities. Below we have compiled a list of Denmark removal companies that are members [&hellip;]<\/p>\n","protected":false},"author":4,"featured_media":5944,"parent":190,"menu_order":0,"comment_status":"closed","ping_status":"closed","template":"","meta":{"_genesis_hide_title":false,"_genesis_hide_breadcrumbs":false,"_genesis_hide_singular_image":false,"_genesis_hide_footer_widgets":false,"_genesis_custom_body_class":"","_genesis_custom_post_class":"","_genesis_layout":"","footnotes":""},"class_list":{"0":"post-6032","1":"page","2":"type-page","3":"status-publish","4":"has-post-thumbnail","6":"entry"},"_links":{"self":[{"href":"https:\/\/moverdb.com\/da\/wp-json\/wp\/v2\/pages\/6032","targetHints":{"allow":["GET"]}}],"collection":[{"href":"https:\/\/moverdb.com\/da\/wp-json\/wp\/v2\/pages"}],"about":[{"href":"https:\/\/moverdb.com\/da\/wp-json\/wp\/v2\/types\/page"}],"author":[{"embeddable":true,"href":"https:\/\/moverdb.com\/da\/wp-json\/wp\/v2\/users\/4"}],"replies":[{"embeddable":true,"href":"https:\/\/moverdb.com\/da\/wp-json\/wp\/v2\/comments?post=6032"}],"version-history":[{"count":4,"href":"https:\/\/moverdb.com\/da\/wp-json\/wp\/v2\/pages\/6032\/revisions"}],"predecessor-version":[{"id":16996,"href":"https:\/\/moverdb.com\/da\/wp-json\/wp\/v2\/pages\/6032\/revisions\/16996"}],"up":[{"embeddable":true,"href":"https:\/\/moverdb.com\/da\/wp-json\/wp\/v2\/pages\/190"}],"wp:featuredmedia":[{"embeddable":true,"href":"https:\/\/moverdb.com\/da\/wp-json\/wp\/v2\/media\/5944"}],"wp:attachment":[{"href":"https:\/\/moverdb.com\/da\/wp-json\/wp\/v2\/media?parent=6032"}],"curies":[{"name":"wp","href":"https:\/\/api.w.org\/{rel}","templated":true}]}}