{"id":6026,"date":"2023-02-01T13:47:16","date_gmt":"2023-02-01T13:47:16","guid":{"rendered":"https:\/\/moverdb.com\/?page_id=6026"},"modified":"2026-01-08T15:29:04","modified_gmt":"2026-01-08T15:29:04","slug":"flyttefirmaer-tjekkiet","status":"publish","type":"page","link":"https:\/\/moverdb.com\/da\/moving-companies\/moving-companies-czech-republic\/","title":{"rendered":"5 bedste internationale flyttefirmaer i Tjekkiet"},"content":{"rendered":"<p>En flytning kan v\u00e6re en stressende tid, og derfor s\u00f8ger mange mennesker hj\u00e6lp hos en <a href=\"https:\/\/moverdb.com\/da\/moving-companies\/\" data-internallinksmanager029f6b8e52c=\"79\" title=\"Top 25 internationale flyttefirmaer online\">flyttefirma<\/a> til at lette byrden. Uanset om du flytter dig selv eller din virksomhed lokalt eller internationalt, er der en virksomhed, der kan hj\u00e6lpe. Nedenfor har vi samlet en liste over <a href=\"https:\/\/moverdb.com\/da\/moving-to-the-czech-republic\/\" data-internallinksmanager029f6b8e52c=\"391\" title=\"Skal du flytte til Tjekkiet? 2024 Leveomkostninger og tips til flytning\">Tjekkiet<\/a> <a href=\"https:\/\/moverdb.com\/da\/international-removals\/\" data-internallinksmanager029f6b8e52c=\"27\" title=\"De 36 bedste internationale flyttefirmaer i Storbritannien\">flyttefirmaer<\/a> der er medlemmer af den <a href=\"https:\/\/moverdb.com\/da\/iam\/\" data-internallinksmanager029f6b8e52c=\"23\" title=\"International Association of Movers (IAM) Forklaret\">Den internationale sammenslutning af flyttefirmaer<\/a> (IAM) og\/eller <a href=\"https:\/\/moverdb.com\/da\/fidi-faim\/\" data-internallinksmanager029f6b8e52c=\"16\" title=\"FIDI &amp; FAIM (FIDI Accredited International Mover) forklaret\">FIDI<\/a> Accredited International Mover (FAIM), som kan hj\u00e6lpe dig.<\/p>\n<div id=\"ez-toc-container\" class=\"ez-toc-v2_0_82_2 ez-toc-wrap-left counter-hierarchy ez-toc-counter ez-toc-transparent ez-toc-container-direction\">\n<div class=\"ez-toc-title-container\">\n<p class=\"ez-toc-title\" style=\"cursor:inherit\">Sektioner<\/p>\n<span class=\"ez-toc-title-toggle\"><a href=\"#\" class=\"ez-toc-pull-right ez-toc-btn ez-toc-btn-xs ez-toc-btn-default ez-toc-toggle\" aria-label=\"Toggle indholdsfortegnelse\"><span class=\"ez-toc-js-icon-con\"><span class=\"\"><span class=\"eztoc-hide\" style=\"display:none;\">Toggle<\/span><span class=\"ez-toc-icon-toggle-span\"><svg style=\"fill: #999;color:#999\" xmlns=\"http:\/\/www.w3.org\/2000\/svg\" class=\"list-377408\" width=\"20px\" height=\"20px\" viewbox=\"0 0 24 24\" fill=\"none\"><path d=\"M6 6H4v2h2V6zm14 0H8v2h12V6zM4 11h2v2H4v-2zm16 0H8v2h12v-2zM4 16h2v2H4v-2zm16 0H8v2h12v-2z\" fill=\"currentColor\"><\/path><\/svg><svg style=\"fill: #999;color:#999\" class=\"arrow-unsorted-368013\" xmlns=\"http:\/\/www.w3.org\/2000\/svg\" width=\"10px\" height=\"10px\" viewbox=\"0 0 24 24\" version=\"1.2\" baseprofile=\"tiny\"><path d=\"M18.2 9.3l-6.2-6.3-6.2 6.3c-.2.2-.3.4-.3.7s.1.5.3.7c.2.2.4.3.7.3h11c.3 0 .5-.1.7-.3.2-.2.3-.5.3-.7s-.1-.5-.3-.7zM5.8 14.7l6.2 6.3 6.2-6.3c.2-.2.3-.5.3-.7s-.1-.5-.3-.7c-.2-.2-.4-.3-.7-.3h-11c-.3 0-.5.1-.7.3-.2.2-.3.5-.3.7s.1.5.3.7z\"\/><\/svg><\/span><\/span><\/span><\/a><\/span><\/div>\n<nav><ul class='ez-toc-list ez-toc-list-level-1 eztoc-toggle-hide-by-default' ><li class='ez-toc-page-1 ez-toc-heading-level-2'><a class=\"ez-toc-link ez-toc-heading-1\" href=\"https:\/\/moverdb.com\/da\/moving-companies\/moving-companies-czech-republic\/#1_Santa_Fe_Relocation\" >1. Flytning af Santa Fe<\/a><\/li><li class='ez-toc-page-1 ez-toc-heading-level-2'><a class=\"ez-toc-link ez-toc-heading-2\" href=\"https:\/\/moverdb.com\/da\/moving-companies\/moving-companies-czech-republic\/#2_Voerman_International\" >2. Voerman International<\/a><\/li><li class='ez-toc-page-1 ez-toc-heading-level-2'><a class=\"ez-toc-link ez-toc-heading-3\" href=\"https:\/\/moverdb.com\/da\/moving-companies\/moving-companies-czech-republic\/#3_Gosselin\" >3. Gosselin<\/a><\/li><li class='ez-toc-page-1 ez-toc-heading-level-2'><a class=\"ez-toc-link ez-toc-heading-4\" href=\"https:\/\/moverdb.com\/da\/moving-companies\/moving-companies-czech-republic\/#4_KAE_International_Movers\" >4. KAE International Movers<\/a><\/li><li class='ez-toc-page-1 ez-toc-heading-level-2'><a class=\"ez-toc-link ez-toc-heading-5\" href=\"https:\/\/moverdb.com\/da\/moving-companies\/moving-companies-czech-republic\/#5_Fenix_Shipping\" >5. Fenix Shipping<\/a><\/li><li class='ez-toc-page-1 ez-toc-heading-level-2'><a class=\"ez-toc-link ez-toc-heading-6\" href=\"https:\/\/moverdb.com\/da\/moving-companies\/moving-companies-czech-republic\/#Other_Useful_Guides_to_the_Czech_Republic\" >Andre nyttige guider til Tjekkiet<\/a><\/li><\/ul><\/nav><\/div>\n<h2><span class=\"ez-toc-section\" id=\"1_Santa_Fe_Relocation\"><\/span><strong>1. Flytning af Santa Fe<\/strong><span class=\"ez-toc-section-end\"><\/span><\/h2>\n<p><img loading=\"lazy\" decoding=\"async\" class=\"alignnone size-full wp-image-6030\" src=\"https:\/\/moverdb.com\/wp-content\/uploads\/Santa-Fe-Relocation-Prague-international-moving-company.png\" alt=\"Santa Fe Relocation Prag international flyttevirksomhed\" width=\"1440\" height=\"683\" data-wp-pid=\"6030\" srcset=\"https:\/\/moverdb.com\/wp-content\/uploads\/Santa-Fe-Relocation-Prague-international-moving-company.png 1440w, https:\/\/moverdb.com\/wp-content\/uploads\/Santa-Fe-Relocation-Prague-international-moving-company-300x142.png 300w, https:\/\/moverdb.com\/wp-content\/uploads\/Santa-Fe-Relocation-Prague-international-moving-company-1024x486.png 1024w, https:\/\/moverdb.com\/wp-content\/uploads\/Santa-Fe-Relocation-Prague-international-moving-company-18x9.png 18w, https:\/\/moverdb.com\/wp-content\/uploads\/Santa-Fe-Relocation-Prague-international-moving-company-600x285.png 600w\" sizes=\"auto, (max-width: 1440px) 100vw, 1440px\" \/><\/p>\n<ul>\n<li>Lokale flytninger<\/li>\n<li>Internationale flytninger<\/li>\n<li>Flytning af husholdninger<\/li>\n<li>Flytning af virksomheder<\/li>\n<li>Emballageservice med materialer af h\u00f8j kvalitet<\/li>\n<li>Transport til lands, i luften eller til s\u00f8s<\/li>\n<li>Toldklarering<\/li>\n<li>St\u00f8tte til visum og indvandring<\/li>\n<li>Transport af k\u00e6ledyr og k\u00f8ret\u00f8jer<\/li>\n<li>Kort- og langtidsopbevaring<\/li>\n<\/ul>\n<p>Santa Fe Relocation er et internationalt flytte- og relocationfirma med kontorer i de vigtigste lande. De \u00e5bnede deres kontor i Prag i 1992 og tilbyder b\u00e5de flytning af boliger og virksomheder. De er medlem af IAM med 30 \u00e5rs erfaring og er akkrediteret af FIDI.<\/p>\n<p>Santa Fe Relocation tilbyder en konsultation f\u00f8r flytning p\u00e5 stedet for at vurdere dine behov. De tilbyder en professionel pakningsservice, herunder katalogisering af alting og brug af de bedste pakkematerialer og -teknikker. De s\u00f8rger for transport til lands, i luften eller til s\u00f8s med toldklarering. De tilbyder yderligere tjenester, herunder forsikring, opbevaring, s\u00f8gning efter hjem og skole, indflytningsservice, transport af k\u00e6ledyr og k\u00f8ret\u00f8jer.<\/p>\n<p>Hjemmeside: <a href=\"https:\/\/www.santaferelo.com\/en\/contact\/our-offices\/czech-republic-prague\/\" target=\"_blank\" rel=\"noopener\">https:\/\/www.santaferelo.com\/en\/contact\/our-offices\/czech-republic-prague\/<\/a><\/p>\n<h2><span class=\"ez-toc-section\" id=\"2_Voerman_International\"><\/span><strong>2. Voerman International<\/strong><span class=\"ez-toc-section-end\"><\/span><\/h2>\n<p><img loading=\"lazy\" decoding=\"async\" class=\"alignnone size-full wp-image-6011\" src=\"https:\/\/moverdb.com\/wp-content\/uploads\/Voerman-international-moving-company.png\" alt=\"Voerman internationalt flyttefirma\" width=\"1440\" height=\"683\" data-wp-pid=\"6011\" srcset=\"https:\/\/moverdb.com\/wp-content\/uploads\/Voerman-international-moving-company.png 1440w, https:\/\/moverdb.com\/wp-content\/uploads\/Voerman-international-moving-company-300x142.png 300w, https:\/\/moverdb.com\/wp-content\/uploads\/Voerman-international-moving-company-1024x486.png 1024w, https:\/\/moverdb.com\/wp-content\/uploads\/Voerman-international-moving-company-18x9.png 18w, https:\/\/moverdb.com\/wp-content\/uploads\/Voerman-international-moving-company-600x285.png 600w\" sizes=\"auto, (max-width: 1440px) 100vw, 1440px\" \/><\/p>\n<ul>\n<li>Nationale flytninger<\/li>\n<li>Internationale flytninger<\/li>\n<li>Flytningstjenester<\/li>\n<li>Indvandring og visumbistand<\/li>\n<li>Hj\u00e6lp til at finde et hjem og en skole<\/li>\n<li>Transport af k\u00f8ret\u00f8jer<\/li>\n<li>Flytning af k\u00e6ledyr<\/li>\n<li>Forsikring<\/li>\n<li>Kort- til langtidsopbevaring<\/li>\n<li>B\u00e6redygtige flytninger fra februar 2023<\/li>\n<\/ul>\n<p>Voerman International er et flytte- og relocationfirma, der har eksisteret siden 1986 og har haft kontorer i <a href=\"https:\/\/moverdb.com\/da\/moving-to-the-netherlands\/\" data-internallinksmanager029f6b8e52c=\"328\" title=\"Flytter du til Holland? 2026 Leveomkostninger og flyttetips\">Nederlandene<\/a>, Rusland, Den Tjekkiske Republik og <a href=\"https:\/\/moverdb.com\/da\/moving-to-poland\/\" data-internallinksmanager029f6b8e52c=\"378\" title=\"Flytter du til Polen? 2026 Leveomkostninger og tips til flytning\">Polen<\/a>. De samarbejder med andre internationale flytteorganisationer om at levere tjenester i hele verden. De er medlem af IAM med 26 \u00e5rs anciennitet, medlem af <a href=\"https:\/\/moverdb.com\/da\/harmony-relocation-network\/\" data-internallinksmanager029f6b8e52c=\"20\" title=\"Forklaring af Harmony Relocation Network (HRN)\">Harmony Relocation Network<\/a> og er akkrediteret af FIDI.<\/p>\n<p>Voerman International tilbyder en omfattende service, der omfatter f\u00f8r og efter tjenester som f.eks. afgangsservice, f\u00e6rdigg\u00f8relse af papirarbejde, immigration og visumassistance. De tilbyder ogs\u00e5 indflytningstjenester, hj\u00e6lp til at finde et hjem og en skole, handyman-tjenester, kultur- og sprogundervisning.<\/p>\n<p>Hjemmeside: <a href=\"https:\/\/www.voerman.com\/\" target=\"_blank\" rel=\"noopener\">https:\/\/www.voerman.com\/<\/a><\/p>\n<h2><span class=\"ez-toc-section\" id=\"3_Gosselin\"><\/span><strong>3. Gosselin<\/strong><span class=\"ez-toc-section-end\"><\/span><\/h2>\n<p><img loading=\"lazy\" decoding=\"async\" class=\"alignnone size-full wp-image-5954\" src=\"https:\/\/moverdb.com\/wp-content\/uploads\/Gosselin-Czech-Republic-international-moving-company.png\" alt=\"Gosselin Czech Republic international flyttevirksomhed\" width=\"1440\" height=\"682\" data-wp-pid=\"5954\" srcset=\"https:\/\/moverdb.com\/wp-content\/uploads\/Gosselin-Czech-Republic-international-moving-company.png 1440w, https:\/\/moverdb.com\/wp-content\/uploads\/Gosselin-Czech-Republic-international-moving-company-300x142.png 300w, https:\/\/moverdb.com\/wp-content\/uploads\/Gosselin-Czech-Republic-international-moving-company-1024x485.png 1024w, https:\/\/moverdb.com\/wp-content\/uploads\/Gosselin-Czech-Republic-international-moving-company-18x9.png 18w, https:\/\/moverdb.com\/wp-content\/uploads\/Gosselin-Czech-Republic-international-moving-company-600x284.png 600w\" sizes=\"auto, (max-width: 1440px) 100vw, 1440px\" \/><\/p>\n<ul>\n<li>Internationale flytninger<\/li>\n<li>Flytningstjenester<\/li>\n<li>Flytning af husholdninger<\/li>\n<li>Flytning af kontorer<\/li>\n<li>Pakningsservice ved hj\u00e6lp af f\u00f8rsteklasses materialer<\/li>\n<li>Land- eller s\u00f8transport<\/li>\n<li>Transport af kunstneriske v\u00e6rker<\/li>\n<li>Flytning af k\u00e6ledyr<\/li>\n<li>Transport af k\u00f8ret\u00f8jer<\/li>\n<li>Opbevaringsfaciliteter<\/li>\n<\/ul>\n<p>Gosselin er en international flyttevirksomhed med kontorer i hele Europa, herunder Prag, som blev oprettet i 1992. De har ogs\u00e5 et partnerskabsnetv\u00e6rk over hele verden til at levere internationale flytninger. De er medlem af IAM og har 30 \u00e5rs erfaring.<\/p>\n<p>Gosselin tilbyder en erfaren flyttetjeneste, der kan flytte husholdningsartikler, kontorer, motork\u00f8ret\u00f8jer, k\u00e6ledyr og kunstgenstande til og fra Tjekkiet. De pakker dine ejendele til en h\u00f8j standard ved hj\u00e6lp af f\u00f8rsteklasses indpakningsmaterialer. De s\u00f8rger for transport til lands eller til s\u00f8s til din destination. De leverer tjenester til privatpersoner, virksomheder, diplomater og ambassader.<\/p>\n<p>Hjemmeside: <a href=\"https:\/\/gosselin-moving.com\/en\/czech-republic\" target=\"_blank\" rel=\"noopener\">https:\/\/gosselin-moving.com\/en\/czech-republic<\/a><\/p>\n<h2><span class=\"ez-toc-section\" id=\"4_KAE_International_Movers\"><\/span><strong>4. KAE International Movers<\/strong><span class=\"ez-toc-section-end\"><\/span><\/h2>\n<p><img loading=\"lazy\" decoding=\"async\" class=\"alignnone size-full wp-image-6028\" src=\"https:\/\/moverdb.com\/wp-content\/uploads\/KAE-International-Movers-international-moving-company.png\" alt=\"KAE International Movers international flyttevirksomhed\" width=\"1440\" height=\"681\" data-wp-pid=\"6028\" srcset=\"https:\/\/moverdb.com\/wp-content\/uploads\/KAE-International-Movers-international-moving-company.png 1440w, https:\/\/moverdb.com\/wp-content\/uploads\/KAE-International-Movers-international-moving-company-300x142.png 300w, https:\/\/moverdb.com\/wp-content\/uploads\/KAE-International-Movers-international-moving-company-1024x484.png 1024w, https:\/\/moverdb.com\/wp-content\/uploads\/KAE-International-Movers-international-moving-company-18x9.png 18w, https:\/\/moverdb.com\/wp-content\/uploads\/KAE-International-Movers-international-moving-company-600x284.png 600w\" sizes=\"auto, (max-width: 1440px) 100vw, 1440px\" \/><\/p>\n<ul>\n<li>Nationale flytninger<\/li>\n<li>Internationale flytninger<\/li>\n<li>Flytning af husholdninger<\/li>\n<li>Flytning af kontorer<\/li>\n<li>Emballeringstjenester<\/li>\n<li>Toldst\u00f8tte<\/li>\n<li>Forsikring<\/li>\n<li>Transport af kunstneriske v\u00e6rker<\/li>\n<li>Transport af k\u00f8ret\u00f8jer<\/li>\n<li>Opbevaringsl\u00f8sninger<\/li>\n<\/ul>\n<p>KAE International Movers er en leverand\u00f8r af flytte- og forflytningstjenester, der har kontorer i Tjekkiet og <a href=\"https:\/\/moverdb.com\/da\/moving-to-greece\/\" data-internallinksmanager029f6b8e52c=\"353\" title=\"Flytter du til Gr\u00e6kenland? 2026 Leveomkostninger og tips til flytning\">Gr\u00e6kenland<\/a>. De samarbejder med internationale flytteagenter for at levere deres tjenester i hele verden. De er medlem af IAM med 8 \u00e5rs erfaring.<\/p>\n<p>KAE International Movers tilbyder en indledende unders\u00f8gelse for at vurdere dine flyttebehov og udarbejde et tilbud. De tilbyder en professionel pakningsservice til hjem og kontorer, som beskytter og m\u00e6rker dem til transport ad land-, luft- eller s\u00f8vej. De hj\u00e6lper dig med toldklarering og dokumenter. De tilbyder ogs\u00e5 specialiserede transporttjenester for kunst og k\u00f8ret\u00f8jer.<\/p>\n<p>Hjemmeside: <a href=\"http:\/\/www.kaeintlmovers.com\" target=\"_blank\" rel=\"noopener\">http:\/\/www.kaeintlmovers.com<\/a><\/p>\n<h2><span class=\"ez-toc-section\" id=\"5_Fenix_Shipping\"><\/span><strong>5. Fenix Shipping<\/strong><span class=\"ez-toc-section-end\"><\/span><\/h2>\n<p><img loading=\"lazy\" decoding=\"async\" class=\"alignnone size-full wp-image-6027\" src=\"https:\/\/moverdb.com\/wp-content\/uploads\/Fenix-Shipping-international-moving-company.png\" alt=\"Fenix Shipping internationalt flyttefirma\" width=\"1440\" height=\"683\" data-wp-pid=\"6027\" srcset=\"https:\/\/moverdb.com\/wp-content\/uploads\/Fenix-Shipping-international-moving-company.png 1440w, https:\/\/moverdb.com\/wp-content\/uploads\/Fenix-Shipping-international-moving-company-300x142.png 300w, https:\/\/moverdb.com\/wp-content\/uploads\/Fenix-Shipping-international-moving-company-1024x486.png 1024w, https:\/\/moverdb.com\/wp-content\/uploads\/Fenix-Shipping-international-moving-company-18x9.png 18w, https:\/\/moverdb.com\/wp-content\/uploads\/Fenix-Shipping-international-moving-company-600x285.png 600w\" sizes=\"auto, (max-width: 1440px) 100vw, 1440px\" \/><\/p>\n<ul>\n<li>Nationale flytninger<\/li>\n<li>Internationale flytninger<\/li>\n<li>Flytningstjenester<\/li>\n<li>Flytning af husholdninger<\/li>\n<li>Emballage service<\/li>\n<li>Vej, s\u00f8 og luft<\/li>\n<li>Toldst\u00f8tte<\/li>\n<li>Reng\u00f8ringstjenester<\/li>\n<li>Transport af k\u00e6ledyr<\/li>\n<li>Kort- og langtidsopbevaring<\/li>\n<\/ul>\n<p>Fenix Shipping er en international flyttevirksomhed med base i Prag, der tilbyder flytningstjenester inden for Tjekkiet og til og fra Tjekkiet. De samarbejder med partnere fra hele verden for at tilbyde deres internationale tjenester. De er medlem af IAM med 7 \u00e5rs erfaring.<\/p>\n<p>Fenix Shipping tilbyder en komplet flytningsservice, der omfatter pakningsservice for at beskytte dine ejendele, og vi indl\u00e6ser dine ejendele og s\u00f8rger for transport til lands, til vands eller i luften. De s\u00f8rger ogs\u00e5 for toldtjenester og dokumenter til st\u00f8tte for din flytning. Deres flytningstjenester hj\u00e6lper ogs\u00e5 med reng\u00f8ring og biludlejning.<\/p>\n<p>Hjemmeside: <a href=\"http:\/\/www.fenixshipping.cz\" target=\"_blank\" rel=\"noopener\">http:\/\/www.fenixshipping.cz<\/a><\/p>\n<h2><span class=\"ez-toc-section\" id=\"Other_Useful_Guides_to_the_Czech_Republic\"><\/span>Andre nyttige guider til Tjekkiet<span class=\"ez-toc-section-end\"><\/span><\/h2>\n<ul>\n<li> <a href=\"https:\/\/moverdb.com\/da\/moving-to-the-czech-republic\/\">Skal du flytte til Tjekkiet? 2024 Leveomkostninger og tips til flytning<\/a><\/li>\n<li> <a href=\"https:\/\/moverdb.com\/da\/moving-to-the-czech-republic\/best-places-to-live-in-czech-republic\/\">De 12 bedste steder at bo i Tjekkiet<\/a><\/li>\n<li> <a href=\"https:\/\/moverdb.com\/da\/?page_id=9648&#038;preview=true\">21 hemmeligheder om at bo i Tjekkiet, som du b\u00f8r kende, f\u00f8r du flytter<\/a><\/li>\n<li> <a href=\"https:\/\/moverdb.com\/da\/containerforsendelse\/tjekkisk-republik\/\">2024 Priser for s\u00f8fragt af containere til og fra Tjekkiet<\/a><\/li>\n<\/ul>","protected":false},"excerpt":{"rendered":"<p>Moving can be a stressful time which is why many people seek the assistance of a moving company to help ease the burden. Whether you are moving yourself or your business locally or internationally, there is a company that can help. Below we have compiled a list of Czech Republic removal companies that are members [&hellip;]<\/p>\n","protected":false},"author":4,"featured_media":0,"parent":190,"menu_order":0,"comment_status":"closed","ping_status":"closed","template":"","meta":{"_genesis_hide_title":false,"_genesis_hide_breadcrumbs":false,"_genesis_hide_singular_image":false,"_genesis_hide_footer_widgets":false,"_genesis_custom_body_class":"","_genesis_custom_post_class":"","_genesis_layout":"","footnotes":""},"class_list":{"0":"post-6026","1":"page","2":"type-page","3":"status-publish","5":"entry","6":"has-post-thumbnail"},"_links":{"self":[{"href":"https:\/\/moverdb.com\/da\/wp-json\/wp\/v2\/pages\/6026","targetHints":{"allow":["GET"]}}],"collection":[{"href":"https:\/\/moverdb.com\/da\/wp-json\/wp\/v2\/pages"}],"about":[{"href":"https:\/\/moverdb.com\/da\/wp-json\/wp\/v2\/types\/page"}],"author":[{"embeddable":true,"href":"https:\/\/moverdb.com\/da\/wp-json\/wp\/v2\/users\/4"}],"replies":[{"embeddable":true,"href":"https:\/\/moverdb.com\/da\/wp-json\/wp\/v2\/comments?post=6026"}],"version-history":[{"count":4,"href":"https:\/\/moverdb.com\/da\/wp-json\/wp\/v2\/pages\/6026\/revisions"}],"predecessor-version":[{"id":16359,"href":"https:\/\/moverdb.com\/da\/wp-json\/wp\/v2\/pages\/6026\/revisions\/16359"}],"up":[{"embeddable":true,"href":"https:\/\/moverdb.com\/da\/wp-json\/wp\/v2\/pages\/190"}],"wp:attachment":[{"href":"https:\/\/moverdb.com\/da\/wp-json\/wp\/v2\/media?parent=6026"}],"curies":[{"name":"wp","href":"https:\/\/api.w.org\/{rel}","templated":true}]}}