{"id":6024,"date":"2023-02-01T12:30:48","date_gmt":"2023-02-01T12:30:48","guid":{"rendered":"https:\/\/moverdb.com\/?page_id=6024"},"modified":"2026-01-08T15:23:41","modified_gmt":"2026-01-08T15:23:41","slug":"flyttefirmaer-i-cypern","status":"publish","type":"page","link":"https:\/\/moverdb.com\/da\/moving-companies\/moving-companies-in-cyprus\/","title":{"rendered":"2 bedste internationale flyttefirmaer i Cypern"},"content":{"rendered":"<p>Hvis du skal flytte hjem i <a href=\"https:\/\/moverdb.com\/da\/moving-to-cyprus\/\" data-internallinksmanager029f6b8e52c=\"377\" title=\"Flytte til Cypern? 2026 Leveomkostninger og tips til flytning\">Cypern<\/a>eller flytter til eller fra Cypern, vil du m\u00e5ske gerne have hj\u00e6lp til din flytning fra et flyttefirma. <a href=\"https:\/\/moverdb.com\/da\/relocation-agents\/\" data-internallinksmanager029f6b8e52c=\"1\" title=\"7 grunde til, at du b\u00f8r bruge en flytteagent?\">flytteagent<\/a> der kan fjerne noget af stressen. Nedenfor har vi samlet en liste over Cypern <a href=\"https:\/\/moverdb.com\/da\/international-removals\/\" data-internallinksmanager029f6b8e52c=\"27\" title=\"De 36 bedste internationale flyttefirmaer i Storbritannien\">flyttefirmaer<\/a> der er medlemmer af den <a href=\"https:\/\/moverdb.com\/da\/iam\/\" data-internallinksmanager029f6b8e52c=\"23\" title=\"International Association of Movers (IAM) Forklaret\">Den internationale sammenslutning af flyttefirmaer<\/a> (IAM) og\/eller <a href=\"https:\/\/moverdb.com\/da\/fidi-faim\/\" data-internallinksmanager029f6b8e52c=\"16\" title=\"FIDI &amp; FAIM (FIDI Accredited International Mover) forklaret\">FIDI<\/a> akkrediteret international flyttevirksomhed (FAIM), som kan hj\u00e6lpe dig.<\/p>\n<h2><strong>1. Columbia Worldwide Movers<\/strong><\/h2>\n<p><img loading=\"lazy\" decoding=\"async\" class=\"alignnone size-full wp-image-5936\" src=\"https:\/\/moverdb.com\/wp-content\/uploads\/Columbia-Worldwide-Movers-international-moving-company.png\" alt=\"Columbia Worldwide Movers international flyttevirksomhed\" width=\"1440\" height=\"682\" data-wp-pid=\"5936\" srcset=\"https:\/\/moverdb.com\/wp-content\/uploads\/Columbia-Worldwide-Movers-international-moving-company.png 1440w, https:\/\/moverdb.com\/wp-content\/uploads\/Columbia-Worldwide-Movers-international-moving-company-300x142.png 300w, https:\/\/moverdb.com\/wp-content\/uploads\/Columbia-Worldwide-Movers-international-moving-company-1024x485.png 1024w, https:\/\/moverdb.com\/wp-content\/uploads\/Columbia-Worldwide-Movers-international-moving-company-18x9.png 18w, https:\/\/moverdb.com\/wp-content\/uploads\/Columbia-Worldwide-Movers-international-moving-company-600x284.png 600w\" sizes=\"auto, (max-width: 1440px) 100vw, 1440px\" \/><\/p>\n<ul>\n<li>Nationale flytninger<\/li>\n<li>Internationale flytninger<\/li>\n<li>Flytningstjenester<\/li>\n<li>Flytning af husholdninger<\/li>\n<li>Forretningsflytninger<\/li>\n<li>Emballeringstjenester<\/li>\n<li>Land, hav og luft<\/li>\n<li>Transport af k\u00e6ledyr<\/li>\n<li><a href=\"https:\/\/moverdb.com\/da\/car-transport-shipping\/\" data-internallinksmanager029f6b8e52c=\"2\" title=\"2026 tilbud p\u00e5 international biltransport og forsendelse af k\u00f8ret\u00f8jer\">Forsendelse af k\u00f8ret\u00f8jer<\/a><\/li>\n<li>Opbevaringsfaciliteter<\/li>\n<\/ul>\n<p>Columbia Worldwide Movers blev grundlagt i 1994 som en leverand\u00f8r af flytte- og opbevaringstjenester. De tilbyder nationale og internationale flytte- og forflytningstjenester til husholdninger og virksomheder. De leverer deres internationale flytninger i samarbejde med betroede flytteagenter i andre lande. De er medlem af IAM med 28 \u00e5rs erfaring og er akkrediteret af FIDI.<\/p>\n<p>Columbia Worldwide Movers tilbyder skr\u00e6ddersyede flyttel\u00f8sninger med d\u00f8r-til-d\u00f8r-service, som omfatter pakning af dine ejendele og transport til lands, til vands eller i luften med toldklarering. De tilbyder ogs\u00e5 specialiserede transporttjenester for k\u00e6ledyr og k\u00f8ret\u00f8jer.<\/p>\n<p>Hjemmeside: <a href=\"http:\/\/www.columbiamovers.com\" target=\"_blank\" rel=\"noopener\">http:\/\/www.columbiamovers.com<\/a><\/p>\n<h2><strong>2. Orbit Flytning og opbevaring<\/strong><\/h2>\n<p><img loading=\"lazy\" decoding=\"async\" class=\"alignnone size-full wp-image-5988\" src=\"https:\/\/moverdb.com\/wp-content\/uploads\/Orbit-Moving-and-Storage-international-moving-company.png\" alt=\"Orbit Moving and Storage international flyttevirksomhed\" width=\"1440\" height=\"679\" data-wp-pid=\"5988\" srcset=\"https:\/\/moverdb.com\/wp-content\/uploads\/Orbit-Moving-and-Storage-international-moving-company.png 1440w, https:\/\/moverdb.com\/wp-content\/uploads\/Orbit-Moving-and-Storage-international-moving-company-300x141.png 300w, https:\/\/moverdb.com\/wp-content\/uploads\/Orbit-Moving-and-Storage-international-moving-company-1024x483.png 1024w, https:\/\/moverdb.com\/wp-content\/uploads\/Orbit-Moving-and-Storage-international-moving-company-18x8.png 18w, https:\/\/moverdb.com\/wp-content\/uploads\/Orbit-Moving-and-Storage-international-moving-company-600x283.png 600w\" sizes=\"auto, (max-width: 1440px) 100vw, 1440px\" \/><\/p>\n<ul>\n<li>Lokale flytninger<\/li>\n<li>Internationale flytninger<\/li>\n<li>Flytningstjenester<\/li>\n<li>Flytning af boliger<\/li>\n<li>Flytning af kontorer<\/li>\n<li>Emballeringstjenester<\/li>\n<li>Transport af kunstneriske v\u00e6rker<\/li>\n<li>Forsendelse af k\u00e6ledyr<\/li>\n<li>Forsendelse af k\u00f8ret\u00f8jer<\/li>\n<li>Opbevaringstjenester<\/li>\n<\/ul>\n<p>Orbit Moving and Storage er et internationalt flytte- og opbevaringsfirma, der har eksisteret siden 1982. De er en del af Orphee Beingoglou Group of Companies, som er en transport- og logistikvirksomhed. De har et verdensomsp\u00e6ndende netv\u00e6rk af flytteagenter, der kan hj\u00e6lpe med internationale flytninger. De er medlem af IAM med 40 \u00e5rs erfaring og er akkrediteret af FIDI.<\/p>\n<p>Orbit Moving and Storage tilbyder personlige og erhvervsm\u00e6ssige flyttetjenester, der leveres ved hj\u00e6lp af den nyeste teknologi og de nyeste emballagematerialer. De tilbyder en professionel pakningsservice og organiserer transporten af dine ejendele, herunder en specialiseret service for kunst, k\u00e6ledyr og k\u00f8ret\u00f8jer.<\/p>\n<p>Hjemmeside: <a href=\"http:\/\/www.orbitcy.com\/\" target=\"_blank\" rel=\"noopener\">http:\/\/www.orbitcy.com\/<\/a><\/p>\n<p>Se ogs\u00e5:<\/p>\n<ul>\n<li> <a href=\"https:\/\/moverdb.com\/da\/moving-to-cyprus\/living-in-cyprus\/\">20 hemmeligheder om at bo p\u00e5 Cypern, du skal kende, f\u00f8r du flytter<\/a><\/li>\n<li> <a href=\"https:\/\/moverdb.com\/da\/moving-to-cyprus\/\">Flytter du til Cypern? Leveomkostninger og tips til flytning<\/a><\/li>\n<li> <a href=\"https:\/\/moverdb.com\/da\/containerforsendelse\/cypern\/\">Priser p\u00e5 containerforsendelse til og fra Cypern<\/a><\/li>\n<\/ul>","protected":false},"excerpt":{"rendered":"<p>If you are moving home in Cyprus, or moving to or from Cyprus you might want some help with your move from a moving or relocation agent that can take away some of the stress. Below we have compiled a list of Cyprus removal companies that are members of the International Association of Movers (IAM) [&hellip;]<\/p>\n","protected":false},"author":4,"featured_media":0,"parent":190,"menu_order":0,"comment_status":"closed","ping_status":"closed","template":"","meta":{"_genesis_hide_title":false,"_genesis_hide_breadcrumbs":false,"_genesis_hide_singular_image":false,"_genesis_hide_footer_widgets":false,"_genesis_custom_body_class":"","_genesis_custom_post_class":"","_genesis_layout":"","footnotes":""},"class_list":{"0":"post-6024","1":"page","2":"type-page","3":"status-publish","5":"entry","6":"has-post-thumbnail"},"_links":{"self":[{"href":"https:\/\/moverdb.com\/da\/wp-json\/wp\/v2\/pages\/6024","targetHints":{"allow":["GET"]}}],"collection":[{"href":"https:\/\/moverdb.com\/da\/wp-json\/wp\/v2\/pages"}],"about":[{"href":"https:\/\/moverdb.com\/da\/wp-json\/wp\/v2\/types\/page"}],"author":[{"embeddable":true,"href":"https:\/\/moverdb.com\/da\/wp-json\/wp\/v2\/users\/4"}],"replies":[{"embeddable":true,"href":"https:\/\/moverdb.com\/da\/wp-json\/wp\/v2\/comments?post=6024"}],"version-history":[{"count":4,"href":"https:\/\/moverdb.com\/da\/wp-json\/wp\/v2\/pages\/6024\/revisions"}],"predecessor-version":[{"id":15035,"href":"https:\/\/moverdb.com\/da\/wp-json\/wp\/v2\/pages\/6024\/revisions\/15035"}],"up":[{"embeddable":true,"href":"https:\/\/moverdb.com\/da\/wp-json\/wp\/v2\/pages\/190"}],"wp:attachment":[{"href":"https:\/\/moverdb.com\/da\/wp-json\/wp\/v2\/media?parent=6024"}],"curies":[{"name":"wp","href":"https:\/\/api.w.org\/{rel}","templated":true}]}}