{"id":6022,"date":"2023-02-01T12:31:45","date_gmt":"2023-02-01T12:31:45","guid":{"rendered":"https:\/\/moverdb.com\/?page_id=6022"},"modified":"2026-01-08T15:23:40","modified_gmt":"2026-01-08T15:23:40","slug":"flyttefirmaer-curacao","status":"publish","type":"page","link":"https:\/\/moverdb.com\/da\/moving-companies\/moving-companies-curacao\/","title":{"rendered":"2 bedste internationale flyttefirmaer i Curacao"},"content":{"rendered":"<p>Det kan v\u00e6re stressende og tidskr\u00e6vende at flytte hjem eller kontor, s\u00e5 hvis du f\u00e5r hj\u00e6lp fra et flyttefirma, kan det lette din byrde, og du kan drage fordel af deres erfaring. Nedenfor har vi listet <a href=\"https:\/\/moverdb.com\/da\/moving-to-curacao\/\" data-internallinksmanager029f6b8e52c=\"429\" title=\"Skal du flytte til Cura\u00e7ao? 2026 Leveomkostninger og tips til flytning\">Curacao<\/a> <a href=\"https:\/\/moverdb.com\/da\/international-removals\/\" data-internallinksmanager029f6b8e52c=\"27\" title=\"De 36 bedste internationale flyttefirmaer i Storbritannien\">flyttefirmaer<\/a> der er medlemmer af den <a href=\"https:\/\/moverdb.com\/da\/iam\/\" data-internallinksmanager029f6b8e52c=\"23\" title=\"International Association of Movers (IAM) Forklaret\">Den internationale sammenslutning af flyttefirmaer<\/a> (IAM) og\/eller <a href=\"https:\/\/moverdb.com\/da\/fidi-faim\/\" data-internallinksmanager029f6b8e52c=\"16\" title=\"FIDI &amp; FAIM (FIDI Accredited International Mover) forklaret\">FIDI<\/a> Accredited International Mover (FAIM), som m\u00e5ske kan hj\u00e6lpe dig.<\/p>\n<h2><strong>1. AGS Meyer<\/strong><\/h2>\n<p><img loading=\"lazy\" decoding=\"async\" class=\"alignnone size-full wp-image-5918\" src=\"https:\/\/moverdb.com\/wp-content\/uploads\/AGS-Meyer-international-moving-company.png\" alt=\"AGS Meyer international flyttevirksomhed\" width=\"1440\" height=\"684\" data-wp-pid=\"5918\" srcset=\"https:\/\/moverdb.com\/wp-content\/uploads\/AGS-Meyer-international-moving-company.png 1440w, https:\/\/moverdb.com\/wp-content\/uploads\/AGS-Meyer-international-moving-company-300x143.png 300w, https:\/\/moverdb.com\/wp-content\/uploads\/AGS-Meyer-international-moving-company-1024x486.png 1024w, https:\/\/moverdb.com\/wp-content\/uploads\/AGS-Meyer-international-moving-company-18x9.png 18w, https:\/\/moverdb.com\/wp-content\/uploads\/AGS-Meyer-international-moving-company-600x285.png 600w\" sizes=\"auto, (max-width: 1440px) 100vw, 1440px\" \/><\/p>\n<ul>\n<li>Lokale flytninger<\/li>\n<li>Internationale flytninger<\/li>\n<li>Flytning af husholdninger<\/li>\n<li>Flytning af virksomheder<\/li>\n<li>D\u00f8r-til-d\u00f8r-service<\/li>\n<li>Emballeringstjenester<\/li>\n<li>Land-, luft- og s\u00f8transport<\/li>\n<li>Toldformaliteter<\/li>\n<li>Akkrediteret af FIDI<\/li>\n<li>Opbevaringstjenester<\/li>\n<\/ul>\n<p>AGS Meyer er en <a href=\"https:\/\/moverdb.com\/da\/moving-companies\/\" data-internallinksmanager029f6b8e52c=\"79\" title=\"Top 25 internationale flyttefirmaer online\">flyttefirma<\/a> blev etableret i 1959 p\u00e5 Curacao for at tilbyde lokale og internationale flytninger til husholdninger og virksomheder, og de har 7 filialer i Caribien. De har et globalt netv\u00e6rk af tilknyttede flytteagenter til at levere internationale flytninger. De er medlem af IAM med 63 \u00e5rs erfaring og er akkrediteret af FIDI.<\/p>\n<p>AGS Meyer tilbyder en d\u00f8r-til-d\u00f8r flytteservice, herunder flytning, flytning og opbevaring til private kunder, virksomheder og diplomatiske agenturer. De r\u00e5dgiver dig om din flytning og hj\u00e6lper dig hele vejen igennem. De pakker dine ejendele sikkert ind, s\u00f8rger for transport og toldformaliteter og pakker ud p\u00e5 din destination.<\/p>\n<p>Hjemmeside: <a href=\"https:\/\/www.meyermoving.com\/\" target=\"_blank\" rel=\"noopener\">https:\/\/www.meyermoving.com\/<\/a><\/p>\n<h2><strong>2. Caribbean Moving Services<\/strong><\/h2>\n<p><img loading=\"lazy\" decoding=\"async\" class=\"alignnone size-full wp-image-5933\" src=\"https:\/\/moverdb.com\/wp-content\/uploads\/Caribbean-Moving-Services-international-moving-company.png\" alt=\"Caribbean Moving Services international flyttevirksomhed\" width=\"1440\" height=\"680\" data-wp-pid=\"5933\" srcset=\"https:\/\/moverdb.com\/wp-content\/uploads\/Caribbean-Moving-Services-international-moving-company.png 1440w, https:\/\/moverdb.com\/wp-content\/uploads\/Caribbean-Moving-Services-international-moving-company-300x142.png 300w, https:\/\/moverdb.com\/wp-content\/uploads\/Caribbean-Moving-Services-international-moving-company-1024x484.png 1024w, https:\/\/moverdb.com\/wp-content\/uploads\/Caribbean-Moving-Services-international-moving-company-18x9.png 18w, https:\/\/moverdb.com\/wp-content\/uploads\/Caribbean-Moving-Services-international-moving-company-600x283.png 600w\" sizes=\"auto, (max-width: 1440px) 100vw, 1440px\" \/><\/p>\n<ul>\n<li>Lokale flytninger<\/li>\n<li>Internationale flytninger<\/li>\n<li>Flytning af boliger<\/li>\n<li>Flytning af kontorer<\/li>\n<li>Skr\u00e6ddersyet plan for flytning<\/li>\n<li>Emballage service<\/li>\n<li>demontere og samle m\u00f8bler<\/li>\n<li>Land, hav og luft<\/li>\n<li>Toldklarering<\/li>\n<li>Opbevaringsfaciliteter<\/li>\n<\/ul>\n<p>Caribbean Moving Services er et flyttefirma i Willemstad, som er en del af en gruppe af virksomheder, der omfatter Caribbean Cargo Services og G&amp;V Free Zone. De blev grundlagt i 1981 som et fragtfirma og udvidede i 1994 med flyttetjenester og blev \u00f8ens st\u00f8rste flyttefirma. De er medlem af IAM med 28 \u00e5rs erfaring og er akkrediteret af FIDI.<\/p>\n<p>Caribbean Moving Services tilbyder en one-stop-shop flyttetjeneste, der starter med en unders\u00f8gelse og et enkelt kontaktpunkt. De tilbyder en professionel pakningsservice, herunder demontering af m\u00f8bler og sikker pakning af ejendele. De s\u00f8rger for transport til lands, til vands eller i luften med toldklarering og pakker og samler derefter m\u00f8blerne.<\/p>\n<p>Hjemmeside: <a href=\"https:\/\/www.cmscur.com\/\" target=\"_blank\" rel=\"noopener\">https:\/\/www.cmscur.com\/<\/a><\/p>","protected":false},"excerpt":{"rendered":"<p>Moving home or office can be stressful and time-consuming so getting some support from a moving or relocation company can help lighten your load and you can benefit from their experience. Below we have listed Curacao removal companies that are members of the International Association of Movers (IAM) and\/or FIDI Accredited International Mover (FAIM) who [&hellip;]<\/p>\n","protected":false},"author":4,"featured_media":0,"parent":190,"menu_order":0,"comment_status":"closed","ping_status":"closed","template":"","meta":{"_genesis_hide_title":false,"_genesis_hide_breadcrumbs":false,"_genesis_hide_singular_image":false,"_genesis_hide_footer_widgets":false,"_genesis_custom_body_class":"","_genesis_custom_post_class":"","_genesis_layout":"","footnotes":""},"class_list":{"0":"post-6022","1":"page","2":"type-page","3":"status-publish","5":"entry","6":"has-post-thumbnail"},"_links":{"self":[{"href":"https:\/\/moverdb.com\/da\/wp-json\/wp\/v2\/pages\/6022","targetHints":{"allow":["GET"]}}],"collection":[{"href":"https:\/\/moverdb.com\/da\/wp-json\/wp\/v2\/pages"}],"about":[{"href":"https:\/\/moverdb.com\/da\/wp-json\/wp\/v2\/types\/page"}],"author":[{"embeddable":true,"href":"https:\/\/moverdb.com\/da\/wp-json\/wp\/v2\/users\/4"}],"replies":[{"embeddable":true,"href":"https:\/\/moverdb.com\/da\/wp-json\/wp\/v2\/comments?post=6022"}],"version-history":[{"count":1,"href":"https:\/\/moverdb.com\/da\/wp-json\/wp\/v2\/pages\/6022\/revisions"}],"predecessor-version":[{"id":6023,"href":"https:\/\/moverdb.com\/da\/wp-json\/wp\/v2\/pages\/6022\/revisions\/6023"}],"up":[{"embeddable":true,"href":"https:\/\/moverdb.com\/da\/wp-json\/wp\/v2\/pages\/190"}],"wp:attachment":[{"href":"https:\/\/moverdb.com\/da\/wp-json\/wp\/v2\/media?parent=6022"}],"curies":[{"name":"wp","href":"https:\/\/api.w.org\/{rel}","templated":true}]}}