{"id":6020,"date":"2023-02-01T13:55:01","date_gmt":"2023-02-01T13:55:01","guid":{"rendered":"https:\/\/moverdb.com\/?page_id=6020"},"modified":"2026-01-08T15:29:53","modified_gmt":"2026-01-08T15:29:53","slug":"flyttefirmaer-kroatien","status":"publish","type":"page","link":"https:\/\/moverdb.com\/da\/moving-companies\/moving-companies-croatia\/","title":{"rendered":"Bedste internationale flyttefirmaer i Kroatien"},"content":{"rendered":"<p>Hvis du skal flytte hjem eller virksomhed i <a href=\"https:\/\/moverdb.com\/da\/moving-to-croatia\/\" data-internallinksmanager029f6b8e52c=\"428\" title=\"Flytter du til Kroatien? 2026 Leveomkostninger og tips til flytning\">Kroatien<\/a>eller til eller fra Kroatien, vil du m\u00e5ske gerne have lidt hj\u00e6lp til din flytning. For at hj\u00e6lpe dem, der skal flytte, har vi samlet en liste over kroatiske <a href=\"https:\/\/moverdb.com\/da\/international-removals\/\" data-internallinksmanager029f6b8e52c=\"27\" title=\"De 36 bedste internationale flyttefirmaer i Storbritannien\">flyttefirmaer<\/a> nedenfor, der er medlemmer af den <a href=\"https:\/\/moverdb.com\/da\/iam\/\" data-internallinksmanager029f6b8e52c=\"23\" title=\"International Association of Movers (IAM) Forklaret\">Den internationale sammenslutning af flyttefirmaer<\/a> (IAM) og\/eller <a href=\"https:\/\/moverdb.com\/da\/fidi-faim\/\" data-internallinksmanager029f6b8e52c=\"16\" title=\"FIDI &amp; FAIM (FIDI Accredited International Mover) forklaret\">FIDI<\/a> Akkrediteret international flyttemand (FAIM).<\/p>\n<h2><strong>Gosselin<\/strong><\/h2>\n<p><img loading=\"lazy\" decoding=\"async\" class=\"alignnone size-full wp-image-5953\" src=\"https:\/\/moverdb.com\/wp-content\/uploads\/Gosselin-Croatia-international-moving-company.png\" alt=\"Gosselin Kroatien international flyttevirksomhed\" width=\"1440\" height=\"680\" data-wp-pid=\"5953\" srcset=\"https:\/\/moverdb.com\/wp-content\/uploads\/Gosselin-Croatia-international-moving-company.png 1440w, https:\/\/moverdb.com\/wp-content\/uploads\/Gosselin-Croatia-international-moving-company-300x142.png 300w, https:\/\/moverdb.com\/wp-content\/uploads\/Gosselin-Croatia-international-moving-company-1024x484.png 1024w, https:\/\/moverdb.com\/wp-content\/uploads\/Gosselin-Croatia-international-moving-company-18x9.png 18w, https:\/\/moverdb.com\/wp-content\/uploads\/Gosselin-Croatia-international-moving-company-600x283.png 600w\" sizes=\"auto, (max-width: 1440px) 100vw, 1440px\" \/><\/p>\n<ul>\n<li>Nationale flytninger<\/li>\n<li>Internationale flytninger<\/li>\n<li>Flytning af husholdninger<\/li>\n<li>Flytning af kontorer og ambassader<\/li>\n<li>Uddannede flyttefolk leverer standarder af h\u00f8j kvalitet<\/li>\n<li>Indpakning og udpakning<\/li>\n<li>Billedkunst i bev\u00e6gelse<\/li>\n<li>Transport af k\u00e6ledyr<\/li>\n<li>Forsendelse af k\u00f8ret\u00f8jer<\/li>\n<li>Kort- til langtidsopbevaring<\/li>\n<\/ul>\n<p>Gosselin er en <a href=\"https:\/\/moverdb.com\/da\/moving-companies\/\" data-internallinksmanager029f6b8e52c=\"79\" title=\"Top 25 internationale flyttefirmaer online\">internationalt flyttefirma<\/a> der har kontorer rundt om i verden og har eksisteret siden 1930. De har leveret flyttetjenester i Kroatien i over 20 \u00e5r fra deres base i Zagreb. De er medlem af IAM med 9 \u00e5rs anciennitet.<\/p>\n<p>Gosselin tilbyder en professionel flyttetjeneste, der tager sig af ekstraordin\u00e6rt store eller sm\u00e5 flytninger, som ogs\u00e5 kan omfatte kunst, der kr\u00e6ver mere omhyggelig h\u00e5ndtering, og mere specialiserede tjenester som transport af k\u00e6ledyr og k\u00f8ret\u00f8jer. De har uddannet personale, der arbejder efter h\u00f8je standarder for beskyttelse af dine ejendele under transporten, og de pakker dine ejendele ud ved ankomsten.<\/p>\n<p>Hjemmeside: <a href=\"https:\/\/gosselin-moving.com\/en\/southeast-europe\" target=\"_blank\" rel=\"noopener\">https:\/\/gosselin-moving.com\/en\/southeast-europe<\/a><\/p>\n<h2>Andre nyttige guider til Kroatien<\/h2>\n<ul>\n<li> <a href=\"https:\/\/moverdb.com\/da\/containerforsendelse\/kroatien\/\">2024 Priser for s\u00f8fragt af containere til og fra Kroatien<\/a><\/li>\n<li> <a href=\"https:\/\/moverdb.com\/da\/moving-to-croatia\/\">Flytter du til Kroatien? 2026 Leveomkostninger og tips til flytning<\/a><\/li>\n<li> <a href=\"https:\/\/moverdb.com\/da\/moving-to-croatia\/living-in-croatia\/\">21 hemmeligheder om at bo i Kroatien, som du skal kende, f\u00f8r du flytter<\/a><\/li>\n<\/ul>","protected":false},"excerpt":{"rendered":"<p>If you are moving home or business in Croatia, or to or from Croatia, you might want some help with your move. To assist those that are moving we have compiled a list of Croatian removal companies below that are members of the International Association of Movers (IAM) and\/or FIDI Accredited International Mover (FAIM). Gosselin [&hellip;]<\/p>\n","protected":false},"author":4,"featured_media":0,"parent":190,"menu_order":0,"comment_status":"closed","ping_status":"closed","template":"","meta":{"_genesis_hide_title":false,"_genesis_hide_breadcrumbs":false,"_genesis_hide_singular_image":false,"_genesis_hide_footer_widgets":false,"_genesis_custom_body_class":"","_genesis_custom_post_class":"","_genesis_layout":"","footnotes":""},"class_list":{"0":"post-6020","1":"page","2":"type-page","3":"status-publish","5":"entry","6":"has-post-thumbnail"},"_links":{"self":[{"href":"https:\/\/moverdb.com\/da\/wp-json\/wp\/v2\/pages\/6020","targetHints":{"allow":["GET"]}}],"collection":[{"href":"https:\/\/moverdb.com\/da\/wp-json\/wp\/v2\/pages"}],"about":[{"href":"https:\/\/moverdb.com\/da\/wp-json\/wp\/v2\/types\/page"}],"author":[{"embeddable":true,"href":"https:\/\/moverdb.com\/da\/wp-json\/wp\/v2\/users\/4"}],"replies":[{"embeddable":true,"href":"https:\/\/moverdb.com\/da\/wp-json\/wp\/v2\/comments?post=6020"}],"version-history":[{"count":2,"href":"https:\/\/moverdb.com\/da\/wp-json\/wp\/v2\/pages\/6020\/revisions"}],"predecessor-version":[{"id":18351,"href":"https:\/\/moverdb.com\/da\/wp-json\/wp\/v2\/pages\/6020\/revisions\/18351"}],"up":[{"embeddable":true,"href":"https:\/\/moverdb.com\/da\/wp-json\/wp\/v2\/pages\/190"}],"wp:attachment":[{"href":"https:\/\/moverdb.com\/da\/wp-json\/wp\/v2\/media?parent=6020"}],"curies":[{"name":"wp","href":"https:\/\/api.w.org\/{rel}","templated":true}]}}