{"id":6015,"date":"2023-02-01T13:48:20","date_gmt":"2023-02-01T13:48:20","guid":{"rendered":"https:\/\/moverdb.com\/?page_id=6015"},"modified":"2026-01-08T15:29:16","modified_gmt":"2026-01-08T15:29:16","slug":"flyttefirmaer-costa-rica","status":"publish","type":"page","link":"https:\/\/moverdb.com\/da\/moving-companies\/moving-companies-costa-rica\/","title":{"rendered":"6 bedste internationale flyttefirmaer i Costa Rica"},"content":{"rendered":"<p>Skal du flytte til eller fra <a href=\"https:\/\/moverdb.com\/da\/moving-to-costa-rica\/\" data-internallinksmanager029f6b8e52c=\"427\" title=\"Flytter du til Costa Rica? 2026 Leveomkostninger og tips til flytning\">Costa Rica<\/a>eller flytte inden for Costa Rica? S\u00e5 er du m\u00e5ske interesseret i at f\u00e5 hj\u00e6lp til at flytte alle dine ejendele, da det kan v\u00e6re komplekst, is\u00e6r hvis du flytter til et andet land. Nedenfor har vi samlet en liste over costaricanske <a href=\"https:\/\/moverdb.com\/da\/international-removals\/\" data-internallinksmanager029f6b8e52c=\"27\" title=\"De 36 bedste internationale flyttefirmaer i Storbritannien\">flyttefirmaer<\/a> der er medlemmer af den <a href=\"https:\/\/moverdb.com\/da\/iam\/\" data-internallinksmanager029f6b8e52c=\"23\" title=\"International Association of Movers (IAM) Forklaret\">Den internationale sammenslutning af flyttefirmaer<\/a> (IAM) og\/eller <a href=\"https:\/\/moverdb.com\/da\/fidi-faim\/\" data-internallinksmanager029f6b8e52c=\"16\" title=\"FIDI &amp; FAIM (FIDI Accredited International Mover) forklaret\">FIDI<\/a> akkrediteret international flyttevirksomhed (FAIM), som kan hj\u00e6lpe dig.<\/p>\n<div id=\"ez-toc-container\" class=\"ez-toc-v2_0_82_2 ez-toc-wrap-left counter-hierarchy ez-toc-counter ez-toc-transparent ez-toc-container-direction\">\n<div class=\"ez-toc-title-container\">\n<p class=\"ez-toc-title\" style=\"cursor:inherit\">Sektioner<\/p>\n<span class=\"ez-toc-title-toggle\"><a href=\"#\" class=\"ez-toc-pull-right ez-toc-btn ez-toc-btn-xs ez-toc-btn-default ez-toc-toggle\" aria-label=\"Toggle indholdsfortegnelse\"><span class=\"ez-toc-js-icon-con\"><span class=\"\"><span class=\"eztoc-hide\" style=\"display:none;\">Toggle<\/span><span class=\"ez-toc-icon-toggle-span\"><svg style=\"fill: #999;color:#999\" xmlns=\"http:\/\/www.w3.org\/2000\/svg\" class=\"list-377408\" width=\"20px\" height=\"20px\" viewbox=\"0 0 24 24\" fill=\"none\"><path d=\"M6 6H4v2h2V6zm14 0H8v2h12V6zM4 11h2v2H4v-2zm16 0H8v2h12v-2zM4 16h2v2H4v-2zm16 0H8v2h12v-2z\" fill=\"currentColor\"><\/path><\/svg><svg style=\"fill: #999;color:#999\" class=\"arrow-unsorted-368013\" xmlns=\"http:\/\/www.w3.org\/2000\/svg\" width=\"10px\" height=\"10px\" viewbox=\"0 0 24 24\" version=\"1.2\" baseprofile=\"tiny\"><path d=\"M18.2 9.3l-6.2-6.3-6.2 6.3c-.2.2-.3.4-.3.7s.1.5.3.7c.2.2.4.3.7.3h11c.3 0 .5-.1.7-.3.2-.2.3-.5.3-.7s-.1-.5-.3-.7zM5.8 14.7l6.2 6.3 6.2-6.3c.2-.2.3-.5.3-.7s-.1-.5-.3-.7c-.2-.2-.4-.3-.7-.3h-11c-.3 0-.5.1-.7.3-.2.2-.3.5-.3.7s.1.5.3.7z\"\/><\/svg><\/span><\/span><\/span><\/a><\/span><\/div>\n<nav><ul class='ez-toc-list ez-toc-list-level-1 eztoc-toggle-hide-by-default' ><li class='ez-toc-page-1 ez-toc-heading-level-2'><a class=\"ez-toc-link ez-toc-heading-1\" href=\"https:\/\/moverdb.com\/da\/moving-companies\/moving-companies-costa-rica\/#1_Allianz_Moving\" >1. Allianz Moving<\/a><\/li><li class='ez-toc-page-1 ez-toc-heading-level-2'><a class=\"ez-toc-link ez-toc-heading-2\" href=\"https:\/\/moverdb.com\/da\/moving-companies\/moving-companies-costa-rica\/#2_Gateway_Moving_and_Relocation\" >2. Gateway Flytning og flytning<\/a><\/li><li class='ez-toc-page-1 ez-toc-heading-level-2'><a class=\"ez-toc-link ez-toc-heading-3\" href=\"https:\/\/moverdb.com\/da\/moving-companies\/moving-companies-costa-rica\/#3_Inter_Moves_SG_Global\" >3. Inter Moves SG Global<\/a><\/li><li class='ez-toc-page-1 ez-toc-heading-level-2'><a class=\"ez-toc-link ez-toc-heading-4\" href=\"https:\/\/moverdb.com\/da\/moving-companies\/moving-companies-costa-rica\/#4_Mudanzas_Mundiales\" >4. Mudanzas Mundiales<\/a><\/li><li class='ez-toc-page-1 ez-toc-heading-level-2'><a class=\"ez-toc-link ez-toc-heading-5\" href=\"https:\/\/moverdb.com\/da\/moving-companies\/moving-companies-costa-rica\/#5_Multimodal\" >5. Multimodal<\/a><\/li><li class='ez-toc-page-1 ez-toc-heading-level-2'><a class=\"ez-toc-link ez-toc-heading-6\" href=\"https:\/\/moverdb.com\/da\/moving-companies\/moving-companies-costa-rica\/#6_Winmovers\" >6. Winmovers<\/a><\/li><li class='ez-toc-page-1 ez-toc-heading-level-2'><a class=\"ez-toc-link ez-toc-heading-7\" href=\"https:\/\/moverdb.com\/da\/moving-companies\/moving-companies-costa-rica\/#Other_Useful_Guides_to_Costa_Rica\" >Andre nyttige guider til Costa Rica<\/a><\/li><\/ul><\/nav><\/div>\n<h2><span class=\"ez-toc-section\" id=\"1_Allianz_Moving\"><\/span><strong>1. Allianz Moving<\/strong><span class=\"ez-toc-section-end\"><\/span><\/h2>\n<p><img loading=\"lazy\" decoding=\"async\" class=\"alignnone size-full wp-image-5925\" src=\"https:\/\/moverdb.com\/wp-content\/uploads\/Allianz-Moving-international-moving-company.png\" alt=\"Allianz Moving international flyttevirksomhed\" width=\"1440\" height=\"684\" data-wp-pid=\"5925\" srcset=\"https:\/\/moverdb.com\/wp-content\/uploads\/Allianz-Moving-international-moving-company.png 1440w, https:\/\/moverdb.com\/wp-content\/uploads\/Allianz-Moving-international-moving-company-300x143.png 300w, https:\/\/moverdb.com\/wp-content\/uploads\/Allianz-Moving-international-moving-company-1024x486.png 1024w, https:\/\/moverdb.com\/wp-content\/uploads\/Allianz-Moving-international-moving-company-18x9.png 18w, https:\/\/moverdb.com\/wp-content\/uploads\/Allianz-Moving-international-moving-company-600x285.png 600w\" sizes=\"auto, (max-width: 1440px) 100vw, 1440px\" \/><\/p>\n<ul>\n<li>Lokale og nationale flytninger<\/li>\n<li>Internationale flytninger<\/li>\n<li>Flytningstjenester<\/li>\n<li>Flytning af boliger<\/li>\n<li>Flytning af kontorer<\/li>\n<li>Emballage service<\/li>\n<li>Forsikring<\/li>\n<li>Flytning af k\u00e6ledyr<\/li>\n<li><a href=\"https:\/\/moverdb.com\/da\/car-transport-shipping\/\" data-internallinksmanager029f6b8e52c=\"2\" title=\"2026 tilbud p\u00e5 international biltransport og forsendelse af k\u00f8ret\u00f8jer\">Transport af biler<\/a><\/li>\n<li>Opbevaringsfaciliteter<\/li>\n<\/ul>\n<p>Allianz Moving er en leverand\u00f8r af internationale flytningsl\u00f8sninger med over 20 \u00e5rs erfaring med lokale flytninger og globale flytninger. De tilbyder internationale flytninger gennem deres globale netv\u00e6rk af flyttepartnere. De er medlem af IAM med 7 \u00e5rs erfaring.<\/p>\n<p>Allianz Moving tilbyder en unders\u00f8gelse f\u00f8r flytning for at vurdere dine behov og give et tilbud. De vil tilbyde dig en pakningsservice, der beskytter dine ejendele og arrangerer transporten af dine ejendele, herunder toldklarering. De tilbyder ogs\u00e5 yderligere internationale flyttetjenester for k\u00e6ledyr og biler samt kort- og langtidsopbevaring.<\/p>\n<p>Hjemmeside: <a href=\"http:\/\/www.allianzmoving.com\" target=\"_blank\" rel=\"noopener\">http:\/\/www.allianzmoving.com<\/a><\/p>\n<h2><span class=\"ez-toc-section\" id=\"2_Gateway_Moving_and_Relocation\"><\/span><strong>2. Gateway Flytning og flytning<\/strong><span class=\"ez-toc-section-end\"><\/span><\/h2>\n<p><img loading=\"lazy\" decoding=\"async\" class=\"alignnone size-full wp-image-5949\" src=\"https:\/\/moverdb.com\/wp-content\/uploads\/Gateway-Moving-and-Relocation-international-moving-company.png\" alt=\"Gateway Moving and Relocation international flyttevirksomhed\" width=\"1440\" height=\"683\" data-wp-pid=\"5949\" srcset=\"https:\/\/moverdb.com\/wp-content\/uploads\/Gateway-Moving-and-Relocation-international-moving-company.png 1440w, https:\/\/moverdb.com\/wp-content\/uploads\/Gateway-Moving-and-Relocation-international-moving-company-300x142.png 300w, https:\/\/moverdb.com\/wp-content\/uploads\/Gateway-Moving-and-Relocation-international-moving-company-1024x486.png 1024w, https:\/\/moverdb.com\/wp-content\/uploads\/Gateway-Moving-and-Relocation-international-moving-company-18x9.png 18w, https:\/\/moverdb.com\/wp-content\/uploads\/Gateway-Moving-and-Relocation-international-moving-company-600x285.png 600w\" sizes=\"auto, (max-width: 1440px) 100vw, 1440px\" \/><\/p>\n<ul>\n<li>Lokale og nationale flytninger<\/li>\n<li>Internationale flytninger<\/li>\n<li>Flytning af boliger<\/li>\n<li>Flytning af industri- og kontorlokaler<\/li>\n<li>Skr\u00e6ddersyede flyttepakker<\/li>\n<li>Emballage og kasseringsarbejde<\/li>\n<li>Udstyr af h\u00f8j kvalitet<\/li>\n<li>Toldm\u00e6glervirksomhed<\/li>\n<li>Forsendelse af k\u00f8ret\u00f8jer<\/li>\n<li>Opbevaringsfaciliteter<\/li>\n<\/ul>\n<p>Gateway Moving and Relocation er et familieejet flytte- og relocationfirma, der er baseret i <a href=\"https:\/\/moverdb.com\/da\/moving-to-san-jose\/\" data-internallinksmanager029f6b8e52c=\"64\" title=\"Flytter du til San Jose? 2022 Leveomkostninger og flyttetips\">San Jose<\/a> med et kontor i <a href=\"https:\/\/moverdb.com\/da\/moving-companies\/moving-companies-nicaragua\/\" data-internallinksmanager029f6b8e52c=\"278\" title=\"Bedste internationale flyttefirmaer i Nicaragua\">Nicaragua<\/a>. De samarbejder med andre flytteagenter rundt om i verden for at levere en international service. De er medlem af IAM og har 6 \u00e5rs erfaring.<\/p>\n<p>Gateway Moving and Relocation tilbyder personlige flyttepakker, der er skr\u00e6ddersyet til dine behov. De tilbyder en pakningsservice, der beskytter dine genstande under transporten, herunder alt fra fine <a href=\"https:\/\/moverdb.com\/da\/moving-to-china\/\" data-internallinksmanager029f6b8e52c=\"357\" title=\"Flytter du til Kina? 2026 Leveomkostninger og tips til flytning\">porcel\u00e6n<\/a> til musikinstrumenter og volumin\u00f8se m\u00f8bler. De tilbyder toldformidling, biltransport og opbevaring enten f\u00f8r eller efter din flytning.<\/p>\n<p>Hjemmeside: <a href=\"https:\/\/www.gatewaymovingcr.com\" target=\"_blank\" rel=\"noopener\">https:\/\/www.gatewaymovingcr.com<\/a><\/p>\n<h2><span class=\"ez-toc-section\" id=\"3_Inter_Moves_SG_Global\"><\/span><strong>3. Inter Moves SG Global<\/strong><span class=\"ez-toc-section-end\"><\/span><\/h2>\n<p><img loading=\"lazy\" decoding=\"async\" class=\"alignnone size-full wp-image-5959\" src=\"https:\/\/moverdb.com\/wp-content\/uploads\/Inter-Moves-SG-Global-international-moving-company.png\" alt=\"Inter Moves SG Global international flyttevirksomhed\" width=\"1440\" height=\"684\" data-wp-pid=\"5959\" srcset=\"https:\/\/moverdb.com\/wp-content\/uploads\/Inter-Moves-SG-Global-international-moving-company.png 1440w, https:\/\/moverdb.com\/wp-content\/uploads\/Inter-Moves-SG-Global-international-moving-company-300x143.png 300w, https:\/\/moverdb.com\/wp-content\/uploads\/Inter-Moves-SG-Global-international-moving-company-1024x486.png 1024w, https:\/\/moverdb.com\/wp-content\/uploads\/Inter-Moves-SG-Global-international-moving-company-18x9.png 18w, https:\/\/moverdb.com\/wp-content\/uploads\/Inter-Moves-SG-Global-international-moving-company-600x285.png 600w\" sizes=\"auto, (max-width: 1440px) 100vw, 1440px\" \/><\/p>\n<ul>\n<li>Lokale og nationale flytninger<\/li>\n<li>Internationale flytninger<\/li>\n<li>Flytning af husholdninger<\/li>\n<li>Flytning af kontorer<\/li>\n<li>Emballeringstjenester<\/li>\n<li>Toldm\u00e6gler<\/li>\n<li>Flytning af antikviteter og kunstv\u00e6rker<\/li>\n<li>Transport af k\u00f8ret\u00f8jer<\/li>\n<li>Forsikringsmuligheder<\/li>\n<li>Opbevaringsfaciliteter<\/li>\n<\/ul>\n<p>Inter Moves SG Global er en udbyder af spedition og internationale flytninger, der blev grundlagt i 2001. De tilbyder lokale, nationale og internationale flyttetjenester for b\u00e5de husholdninger og kontorer. De er medlem af IAM med 21 \u00e5rs erfaring.<\/p>\n<p>Inter Moves SG Global tilbyder en professionel flyttetjeneste, der pakker dine ejendele og s\u00f8rger for at l\u00e6sse dem i containere og kasser samt transport til din destination, herunder toldformidling. De tilbyder forsikringsm\u00e6gling for at finde den bedste forsikringsd\u00e6kning til din flytning. De tilbyder endda et Bed &amp; Breakfast Hotel til dem, der flytter og har brug for midlertidig indkvartering.<\/p>\n<p>Hjemmeside: <a href=\"http:\/\/www.InterMoves-SGCR.com\" target=\"_blank\" rel=\"noopener\">http:\/\/www.InterMoves-SGCR.com<\/a><\/p>\n<h2><span class=\"ez-toc-section\" id=\"4_Mudanzas_Mundiales\"><\/span><strong>4. Mudanzas Mundiales<\/strong><span class=\"ez-toc-section-end\"><\/span><\/h2>\n<p><img loading=\"lazy\" decoding=\"async\" class=\"alignnone size-full wp-image-5981\" src=\"https:\/\/moverdb.com\/wp-content\/uploads\/Mudanzas-Mundiales-international-moving-company.png\" alt=\"Mudanzas Mundiales international flyttevirksomhed\" width=\"1440\" height=\"680\" data-wp-pid=\"5981\" srcset=\"https:\/\/moverdb.com\/wp-content\/uploads\/Mudanzas-Mundiales-international-moving-company.png 1440w, https:\/\/moverdb.com\/wp-content\/uploads\/Mudanzas-Mundiales-international-moving-company-300x142.png 300w, https:\/\/moverdb.com\/wp-content\/uploads\/Mudanzas-Mundiales-international-moving-company-1024x484.png 1024w, https:\/\/moverdb.com\/wp-content\/uploads\/Mudanzas-Mundiales-international-moving-company-18x9.png 18w, https:\/\/moverdb.com\/wp-content\/uploads\/Mudanzas-Mundiales-international-moving-company-600x283.png 600w\" sizes=\"auto, (max-width: 1440px) 100vw, 1440px\" \/><\/p>\n<ul>\n<li>Internationale flytninger<\/li>\n<li>Flytning af boliger<\/li>\n<li>Kommercielle flytninger<\/li>\n<li>Flytningstjenester<\/li>\n<li>Professionel pakningsservice<\/li>\n<li>Transport til lands, til vands eller i luften<\/li>\n<li>Toldm\u00e6gler<\/li>\n<li>Transport af kunstv\u00e6rker<\/li>\n<li>Transport af k\u00e6ledyr<\/li>\n<li>Opbevaringsfaciliteter<\/li>\n<\/ul>\n<p>Mudanzas Mundiales er en flyttevirksomhed med over 60 \u00e5rs erfaring inden for integreret logistik og international handel. De har kontorer i San Jose og Nicaragua. De er medlem af IAM med 53 \u00e5rs erfaring og er akkrediteret af FIDI.<\/p>\n<p>Mudanzas Mundiales tilbyder en personlig tilgang til flytninger med en d\u00f8r-til-d\u00f8r-service, der omfatter en pakningsservice med materialer af h\u00f8jeste kvalitet til udpakning og opstilling af m\u00f8bler. De s\u00f8rger for transport til lands, til vands eller med fly med toldformidling og forsikring. Deres flytningstjenester hj\u00e6lper dig med orientering, med at finde et hjem og en skole, med ankomsttjenester og med sprog- og kulturtr\u00e6ning.<\/p>\n<p>Hjemmeside: <a href=\"http:\/\/mudanzasmundiales.com\" target=\"_blank\" rel=\"noopener\">http:\/\/mudanzasmundiales.com<\/a><\/p>\n<h2><span class=\"ez-toc-section\" id=\"5_Multimodal\"><\/span><strong>5. Multimodal<\/strong><span class=\"ez-toc-section-end\"><\/span><\/h2>\n<p><img loading=\"lazy\" decoding=\"async\" class=\"alignnone size-full wp-image-5984\" src=\"https:\/\/moverdb.com\/wp-content\/uploads\/Multimodal-international-moving-company.png\" alt=\"Multimodal international flyttevirksomhed\" width=\"1440\" height=\"680\" data-wp-pid=\"5984\" srcset=\"https:\/\/moverdb.com\/wp-content\/uploads\/Multimodal-international-moving-company.png 1440w, https:\/\/moverdb.com\/wp-content\/uploads\/Multimodal-international-moving-company-300x142.png 300w, https:\/\/moverdb.com\/wp-content\/uploads\/Multimodal-international-moving-company-1024x484.png 1024w, https:\/\/moverdb.com\/wp-content\/uploads\/Multimodal-international-moving-company-18x9.png 18w, https:\/\/moverdb.com\/wp-content\/uploads\/Multimodal-international-moving-company-600x283.png 600w\" sizes=\"auto, (max-width: 1440px) 100vw, 1440px\" \/><\/p>\n<ul>\n<li>Internationale flytninger<\/li>\n<li>Flytning af boliger<\/li>\n<li>Flytning af kontorer<\/li>\n<li>H\u00e5ndtering og overv\u00e5gning af forsendelser<\/li>\n<li>Transport til lands, til vands og i luften<\/li>\n<li>Toldm\u00e6glervirksomhed<\/li>\n<li>Forsikring af fragt<\/li>\n<li>Transport af k\u00e6ledyr<\/li>\n<li>Transport af k\u00f8ret\u00f8jer<\/li>\n<li>Opbevaringsfaciliteter<\/li>\n<\/ul>\n<p>Multimodal er en specialiseret leverand\u00f8r af international handel og told, der tilbyder flyttetjenester i Costa Rica og Nicaragua. Virksomheden blev grundlagt i 1999 og tilb\u00f8d f\u00f8rst og fremmest luftfragt, men har udvidet sit udbud til at omfatte alle transportmidler. De er medlem af IAM med 37 \u00e5rs erfaring, og de arbejder sammen med andre agenturer for at levere deres tjenester internationalt.<\/p>\n<p>Multimodal tilbyder en sikker og p\u00e5lidelig flyttetjeneste uden komplikationer og un\u00f8dvendige omkostninger. De tilbyder professionel emballage til sikker transport af dine ejendele, og de arrangerer transport til lands, til vands eller i luften sammen med toldformidling.<\/p>\n<p>Hjemmeside: <a href=\"http:\/\/www.multimodalcr.com\" target=\"_blank\" rel=\"noopener\">http:\/\/www.multimodalcr.com<\/a><\/p>\n<h2><span class=\"ez-toc-section\" id=\"6_Winmovers\"><\/span><strong>6. Winmovers<\/strong><span class=\"ez-toc-section-end\"><\/span><\/h2>\n<p><img loading=\"lazy\" decoding=\"async\" class=\"alignnone size-full wp-image-6016\" src=\"https:\/\/moverdb.com\/wp-content\/uploads\/Winmovers-international-moving-company.png\" alt=\"Winmovers internationale flyttefirma\" width=\"1440\" height=\"678\" data-wp-pid=\"6016\" srcset=\"https:\/\/moverdb.com\/wp-content\/uploads\/Winmovers-international-moving-company.png 1440w, https:\/\/moverdb.com\/wp-content\/uploads\/Winmovers-international-moving-company-300x141.png 300w, https:\/\/moverdb.com\/wp-content\/uploads\/Winmovers-international-moving-company-1024x482.png 1024w, https:\/\/moverdb.com\/wp-content\/uploads\/Winmovers-international-moving-company-18x8.png 18w, https:\/\/moverdb.com\/wp-content\/uploads\/Winmovers-international-moving-company-600x283.png 600w\" sizes=\"auto, (max-width: 1440px) 100vw, 1440px\" \/><\/p>\n<ul>\n<li>Lokale og nationale flytninger<\/li>\n<li>Internationale flytninger<\/li>\n<li>Flytning af husholdninger<\/li>\n<li>Forretningsflytninger<\/li>\n<li>D\u00f8r-til-d\u00f8r-service<\/li>\n<li>Professionel pakningsservice<\/li>\n<li>Industriel emballage<\/li>\n<li>Land-, luft- og s\u00f8transport<\/li>\n<li>Specialiserede genstande som klaver og computerudstyr<\/li>\n<li>En alsidig fl\u00e5de af lastbiler<\/li>\n<\/ul>\n<p>Winmovers er en leverand\u00f8r af internationale og lokale flyttetjenester, der blev grundlagt i 2003. De er medlem af IAM med 19 \u00e5rs erfaring og er akkrediteret af FIDI. De har en bred og forskelligartet fl\u00e5de af lastbiler, der opfylder en r\u00e6kke forskellige transportbehov.<\/p>\n<p>Winmovers tilbyder en d\u00f8r-til-d\u00f8r-service, der omfatter en professionel pakningsservice leveret af uddannet personale, som beskytter dine ejendele med en r\u00e6kke emballagematerialer s\u00e5som kasser, dyner og t\u00e6pper. De fremstiller ogs\u00e5 deres egne certificerede tr\u00e6kasser. De organiserer forsendelsen af dine ejendele til lands, i luften eller til s\u00f8s.<\/p>\n<p>Hjemmeside: <a href=\"http:\/\/www.winmovers.com\" target=\"_blank\" rel=\"noopener\">http:\/\/www.winmovers.com<\/a><\/p>\n<h2><span class=\"ez-toc-section\" id=\"Other_Useful_Guides_to_Costa_Rica\"><\/span>Andre nyttige guider til Costa Rica<span class=\"ez-toc-section-end\"><\/span><\/h2>\n<ul>\n<li> <a href=\"https:\/\/moverdb.com\/da\/containerforsendelse\/costa-rica\/\">2024 Priser for s\u00f8fragt af containere til og fra Costa Rica<\/a><\/li>\n<li> <a href=\"https:\/\/moverdb.com\/da\/moving-to-costa-rica\/\">Flytter du til Costa Rica? 2026 Leveomkostninger og tips til flytning<\/a><\/li>\n<li> <a href=\"https:\/\/moverdb.com\/da\/moving-to-costa-rica\/living-in-costa-rica\/\">21 hemmeligheder om at bo i Costa Rica, som du b\u00f8r kende, f\u00f8r du flytter<\/a><\/li>\n<\/ul>","protected":false},"excerpt":{"rendered":"<p>Are you moving to or from Costa Rica, or moving within Costa Rica? Then you might be interested in some help moving all of your belongings as it can be complex especially if you are moving countries. Below we have compiled a list of Costa Rican removal companies that are members of the International Association [&hellip;]<\/p>\n","protected":false},"author":4,"featured_media":0,"parent":190,"menu_order":0,"comment_status":"closed","ping_status":"closed","template":"","meta":{"_genesis_hide_title":false,"_genesis_hide_breadcrumbs":false,"_genesis_hide_singular_image":false,"_genesis_hide_footer_widgets":false,"_genesis_custom_body_class":"","_genesis_custom_post_class":"","_genesis_layout":"","footnotes":""},"class_list":{"0":"post-6015","1":"page","2":"type-page","3":"status-publish","5":"entry","6":"has-post-thumbnail"},"_links":{"self":[{"href":"https:\/\/moverdb.com\/da\/wp-json\/wp\/v2\/pages\/6015","targetHints":{"allow":["GET"]}}],"collection":[{"href":"https:\/\/moverdb.com\/da\/wp-json\/wp\/v2\/pages"}],"about":[{"href":"https:\/\/moverdb.com\/da\/wp-json\/wp\/v2\/types\/page"}],"author":[{"embeddable":true,"href":"https:\/\/moverdb.com\/da\/wp-json\/wp\/v2\/users\/4"}],"replies":[{"embeddable":true,"href":"https:\/\/moverdb.com\/da\/wp-json\/wp\/v2\/comments?post=6015"}],"version-history":[{"count":2,"href":"https:\/\/moverdb.com\/da\/wp-json\/wp\/v2\/pages\/6015\/revisions"}],"predecessor-version":[{"id":18296,"href":"https:\/\/moverdb.com\/da\/wp-json\/wp\/v2\/pages\/6015\/revisions\/18296"}],"up":[{"embeddable":true,"href":"https:\/\/moverdb.com\/da\/wp-json\/wp\/v2\/pages\/190"}],"wp:attachment":[{"href":"https:\/\/moverdb.com\/da\/wp-json\/wp\/v2\/media?parent=6015"}],"curies":[{"name":"wp","href":"https:\/\/api.w.org\/{rel}","templated":true}]}}