{"id":5631,"date":"2022-11-28T15:27:20","date_gmt":"2022-11-28T15:27:20","guid":{"rendered":"https:\/\/moverdb.com\/?page_id=5631"},"modified":"2026-01-08T13:18:59","modified_gmt":"2026-01-08T13:18:59","slug":"stress-free-move","status":"publish","type":"page","link":"https:\/\/moverdb.com\/da\/stress-free-move\/","title":{"rendered":"S\u00e5dan g\u00f8r du din internationale flytning stressfri"},"content":{"rendered":"<p><span style=\"font-weight: 400;\">At flytte til udlandet er helt sikkert en sp\u00e6ndende tid, fyldt med mange blandede f\u00f8lelser, men hvis du nogensinde har skullet flytte hjem f\u00f8r, ved du, at det er alt andet end en afslappende og behagelig oplevelse. <\/span><\/p>\n<p><span style=\"font-weight: 400;\">Mens en flytning i dit eget land til tider kan v\u00e6re overv\u00e6ldende, kan du kun forestille dig, hvor sv\u00e6rt det vil v\u00e6re at flytte internationalt.<\/span><\/p>\n<p><img loading=\"lazy\" decoding=\"async\" class=\"aligncenter size-full wp-image-5632\" src=\"https:\/\/moverdb.com\/wp-content\/uploads\/stress-free-move.jpg\" alt=\"Stressfri flytning\" width=\"1000\" height=\"667\" data-wp-pid=\"5632\" srcset=\"https:\/\/moverdb.com\/wp-content\/uploads\/stress-free-move.jpg 1000w, https:\/\/moverdb.com\/wp-content\/uploads\/stress-free-move-300x200.jpg 300w, https:\/\/moverdb.com\/wp-content\/uploads\/stress-free-move-18x12.jpg 18w, https:\/\/moverdb.com\/wp-content\/uploads\/stress-free-move-600x400.jpg 600w\" sizes=\"auto, (max-width: 1000px) 100vw, 1000px\" \/><\/p>\n<p><span style=\"font-weight: 400;\">Du skal ikke kun tage dig af de s\u00e6dvanlige flytteprocedurer, men der er flere andre procedurer, som kan g\u00f8re hele denne oplevelse ret nervepirrende og angstprovokerende.&nbsp;<\/span><\/p>\n<p><span style=\"font-weight: 400;\">Det er helt forst\u00e5eligt at f\u00f8le sig stresset og overv\u00e6ldet til tider, men s\u00e5 l\u00e6nge du er godt forberedt og organiseret, har tid nok og starter tidligt, kan du hj\u00e6lpe dig selv med at overvinde frustrationen og g\u00f8re flytteoplevelsen s\u00e5 gnidningsl\u00f8s som muligt.&nbsp;<\/span><\/p>\n<p><span style=\"font-weight: 400;\">Ejendomseksperter fra<\/span><span style=\"font-weight: 400;\"><a href=\"http:\/\/www.housesalesdirect.com\/\" target=\"_blank\" rel=\"noopener\"> House Sales Direct <\/a>har unders\u00f8gt, hvordan vi kan sikre, at din internationale flytning af hus bliver gennemf\u00f8rt p\u00e5 en effektiv og stressfri m\u00e5de, samtidig med at vi ogs\u00e5 tager os af yderligere faktorer som immigration, forsendelse p\u00e5 tv\u00e6rs af landegr\u00e6nser og told. <\/span><\/p>\n<p><span style=\"font-weight: 400;\">En klar og solid tjekliste vil hj\u00e6lpe dig med at g\u00f8re den lidt kaotiske flytteproces til en smertefri proces.&nbsp;<\/span><\/p>\n<div id=\"ez-toc-container\" class=\"ez-toc-v2_0_82_2 ez-toc-wrap-left counter-hierarchy ez-toc-counter ez-toc-transparent ez-toc-container-direction\">\n<div class=\"ez-toc-title-container\">\n<p class=\"ez-toc-title\" style=\"cursor:inherit\">Sektioner<\/p>\n<span class=\"ez-toc-title-toggle\"><a href=\"#\" class=\"ez-toc-pull-right ez-toc-btn ez-toc-btn-xs ez-toc-btn-default ez-toc-toggle\" aria-label=\"Toggle indholdsfortegnelse\"><span class=\"ez-toc-js-icon-con\"><span class=\"\"><span class=\"eztoc-hide\" style=\"display:none;\">Toggle<\/span><span class=\"ez-toc-icon-toggle-span\"><svg style=\"fill: #999;color:#999\" xmlns=\"http:\/\/www.w3.org\/2000\/svg\" class=\"list-377408\" width=\"20px\" height=\"20px\" viewbox=\"0 0 24 24\" fill=\"none\"><path d=\"M6 6H4v2h2V6zm14 0H8v2h12V6zM4 11h2v2H4v-2zm16 0H8v2h12v-2zM4 16h2v2H4v-2zm16 0H8v2h12v-2z\" fill=\"currentColor\"><\/path><\/svg><svg style=\"fill: #999;color:#999\" class=\"arrow-unsorted-368013\" xmlns=\"http:\/\/www.w3.org\/2000\/svg\" width=\"10px\" height=\"10px\" viewbox=\"0 0 24 24\" version=\"1.2\" baseprofile=\"tiny\"><path d=\"M18.2 9.3l-6.2-6.3-6.2 6.3c-.2.2-.3.4-.3.7s.1.5.3.7c.2.2.4.3.7.3h11c.3 0 .5-.1.7-.3.2-.2.3-.5.3-.7s-.1-.5-.3-.7zM5.8 14.7l6.2 6.3 6.2-6.3c.2-.2.3-.5.3-.7s-.1-.5-.3-.7c-.2-.2-.4-.3-.7-.3h-11c-.3 0-.5.1-.7.3-.2.2-.3.5-.3.7s.1.5.3.7z\"\/><\/svg><\/span><\/span><\/span><\/a><\/span><\/div>\n<nav><ul class='ez-toc-list ez-toc-list-level-1 eztoc-toggle-hide-by-default' ><li class='ez-toc-page-1 ez-toc-heading-level-2'><a class=\"ez-toc-link ez-toc-heading-1\" href=\"https:\/\/moverdb.com\/da\/stress-free-move\/#Plan_In_Advance\" >Planl\u00e6g p\u00e5 forh\u00e5nd<\/a><\/li><li class='ez-toc-page-1 ez-toc-heading-level-2'><a class=\"ez-toc-link ez-toc-heading-2\" href=\"https:\/\/moverdb.com\/da\/stress-free-move\/#Sort_Out_Immigration\" >F\u00e5 styr p\u00e5 indvandringen<\/a><\/li><li class='ez-toc-page-1 ez-toc-heading-level-2'><a class=\"ez-toc-link ez-toc-heading-3\" href=\"https:\/\/moverdb.com\/da\/stress-free-move\/#Get_Your_Documents_Ready\" >G\u00f8r dine dokumenter klar<\/a><\/li><li class='ez-toc-page-1 ez-toc-heading-level-2'><a class=\"ez-toc-link ez-toc-heading-4\" href=\"https:\/\/moverdb.com\/da\/stress-free-move\/#Sort_Out_Your_Finances\" >F\u00e5 styr p\u00e5 din \u00f8konomi<\/a><\/li><li class='ez-toc-page-1 ez-toc-heading-level-2'><a class=\"ez-toc-link ez-toc-heading-5\" href=\"https:\/\/moverdb.com\/da\/stress-free-move\/#Research_International_Moving_Companies\" >Unders\u00f8gelse af internationale flyttefirmaer<\/a><\/li><li class='ez-toc-page-1 ez-toc-heading-level-2'><a class=\"ez-toc-link ez-toc-heading-6\" href=\"https:\/\/moverdb.com\/da\/stress-free-move\/#Make_a_Packing_Checklist\" >Lav en tjekliste for pakning<\/a><\/li><li class='ez-toc-page-1 ez-toc-heading-level-2'><a class=\"ez-toc-link ez-toc-heading-7\" href=\"https:\/\/moverdb.com\/da\/stress-free-move\/#Reach_Out_To_Providers\" >Kontakt udbyderne<\/a><\/li><li class='ez-toc-page-1 ez-toc-heading-level-2'><a class=\"ez-toc-link ez-toc-heading-8\" href=\"https:\/\/moverdb.com\/da\/stress-free-move\/#Familiarise_Yourself_With_The_Culture\" >G\u00f8r dig bekendt med kulturen<\/a><\/li><li class='ez-toc-page-1 ez-toc-heading-level-2'><a class=\"ez-toc-link ez-toc-heading-9\" href=\"https:\/\/moverdb.com\/da\/stress-free-move\/#In_Conclusion\" >Konklusion<\/a><\/li><\/ul><\/nav><\/div>\n<h2><span class=\"ez-toc-section\" id=\"Plan_In_Advance\"><\/span><b>Planl\u00e6g p\u00e5 forh\u00e5nd<\/b><span class=\"ez-toc-section-end\"><\/span><\/h2>\n<p><span style=\"font-weight: 400;\">International flytning er en ret langvarig proces, og hvis der ikke er tid nok til planl\u00e6gning og forberedelse, vil tidsgr\u00e6nserne v\u00e6re en af de ting, som vil for\u00e5rsage stress og angst. <\/span><\/p>\n<p><span style=\"font-weight: 400;\">Jo tidligere du starter, jo nemmere er det at sikre, at alting bliver ordnet rettidigt, at eventuelle udfordringer eller uventede problemer h\u00e5ndteres roligt og effektivt, og endelig at du aldrig beh\u00f8ver at skynde dig noget.&nbsp;<\/span><\/p>\n<p><span style=\"font-weight: 400;\">Organisering er n\u00f8glen, og derfor vil denne liste over ting, du skal overveje og forberede, v\u00e6re en nyttig vejledning, som du kan vende tilbage til, n\u00e5r du f\u00f8ler dig fortabt eller overv\u00e6ldet af opgaver. <\/span><\/p>\n<p><span style=\"font-weight: 400;\">Hvis du forvalter din tid effektivt, vil du undg\u00e5 un\u00f8dig stress og f\u00e5 tillid og tryghed ved at vide, at du har tid nok til at finde ud af det hele. Vi foresl\u00e5r, at du laver en detaljeret to-do-liste, som hj\u00e6lper dig med at holde styr p\u00e5 dine fremskridt og minder dig om, hvad der skal g\u00f8res n\u00e6ste gang.&nbsp;<\/span><\/p>\n<h2><span class=\"ez-toc-section\" id=\"Sort_Out_Immigration\"><\/span><b>F\u00e5 styr p\u00e5 indvandringen<\/b><span class=\"ez-toc-section-end\"><\/span><\/h2>\n<p><span style=\"font-weight: 400;\">Der er meget involveret i immigrationsprocessen, lige fra juridisk dokumentation, vaccinationskrav og landespecifikke love, som du skal overholde. Det er en kompleks og langvarig proces, som du enten selv kan unders\u00f8ge eller spare dig selv for besv\u00e6ret og hyre en indvandringsekspert, som vil hj\u00e6lpe dig med at vejlede dig hele vejen igennem.<\/span><\/p>\n<p><img loading=\"lazy\" decoding=\"async\" class=\"aligncenter size-full wp-image-5633\" src=\"https:\/\/moverdb.com\/wp-content\/uploads\/immigration-residence.jpg\" alt=\"\" width=\"1000\" height=\"667\" data-wp-pid=\"5633\" srcset=\"https:\/\/moverdb.com\/wp-content\/uploads\/immigration-residence.jpg 1000w, https:\/\/moverdb.com\/wp-content\/uploads\/immigration-residence-300x200.jpg 300w, https:\/\/moverdb.com\/wp-content\/uploads\/immigration-residence-18x12.jpg 18w, https:\/\/moverdb.com\/wp-content\/uploads\/immigration-residence-600x400.jpg 600w\" sizes=\"auto, (max-width: 1000px) 100vw, 1000px\" \/><\/p>\n<p><span style=\"font-weight: 400;\">Husk p\u00e5, at hvert land har s\u00e6rlige krav og love, s\u00e5 det er sv\u00e6rt at finde alt det, du har brug for, i et enkelt blogindl\u00e6g. Du bliver n\u00f8dt til at foretage omfattende research, kontakte juridiske myndigheder og m\u00e5ske r\u00e5df\u00f8re dig med en professionel, men der er ingen grund til at bekymre dig, for s\u00e5 l\u00e6nge du starter tidligt, har du tid nok til at h\u00e5ndtere alt, hvad der kommer p\u00e5 din vej.&nbsp;<\/span><\/p>\n<h2><span class=\"ez-toc-section\" id=\"Get_Your_Documents_Ready\"><\/span><b>G\u00f8r dine dokumenter klar<\/b><span class=\"ez-toc-section-end\"><\/span><\/h2>\n<p><span style=\"font-weight: 400;\">Papirarbejde er uundg\u00e5eligt, n\u00e5r man skal flytte, og is\u00e6r n\u00e5r det drejer sig om en international flytning. Du vil gerne have al den n\u00f8dvendige dokumentation klar og tilg\u00e6ngelig for dig, n\u00e5r du har brug for den, og have flere kopier, bare for en sikkerheds skyld. <\/span><\/p>\n<p><span style=\"font-weight: 400;\">Dette vil v\u00e6re med til at fremskynde eventuelle processer som f.eks. ans\u00f8gning om VISA eller udstedelse af pas. Her er en liste over nogle af de vigtigste dokumenter, som du b\u00f8r have ved h\u00e5nden:&nbsp;<\/span><\/p>\n<ul>\n<li style=\"font-weight: 400;\" aria-level=\"1\"><span style=\"font-weight: 400;\">Pas\/foto-ID\/k\u00f8rekort&nbsp;<\/span><\/li>\n<li style=\"font-weight: 400;\" aria-level=\"1\"><span style=\"font-weight: 400;\">F\u00f8dselsattest&nbsp;<\/span><\/li>\n<li style=\"font-weight: 400;\" aria-level=\"1\"><span style=\"font-weight: 400;\">Socialforsikringskort<\/span><\/li>\n<li style=\"font-weight: 400;\" aria-level=\"1\"><span style=\"font-weight: 400;\">L\u00e6ge-\/tandl\u00e6gejournaler<\/span><\/li>\n<\/ul>\n<h2><span class=\"ez-toc-section\" id=\"Sort_Out_Your_Finances\"><\/span><b>F\u00e5 styr p\u00e5 din \u00f8konomi<\/b><span class=\"ez-toc-section-end\"><\/span><\/h2>\n<p><span style=\"font-weight: 400;\">Det er ikke kun en stressende oplevelse at flytte til udlandet, men det vil ogs\u00e5 have en indvirkning p\u00e5 din \u00f8konomi. Det er vigtigt, at du sikrer dig, at du har tilstr\u00e6kkelige midler til flytningen og adgang til dem. Hvis du ikke allerede har gjort det, skal du unders\u00f8ge <a href=\"https:\/\/moverdb.com\/da\/international-money-transfer-services\/\" data-internallinksmanager029f6b8e52c=\"239\" title=\"De 11 bedste internationale pengeoverf\u00f8rselstjenester i 2026\">pengeoverf\u00f8rsel<\/a> tjenester.&nbsp;<\/span><\/p>\n<p><span style=\"font-weight: 400;\">At tale med din eksisterende bank og overf\u00f8re dine midler til en anden er en proces, som vil tage tid og muligvis ogs\u00e5 noget papirarbejde. Hvis du f\u00f8lger ovenst\u00e5ende tips, har du b\u00e5de den tid og den dokumentation, der er n\u00f8dvendig for at sikre, at det hele foreg\u00e5r hurtigt og gnidningsl\u00f8st.&nbsp;<\/span><\/p>\n<p><span style=\"font-weight: 400;\">Alternativt kan det ogs\u00e5 tage flere uger at oprette en lokal bankkonto i dit nye opholdsland og kr\u00e6ve forskellige dokumenter afh\u00e6ngigt af det specifikke land. Derfor er det v\u00e6rd at unders\u00f8ge, om dine eksisterende bankkort ikke har internationale gebyrer, eller om du skal tegne et kreditkort uden gebyrer.&nbsp;<\/span><\/p>\n<p><span style=\"font-weight: 400;\">Det anbefales, at du ogs\u00e5 har en n\u00f8dfond i forbindelse med en international flytning. Man ved aldrig, hvad der kan ske, og hvorn\u00e5r der kan opst\u00e5 ekstra udgifter, s\u00e5 en opsparing p\u00e5 forh\u00e5nd vil give dig den komfort, du har brug for til en stressfri flytning.&nbsp;<\/span><\/p>\n<h2><span class=\"ez-toc-section\" id=\"Research_International_Moving_Companies\"><\/span><b>Unders\u00f8gelse af internationale flyttefirmaer<\/b><span class=\"ez-toc-section-end\"><\/span><\/h2>\n<p><span style=\"font-weight: 400;\">Det er ogs\u00e5 af st\u00f8rste vigtighed at overf\u00f8re dine ejendele sikkert og forsvarligt p\u00e5 tv\u00e6rs af gr\u00e6nserne. Nogle gange skal overf\u00f8rslen endda krydse oceaner for at n\u00e5 frem til den endelige destination, s\u00e5 det er vigtigt for dig at v\u00e6lge den bedst mulige l\u00f8sning for dig og dit budget. <\/span><\/p>\n<p><span style=\"font-weight: 400;\">Du kan anmode om tilbud og sammenligne priser i lang tid i forvejen og bestille til de dage, du \u00f8nsker, at den skal ankomme, hvilket sikrer, at du ikke skal vente i dage eller endda uger uden dine ejendele i dit nye hus. <\/span><\/p>\n<p><span style=\"font-weight: 400;\">Det afh\u00e6nger alt sammen af, hvor mange ejendele du har, hvilket land du sender dem fra, og hvor de skal hen, men her er en liste over nogle af de <\/span><a href=\"https:\/\/moverdb.com\/da\/flyttefirmaer\/\"><span style=\"font-weight: 400;\">bedste internationale flyttefirmaer<\/span><\/a><span style=\"font-weight: 400;\">. Husk p\u00e5, at hver enkelt flytning er forskellig og personlig, n\u00e5r du tr\u00e6ffer beslutningen, s\u00e5 s\u00f8rg for, at det fungerer for dig!<\/span><\/p>\n<h2><span class=\"ez-toc-section\" id=\"Make_a_Packing_Checklist\"><\/span><b>Lav en tjekliste for pakning<\/b><span class=\"ez-toc-section-end\"><\/span><\/h2>\n<p><span style=\"font-weight: 400;\">Som med alt andet er det vigtigt at starte p\u00e5 forh\u00e5nd, s\u00e5 du er organiseret og ikke er under tidspres. <\/span><\/p>\n<p><span style=\"font-weight: 400;\">N\u00e5r du begynder at pakke til din flytning, er det vigtigt, at du laver en pakkeliste over alle de involverede ting, l\u00e6ser nyttige tips og pakningstricks og skiller dig af med un\u00f8dvendige ting. Hvis du m\u00e6rker alting og holder dig til en tidsplan, vil det hj\u00e6lpe dig med at have styr p\u00e5 tingene, s\u00e5 pakningen bliver den eneste ting, der bliver mere behagelig end stressende i hele denne langvarige og komplicerede proces.<\/span><\/p>\n<h2><span class=\"ez-toc-section\" id=\"Reach_Out_To_Providers\"><\/span><b>Kontakt udbyderne<\/b><span class=\"ez-toc-section-end\"><\/span><\/h2>\n<p><span style=\"font-weight: 400;\">Nu, hvor flytningen n\u00e6rmer sig, er det tid til at kontakte de n\u00f8dvendige tjenesteudbydere for at lukke konti og opsige abonnementer. S\u00f8rg for at sende de sidste m\u00e5lerafl\u00e6sninger, opkr\u00e6ve eventuelle udest\u00e5ende kreditter, videresende din post og informere alle, der skal vide det, om, at du flytter. <\/span><\/p>\n<p><span style=\"font-weight: 400;\">Selv om nogle af disse ting ikke kan g\u00f8res meget p\u00e5 forh\u00e5nd, skal du s\u00f8rge for, at du ikke glemmer dem helt og aldeles og lader dem ligge til sidste \u00f8jeblik.&nbsp;<\/span><\/p>\n<h2><span class=\"ez-toc-section\" id=\"Familiarise_Yourself_With_The_Culture\"><\/span><b>G\u00f8r dig bekendt med kulturen<\/b><span class=\"ez-toc-section-end\"><\/span><\/h2>\n<p><span style=\"font-weight: 400;\">Endelig vil du gerne v\u00e6re forberedt, n\u00e5r du n\u00e5r din endelige destination og dit nye hjem. Det er et godt udgangspunkt at g\u00f8re dig bekendt med landets skikke, etikette og traditioner, s\u00e5 du ikke ubevidst forn\u00e6rmer de lokale i de f\u00f8rste m\u00e5neder af din flytning.&nbsp;<\/span><\/p>\n<h2><span class=\"ez-toc-section\" id=\"In_Conclusion\"><\/span><b>Konklusion<\/b><span class=\"ez-toc-section-end\"><\/span><\/h2>\n<p><span style=\"font-weight: 400;\">Vi kan ikke love, at der ikke vil v\u00e6re forhindringer og udfordringer undervejs, men vi h\u00e5ber, at hvis du f\u00f8lger disse nyttige tips, kan du v\u00e6re forberedt p\u00e5 de fleste af de ting, der sandsynligvis vil ske under den internationale flytningsproces. <\/span><\/p>\n<p><span style=\"font-weight: 400;\">Det er ogs\u00e5 vigtigt at huske og hele tiden minde dig selv om, at der venter dig sp\u00e6ndende tider i slutningen af det hele!&nbsp;<\/span><\/p>","protected":false},"excerpt":{"rendered":"<p>Moving abroad is certainly an exciting time, packed with a lot of mixed emotions, but if you ever had to move home before, you would know that it is anything but a relaxing and pleasant experience. While a house move in your own country can be overwhelming at times, you can only imagine how difficult [&hellip;]<\/p>\n","protected":false},"author":1,"featured_media":5632,"parent":0,"menu_order":0,"comment_status":"closed","ping_status":"closed","template":"","meta":{"_genesis_hide_title":false,"_genesis_hide_breadcrumbs":false,"_genesis_hide_singular_image":false,"_genesis_hide_footer_widgets":false,"_genesis_custom_body_class":"","_genesis_custom_post_class":"","_genesis_layout":"","footnotes":""},"class_list":{"0":"post-5631","1":"page","2":"type-page","3":"status-publish","4":"has-post-thumbnail","6":"entry"},"_links":{"self":[{"href":"https:\/\/moverdb.com\/da\/wp-json\/wp\/v2\/pages\/5631","targetHints":{"allow":["GET"]}}],"collection":[{"href":"https:\/\/moverdb.com\/da\/wp-json\/wp\/v2\/pages"}],"about":[{"href":"https:\/\/moverdb.com\/da\/wp-json\/wp\/v2\/types\/page"}],"author":[{"embeddable":true,"href":"https:\/\/moverdb.com\/da\/wp-json\/wp\/v2\/users\/1"}],"replies":[{"embeddable":true,"href":"https:\/\/moverdb.com\/da\/wp-json\/wp\/v2\/comments?post=5631"}],"version-history":[{"count":1,"href":"https:\/\/moverdb.com\/da\/wp-json\/wp\/v2\/pages\/5631\/revisions"}],"predecessor-version":[{"id":5634,"href":"https:\/\/moverdb.com\/da\/wp-json\/wp\/v2\/pages\/5631\/revisions\/5634"}],"wp:featuredmedia":[{"embeddable":true,"href":"https:\/\/moverdb.com\/da\/wp-json\/wp\/v2\/media\/5632"}],"wp:attachment":[{"href":"https:\/\/moverdb.com\/da\/wp-json\/wp\/v2\/media?parent=5631"}],"curies":[{"name":"wp","href":"https:\/\/api.w.org\/{rel}","templated":true}]}}