{"id":5527,"date":"2023-02-01T13:45:10","date_gmt":"2023-02-01T13:45:10","guid":{"rendered":"https:\/\/moverdb.com\/?page_id=5527"},"modified":"2026-01-08T15:29:15","modified_gmt":"2026-01-08T15:29:15","slug":"chile-moving-companies","status":"publish","type":"page","link":"https:\/\/moverdb.com\/da\/moving-companies\/chile-moving-companies\/","title":{"rendered":"6 bedste internationale flyttefirmaer i Chile"},"content":{"rendered":"<p>Flytning kan v\u00e6re en travl og stressende tid, is\u00e6r hvis du flytter langt v\u00e6k eller til et andet land. Det er her, at en <a href=\"https:\/\/moverdb.com\/da\/moving-companies\/\" data-internallinksmanager029f6b8e52c=\"79\" title=\"Top 25 internationale flyttefirmaer online\">flyttefirma<\/a> kan v\u00e6re med til at mindske din stress ved at tage noget af arbejdsbyrden fra dig. Nedenfor har vi samlet en liste over chilenske <a href=\"https:\/\/moverdb.com\/da\/international-removals\/\" data-internallinksmanager029f6b8e52c=\"27\" title=\"De 36 bedste internationale flyttefirmaer i Storbritannien\">flyttefirmaer<\/a> der er medlemmer af den <a href=\"https:\/\/moverdb.com\/da\/iam\/\" data-internallinksmanager029f6b8e52c=\"23\" title=\"International Association of Movers (IAM) Forklaret\">Den internationale sammenslutning af flyttefirmaer<\/a> (IAM) og\/eller <a href=\"https:\/\/moverdb.com\/da\/fidi-faim\/\" data-internallinksmanager029f6b8e52c=\"16\" title=\"FIDI &amp; FAIM (FIDI Accredited International Mover) forklaret\">FIDI<\/a> akkrediteret international flyttevirksomhed (FAIM), der kan hj\u00e6lpe dig med din flytning.<\/p>\n<div id=\"ez-toc-container\" class=\"ez-toc-v2_0_82_2 ez-toc-wrap-left counter-hierarchy ez-toc-counter ez-toc-transparent ez-toc-container-direction\">\n<div class=\"ez-toc-title-container\">\n<p class=\"ez-toc-title\" style=\"cursor:inherit\">Sektioner<\/p>\n<span class=\"ez-toc-title-toggle\"><a href=\"#\" class=\"ez-toc-pull-right ez-toc-btn ez-toc-btn-xs ez-toc-btn-default ez-toc-toggle\" aria-label=\"Toggle indholdsfortegnelse\"><span class=\"ez-toc-js-icon-con\"><span class=\"\"><span class=\"eztoc-hide\" style=\"display:none;\">Toggle<\/span><span class=\"ez-toc-icon-toggle-span\"><svg style=\"fill: #999;color:#999\" xmlns=\"http:\/\/www.w3.org\/2000\/svg\" class=\"list-377408\" width=\"20px\" height=\"20px\" viewbox=\"0 0 24 24\" fill=\"none\"><path d=\"M6 6H4v2h2V6zm14 0H8v2h12V6zM4 11h2v2H4v-2zm16 0H8v2h12v-2zM4 16h2v2H4v-2zm16 0H8v2h12v-2z\" fill=\"currentColor\"><\/path><\/svg><svg style=\"fill: #999;color:#999\" class=\"arrow-unsorted-368013\" xmlns=\"http:\/\/www.w3.org\/2000\/svg\" width=\"10px\" height=\"10px\" viewbox=\"0 0 24 24\" version=\"1.2\" baseprofile=\"tiny\"><path d=\"M18.2 9.3l-6.2-6.3-6.2 6.3c-.2.2-.3.4-.3.7s.1.5.3.7c.2.2.4.3.7.3h11c.3 0 .5-.1.7-.3.2-.2.3-.5.3-.7s-.1-.5-.3-.7zM5.8 14.7l6.2 6.3 6.2-6.3c.2-.2.3-.5.3-.7s-.1-.5-.3-.7c-.2-.2-.4-.3-.7-.3h-11c-.3 0-.5.1-.7.3-.2.2-.3.5-.3.7s.1.5.3.7z\"\/><\/svg><\/span><\/span><\/span><\/a><\/span><\/div>\n<nav><ul class='ez-toc-list ez-toc-list-level-1 eztoc-toggle-hide-by-default' ><li class='ez-toc-page-1 ez-toc-heading-level-2'><a class=\"ez-toc-link ez-toc-heading-1\" href=\"https:\/\/moverdb.com\/da\/moving-companies\/chile-moving-companies\/#1_Unipack\" >1. Unipack<\/a><\/li><li class='ez-toc-page-1 ez-toc-heading-level-2'><a class=\"ez-toc-link ez-toc-heading-2\" href=\"https:\/\/moverdb.com\/da\/moving-companies\/chile-moving-companies\/#2_Atlas_International_Movers\" >2. Atlas International Movers<\/a><\/li><li class='ez-toc-page-1 ez-toc-heading-level-2'><a class=\"ez-toc-link ez-toc-heading-3\" href=\"https:\/\/moverdb.com\/da\/moving-companies\/chile-moving-companies\/#3_Decapack\" >3. Dekapack<\/a><\/li><li class='ez-toc-page-1 ez-toc-heading-level-2'><a class=\"ez-toc-link ez-toc-heading-4\" href=\"https:\/\/moverdb.com\/da\/moving-companies\/chile-moving-companies\/#4_Global_Alliance_International\" >4. Global Alliance International<\/a><\/li><li class='ez-toc-page-1 ez-toc-heading-level-2'><a class=\"ez-toc-link ez-toc-heading-5\" href=\"https:\/\/moverdb.com\/da\/moving-companies\/chile-moving-companies\/#5_REMSSA\" >5. REMSSA<\/a><\/li><li class='ez-toc-page-1 ez-toc-heading-level-2'><a class=\"ez-toc-link ez-toc-heading-6\" href=\"https:\/\/moverdb.com\/da\/moving-companies\/chile-moving-companies\/#6_Ward_Van_Lines\" >6. Ward Van Lines<\/a><\/li><li class='ez-toc-page-1 ez-toc-heading-level-2'><a class=\"ez-toc-link ez-toc-heading-7\" href=\"https:\/\/moverdb.com\/da\/moving-companies\/chile-moving-companies\/#Other_Useful_Guides_to_Chile\" >Andre nyttige guider til Chile<\/a><\/li><\/ul><\/nav><\/div>\n<h2><span class=\"ez-toc-section\" id=\"1_Unipack\"><\/span><strong>1. Unipack<\/strong><span class=\"ez-toc-section-end\"><\/span><\/h2>\n<p><img loading=\"lazy\" decoding=\"async\" class=\"alignnone size-full wp-image-5496\" src=\"https:\/\/moverdb.com\/wp-content\/uploads\/Unipack-international-moving-company.png\" alt=\"Unipack international flyttevirksomhed\" width=\"1440\" height=\"683\" data-wp-pid=\"5496\" srcset=\"https:\/\/moverdb.com\/wp-content\/uploads\/Unipack-international-moving-company.png 1440w, https:\/\/moverdb.com\/wp-content\/uploads\/Unipack-international-moving-company-300x142.png 300w, https:\/\/moverdb.com\/wp-content\/uploads\/Unipack-international-moving-company-1024x486.png 1024w, https:\/\/moverdb.com\/wp-content\/uploads\/Unipack-international-moving-company-18x9.png 18w, https:\/\/moverdb.com\/wp-content\/uploads\/Unipack-international-moving-company-600x285.png 600w\" sizes=\"auto, (max-width: 1440px) 100vw, 1440px\" \/><\/p>\n<ul>\n<li>Nationale flytninger<\/li>\n<li>Internationale flytninger<\/li>\n<li>Flytning af husholdninger<\/li>\n<li>Inspektion i hjemmet<\/li>\n<li>Pakning og udpakning<\/li>\n<li>demontere og samle m\u00f8bler<\/li>\n<li>Transport til lands, til vands og i luften<\/li>\n<li>St\u00f8tte til dokumentation<\/li>\n<li>Transport af k\u00e6ledyr<\/li>\n<li>Kort- til langtidsopbevaring<\/li>\n<\/ul>\n<p>Unipack er en national og international flyttevirksomhed, der blev grundlagt i 1993 i Santiago. De har et netv\u00e6rk af agenter over hele verden, som hj\u00e6lper dem med internationale flytninger p\u00e5 tv\u00e6rs af 5 kontinenter. De er medlem af IAM med 29 \u00e5rs erfaring og er akkrediteret af FIDI.<\/p>\n<p>Unipack anvender de nyeste emballage- og transportteknikker samt materialer for at levere sikre flytninger til sine kunder. Deres proces starter med en inspektion i hjemmet, og dokumenterne dr\u00f8ftes. De pakker og demonterer dine m\u00f8bler og arrangerer transport ad landevej, luft- og s\u00f8vej, hvorefter de pakker ud og samler dine m\u00f8bler p\u00e5 bestemmelsesstedet. De hj\u00e6lper dig med dokumentation, herunder toldklarering.<\/p>\n<p>Hjemmeside: <a href=\"http:\/\/www.unipack.cl\" target=\"_blank\" rel=\"noopener\">http:\/\/www.unipack.cl<\/a><\/p>\n<h2><span class=\"ez-toc-section\" id=\"2_Atlas_International_Movers\"><\/span><strong>2. Atlas International Movers<\/strong><span class=\"ez-toc-section-end\"><\/span><\/h2>\n<p><img loading=\"lazy\" decoding=\"async\" class=\"alignnone size-full wp-image-5415\" src=\"https:\/\/moverdb.com\/wp-content\/uploads\/Atlas-International-Movers-moving-company.png\" alt=\"Atlas International Movers flyttefirma\" width=\"1440\" height=\"682\" data-wp-pid=\"5415\" srcset=\"https:\/\/moverdb.com\/wp-content\/uploads\/Atlas-International-Movers-moving-company.png 1440w, https:\/\/moverdb.com\/wp-content\/uploads\/Atlas-International-Movers-moving-company-300x142.png 300w, https:\/\/moverdb.com\/wp-content\/uploads\/Atlas-International-Movers-moving-company-1024x485.png 1024w, https:\/\/moverdb.com\/wp-content\/uploads\/Atlas-International-Movers-moving-company-18x9.png 18w, https:\/\/moverdb.com\/wp-content\/uploads\/Atlas-International-Movers-moving-company-600x284.png 600w\" sizes=\"auto, (max-width: 1440px) 100vw, 1440px\" \/><\/p>\n<ul>\n<li>Nationale flytninger<\/li>\n<li>Internationale flytninger<\/li>\n<li>Flytning af husholdninger<\/li>\n<li>Flytning af kontorer<\/li>\n<li>D\u00f8r-til-d\u00f8r-service<\/li>\n<li>Pakningsservice af h\u00f8j kvalitet<\/li>\n<li>Land-, s\u00f8- og luftfragt<\/li>\n<li>Transport af kunstv\u00e6rker<\/li>\n<li>Transport i bil<\/li>\n<li>Kort- og langtidsopbevaring<\/li>\n<\/ul>\n<p>Atlas International Movers har over 25 \u00e5rs erfaring med flytning af boliger og kontorer i <a href=\"https:\/\/moverdb.com\/da\/moving-to-chile\/\" data-internallinksmanager029f6b8e52c=\"426\" title=\"Flytter du til Chile? 2026 Leveomkostninger og tips til flytning\">Chile<\/a> og til eller fra Chile. De samarbejder med et netv\u00e6rk af p\u00e5lidelige flytteagenter over hele verden for at gennemf\u00f8re internationale flytninger. De er medlem af IAM med 16 \u00e5rs erfaring.<\/p>\n<p>Atlas International Movers tilbyder et bes\u00f8g i hjemmet for at vurdere dine behov og vejleder dig gennem processen og dokumentationen. De stiller uddannet personale til r\u00e5dighed til at pakke dine ejendele til en h\u00f8j standard for at beskytte dem under transporten til lands, til vands eller i luften. De vil hj\u00e6lpe dig med tolddokumentation ved import og eksport.<\/p>\n<p>Hjemmeside: <a href=\"http:\/\/www.atlasinternationalchile.cl\" target=\"_blank\" rel=\"noopener\">http:\/\/www.atlasinternationalchile.cl<\/a><\/p>\n<h2><span class=\"ez-toc-section\" id=\"3_Decapack\"><\/span><strong>3. Dekapack<\/strong><span class=\"ez-toc-section-end\"><\/span><\/h2>\n<p><img loading=\"lazy\" decoding=\"async\" class=\"alignnone size-full wp-image-5430\" src=\"https:\/\/moverdb.com\/wp-content\/uploads\/Decapack-international-moving-company.png\" alt=\"Decapack international flyttevirksomhed\" width=\"1440\" height=\"680\" data-wp-pid=\"5430\" srcset=\"https:\/\/moverdb.com\/wp-content\/uploads\/Decapack-international-moving-company.png 1440w, https:\/\/moverdb.com\/wp-content\/uploads\/Decapack-international-moving-company-300x142.png 300w, https:\/\/moverdb.com\/wp-content\/uploads\/Decapack-international-moving-company-1024x484.png 1024w, https:\/\/moverdb.com\/wp-content\/uploads\/Decapack-international-moving-company-18x9.png 18w, https:\/\/moverdb.com\/wp-content\/uploads\/Decapack-international-moving-company-600x283.png 600w\" sizes=\"auto, (max-width: 1440px) 100vw, 1440px\" \/><\/p>\n<ul>\n<li>Nationale flytninger<\/li>\n<li>Internationale flytninger<\/li>\n<li>Flytning af boliger<\/li>\n<li>Flytning af kontorer<\/li>\n<li>Flytteservice<\/li>\n<li>D\u00f8r-til-d\u00f8r-service<\/li>\n<li>Emballage service<\/li>\n<li>Forsikring<\/li>\n<li>Specialiseret service for kunstv\u00e6rker<\/li>\n<li>Kort- til langtidsopbevaring<\/li>\n<\/ul>\n<p>Decapack er et udlands- og internationalt flyttefirma med base i Santiago, som blev grundlagt i 1942. De har en tilstedev\u00e6relse i San Antonio og Valparaiso <a href=\"https:\/\/moverdb.com\/da\/top-49-container-ports\/\" data-internallinksmanager029f6b8e52c=\"80\" title=\"Top 49 st\u00f8rste og travleste containerhavne i 2025\">havne<\/a> og Santiagos internationale lufthavn. De er medlem af IAM med 52 \u00e5rs erfaring og er akkrediteret af FIDI.<\/p>\n<p>Decapack tilbyder en d\u00f8r-til-d\u00f8r-service, der starter med at arrangere et bes\u00f8g til vurdering af dine behov, enten personligt eller virtuelt. De vil give personlig r\u00e5dgivning fra en udpeget koordinator, som vil hj\u00e6lpe dig med papirarbejdet og dokumentationen. De tilbyder en pakningsservice for at beskytte dine ejendele og en forsikring for at beskytte dig mod uventede h\u00e6ndelser.<\/p>\n<p>Hjemmeside: <a href=\"http:\/\/www.decapack.com\" target=\"_blank\" rel=\"noopener\">http:\/\/www.decapack.com<\/a><\/p>\n<h2><span class=\"ez-toc-section\" id=\"4_Global_Alliance_International\"><\/span><strong>4. Global Alliance International<\/strong><span class=\"ez-toc-section-end\"><\/span><\/h2>\n<p><img loading=\"lazy\" decoding=\"async\" class=\"alignnone size-full wp-image-5441\" src=\"https:\/\/moverdb.com\/wp-content\/uploads\/Global-Alliance-International-moving-company.png\" alt=\"Global Alliance International flyttevirksomhed\" width=\"1440\" height=\"677\" data-wp-pid=\"5441\" srcset=\"https:\/\/moverdb.com\/wp-content\/uploads\/Global-Alliance-International-moving-company.png 1440w, https:\/\/moverdb.com\/wp-content\/uploads\/Global-Alliance-International-moving-company-300x141.png 300w, https:\/\/moverdb.com\/wp-content\/uploads\/Global-Alliance-International-moving-company-1024x481.png 1024w, https:\/\/moverdb.com\/wp-content\/uploads\/Global-Alliance-International-moving-company-18x8.png 18w, https:\/\/moverdb.com\/wp-content\/uploads\/Global-Alliance-International-moving-company-600x282.png 600w\" sizes=\"auto, (max-width: 1440px) 100vw, 1440px\" \/><\/p>\n<ul>\n<li>Nationale flytninger<\/li>\n<li>Internationale flytninger<\/li>\n<li>Flytning af boliger<\/li>\n<li>Flytning af virksomheder<\/li>\n<li>H\u00f8jtuddannet personale<\/li>\n<li>Komplet pakningsservice<\/li>\n<li>Transport til lands, til vands og i luften<\/li>\n<li>Toldst\u00f8tte<\/li>\n<li>Transport af k\u00e6ledyr<\/li>\n<li>Midlertidige og permanente opbevaringsl\u00f8sninger<\/li>\n<\/ul>\n<p>Global Alliance International er et chilensk flyttefirma, der blev grundlagt i 1995 og er et datterselskab af Express Movers Transportes. De samarbejder med flytteagenter p\u00e5 destinationen for at gennemf\u00f8re internationale flytninger. De er medlem af IAM og har 16 \u00e5rs erfaring.<\/p>\n<p>Global Alliance International stiller et team af pakkerier til r\u00e5dighed til at skille alle dine ejendele ad og pakke dem med de mest hensigtsm\u00e6ssige emballagematerialer til at beskytte dem og specialkasser. De s\u00f8rger ogs\u00e5 for en fortegnelse, m\u00e6rket kasser og containere til forsendelse ad land-, luft- eller s\u00f8vejen samt st\u00f8tte med tolddokumentation. De tilbyder ogs\u00e5 midlertidige og permanente opbevaringsl\u00f8sninger.<\/p>\n<p>Hjemmeside: <a href=\"http:\/\/www.globalalliancechile.com\" target=\"_blank\" rel=\"noopener\">http:\/\/www.globalalliancechile.com<\/a><\/p>\n<h2><span class=\"ez-toc-section\" id=\"5_REMSSA\"><\/span><strong>5. REMSSA<\/strong><span class=\"ez-toc-section-end\"><\/span><\/h2>\n<p><img loading=\"lazy\" decoding=\"async\" class=\"alignnone size-full wp-image-5482\" src=\"https:\/\/moverdb.com\/wp-content\/uploads\/REMSSA-international-moving-company.png\" alt=\"REMSSA international flyttevirksomhed\" width=\"1440\" height=\"683\" data-wp-pid=\"5482\" srcset=\"https:\/\/moverdb.com\/wp-content\/uploads\/REMSSA-international-moving-company.png 1440w, https:\/\/moverdb.com\/wp-content\/uploads\/REMSSA-international-moving-company-300x142.png 300w, https:\/\/moverdb.com\/wp-content\/uploads\/REMSSA-international-moving-company-1024x486.png 1024w, https:\/\/moverdb.com\/wp-content\/uploads\/REMSSA-international-moving-company-18x9.png 18w, https:\/\/moverdb.com\/wp-content\/uploads\/REMSSA-international-moving-company-600x285.png 600w\" sizes=\"auto, (max-width: 1440px) 100vw, 1440px\" \/><\/p>\n<ul>\n<li>Nationale flytninger<\/li>\n<li>Internationale flytninger<\/li>\n<li>Flytning af boliger<\/li>\n<li>Flytning af kontorer<\/li>\n<li>Flytning<\/li>\n<li>D\u00f8r-til-d\u00f8r-service<\/li>\n<li>Emballage service<\/li>\n<li>Transport af kunstv\u00e6rker<\/li>\n<li>Transport af k\u00e6ledyr<\/li>\n<li>Sikre opbevaringsfaciliteter<\/li>\n<\/ul>\n<p>REMSSA er et flyttefirma i Santiago, som blev grundlagt i 2000 og har afdelinger i lufthavne og havne i hele Chile. De tilbyder nationale og internationale flyttetjenester til husholdninger og erhvervskunder. De er medlem af IAM og har 22 \u00e5rs erfaring.<\/p>\n<p>REMSSA tilbyder en personlig flytteservice, der leverer din flytning eller flytning fra d\u00f8r til d\u00f8r. De tilbyder en pakke-, ind- og udpakningsservice med industriel fragtemballage til beskyttelse under transporten. De tilbyder ogs\u00e5 specialiserede tjenester inden for immigrationsst\u00f8tte, transport af kunstv\u00e6rker, transport af k\u00e6ledyr og sikre opbevaringsfaciliteter, hvis det er n\u00f8dvendigt.<\/p>\n<p>Hjemmeside: <a href=\"http:\/\/www.remssa.cl\" target=\"_blank\" rel=\"noopener\">http:\/\/www.remssa.cl<\/a><\/p>\n<h2><span class=\"ez-toc-section\" id=\"6_Ward_Van_Lines\"><\/span><strong>6. Ward Van Lines<\/strong><span class=\"ez-toc-section-end\"><\/span><\/h2>\n<p><img loading=\"lazy\" decoding=\"async\" class=\"alignnone size-full wp-image-5499\" src=\"https:\/\/moverdb.com\/wp-content\/uploads\/Ward-Van-Lines-international-moving-company.png\" alt=\"Ward Van Lines internationale flyttefirma\" width=\"1440\" height=\"680\" data-wp-pid=\"5499\" srcset=\"https:\/\/moverdb.com\/wp-content\/uploads\/Ward-Van-Lines-international-moving-company.png 1440w, https:\/\/moverdb.com\/wp-content\/uploads\/Ward-Van-Lines-international-moving-company-300x142.png 300w, https:\/\/moverdb.com\/wp-content\/uploads\/Ward-Van-Lines-international-moving-company-1024x484.png 1024w, https:\/\/moverdb.com\/wp-content\/uploads\/Ward-Van-Lines-international-moving-company-18x9.png 18w, https:\/\/moverdb.com\/wp-content\/uploads\/Ward-Van-Lines-international-moving-company-600x283.png 600w\" sizes=\"auto, (max-width: 1440px) 100vw, 1440px\" \/><\/p>\n<ul>\n<li>Nationale flytninger<\/li>\n<li>Internationale flytninger<\/li>\n<li>Personlig service<\/li>\n<li>Emballageservice med f\u00f8rsteklasses materialer<\/li>\n<li>demontere og samle m\u00f8bler<\/li>\n<li>M\u00e6rkning af varer til konstant sporing<\/li>\n<li>Spor din flytning via GPS-sporing<\/li>\n<li>Eksportdokumentation, herunder toldklarering<\/li>\n<li>Forsikring<\/li>\n<li>Sikre opbevaringsfaciliteter<\/li>\n<\/ul>\n<p>Ward Van Lines er et internationalt og nationalt flyttefirma, der blev grundlagt i 1969. Deres hovedkontor ligger i Santiago og har kontorer i de vigtigste havne, herunder Valparaiso og San Antonio. De er medlem af IAM med 53 \u00e5rs erfaring og er akkrediteret af FIDI.<\/p>\n<p>Ward Van Lines tilbyder en personlig d\u00f8r-til-d\u00f8r-service, som anvender f\u00f8rsteklasses materialer til at pakke dine ejendele sikkert ind og bruger tr\u00e6kasser til skr\u00f8belige genstande. De udarbejder en fortegnelse og m\u00e6rker alle dine genstande med unikke stregkoder for at identificere dine ejendele. Deres lastbiler har GPS-sporing, s\u00e5 du kan f\u00f8lge dine ejendele d\u00f8gnet rundt.<\/p>\n<p>Hjemmeside: <a href=\"http:\/\/www.wardvanlines.com\" target=\"_blank\" rel=\"noopener\">http:\/\/www.wardvanlines.com<\/a><\/p>\n<h2><span class=\"ez-toc-section\" id=\"Other_Useful_Guides_to_Chile\"><\/span>Andre nyttige guider til Chile<span class=\"ez-toc-section-end\"><\/span><\/h2>\n<ul>\n<li> <a href=\"https:\/\/moverdb.com\/da\/containerforsendelse\/chili\/\">2024 S\u00f8transportpriser for containerfragt til og fra Chile<\/a><\/li>\n<li> <a href=\"https:\/\/moverdb.com\/da\/moving-to-chile\/\">Flytter du til Chile? 2026 Leveomkostninger og tips til flytning<\/a><\/li>\n<li> <a href=\"https:\/\/moverdb.com\/da\/moving-to-chile\/best-places-to-live-chile\/\">De 12 bedste steder at bo i Chile<\/a><\/li>\n<\/ul>","protected":false},"excerpt":{"rendered":"<p>Moving can be a busy and stressful time especially in you are moving long distance or to another country. This is where a moving company can help reduce your stress by taking away some of the workload. Below we have compiled a list of Chilean removal companies that are members of the International Association of [&hellip;]<\/p>\n","protected":false},"author":4,"featured_media":0,"parent":190,"menu_order":0,"comment_status":"closed","ping_status":"closed","template":"","meta":{"_genesis_hide_title":false,"_genesis_hide_breadcrumbs":false,"_genesis_hide_singular_image":false,"_genesis_hide_footer_widgets":false,"_genesis_custom_body_class":"","_genesis_custom_post_class":"","_genesis_layout":"","footnotes":""},"class_list":{"0":"post-5527","1":"page","2":"type-page","3":"status-publish","5":"entry","6":"has-post-thumbnail"},"_links":{"self":[{"href":"https:\/\/moverdb.com\/da\/wp-json\/wp\/v2\/pages\/5527","targetHints":{"allow":["GET"]}}],"collection":[{"href":"https:\/\/moverdb.com\/da\/wp-json\/wp\/v2\/pages"}],"about":[{"href":"https:\/\/moverdb.com\/da\/wp-json\/wp\/v2\/types\/page"}],"author":[{"embeddable":true,"href":"https:\/\/moverdb.com\/da\/wp-json\/wp\/v2\/users\/4"}],"replies":[{"embeddable":true,"href":"https:\/\/moverdb.com\/da\/wp-json\/wp\/v2\/comments?post=5527"}],"version-history":[{"count":4,"href":"https:\/\/moverdb.com\/da\/wp-json\/wp\/v2\/pages\/5527\/revisions"}],"predecessor-version":[{"id":16390,"href":"https:\/\/moverdb.com\/da\/wp-json\/wp\/v2\/pages\/5527\/revisions\/16390"}],"up":[{"embeddable":true,"href":"https:\/\/moverdb.com\/da\/wp-json\/wp\/v2\/pages\/190"}],"wp:attachment":[{"href":"https:\/\/moverdb.com\/da\/wp-json\/wp\/v2\/media?parent=5527"}],"curies":[{"name":"wp","href":"https:\/\/api.w.org\/{rel}","templated":true}]}}