{"id":5518,"date":"2023-02-01T13:53:00","date_gmt":"2023-02-01T13:53:00","guid":{"rendered":"https:\/\/moverdb.com\/?page_id=5518"},"modified":"2026-01-08T15:29:50","modified_gmt":"2026-01-08T15:29:50","slug":"burkina-faso-flytningsfirmaer","status":"publish","type":"page","link":"https:\/\/moverdb.com\/da\/moving-companies\/burkina-faso-moving-companies\/","title":{"rendered":"Bedste internationale flyttefirmaer i Burkina Faso"},"content":{"rendered":"<p>Hvis du planl\u00e6gger en flytning i Burkina Faso, eller hvis du flytter til eller fra Burkina Faso, kan det v\u00e6re en hj\u00e6lp at f\u00e5 hj\u00e6lp fra et flyttefirma. Et flyttefirma kan lette byrden fysisk og mentalt, is\u00e6r hvis du flytter lande. Nedenfor har vi samlet en liste over Burkina Faso <a href=\"https:\/\/moverdb.com\/da\/moving-companies\/\" data-internallinksmanager029f6b8e52c=\"79\" title=\"Top 25 internationale flyttefirmaer online\">flyttefirmaer<\/a> der er medlemmer af den <a href=\"https:\/\/moverdb.com\/da\/iam\/\" data-internallinksmanager029f6b8e52c=\"23\" title=\"International Association of Movers (IAM) Forklaret\">Den internationale sammenslutning af flyttefirmaer<\/a> (IAM), der kan hj\u00e6lpe dig.<\/p>\n<p><strong>F\u00f8rste tr\u00e6k<\/strong><\/p>\n<p><img loading=\"lazy\" decoding=\"async\" class=\"alignnone size-full wp-image-5461\" src=\"https:\/\/moverdb.com\/wp-content\/uploads\/Move-One-international-moving-company.png\" alt=\"Move One international flyttefirma\" width=\"1440\" height=\"680\" data-wp-pid=\"5461\" srcset=\"https:\/\/moverdb.com\/wp-content\/uploads\/Move-One-international-moving-company.png 1440w, https:\/\/moverdb.com\/wp-content\/uploads\/Move-One-international-moving-company-300x142.png 300w, https:\/\/moverdb.com\/wp-content\/uploads\/Move-One-international-moving-company-1024x484.png 1024w, https:\/\/moverdb.com\/wp-content\/uploads\/Move-One-international-moving-company-18x9.png 18w, https:\/\/moverdb.com\/wp-content\/uploads\/Move-One-international-moving-company-600x283.png 600w\" sizes=\"auto, (max-width: 1440px) 100vw, 1440px\" \/><\/p>\n<ul>\n<li>Internationale flytninger<\/li>\n<li>Flytninger<\/li>\n<li>Flytning af boliger<\/li>\n<li>Flytning af kontorer<\/li>\n<li>St\u00f8tte til indvandring<\/li>\n<li>Uddannet og professionelt personale<\/li>\n<li>Transport af k\u00e6ledyr<\/li>\n<li>Hj\u00e6lp til at finde et hjem og skoler<\/li>\n<li>Indk\u00f8ring af tjenester<\/li>\n<li>Opbevaringsfaciliteter<\/li>\n<\/ul>\n<p>Move One er et flyttefirma, der blev etableret i 1992 med en afdeling i Oagadougou, og som tilbyder logistik, flytning og globale mobilitetsl\u00f8sninger. De h\u00e6vder at v\u00e6re f\u00f8rende p\u00e5 markedet i Europa, Afrika, Mellem\u00f8sten, Balkan og SNG. De er medlem af IAM og har 23 \u00e5rs erfaring. De er en del af et netv\u00e6rk af internationale flyttefirmaer, der tilbyder internationale flytninger.<\/p>\n<p>Move One tilbyder flytning, flyttetjenester og relocation-tjenester, der omfatter professionel st\u00f8tte fra uddannet personale, som vil st\u00f8tte din flytning og kan give immigrationsst\u00f8tte til at navigere i bureaukratiet. De kan hj\u00e6lpe med transport af k\u00e6ledyr, med at finde en bolig og skoler.<\/p>\n<p>Hjemmeside: <a href=\"https:\/\/www.moveoneinc.com\/\" target=\"_blank\" rel=\"noopener\">https:\/\/www.moveoneinc.com\/<\/a><\/p>","protected":false},"excerpt":{"rendered":"<p>If you are planning a move in Burkina Faso, or moving to or from Burkina Faso then enlisting the assistance of a moving company can help. A moving company can lighten the load physical and mentally especially if you are moving countries. Below we have compiled a list of Burkina Faso moving companies that are [&hellip;]<\/p>\n","protected":false},"author":4,"featured_media":0,"parent":190,"menu_order":0,"comment_status":"closed","ping_status":"closed","template":"","meta":{"_genesis_hide_title":false,"_genesis_hide_breadcrumbs":false,"_genesis_hide_singular_image":false,"_genesis_hide_footer_widgets":false,"_genesis_custom_body_class":"","_genesis_custom_post_class":"","_genesis_layout":"","footnotes":""},"class_list":{"0":"post-5518","1":"page","2":"type-page","3":"status-publish","5":"entry"},"_links":{"self":[{"href":"https:\/\/moverdb.com\/da\/wp-json\/wp\/v2\/pages\/5518","targetHints":{"allow":["GET"]}}],"collection":[{"href":"https:\/\/moverdb.com\/da\/wp-json\/wp\/v2\/pages"}],"about":[{"href":"https:\/\/moverdb.com\/da\/wp-json\/wp\/v2\/types\/page"}],"author":[{"embeddable":true,"href":"https:\/\/moverdb.com\/da\/wp-json\/wp\/v2\/users\/4"}],"replies":[{"embeddable":true,"href":"https:\/\/moverdb.com\/da\/wp-json\/wp\/v2\/comments?post=5518"}],"version-history":[{"count":1,"href":"https:\/\/moverdb.com\/da\/wp-json\/wp\/v2\/pages\/5518\/revisions"}],"predecessor-version":[{"id":5519,"href":"https:\/\/moverdb.com\/da\/wp-json\/wp\/v2\/pages\/5518\/revisions\/5519"}],"up":[{"embeddable":true,"href":"https:\/\/moverdb.com\/da\/wp-json\/wp\/v2\/pages\/190"}],"wp:attachment":[{"href":"https:\/\/moverdb.com\/da\/wp-json\/wp\/v2\/media?parent=5518"}],"curies":[{"name":"wp","href":"https:\/\/api.w.org\/{rel}","templated":true}]}}