{"id":5515,"date":"2023-02-01T13:53:52","date_gmt":"2023-02-01T13:53:52","guid":{"rendered":"https:\/\/moverdb.com\/?page_id=5515"},"modified":"2026-01-08T15:29:52","modified_gmt":"2026-01-08T15:29:52","slug":"cameroon-moving-companies","status":"publish","type":"page","link":"https:\/\/moverdb.com\/da\/moving-companies\/cameroon-moving-companies\/","title":{"rendered":"Bedste internationale flyttefirmaer i Cameroun"},"content":{"rendered":"<p>Skal du flytte dit hjem eller din virksomhed? S\u00e5 vil du m\u00e5ske gerne have hj\u00e6lp til at g\u00f8re flytningen lettere, is\u00e6r hvis du flytter til et andet land, s\u00e5 en velrenommeret <a href=\"https:\/\/moverdb.com\/da\/moving-companies\/\" data-internallinksmanager029f6b8e52c=\"79\" title=\"Top 25 internationale flyttefirmaer online\">flyttefirma<\/a> kunne hj\u00e6lpe. Nedenfor har vi samlet en liste over Cameroun <a href=\"https:\/\/moverdb.com\/da\/international-removals\/\" data-internallinksmanager029f6b8e52c=\"27\" title=\"De 36 bedste internationale flyttefirmaer i Storbritannien\">flyttefirmaer<\/a> der er medlemmer af den <a href=\"https:\/\/moverdb.com\/da\/iam\/\" data-internallinksmanager029f6b8e52c=\"23\" title=\"International Association of Movers (IAM) Forklaret\">Den internationale sammenslutning af flyttefirmaer<\/a> (IAM), der kan hj\u00e6lpe dig.<\/p>\n<h2><strong>F\u00f8rste tr\u00e6k<\/strong><\/h2>\n<p><img loading=\"lazy\" decoding=\"async\" class=\"alignnone size-full wp-image-5461\" src=\"https:\/\/moverdb.com\/wp-content\/uploads\/Move-One-international-moving-company.png\" alt=\"Move One international flyttefirma\" width=\"1440\" height=\"680\" data-wp-pid=\"5461\" srcset=\"https:\/\/moverdb.com\/wp-content\/uploads\/Move-One-international-moving-company.png 1440w, https:\/\/moverdb.com\/wp-content\/uploads\/Move-One-international-moving-company-300x142.png 300w, https:\/\/moverdb.com\/wp-content\/uploads\/Move-One-international-moving-company-1024x484.png 1024w, https:\/\/moverdb.com\/wp-content\/uploads\/Move-One-international-moving-company-18x9.png 18w, https:\/\/moverdb.com\/wp-content\/uploads\/Move-One-international-moving-company-600x283.png 600w\" sizes=\"auto, (max-width: 1440px) 100vw, 1440px\" \/><\/p>\n<ul>\n<li>Internationale flytninger<\/li>\n<li>Flytninger<\/li>\n<li>Flytning af husholdninger<\/li>\n<li>Flytning af kontorer<\/li>\n<li>Professionelt personale til at st\u00f8tte dig<\/li>\n<li>Bistand til indvandring<\/li>\n<li>Transport af k\u00e6ledyr<\/li>\n<li>Hj\u00e6lp til at finde sig til rette<\/li>\n<li>S\u00f8gning efter boliger og skoler<\/li>\n<li>Opbevaringsl\u00f8sninger<\/li>\n<\/ul>\n<p>Move One er et internationalt flyttefirma med afdelinger i Europa, Afrika og Mellem\u00f8sten, herunder Cameroun. De har leveret logistik-, flytte- og globale mobilitetsl\u00f8sninger siden 1992. De har ogs\u00e5 et internationalt netv\u00e6rk af flyttefirmaer til at hj\u00e6lpe kunderne internationalt. Den camerounske afdeling er medlem af IAM med 6 \u00e5rs anciennitet.<\/p>\n<p>Move One tilbyder en professionel service med h\u00f8jtuddannet personale til at st\u00f8tte din flytning eller flytning. De vil st\u00f8tte alle aspekter af din flytning, herunder organisering af logistikken og indvandringsst\u00f8tte, herunder transport af dine k\u00e6ledyr. Deres flytningstjenester omfatter ogs\u00e5 st\u00f8tte til indflytning, s\u00f8gning efter et hjem og skoler.<\/p>\n<p>Hjemmeside: <a href=\"https:\/\/www.moveoneinc.com\/\" target=\"_blank\" rel=\"noopener\">https:\/\/www.moveoneinc.com\/<\/a><\/p>","protected":false},"excerpt":{"rendered":"<p>Are you moving home or your business? Then you may want help in making the move easier especially if you are relocating to another country, so a reputable moving company could help. Below we have compiled a list of Cameroon removal companies that are members of the International Association of Movers (IAM) that could help [&hellip;]<\/p>\n","protected":false},"author":4,"featured_media":0,"parent":190,"menu_order":0,"comment_status":"closed","ping_status":"closed","template":"","meta":{"_genesis_hide_title":false,"_genesis_hide_breadcrumbs":false,"_genesis_hide_singular_image":false,"_genesis_hide_footer_widgets":false,"_genesis_custom_body_class":"","_genesis_custom_post_class":"","_genesis_layout":"","footnotes":""},"class_list":{"0":"post-5515","1":"page","2":"type-page","3":"status-publish","5":"entry","6":"has-post-thumbnail"},"_links":{"self":[{"href":"https:\/\/moverdb.com\/da\/wp-json\/wp\/v2\/pages\/5515","targetHints":{"allow":["GET"]}}],"collection":[{"href":"https:\/\/moverdb.com\/da\/wp-json\/wp\/v2\/pages"}],"about":[{"href":"https:\/\/moverdb.com\/da\/wp-json\/wp\/v2\/types\/page"}],"author":[{"embeddable":true,"href":"https:\/\/moverdb.com\/da\/wp-json\/wp\/v2\/users\/4"}],"replies":[{"embeddable":true,"href":"https:\/\/moverdb.com\/da\/wp-json\/wp\/v2\/comments?post=5515"}],"version-history":[{"count":2,"href":"https:\/\/moverdb.com\/da\/wp-json\/wp\/v2\/pages\/5515\/revisions"}],"predecessor-version":[{"id":5517,"href":"https:\/\/moverdb.com\/da\/wp-json\/wp\/v2\/pages\/5515\/revisions\/5517"}],"up":[{"embeddable":true,"href":"https:\/\/moverdb.com\/da\/wp-json\/wp\/v2\/pages\/190"}],"wp:attachment":[{"href":"https:\/\/moverdb.com\/da\/wp-json\/wp\/v2\/media?parent=5515"}],"curies":[{"name":"wp","href":"https:\/\/api.w.org\/{rel}","templated":true}]}}