{"id":5512,"date":"2023-02-01T13:54:26","date_gmt":"2023-02-01T13:54:26","guid":{"rendered":"https:\/\/moverdb.com\/?page_id=5512"},"modified":"2026-01-08T15:29:51","modified_gmt":"2026-01-08T15:29:51","slug":"burundi-flytningsfirmaer","status":"publish","type":"page","link":"https:\/\/moverdb.com\/da\/moving-companies\/burundi-moving-companies\/","title":{"rendered":"Bedste internationale flyttefirmaer i Burundi"},"content":{"rendered":"<p>Hvis du \u00f8nsker at flytte hjem eller forretning i Burundi, flytte til eller fra Burundi, kan du v\u00e6re interesseret i at f\u00e5 hj\u00e6lp fra en <a href=\"https:\/\/moverdb.com\/da\/moving-companies\/\" data-internallinksmanager029f6b8e52c=\"79\" title=\"Top 25 internationale flyttefirmaer online\">flyttefirma<\/a> som kan lette flytningen for dig. Nedenfor har vi samlet en liste over Burundi <a href=\"https:\/\/moverdb.com\/da\/international-removals\/\" data-internallinksmanager029f6b8e52c=\"27\" title=\"De 36 bedste internationale flyttefirmaer i Storbritannien\">flyttefirmaer<\/a> der er medlemmer af den <a href=\"https:\/\/moverdb.com\/da\/iam\/\" data-internallinksmanager029f6b8e52c=\"23\" title=\"International Association of Movers (IAM) Forklaret\">Den internationale sammenslutning af flyttefirmaer<\/a> (IAM), der kan hj\u00e6lpe dig.<\/p>\n<h2><strong>Great Lakes Logistics<\/strong><\/h2>\n<p><img loading=\"lazy\" decoding=\"async\" class=\"alignnone size-full wp-image-5444\" src=\"https:\/\/moverdb.com\/wp-content\/uploads\/Great-Lakes-Logistics-international-moving-company.png\" alt=\"Great Lakes Logistics international flyttevirksomhed\" width=\"1440\" height=\"679\" data-wp-pid=\"5444\" srcset=\"https:\/\/moverdb.com\/wp-content\/uploads\/Great-Lakes-Logistics-international-moving-company.png 1440w, https:\/\/moverdb.com\/wp-content\/uploads\/Great-Lakes-Logistics-international-moving-company-300x141.png 300w, https:\/\/moverdb.com\/wp-content\/uploads\/Great-Lakes-Logistics-international-moving-company-1024x483.png 1024w, https:\/\/moverdb.com\/wp-content\/uploads\/Great-Lakes-Logistics-international-moving-company-18x8.png 18w, https:\/\/moverdb.com\/wp-content\/uploads\/Great-Lakes-Logistics-international-moving-company-600x283.png 600w\" sizes=\"auto, (max-width: 1440px) 100vw, 1440px\" \/><\/p>\n<ul>\n<li>Nationale flytninger<\/li>\n<li>Internationale flytninger<\/li>\n<li>Flytning af boliger<\/li>\n<li>Sm\u00e5 kommercielle flytninger<\/li>\n<li>Vej-, jernbane-, s\u00f8- og luftfragt<\/li>\n<li>Pakning, lastning og afl\u00e6sning<\/li>\n<li>Online opg\u00f8relse<\/li>\n<li>Toldklarering<\/li>\n<li>D\u00e6kker \u00d8stafrika<\/li>\n<li>Opbevaringsfaciliteter<\/li>\n<\/ul>\n<p>Great Lakes Logistics er en clearing-, speditions-, shipping- og lagervirksomhed, der blev grundlagt i 2015 i Burundi som en filial af en stor virksomhed fra de Forenede Arabiske Emirater. De leverer flyttetjenester i Burundi, Rwanda, <a href=\"https:\/\/moverdb.com\/da\/moving-companies\/moving-companies-kenya\/\" data-internallinksmanager029f6b8e52c=\"305\" title=\"4 bedste internationale flyttefirmaer i Kenya\">Kenya<\/a>, Uganda, Tanzania, Sydsudan, <a href=\"https:\/\/moverdb.com\/da\/moving-companies\/moving-companies-mozambique\/\" data-internallinksmanager029f6b8e52c=\"286\" title=\"4 bedste internationale flyttefirmaer i Mozambique\">Mozambique<\/a>, <a href=\"https:\/\/moverdb.com\/da\/moving-companies\/moving-companies-malawi\/\" data-internallinksmanager029f6b8e52c=\"295\" title=\"Bedste internationale flyttefirmaer i Malawi\">Malawi<\/a>, DRC, <a href=\"https:\/\/moverdb.com\/da\/moving-companies\/botswana-moving-companies\/\" data-internallinksmanager029f6b8e52c=\"167\" title=\"Bedste internationale flyttefirmaer i Botswana\">Botswana<\/a>, Angola og Zimbabwe. De er medlem af IAM med 6 \u00e5rs anciennitet.<\/p>\n<p>Great Lakes Logistics tager sig af flytninger af boliger og sm\u00e5 erhvervsm\u00e6ssige flytninger, som de kan udf\u00f8re via vej-, jernbane-, s\u00f8- og luftfragt. De tilbyder et udvalg af flyttetjenester, herunder lastning og losning, klarg\u00f8ring af ejendele, pakning, toldklarering og opbevaring.<\/p>\n<p>Hjemmeside: <a href=\"https:\/\/www.greatlakeslogistics-bu.bi\" target=\"_blank\" rel=\"noopener\">https:\/\/www.greatlakeslogistics-bu.bi<\/a><\/p>","protected":false},"excerpt":{"rendered":"<p>If you are wanting to move home or business in Burundi, move to or from Burundi, you may be interested in the services of a moving company who could ease the move for you. Below we have compiled a list of Burundi removal companies that are members of the International Association of Movers (IAM) that [&hellip;]<\/p>\n","protected":false},"author":4,"featured_media":0,"parent":190,"menu_order":0,"comment_status":"closed","ping_status":"closed","template":"","meta":{"_genesis_hide_title":false,"_genesis_hide_breadcrumbs":false,"_genesis_hide_singular_image":false,"_genesis_hide_footer_widgets":false,"_genesis_custom_body_class":"","_genesis_custom_post_class":"","_genesis_layout":"","footnotes":""},"class_list":{"0":"post-5512","1":"page","2":"type-page","3":"status-publish","5":"entry","6":"has-post-thumbnail"},"_links":{"self":[{"href":"https:\/\/moverdb.com\/da\/wp-json\/wp\/v2\/pages\/5512","targetHints":{"allow":["GET"]}}],"collection":[{"href":"https:\/\/moverdb.com\/da\/wp-json\/wp\/v2\/pages"}],"about":[{"href":"https:\/\/moverdb.com\/da\/wp-json\/wp\/v2\/types\/page"}],"author":[{"embeddable":true,"href":"https:\/\/moverdb.com\/da\/wp-json\/wp\/v2\/users\/4"}],"replies":[{"embeddable":true,"href":"https:\/\/moverdb.com\/da\/wp-json\/wp\/v2\/comments?post=5512"}],"version-history":[{"count":2,"href":"https:\/\/moverdb.com\/da\/wp-json\/wp\/v2\/pages\/5512\/revisions"}],"predecessor-version":[{"id":5514,"href":"https:\/\/moverdb.com\/da\/wp-json\/wp\/v2\/pages\/5512\/revisions\/5514"}],"up":[{"embeddable":true,"href":"https:\/\/moverdb.com\/da\/wp-json\/wp\/v2\/pages\/190"}],"wp:attachment":[{"href":"https:\/\/moverdb.com\/da\/wp-json\/wp\/v2\/media?parent=5512"}],"curies":[{"name":"wp","href":"https:\/\/api.w.org\/{rel}","templated":true}]}}