{"id":5510,"date":"2023-02-01T12:32:51","date_gmt":"2023-02-01T12:32:51","guid":{"rendered":"https:\/\/moverdb.com\/?page_id=5510"},"modified":"2026-01-08T15:23:39","modified_gmt":"2026-01-08T15:23:39","slug":"bulgarien-flytningsfirmaer","status":"publish","type":"page","link":"https:\/\/moverdb.com\/da\/moving-companies\/bulgaria-moving-companies\/","title":{"rendered":"2 bedste internationale flyttefirmaer i Bulgarien"},"content":{"rendered":"<p>Hvis du flytter hjem eller din virksomhed i <a href=\"https:\/\/moverdb.com\/da\/moving-to-bulgaria\/\" data-internallinksmanager029f6b8e52c=\"322\" title=\"Skal du flytte til Bulgarien? 2026 Leveomkostninger og flyttetips\">Bulgarien<\/a>eller flytter til eller fra Bulgarien, kan det v\u00e6re en god id\u00e9 at engagere en <a href=\"https:\/\/moverdb.com\/da\/moving-companies\/\" data-internallinksmanager029f6b8e52c=\"79\" title=\"Top 25 internationale flyttefirmaer online\">flyttefirma<\/a> for at mindske arbejdsbyrden. Nedenfor har vi samlet en liste over bulgarske <a href=\"https:\/\/moverdb.com\/da\/international-removals\/\" data-internallinksmanager029f6b8e52c=\"27\" title=\"De 36 bedste internationale flyttefirmaer i Storbritannien\">flyttefirmaer<\/a> der er medlemmer af den <a href=\"https:\/\/moverdb.com\/da\/iam\/\" data-internallinksmanager029f6b8e52c=\"23\" title=\"International Association of Movers (IAM) Forklaret\">Den internationale sammenslutning af flyttefirmaer<\/a> (IAM) og\/eller <a href=\"https:\/\/moverdb.com\/da\/fidi-faim\/\" data-internallinksmanager029f6b8e52c=\"16\" title=\"FIDI &amp; FAIM (FIDI Accredited International Mover) forklaret\">FIDI<\/a> Accredited International Mover (FAIM), der kan hj\u00e6lpe dig.<\/p>\n<h2><strong>1. Movega<\/strong><\/h2>\n<p><img loading=\"lazy\" decoding=\"async\" class=\"alignnone size-full wp-image-5463\" src=\"https:\/\/moverdb.com\/wp-content\/uploads\/Movega-international-moving-company.png\" alt=\"Movega international flyttevirksomhed\" width=\"1440\" height=\"678\" data-wp-pid=\"5463\" srcset=\"https:\/\/moverdb.com\/wp-content\/uploads\/Movega-international-moving-company.png 1440w, https:\/\/moverdb.com\/wp-content\/uploads\/Movega-international-moving-company-300x141.png 300w, https:\/\/moverdb.com\/wp-content\/uploads\/Movega-international-moving-company-1024x482.png 1024w, https:\/\/moverdb.com\/wp-content\/uploads\/Movega-international-moving-company-18x8.png 18w, https:\/\/moverdb.com\/wp-content\/uploads\/Movega-international-moving-company-600x283.png 600w\" sizes=\"auto, (max-width: 1440px) 100vw, 1440px\" \/><\/p>\n<ul>\n<li>Nationale flytninger<\/li>\n<li>Europ\u00e6iske flytninger<\/li>\n<li>Flytning af husholdninger<\/li>\n<li>Flytning af kontorer<\/li>\n<li>Fuld og delvis belastning<\/li>\n<li>Rabatter ved reservation af flere k\u00f8ret\u00f8jer<\/li>\n<li>Pakning og udpakning<\/li>\n<li>Online-unders\u00f8gelsesplatform til vurdering af dine behov<\/li>\n<li>Kan give en ekstern elevator<\/li>\n<li>Opbevaringsl\u00f8sninger<\/li>\n<\/ul>\n<p>Movega er et flyttefirma i Varna, der tilbyder flyttetjenester i Bulgarien og Europa. De samarbejder med flyttepartnere for at tilbyde deres tjenester internationalt. De tager sig af husholdninger og kontorflytninger, og de er medlem af IAM med 2 \u00e5rs anciennitet.<\/p>\n<p>Movega tilbyder et udvalg af flyttetjenester, s\u00e5 du kan bruge en hel eller delvis last eller f\u00e5 rabat for flere k\u00f8ret\u00f8jer. De hj\u00e6lper dig med at vurdere dine flyttebehov ved hj\u00e6lp af deres online unders\u00f8gelsesplatform. De tilbyder transporttjenester samt komplette paknings- og udpakningsservices. De har en varieret fl\u00e5de, herunder en udvendig lift til at f\u00e5 store m\u00f8bler gennem vinduer og altaner.<\/p>\n<p>Hjemmeside: <a href=\"http:\/\/movega.co.uk\" target=\"_blank\" rel=\"noopener\">http:\/\/movega.co.uk<\/a><\/p>\n<h2><strong>2. Orbit<\/strong><\/h2>\n<p><img loading=\"lazy\" decoding=\"async\" class=\"alignnone size-full wp-image-5470\" src=\"https:\/\/moverdb.com\/wp-content\/uploads\/Orbit-international-moving-company.png\" alt=\"Orbit international flyttevirksomhed\" width=\"1440\" height=\"684\" data-wp-pid=\"5470\" srcset=\"https:\/\/moverdb.com\/wp-content\/uploads\/Orbit-international-moving-company.png 1440w, https:\/\/moverdb.com\/wp-content\/uploads\/Orbit-international-moving-company-300x143.png 300w, https:\/\/moverdb.com\/wp-content\/uploads\/Orbit-international-moving-company-1024x486.png 1024w, https:\/\/moverdb.com\/wp-content\/uploads\/Orbit-international-moving-company-18x9.png 18w, https:\/\/moverdb.com\/wp-content\/uploads\/Orbit-international-moving-company-600x285.png 600w\" sizes=\"auto, (max-width: 1440px) 100vw, 1440px\" \/><\/p>\n<ul>\n<li>Nationale flytninger<\/li>\n<li>Internationale flytninger<\/li>\n<li>Flytning af husholdninger<\/li>\n<li>Kommerciel logistik<\/li>\n<li>Personaliseret tilgang<\/li>\n<li>Transport til lands, til vands og i luften<\/li>\n<li>Toldagentur<\/li>\n<li>Pakning og udpakning<\/li>\n<li>Transport af kunst<\/li>\n<li>Transportsporing og forsikring<\/li>\n<\/ul>\n<p>Orbit er et speditions- og transportfirma med base i Sofia, som har v\u00e6ret i drift i over 25 \u00e5r og hjulpet folk med at flytte i Bulgarien og internationalt. De er en del af Orphee Beinoglou-koncernen, som har afdelinger i hele Europa, som de samarbejder med og andre flyttepartnere for at levere flytninger internationalt. De er medlemmer af IAM med 28 \u00e5rs erfaring og er akkrediteret af FIDI.<\/p>\n<p>Orbit tilbyder en personlig service, herunder indledende inspektion, planl\u00e6gning af din flytning til lands, til vands eller med fly, sikker pakning og udpakning af dine ejendele samt toldklarering. De giver dig ro i sindet med en transportforsikring for dine ejendele og sporing af din forsendelse.<\/p>\n<p>Hjemmeside: <a href=\"http:\/\/www.orbit.bg\" target=\"_blank\" rel=\"noopener\">http:\/\/www.orbit.bg<\/a><\/p>\n<h2>Andre nyttige guider til Bulgarien<\/h2>\n<ul>\n<li> <a href=\"https:\/\/moverdb.com\/da\/moving-to-bulgaria\/\">Skal du flytte til Bulgarien? 2026 Leveomkostninger og flyttetips<\/a><\/li>\n<li> <a href=\"https:\/\/moverdb.com\/da\/moving-to-bulgaria\/best-places-to-live-bulgaria\/\">De 13 bedste steder at bo i Bulgarien<\/a><\/li>\n<\/ul>","protected":false},"excerpt":{"rendered":"<p>If you are moving home or your business in Bulgaria, or moving to or from Bulgaria, then you may want to engage the services of a moving company to reduce the workload. Below we have compiled a list of Bulgarian removal companies that are members of the International Association of Movers (IAM) and\/or FIDI Accredited [&hellip;]<\/p>\n","protected":false},"author":4,"featured_media":0,"parent":190,"menu_order":0,"comment_status":"closed","ping_status":"closed","template":"","meta":{"_genesis_hide_title":false,"_genesis_hide_breadcrumbs":false,"_genesis_hide_singular_image":false,"_genesis_hide_footer_widgets":false,"_genesis_custom_body_class":"","_genesis_custom_post_class":"","_genesis_layout":"","footnotes":""},"class_list":{"0":"post-5510","1":"page","2":"type-page","3":"status-publish","5":"entry","6":"has-post-thumbnail"},"_links":{"self":[{"href":"https:\/\/moverdb.com\/da\/wp-json\/wp\/v2\/pages\/5510","targetHints":{"allow":["GET"]}}],"collection":[{"href":"https:\/\/moverdb.com\/da\/wp-json\/wp\/v2\/pages"}],"about":[{"href":"https:\/\/moverdb.com\/da\/wp-json\/wp\/v2\/types\/page"}],"author":[{"embeddable":true,"href":"https:\/\/moverdb.com\/da\/wp-json\/wp\/v2\/users\/4"}],"replies":[{"embeddable":true,"href":"https:\/\/moverdb.com\/da\/wp-json\/wp\/v2\/comments?post=5510"}],"version-history":[{"count":3,"href":"https:\/\/moverdb.com\/da\/wp-json\/wp\/v2\/pages\/5510\/revisions"}],"predecessor-version":[{"id":16292,"href":"https:\/\/moverdb.com\/da\/wp-json\/wp\/v2\/pages\/5510\/revisions\/16292"}],"up":[{"embeddable":true,"href":"https:\/\/moverdb.com\/da\/wp-json\/wp\/v2\/pages\/190"}],"wp:attachment":[{"href":"https:\/\/moverdb.com\/da\/wp-json\/wp\/v2\/media?parent=5510"}],"curies":[{"name":"wp","href":"https:\/\/api.w.org\/{rel}","templated":true}]}}