{"id":5242,"date":"2022-10-24T11:48:27","date_gmt":"2022-10-24T11:48:27","guid":{"rendered":"https:\/\/moverdb.com\/?page_id=5242"},"modified":"2026-01-08T15:29:48","modified_gmt":"2026-01-08T15:29:48","slug":"botswana","status":"publish","type":"page","link":"https:\/\/moverdb.com\/da\/moving-companies\/botswana-moving-companies\/","title":{"rendered":"Bedste internationale flyttefirmaer i Botswana"},"content":{"rendered":"<p>Planl\u00e6gger du en flytning i Botswana, eller til eller fra Botswana? Uanset om du skal flytte dit hjem eller din virksomhed, er det vigtigt at f\u00e5 fat i en <a href=\"https:\/\/moverdb.com\/da\/moving-companies\/\" data-internallinksmanager029f6b8e52c=\"79\" title=\"Top 25 internationale flyttefirmaer online\">flyttefirma<\/a> kan v\u00e6re med til at lette byrden. For at hj\u00e6lpe dig har vi samlet en liste over Botswana <a href=\"https:\/\/moverdb.com\/da\/international-removals\/\" data-internallinksmanager029f6b8e52c=\"27\" title=\"De 36 bedste internationale flyttefirmaer i Storbritannien\">flyttefirmaer<\/a> nedenfor, der er medlemmer af den <a href=\"https:\/\/moverdb.com\/da\/iam\/\" data-internallinksmanager029f6b8e52c=\"23\" title=\"International Association of Movers (IAM) Forklaret\">Den internationale sammenslutning af flyttefirmaer<\/a> (IAM) og\/eller <a href=\"https:\/\/moverdb.com\/da\/fidi-faim\/\" data-internallinksmanager029f6b8e52c=\"16\" title=\"FIDI &amp; FAIM (FIDI Accredited International Mover) forklaret\">FIDI<\/a> Akkrediteret international flyttemand (FAIM).<\/p>\n<h2><strong>AGS Worldwide Movers<\/strong><\/h2>\n<p><em><img loading=\"lazy\" decoding=\"async\" class=\"alignnone size-full wp-image-5137\" src=\"https:\/\/moverdb.com\/wp-content\/uploads\/AGS-Wroldwide-Movers-international-moving-company.png\" alt=\"AGS Wroldwide Movers international flyttevirksomhed\" width=\"1440\" height=\"680\" data-wp-pid=\"5137\" srcset=\"https:\/\/moverdb.com\/wp-content\/uploads\/AGS-Wroldwide-Movers-international-moving-company.png 1440w, https:\/\/moverdb.com\/wp-content\/uploads\/AGS-Wroldwide-Movers-international-moving-company-300x142.png 300w, https:\/\/moverdb.com\/wp-content\/uploads\/AGS-Wroldwide-Movers-international-moving-company-1024x484.png 1024w, https:\/\/moverdb.com\/wp-content\/uploads\/AGS-Wroldwide-Movers-international-moving-company-18x9.png 18w, https:\/\/moverdb.com\/wp-content\/uploads\/AGS-Wroldwide-Movers-international-moving-company-600x283.png 600w\" sizes=\"auto, (max-width: 1440px) 100vw, 1440px\" \/><\/em><\/p>\n<ul>\n<li>Lokale og nationale flytninger<\/li>\n<li>Internationale flytninger<\/li>\n<li>Kommercielle flytninger til kontorer<\/li>\n<li>Flytning af husholdninger<\/li>\n<li>Skr\u00e6ddersyet service<\/li>\n<li>Tilbyder en d\u00f8r-til-d\u00f8r-service<\/li>\n<li>Uddannede pakkerier, der arbejder efter internationale standarder<\/li>\n<li>Brug innovative emballagematerialer<\/li>\n<li>Flytning af k\u00f8ret\u00f8jer<\/li>\n<li>Sikre opbevaringsfaciliteter<\/li>\n<\/ul>\n<p>AGS Worldwide Movers er en international virksomhed, der blev grundlagt i 1974 og har 146 lokationer i 97 lande, herunder Europa, Asien og Afrika, herunder Botswana. De har et partnernetv\u00e6rk i Nord- og Sydamerika og Oceanien for at levere tjenester i disse lande. Botswana-afdelingen har 41 \u00e5rs erfaring som IAM-medlem og er akkrediteret af FIDI.<\/p>\n<p>AGS Worldwide Movers leverer flyttetjenester i Botswana og i hele verden ved hj\u00e6lp af avanceret teknologi til at hj\u00e6lpe med tilbud, sporing og leveringer. De besk\u00e6ftiger uddannede pakkerier, der arbejder efter internationale pakningsstandarder og -teknikker og anvender pakningsmaterialer af h\u00f8j kvalitet. De tilbyder ogs\u00e5 flytning af k\u00f8ret\u00f8jer og sikre opbevaringsfaciliteter.<\/p>\n<p>Hjemmeside: <a href=\"https:\/\/www.agsmovers.com\" target=\"_blank\" rel=\"noopener\">https:\/\/www.agsmovers.com<\/a><\/p>","protected":false},"excerpt":{"rendered":"<p>Are you planning a move within Botswana, or to or from Botswana? Whether you are moving your home or your business, engaging the services of a moving company can help lighten the load. To assist you we have compiled a list of Botswana removal companies below that are members of the International Association of Movers [&hellip;]<\/p>\n","protected":false},"author":4,"featured_media":0,"parent":190,"menu_order":0,"comment_status":"closed","ping_status":"closed","template":"","meta":{"_genesis_hide_title":false,"_genesis_hide_breadcrumbs":false,"_genesis_hide_singular_image":false,"_genesis_hide_footer_widgets":false,"_genesis_custom_body_class":"","_genesis_custom_post_class":"","_genesis_layout":"","footnotes":""},"class_list":{"0":"post-5242","1":"page","2":"type-page","3":"status-publish","5":"entry"},"_links":{"self":[{"href":"https:\/\/moverdb.com\/da\/wp-json\/wp\/v2\/pages\/5242","targetHints":{"allow":["GET"]}}],"collection":[{"href":"https:\/\/moverdb.com\/da\/wp-json\/wp\/v2\/pages"}],"about":[{"href":"https:\/\/moverdb.com\/da\/wp-json\/wp\/v2\/types\/page"}],"author":[{"embeddable":true,"href":"https:\/\/moverdb.com\/da\/wp-json\/wp\/v2\/users\/4"}],"replies":[{"embeddable":true,"href":"https:\/\/moverdb.com\/da\/wp-json\/wp\/v2\/comments?post=5242"}],"version-history":[{"count":1,"href":"https:\/\/moverdb.com\/da\/wp-json\/wp\/v2\/pages\/5242\/revisions"}],"predecessor-version":[{"id":5243,"href":"https:\/\/moverdb.com\/da\/wp-json\/wp\/v2\/pages\/5242\/revisions\/5243"}],"up":[{"embeddable":true,"href":"https:\/\/moverdb.com\/da\/wp-json\/wp\/v2\/pages\/190"}],"wp:attachment":[{"href":"https:\/\/moverdb.com\/da\/wp-json\/wp\/v2\/media?parent=5242"}],"curies":[{"name":"wp","href":"https:\/\/api.w.org\/{rel}","templated":true}]}}