{"id":5240,"date":"2022-10-24T11:49:20","date_gmt":"2022-10-24T11:49:20","guid":{"rendered":"https:\/\/moverdb.com\/?page_id=5240"},"modified":"2026-01-08T15:23:38","modified_gmt":"2026-01-08T15:23:38","slug":"bosnien-herzegovina","status":"publish","type":"page","link":"https:\/\/moverdb.com\/da\/moving-companies\/bosnia-and-herzegovina-moving-companies\/","title":{"rendered":"2 bedste internationale flyttefirmaer i Bosnien og Hercegovina"},"content":{"rendered":"<p>Flytning kan v\u00e6re en stressende tid, is\u00e6r hvis du ogs\u00e5 flytter til et andet land, og det er her, at et flyttefirma kan hj\u00e6lpe med at lette noget af presset. For at hj\u00e6lpe dig har vi samlet en liste over Bosnien og Hercegovina <a href=\"https:\/\/moverdb.com\/da\/international-removals\/\" data-internallinksmanager029f6b8e52c=\"27\" title=\"De 36 bedste internationale flyttefirmaer i Storbritannien\">flyttefirmaer<\/a> der er medlemmer af den <a href=\"https:\/\/moverdb.com\/da\/iam\/\" data-internallinksmanager029f6b8e52c=\"23\" title=\"International Association of Movers (IAM) Forklaret\">Den internationale sammenslutning af flyttefirmaer<\/a> (IAM), som kan hj\u00e6lpe dig.<\/p>\n<h2><strong>1. AGS Worldwide Movers<\/strong><\/h2>\n<p><em><img loading=\"lazy\" decoding=\"async\" class=\"alignnone size-full wp-image-5137\" src=\"https:\/\/moverdb.com\/wp-content\/uploads\/AGS-Wroldwide-Movers-international-moving-company.png\" alt=\"AGS Wroldwide Movers international flyttevirksomhed\" width=\"1440\" height=\"680\" data-wp-pid=\"5137\" srcset=\"https:\/\/moverdb.com\/wp-content\/uploads\/AGS-Wroldwide-Movers-international-moving-company.png 1440w, https:\/\/moverdb.com\/wp-content\/uploads\/AGS-Wroldwide-Movers-international-moving-company-300x142.png 300w, https:\/\/moverdb.com\/wp-content\/uploads\/AGS-Wroldwide-Movers-international-moving-company-1024x484.png 1024w, https:\/\/moverdb.com\/wp-content\/uploads\/AGS-Wroldwide-Movers-international-moving-company-18x9.png 18w, https:\/\/moverdb.com\/wp-content\/uploads\/AGS-Wroldwide-Movers-international-moving-company-600x283.png 600w\" sizes=\"auto, (max-width: 1440px) 100vw, 1440px\" \/><\/em><\/p>\n<ul>\n<li>Nationale flytninger<\/li>\n<li>Internationale flytninger<\/li>\n<li>Flytning af boliger<\/li>\n<li>Flytning af kontorer<\/li>\n<li>Flytning fra d\u00f8r til d\u00f8r<\/li>\n<li>Uddannet personale til at pakke og transportere dine ejendele<\/li>\n<li>Innovative emballagematerialer og -metoder<\/li>\n<li>Milj\u00f8venlig emballage<\/li>\n<li>Overf\u00f8rsel af k\u00f8ret\u00f8jer<\/li>\n<li>Sikker opbevaring<\/li>\n<\/ul>\n<p>AGS Worldwide Movers blev oprettet i 1974 og er vokset til et internationalt flyttefirma, der d\u00e6kker Europa, Asien og Afrika med partnere i Amerika og Oceanien. De har 146 lokationer i 97 lande. De er medlemmer af IAM med 25 \u00e5rs erfaring.<\/p>\n<p>AGS Worldwide Movers bruger avancerede og smarte l\u00f8sninger til at give tilbud, sporing og levering mere effektivt. De har uddannet personale, der pakker dine ejendele sikkert ind for at forhindre, at de bliver beskadiget ved hj\u00e6lp af innovative emballagematerialer og -teknikker. De tilbyder ogs\u00e5 transportl\u00f8sninger for k\u00f8ret\u00f8jer og sikker opbevaring, hvis det er n\u00f8dvendigt.<\/p>\n<p>Hjemmeside: <a href=\"http:\/\/www.agsmovers.com\" target=\"_blank\" rel=\"noopener\">http:\/\/www.agsmovers.com<\/a><\/p>\n<h2><strong>2. Intermove<\/strong><\/h2>\n<p><em><img loading=\"lazy\" decoding=\"async\" class=\"alignnone size-full wp-image-5176\" src=\"https:\/\/moverdb.com\/wp-content\/uploads\/Intermove-international-moving-company.png\" alt=\"Intermove international flyttevirksomhed\" width=\"1440\" height=\"680\" data-wp-pid=\"5176\" srcset=\"https:\/\/moverdb.com\/wp-content\/uploads\/Intermove-international-moving-company.png 1440w, https:\/\/moverdb.com\/wp-content\/uploads\/Intermove-international-moving-company-300x142.png 300w, https:\/\/moverdb.com\/wp-content\/uploads\/Intermove-international-moving-company-1024x484.png 1024w, https:\/\/moverdb.com\/wp-content\/uploads\/Intermove-international-moving-company-18x9.png 18w, https:\/\/moverdb.com\/wp-content\/uploads\/Intermove-international-moving-company-600x283.png 600w\" sizes=\"auto, (max-width: 1440px) 100vw, 1440px\" \/><\/em><\/p>\n<ul>\n<li>Lokale og nationale flytninger<\/li>\n<li>Internationale flytninger<\/li>\n<li>Flytning af husholdninger<\/li>\n<li>Flytning af virksomheder<\/li>\n<li>H\u00f8jt kvalificerede pakkerier<\/li>\n<li>Indpakning og udpakning<\/li>\n<li>Forsendelseslogistik<\/li>\n<li>Toldklarering<\/li>\n<li>Forsikring<\/li>\n<li>Opbevaringsfaciliteter<\/li>\n<\/ul>\n<p>Intermove er et flyttefirma, der blev etableret i 1996 for at hj\u00e6lpe familier og virksomheder med at flytte. De tilbyder deres tjenester i Bosnien-Hercegovina samt til dem, der \u00f8nsker at flytte til eller fra Bosnien-Hercegovina. De er medlemmer af IAM med 26 \u00e5rs erfaring.<\/p>\n<p>Intermove har h\u00f8jt kvalificerede pakkere, der er uddannet i internationale pakningsmetoder og bruger materialer af h\u00f8j kvalitet til at beskytte dine ejendele. De pakker dine ejendele og s\u00f8rger for forsendelsen af dem, herunder eventuel toldbehandling og udpakning. De s\u00f8rger for forsikring, boligs\u00f8gning, orientering om omr\u00e5det og mulighed for fleksible opbevaringsl\u00f8sninger.<\/p>\n<p>Hjemmeside: <a href=\"http:\/\/www.intermovebosnia.com\" target=\"_blank\" rel=\"noopener\">http:\/\/www.intermovebosnia.com<\/a><\/p>","protected":false},"excerpt":{"rendered":"<p>Moving can be a stressful time especially if you are moving countries as well, that is where a moving or relocation company can help relieve some of the pressure. To help you we have compiled a list of Bosnia and Herzegovina removal companies that are members of the International Association of Movers (IAM) who could [&hellip;]<\/p>\n","protected":false},"author":4,"featured_media":0,"parent":190,"menu_order":0,"comment_status":"closed","ping_status":"closed","template":"","meta":{"_genesis_hide_title":false,"_genesis_hide_breadcrumbs":false,"_genesis_hide_singular_image":false,"_genesis_hide_footer_widgets":false,"_genesis_custom_body_class":"","_genesis_custom_post_class":"","_genesis_layout":"","footnotes":""},"class_list":{"0":"post-5240","1":"page","2":"type-page","3":"status-publish","5":"entry","6":"has-post-thumbnail"},"_links":{"self":[{"href":"https:\/\/moverdb.com\/da\/wp-json\/wp\/v2\/pages\/5240","targetHints":{"allow":["GET"]}}],"collection":[{"href":"https:\/\/moverdb.com\/da\/wp-json\/wp\/v2\/pages"}],"about":[{"href":"https:\/\/moverdb.com\/da\/wp-json\/wp\/v2\/types\/page"}],"author":[{"embeddable":true,"href":"https:\/\/moverdb.com\/da\/wp-json\/wp\/v2\/users\/4"}],"replies":[{"embeddable":true,"href":"https:\/\/moverdb.com\/da\/wp-json\/wp\/v2\/comments?post=5240"}],"version-history":[{"count":1,"href":"https:\/\/moverdb.com\/da\/wp-json\/wp\/v2\/pages\/5240\/revisions"}],"predecessor-version":[{"id":5241,"href":"https:\/\/moverdb.com\/da\/wp-json\/wp\/v2\/pages\/5240\/revisions\/5241"}],"up":[{"embeddable":true,"href":"https:\/\/moverdb.com\/da\/wp-json\/wp\/v2\/pages\/190"}],"wp:attachment":[{"href":"https:\/\/moverdb.com\/da\/wp-json\/wp\/v2\/media?parent=5240"}],"curies":[{"name":"wp","href":"https:\/\/api.w.org\/{rel}","templated":true}]}}