{"id":5237,"date":"2022-10-24T11:50:03","date_gmt":"2022-10-24T11:50:03","guid":{"rendered":"https:\/\/moverdb.com\/?page_id=5237"},"modified":"2026-01-08T15:24:38","modified_gmt":"2026-01-08T15:24:38","slug":"bolivia","status":"publish","type":"page","link":"https:\/\/moverdb.com\/da\/moving-companies\/bolivia-moving-companies\/","title":{"rendered":"4 bedste internationale flyttefirmaer i Bolivia"},"content":{"rendered":"<p>Hvis du \u00f8nsker at flytte dit hjem eller din virksomhed i Bolivia eller til eller fra Bolivia, vil du m\u00e5ske have hj\u00e6lp til at mindske stress og arbejde i forbindelse med flytningen. Nedenfor har vi samlet en liste over bolivianske <a href=\"https:\/\/moverdb.com\/da\/international-removals\/\" data-internallinksmanager029f6b8e52c=\"27\" title=\"De 36 bedste internationale flyttefirmaer i Storbritannien\">flyttefirmaer<\/a> der er medlemmer af den <a href=\"https:\/\/moverdb.com\/da\/iam\/\" data-internallinksmanager029f6b8e52c=\"23\" title=\"International Association of Movers (IAM) Forklaret\">Den internationale sammenslutning af flyttefirmaer<\/a> (IAM) og\/eller <a href=\"https:\/\/moverdb.com\/da\/fidi-faim\/\" data-internallinksmanager029f6b8e52c=\"16\" title=\"FIDI &amp; FAIM (FIDI Accredited International Mover) forklaret\">FIDI<\/a> Accredited International Mover (FAIM), der kan hj\u00e6lpe dig.<\/p>\n<div id=\"ez-toc-container\" class=\"ez-toc-v2_0_82_2 ez-toc-wrap-left counter-hierarchy ez-toc-counter ez-toc-transparent ez-toc-container-direction\">\n<div class=\"ez-toc-title-container\">\n<p class=\"ez-toc-title\" style=\"cursor:inherit\">Sektioner<\/p>\n<span class=\"ez-toc-title-toggle\"><a href=\"#\" class=\"ez-toc-pull-right ez-toc-btn ez-toc-btn-xs ez-toc-btn-default ez-toc-toggle\" aria-label=\"Toggle indholdsfortegnelse\"><span class=\"ez-toc-js-icon-con\"><span class=\"\"><span class=\"eztoc-hide\" style=\"display:none;\">Toggle<\/span><span class=\"ez-toc-icon-toggle-span\"><svg style=\"fill: #999;color:#999\" xmlns=\"http:\/\/www.w3.org\/2000\/svg\" class=\"list-377408\" width=\"20px\" height=\"20px\" viewbox=\"0 0 24 24\" fill=\"none\"><path d=\"M6 6H4v2h2V6zm14 0H8v2h12V6zM4 11h2v2H4v-2zm16 0H8v2h12v-2zM4 16h2v2H4v-2zm16 0H8v2h12v-2z\" fill=\"currentColor\"><\/path><\/svg><svg style=\"fill: #999;color:#999\" class=\"arrow-unsorted-368013\" xmlns=\"http:\/\/www.w3.org\/2000\/svg\" width=\"10px\" height=\"10px\" viewbox=\"0 0 24 24\" version=\"1.2\" baseprofile=\"tiny\"><path d=\"M18.2 9.3l-6.2-6.3-6.2 6.3c-.2.2-.3.4-.3.7s.1.5.3.7c.2.2.4.3.7.3h11c.3 0 .5-.1.7-.3.2-.2.3-.5.3-.7s-.1-.5-.3-.7zM5.8 14.7l6.2 6.3 6.2-6.3c.2-.2.3-.5.3-.7s-.1-.5-.3-.7c-.2-.2-.4-.3-.7-.3h-11c-.3 0-.5.1-.7.3-.2.2-.3.5-.3.7s.1.5.3.7z\"\/><\/svg><\/span><\/span><\/span><\/a><\/span><\/div>\n<nav><ul class='ez-toc-list ez-toc-list-level-1 eztoc-toggle-hide-by-default' ><li class='ez-toc-page-1 ez-toc-heading-level-2'><a class=\"ez-toc-link ez-toc-heading-1\" href=\"https:\/\/moverdb.com\/da\/moving-companies\/bolivia-moving-companies\/#1_Bolivian_Movers\" >1. Bolivianske flyttefolk<\/a><\/li><li class='ez-toc-page-1 ez-toc-heading-level-2'><a class=\"ez-toc-link ez-toc-heading-2\" href=\"https:\/\/moverdb.com\/da\/moving-companies\/bolivia-moving-companies\/#2_Express_Cargo_Services\" >2. Express Cargo Services<\/a><\/li><li class='ez-toc-page-1 ez-toc-heading-level-2'><a class=\"ez-toc-link ez-toc-heading-3\" href=\"https:\/\/moverdb.com\/da\/moving-companies\/bolivia-moving-companies\/#3_Total_Bolivian_Moving\" >3. Samlet boliviansk flytning<\/a><\/li><li class='ez-toc-page-1 ez-toc-heading-level-2'><a class=\"ez-toc-link ez-toc-heading-4\" href=\"https:\/\/moverdb.com\/da\/moving-companies\/bolivia-moving-companies\/#4_Inbolpack\" >4. Inbolpack<\/a><\/li><\/ul><\/nav><\/div>\n<h2><span class=\"ez-toc-section\" id=\"1_Bolivian_Movers\"><\/span><strong>1. Bolivianske flyttefolk<\/strong><span class=\"ez-toc-section-end\"><\/span><\/h2>\n<p><em><img loading=\"lazy\" decoding=\"async\" class=\"alignnone size-full wp-image-5150\" src=\"https:\/\/moverdb.com\/wp-content\/uploads\/Bolivian-Movers-international-moving-company.png\" alt=\"Bolivian Movers international flyttevirksomhed\" width=\"1440\" height=\"671\" data-wp-pid=\"5150\" srcset=\"https:\/\/moverdb.com\/wp-content\/uploads\/Bolivian-Movers-international-moving-company.png 1440w, https:\/\/moverdb.com\/wp-content\/uploads\/Bolivian-Movers-international-moving-company-300x140.png 300w, https:\/\/moverdb.com\/wp-content\/uploads\/Bolivian-Movers-international-moving-company-1024x477.png 1024w, https:\/\/moverdb.com\/wp-content\/uploads\/Bolivian-Movers-international-moving-company-18x8.png 18w, https:\/\/moverdb.com\/wp-content\/uploads\/Bolivian-Movers-international-moving-company-600x280.png 600w\" sizes=\"auto, (max-width: 1440px) 100vw, 1440px\" \/><\/em><\/p>\n<ul>\n<li>Nationale flytninger<\/li>\n<li>Internationale flytninger<\/li>\n<li>Flytninger til hjemmet<\/li>\n<li>Flytning af kontorer<\/li>\n<li>Et enkelt kontaktpunkt i forbindelse med din flytning<\/li>\n<li>Moderne fl\u00e5de og udstyr<\/li>\n<li>Professionel indpakning med materialer af h\u00f8j kvalitet<\/li>\n<li>Transport af kunst<\/li>\n<li>Flytning af k\u00e6ledyr<\/li>\n<li>Sikre opbevaringsfaciliteter<\/li>\n<\/ul>\n<p>Bolivian Movers blev grundlagt i 1974 for at levere flyttetjenester i Bolivia og l\u00e6ngere v\u00e6k fra Bolivia. De er medlemmer af IAM og har 48 \u00e5rs erfaring. De er en del af et internationalt netv\u00e6rk af flyttefirmaer, s\u00e5 de kan hj\u00e6lpe dig med din flytning overalt i verden. De har en moderne fl\u00e5de af k\u00f8ret\u00f8jer og udstyr og giver dig en kontaktperson, der overv\u00e5ger din flytning.<\/p>\n<p>Bolivian Movers tilbyder en professionel pakningsservice, der anvender materialer af h\u00f8j kvalitet og eksperter med akkrediterede pakkeriteknikker. De tilbyder ogs\u00e5 tjenester til flytning af k\u00e6ledyr og r\u00e5dgiver om g\u00e6ldende regler. De tilbyder ogs\u00e5 sikre opbevaringsfaciliteter.<\/p>\n<p>Hjemmeside: <a href=\"http:\/\/www.bolivianmovers.com\" target=\"_blank\" rel=\"noopener\">http:\/\/www.bolivianmovers.com<\/a><\/p>\n<h2><span class=\"ez-toc-section\" id=\"2_Express_Cargo_Services\"><\/span><strong>2. Express Cargo Services<\/strong><span class=\"ez-toc-section-end\"><\/span><\/h2>\n<p><em><img loading=\"lazy\" decoding=\"async\" class=\"alignnone size-full wp-image-5166\" src=\"https:\/\/moverdb.com\/wp-content\/uploads\/Express-Cargo-Services-international-moving-company.png\" alt=\"Express Cargo Services international flyttevirksomhed\" width=\"1440\" height=\"680\" data-wp-pid=\"5166\" srcset=\"https:\/\/moverdb.com\/wp-content\/uploads\/Express-Cargo-Services-international-moving-company.png 1440w, https:\/\/moverdb.com\/wp-content\/uploads\/Express-Cargo-Services-international-moving-company-300x142.png 300w, https:\/\/moverdb.com\/wp-content\/uploads\/Express-Cargo-Services-international-moving-company-1024x484.png 1024w, https:\/\/moverdb.com\/wp-content\/uploads\/Express-Cargo-Services-international-moving-company-18x9.png 18w, https:\/\/moverdb.com\/wp-content\/uploads\/Express-Cargo-Services-international-moving-company-600x283.png 600w\" sizes=\"auto, (max-width: 1440px) 100vw, 1440px\" \/><\/em><\/p>\n<ul>\n<li>Nationale flytninger<\/li>\n<li>Internationale flytninger<\/li>\n<li>Flytning af boliger<\/li>\n<li>En fl\u00e5de af varevogne og lastbiler<\/li>\n<li>Vej-, s\u00f8- og lufttransport<\/li>\n<li>Emballeringstjenester<\/li>\n<li>Toldprocedurer ved eksport og import<\/li>\n<li>Transport af kunstv\u00e6rker<\/li>\n<li>Flytning af k\u00e6ledyr<\/li>\n<li>Sikker opbevaring<\/li>\n<\/ul>\n<p>Express Cargo Services blev etableret i 1989 som et flyttefirma i Bolivia. De tilbyder en r\u00e6kke flyttetjenester til private kunder, der \u00f8nsker at flytte i eller til Bolivia eller andre steder i verden. De er medlemmer af IAM med 33 \u00e5rs erfaring.<\/p>\n<p>Express Cargo Services tilbyder en d\u00f8r-til-d\u00f8r-service til og fra alle lande i verden. De har deres egen fl\u00e5de af varevogne og lastbiler til at lette flytninger i Bolivia og samarbejder med partnere og spedit\u00f8rer internationalt ved hj\u00e6lp af vej-, s\u00f8- og lufttransport. De tilbyder emballeringstjenester, toldservice, transport af kunst, flytning af k\u00e6ledyr og sikre opbevaringsfaciliteter.<\/p>\n<p>Hjemmeside: <a href=\"http:\/\/www.expresscargobolivia.com\" target=\"_blank\" rel=\"noopener\">http:\/\/www.expresscargobolivia.com<\/a><\/p>\n<h2><span class=\"ez-toc-section\" id=\"3_Total_Bolivian_Moving\"><\/span><strong>3. Samlet boliviansk flytning<\/strong><span class=\"ez-toc-section-end\"><\/span><\/h2>\n<p><em><img loading=\"lazy\" decoding=\"async\" class=\"alignnone size-full wp-image-5210\" src=\"https:\/\/moverdb.com\/wp-content\/uploads\/Total-Bolivian-Moving-international-moving-company.png\" alt=\"Total Bolivian Moving international flyttevirksomhed\" width=\"1440\" height=\"636\" data-wp-pid=\"5210\" srcset=\"https:\/\/moverdb.com\/wp-content\/uploads\/Total-Bolivian-Moving-international-moving-company.png 1440w, https:\/\/moverdb.com\/wp-content\/uploads\/Total-Bolivian-Moving-international-moving-company-300x133.png 300w, https:\/\/moverdb.com\/wp-content\/uploads\/Total-Bolivian-Moving-international-moving-company-1024x452.png 1024w, https:\/\/moverdb.com\/wp-content\/uploads\/Total-Bolivian-Moving-international-moving-company-18x8.png 18w, https:\/\/moverdb.com\/wp-content\/uploads\/Total-Bolivian-Moving-international-moving-company-600x265.png 600w\" sizes=\"auto, (max-width: 1440px) 100vw, 1440px\" \/><\/em><\/p>\n<ul>\n<li>Nationale flytninger<\/li>\n<li>Internationale flytninger<\/li>\n<li>Flytning af boliger og erhverv<\/li>\n<li>Organisering og planl\u00e6gning af din flytning<\/li>\n<li>Uddannet og erfarent personale<\/li>\n<li>Emballageservice med materialer af h\u00f8j kvalitet<\/li>\n<li>Forsikring<\/li>\n<li>Transport af kunstv\u00e6rker<\/li>\n<li>Transport af k\u00f8ret\u00f8jer<\/li>\n<li>Sikker opbevaring<\/li>\n<\/ul>\n<p>Total Bolivian Moving er et flyttefirma med base i La Paz, der leverer flytteservices i Bolivia og til og fra Bolivia. De leverer deres tjenester til privatkunder s\u00e5vel som erhvervskunder, herunder organisationer og virksomheder. De har specialiseret sig i transport af kunstv\u00e6rker. De er medlem af IAM med 7 \u00e5rs erfaring.<\/p>\n<p>Total Bolivian Moving hj\u00e6lper dig med at organisere din flytning og hj\u00e6lper dig med planl\u00e6gningen. De har uddannet og erfarent personale til at pakke dine ejendele sikkert og forsvarligt for at undg\u00e5 skader ved hj\u00e6lp af emballagematerialer af h\u00f8j kvalitet. De tilbyder forsikring og opbevaringsfaciliteter til dine ejendele, hvis det er n\u00f8dvendigt.<\/p>\n<p>Hjemmeside: <a href=\"http:\/\/www.tobolmoving.com\" target=\"_blank\" rel=\"noopener\">http:\/\/www.tobolmoving.com<\/a><\/p>\n<h2><span class=\"ez-toc-section\" id=\"4_Inbolpack\"><\/span><strong>4. Inbolpack<\/strong><span class=\"ez-toc-section-end\"><\/span><\/h2>\n<p>&nbsp;<img loading=\"lazy\" decoding=\"async\" class=\"alignnone size-full wp-image-5238\" src=\"https:\/\/moverdb.com\/wp-content\/uploads\/Inbolpack-international-moving-company.png\" alt=\"\" width=\"1440\" height=\"682\" data-wp-pid=\"5238\" srcset=\"https:\/\/moverdb.com\/wp-content\/uploads\/Inbolpack-international-moving-company.png 1440w, https:\/\/moverdb.com\/wp-content\/uploads\/Inbolpack-international-moving-company-300x142.png 300w, https:\/\/moverdb.com\/wp-content\/uploads\/Inbolpack-international-moving-company-1024x485.png 1024w, https:\/\/moverdb.com\/wp-content\/uploads\/Inbolpack-international-moving-company-18x9.png 18w, https:\/\/moverdb.com\/wp-content\/uploads\/Inbolpack-international-moving-company-600x284.png 600w\" sizes=\"auto, (max-width: 1440px) 100vw, 1440px\" \/><\/p>\n<ul>\n<li>Lokale og nationale flytninger<\/li>\n<li>Internationale flytninger<\/li>\n<li>Flytning af husholdninger<\/li>\n<li>Kommercielle flytninger<\/li>\n<li>S\u00e6rlige projekter transport<\/li>\n<li>D\u00f8r-til-d\u00f8r-service<\/li>\n<li>Professionelle pakkerier<\/li>\n<li>Emballeringsmaterialer af h\u00f8j kvalitet<\/li>\n<li>Egen fl\u00e5de af forskellige k\u00f8ret\u00f8jer<\/li>\n<li>Opbevaringsl\u00f8sninger<\/li>\n<\/ul>\n<p>Inbolpack blev grundlagt i 1978 som et flyttefirma, der betjener Bolivia og internationalt p\u00e5 grund af tilstedev\u00e6relsen af udenlandsk personale i landet. De hj\u00e6lper folk og virksomheder med at flytte i, til og fra Bolivia. De er medlemmer af IAM med 44 \u00e5rs erfaring og er akkrediteret af FIDI.<\/p>\n<p>Inbolpack tilbyder en d\u00f8r-til-d\u00f8r-service for flytninger, som giver en professionel pakningsservice med uddannet personale, der opfylder internationale standarder og bruger emballagematerialer af h\u00f8j kvalitet. De har ogs\u00e5 en fl\u00e5de af egne k\u00f8ret\u00f8jer, der omfatter lastbiler og kraner. De tilbyder ogs\u00e5 opbevaringsfaciliteter for gods lokalt og internationalt.<\/p>\n<p>Hjemmeside: <a href=\"http:\/\/www.inbolpack.net\" target=\"_blank\" rel=\"noopener\">http:\/\/www.inbolpack.net<\/a><\/p>","protected":false},"excerpt":{"rendered":"<p>If you are wanting to move home or business in Bolivia, or to or from Bolivia then you might want some support to reduce the stress and work needed for the move. Below we have compiled a list of Bolivian removal companies that are members of the International Association of Movers (IAM) and\/or FIDI Accredited [&hellip;]<\/p>\n","protected":false},"author":4,"featured_media":0,"parent":190,"menu_order":0,"comment_status":"closed","ping_status":"closed","template":"","meta":{"_genesis_hide_title":false,"_genesis_hide_breadcrumbs":false,"_genesis_hide_singular_image":false,"_genesis_hide_footer_widgets":false,"_genesis_custom_body_class":"","_genesis_custom_post_class":"","_genesis_layout":"","footnotes":""},"class_list":{"0":"post-5237","1":"page","2":"type-page","3":"status-publish","5":"entry","6":"has-post-thumbnail"},"_links":{"self":[{"href":"https:\/\/moverdb.com\/da\/wp-json\/wp\/v2\/pages\/5237","targetHints":{"allow":["GET"]}}],"collection":[{"href":"https:\/\/moverdb.com\/da\/wp-json\/wp\/v2\/pages"}],"about":[{"href":"https:\/\/moverdb.com\/da\/wp-json\/wp\/v2\/types\/page"}],"author":[{"embeddable":true,"href":"https:\/\/moverdb.com\/da\/wp-json\/wp\/v2\/users\/4"}],"replies":[{"embeddable":true,"href":"https:\/\/moverdb.com\/da\/wp-json\/wp\/v2\/comments?post=5237"}],"version-history":[{"count":1,"href":"https:\/\/moverdb.com\/da\/wp-json\/wp\/v2\/pages\/5237\/revisions"}],"predecessor-version":[{"id":5239,"href":"https:\/\/moverdb.com\/da\/wp-json\/wp\/v2\/pages\/5237\/revisions\/5239"}],"up":[{"embeddable":true,"href":"https:\/\/moverdb.com\/da\/wp-json\/wp\/v2\/pages\/190"}],"wp:attachment":[{"href":"https:\/\/moverdb.com\/da\/wp-json\/wp\/v2\/media?parent=5237"}],"curies":[{"name":"wp","href":"https:\/\/api.w.org\/{rel}","templated":true}]}}