{"id":5231,"date":"2022-10-24T11:51:35","date_gmt":"2022-10-24T11:51:35","guid":{"rendered":"https:\/\/moverdb.com\/?page_id=5231"},"modified":"2026-01-08T15:29:47","modified_gmt":"2026-01-08T15:29:47","slug":"barbados-2","status":"publish","type":"page","link":"https:\/\/moverdb.com\/da\/moving-companies\/barbados-moving-companies\/","title":{"rendered":"Bedste internationale flyttefirmaer i Barbados"},"content":{"rendered":"<p>Overvejer du at flytte til eller fra <a href=\"https:\/\/moverdb.com\/da\/moving-to-barbados\/\" data-internallinksmanager029f6b8e52c=\"344\" title=\"Flytter du til Barbados? 2026 Leveomkostninger og tips til flytning\">Barbados<\/a>eller inden for Barbados? S\u00e5 kan tanken om at pakke dit hjem eller din virksomhed ned og organisere fragten m\u00e5ske give dig lidt stress, men et flyttefirma kan hj\u00e6lpe. Nedenfor er de <a href=\"https:\/\/moverdb.com\/da\/international-removals\/\" data-internallinksmanager029f6b8e52c=\"27\" title=\"De 36 bedste internationale flyttefirmaer i Storbritannien\">flyttefirmaer<\/a> der er medlemmer af den <a href=\"https:\/\/moverdb.com\/da\/iam\/\" data-internallinksmanager029f6b8e52c=\"23\" title=\"International Association of Movers (IAM) Forklaret\">Den internationale sammenslutning af flyttefirmaer<\/a> (IAM) og\/eller <a href=\"https:\/\/moverdb.com\/da\/fidi-faim\/\" data-internallinksmanager029f6b8e52c=\"16\" title=\"FIDI &amp; FAIM (FIDI Accredited International Mover) forklaret\">FIDI<\/a> akkrediteret international flyttemand (FAIM) i Barbados.<\/p>\n<h2><strong>1. Michael Greaves Associates<\/strong><\/h2>\n<p><em><img loading=\"lazy\" decoding=\"async\" class=\"alignnone size-full wp-image-5186\" src=\"https:\/\/moverdb.com\/wp-content\/uploads\/Michael-Greaves-Associates-international-moving-company.png\" alt=\"Michael Greaves Associates international flyttevirksomhed\" width=\"1440\" height=\"681\" data-wp-pid=\"5186\" srcset=\"https:\/\/moverdb.com\/wp-content\/uploads\/Michael-Greaves-Associates-international-moving-company.png 1440w, https:\/\/moverdb.com\/wp-content\/uploads\/Michael-Greaves-Associates-international-moving-company-300x142.png 300w, https:\/\/moverdb.com\/wp-content\/uploads\/Michael-Greaves-Associates-international-moving-company-1024x484.png 1024w, https:\/\/moverdb.com\/wp-content\/uploads\/Michael-Greaves-Associates-international-moving-company-18x9.png 18w, https:\/\/moverdb.com\/wp-content\/uploads\/Michael-Greaves-Associates-international-moving-company-600x284.png 600w\" sizes=\"auto, (max-width: 1440px) 100vw, 1440px\" \/><\/em><\/p>\n<ul>\n<li>Nationale flytninger<\/li>\n<li>Internationale flytninger<\/li>\n<li>Flytning af erhverv og boliger<\/li>\n<li>Skr\u00e6ddersyet service<\/li>\n<li>Erfarne fagfolk<\/li>\n<li>Toldformidling og toldklarering<\/li>\n<li>Forsikring af fragt<\/li>\n<li>H\u00e5ndtering af k\u00e6ledyr<\/li>\n<li>Transport af k\u00f8ret\u00f8jer og b\u00e5de<\/li>\n<li>Opbevaringsfaciliteter<\/li>\n<\/ul>\n<p>Michael Greaves Associates er en flytte-, transport- og m\u00e6glervirksomhed med base p\u00e5 Barbados, der blev grundlagt i 1981. De er medlemmer af IAM og har 41 \u00e5rs erfaring. De tilbyder flytningstjenester p\u00e5 Barbados og internationalt.<\/p>\n<p>Michael Greaves Associates tilbyder en skr\u00e6ddersyet flytningsservice, der hj\u00e6lper dig med alle faser af din flytning fra planl\u00e6gning til indflytning i dit nye hjem. De vil unders\u00f8ge dit hjem eller kontor, give et overslag og notere eventuelle s\u00e6rlige krav. De pakker dine ejendele ved hj\u00e6lp af godkendte teknikker og materialer. De tilbyder ogs\u00e5 fragtforsikring og toldformidling og toldklarering samt specialiserede tjenester til transport af k\u00e6ledyr, k\u00f8ret\u00f8jer og b\u00e5de.<\/p>\n<p>Hjemmeside: <a href=\"http:\/\/www.mgassociates.net\" target=\"_blank\" rel=\"noopener\">http:\/\/www.mgassociates.net<\/a><\/p>\n<h2>Andre nyttige guider til Barbados<\/h2>\n<ul>\n<li> <a href=\"https:\/\/moverdb.com\/da\/containerforsendelse\/barbados\/\">2024 Priser for s\u00f8fragt af containere til og fra Barbados<\/a><\/li>\n<li> <a href=\"https:\/\/moverdb.com\/da\/moving-to-barbados\/\">Flytter du til Barbados? 2026 Leveomkostninger og tips til flytning<\/a><\/li>\n<li> <a href=\"https:\/\/moverdb.com\/da\/moving-to-barbados\/living-in-barbados\/\">21 hemmeligheder om at bo p\u00e5 Barbados, som du skal kende, f\u00f8r du flytter<\/a><\/li>\n<\/ul>","protected":false},"excerpt":{"rendered":"<p>Are you thinking of moving to or from Barbados, or within Barbados? Then the thought of packing up your home or business and organising the shipping might be causing some stress, but a removal company could help. Below are the removal companies that are members of the International Association of Movers (IAM) and\/or FIDI Accredited [&hellip;]<\/p>\n","protected":false},"author":4,"featured_media":0,"parent":190,"menu_order":0,"comment_status":"closed","ping_status":"closed","template":"","meta":{"_genesis_hide_title":false,"_genesis_hide_breadcrumbs":false,"_genesis_hide_singular_image":false,"_genesis_hide_footer_widgets":false,"_genesis_custom_body_class":"","_genesis_custom_post_class":"","_genesis_layout":"","footnotes":""},"class_list":{"0":"post-5231","1":"page","2":"type-page","3":"status-publish","5":"entry","6":"has-post-thumbnail"},"_links":{"self":[{"href":"https:\/\/moverdb.com\/da\/wp-json\/wp\/v2\/pages\/5231","targetHints":{"allow":["GET"]}}],"collection":[{"href":"https:\/\/moverdb.com\/da\/wp-json\/wp\/v2\/pages"}],"about":[{"href":"https:\/\/moverdb.com\/da\/wp-json\/wp\/v2\/types\/page"}],"author":[{"embeddable":true,"href":"https:\/\/moverdb.com\/da\/wp-json\/wp\/v2\/users\/4"}],"replies":[{"embeddable":true,"href":"https:\/\/moverdb.com\/da\/wp-json\/wp\/v2\/comments?post=5231"}],"version-history":[{"count":2,"href":"https:\/\/moverdb.com\/da\/wp-json\/wp\/v2\/pages\/5231\/revisions"}],"predecessor-version":[{"id":18281,"href":"https:\/\/moverdb.com\/da\/wp-json\/wp\/v2\/pages\/5231\/revisions\/18281"}],"up":[{"embeddable":true,"href":"https:\/\/moverdb.com\/da\/wp-json\/wp\/v2\/pages\/190"}],"wp:attachment":[{"href":"https:\/\/moverdb.com\/da\/wp-json\/wp\/v2\/media?parent=5231"}],"curies":[{"name":"wp","href":"https:\/\/api.w.org\/{rel}","templated":true}]}}