{"id":5224,"date":"2022-10-24T11:53:37","date_gmt":"2022-10-24T11:53:37","guid":{"rendered":"https:\/\/moverdb.com\/?page_id=5224"},"modified":"2026-01-08T15:25:03","modified_gmt":"2026-01-08T15:25:03","slug":"azerbajdsjan","status":"publish","type":"page","link":"https:\/\/moverdb.com\/da\/moving-companies\/azerbaijan-moving-companies\/","title":{"rendered":"5 bedste internationale flyttefirmaer i Aserbajdsjan"},"content":{"rendered":"<p>Det kan v\u00e6re stressende at flytte, s\u00e5 det kan v\u00e6re med til at lette presset at f\u00e5 hj\u00e6lp til flytningen, hvis du f\u00e5r nogen til at hj\u00e6lpe dig med at flytte. Uanset om du flytter inden for Aserbajdsjan, eller om du flytter til eller fra Aserbajdsjan, er der virksomheder, der kan hj\u00e6lpe dig. Vi har samlet en liste over <a href=\"https:\/\/moverdb.com\/da\/international-removals\/\" data-internallinksmanager029f6b8e52c=\"27\" title=\"De 36 bedste internationale flyttefirmaer i Storbritannien\">flyttefirmaer<\/a> nedenfor, der er medlemmer af den <a href=\"https:\/\/moverdb.com\/da\/iam\/\" data-internallinksmanager029f6b8e52c=\"23\" title=\"International Association of Movers (IAM) Forklaret\">Den internationale sammenslutning af flyttefirmaer<\/a> (IAM) og\/eller <a href=\"https:\/\/moverdb.com\/da\/fidi-faim\/\" data-internallinksmanager029f6b8e52c=\"16\" title=\"FIDI &amp; FAIM (FIDI Accredited International Mover) forklaret\">FIDI<\/a> Accredited International Mover (FAIM), der kan hj\u00e6lpe dig.<\/p>\n<div id=\"ez-toc-container\" class=\"ez-toc-v2_0_83 ez-toc-wrap-left counter-hierarchy ez-toc-counter ez-toc-transparent ez-toc-container-direction\">\n<div class=\"ez-toc-title-container\">\n<p class=\"ez-toc-title\" style=\"cursor:inherit\">Sektioner<\/p>\n<span class=\"ez-toc-title-toggle\"><a href=\"#\" class=\"ez-toc-pull-right ez-toc-btn ez-toc-btn-xs ez-toc-btn-default ez-toc-toggle\" aria-label=\"Toggle indholdsfortegnelse\"><span class=\"ez-toc-js-icon-con\"><span class=\"\"><span class=\"eztoc-hide\" style=\"display:none;\">Toggle<\/span><span class=\"ez-toc-icon-toggle-span\"><svg style=\"fill: #999;color:#999\" xmlns=\"http:\/\/www.w3.org\/2000\/svg\" class=\"list-377408\" width=\"20px\" height=\"20px\" viewbox=\"0 0 24 24\" fill=\"none\"><path d=\"M6 6H4v2h2V6zm14 0H8v2h12V6zM4 11h2v2H4v-2zm16 0H8v2h12v-2zM4 16h2v2H4v-2zm16 0H8v2h12v-2z\" fill=\"currentColor\"><\/path><\/svg><svg style=\"fill: #999;color:#999\" class=\"arrow-unsorted-368013\" xmlns=\"http:\/\/www.w3.org\/2000\/svg\" width=\"10px\" height=\"10px\" viewbox=\"0 0 24 24\" version=\"1.2\" baseprofile=\"tiny\"><path d=\"M18.2 9.3l-6.2-6.3-6.2 6.3c-.2.2-.3.4-.3.7s.1.5.3.7c.2.2.4.3.7.3h11c.3 0 .5-.1.7-.3.2-.2.3-.5.3-.7s-.1-.5-.3-.7zM5.8 14.7l6.2 6.3 6.2-6.3c.2-.2.3-.5.3-.7s-.1-.5-.3-.7c-.2-.2-.4-.3-.7-.3h-11c-.3 0-.5.1-.7.3-.2.2-.3.5-.3.7s.1.5.3.7z\"\/><\/svg><\/span><\/span><\/span><\/a><\/span><\/div>\n<nav><ul class='ez-toc-list ez-toc-list-level-1 eztoc-toggle-hide-by-default' ><li class='ez-toc-page-1 ez-toc-heading-level-2'><a class=\"ez-toc-link ez-toc-heading-1\" href=\"https:\/\/moverdb.com\/da\/moving-companies\/azerbaijan-moving-companies\/#1_ACE_Forwarding\" >1. ACE-videresendelse<\/a><\/li><li class='ez-toc-page-1 ez-toc-heading-level-2'><a class=\"ez-toc-link ez-toc-heading-2\" href=\"https:\/\/moverdb.com\/da\/moving-companies\/azerbaijan-moving-companies\/#2_Allright_Moving_Storage\" >2. Allright Moving &amp; Storage<\/a><\/li><li class='ez-toc-page-1 ez-toc-heading-level-2'><a class=\"ez-toc-link ez-toc-heading-3\" href=\"https:\/\/moverdb.com\/da\/moving-companies\/azerbaijan-moving-companies\/#3_Buddy-Mover\" >3. Buddy-Mover<\/a><\/li><li class='ez-toc-page-1 ez-toc-heading-level-2'><a class=\"ez-toc-link ez-toc-heading-4\" href=\"https:\/\/moverdb.com\/da\/moving-companies\/azerbaijan-moving-companies\/#4_Gosselin\" >4. Gosselin<\/a><\/li><li class='ez-toc-page-1 ez-toc-heading-level-2'><a class=\"ez-toc-link ez-toc-heading-5\" href=\"https:\/\/moverdb.com\/da\/moving-companies\/azerbaijan-moving-companies\/#5_Interdean_International_Relocations\" >5. Interdean International Relocations<\/a><\/li><\/ul><\/nav><\/div>\n<h2><span class=\"ez-toc-section\" id=\"1_ACE_Forwarding\"><\/span><strong>1. ACE-videresendelse<\/strong><span class=\"ez-toc-section-end\"><\/span><\/h2>\n<p><em><img loading=\"lazy\" decoding=\"async\" class=\"alignnone size-full wp-image-5136\" src=\"https:\/\/moverdb.com\/wp-content\/uploads\/ACE-Forwarding-international-moving-company.png\" alt=\"ACE Forwarding international flyttevirksomhed\" width=\"1440\" height=\"685\" data-wp-pid=\"5136\" srcset=\"https:\/\/moverdb.com\/wp-content\/uploads\/ACE-Forwarding-international-moving-company.png 1440w, https:\/\/moverdb.com\/wp-content\/uploads\/ACE-Forwarding-international-moving-company-300x143.png 300w, https:\/\/moverdb.com\/wp-content\/uploads\/ACE-Forwarding-international-moving-company-1024x487.png 1024w, https:\/\/moverdb.com\/wp-content\/uploads\/ACE-Forwarding-international-moving-company-18x9.png 18w, https:\/\/moverdb.com\/wp-content\/uploads\/ACE-Forwarding-international-moving-company-600x285.png 600w\" sizes=\"auto, (max-width: 1440px) 100vw, 1440px\" \/><\/em><\/p>\n<ul>\n<li>Internationale flytninger<\/li>\n<li>Flytningstjenester<\/li>\n<li>Flytning af husholdninger og virksomheder<\/li>\n<li>Luft-, s\u00f8-, jernbane- og vejtransport<\/li>\n<li>Breakbulk-, samlel\u00e6snings- og containertransport<\/li>\n<li>Transport af kunstv\u00e6rker<\/li>\n<li>Toldm\u00e6glervirksomhed<\/li>\n<li>Transport af k\u00f8ret\u00f8jer og b\u00e5de<\/li>\n<li>Transport af k\u00e6ledyr<\/li>\n<li>L\u00f8sninger til lang- og korttidsopbevaring<\/li>\n<\/ul>\n<p>ACE Forwarding er en multimodal logistik- og speditionsvirksomhed, der blev grundlagt i 1996 i Aserbajdsjan, og de har ogs\u00e5 kontorer i <a href=\"https:\/\/moverdb.com\/da\/flyttefirmaer\/flyttefirmaer-georgien\/\">Georgien<\/a>. De er medlem af IAM med 25 \u00e5rs anciennitet. De tilbyder flytning til Aserbajdsjan, internationale flytninger og flytning til husholdninger og virksomheder.<\/p>\n<p>ACE Forwarding tilbyder en unders\u00f8gelse f\u00f8r flytning og tilbud, der er skr\u00e6ddersyet til dine behov. De tilbyder pakningsservice ved hj\u00e6lp af materialer, der er specielt designet til indholdet, og professionelle pakningsteknikker samt demontering og samling af m\u00f8bler. De kan ogs\u00e5 hj\u00e6lpe med toldformidling, transport af k\u00e6ledyr og k\u00f8ret\u00f8jer, forsikring og opbevaring p\u00e5 kort eller lang sigt.<\/p>\n<p>Hjemmeside: <a href=\"http:\/\/www.acecaspian.com\" target=\"_blank\" rel=\"noopener\">http:\/\/www.acecaspian.com<\/a><\/p>\n<h2><span class=\"ez-toc-section\" id=\"2_Allright_Moving_Storage\"><\/span><strong>2. Allright Moving &amp; Storage<\/strong><span class=\"ez-toc-section-end\"><\/span><\/h2>\n<p><em><img loading=\"lazy\" decoding=\"async\" class=\"alignnone size-full wp-image-5141\" src=\"https:\/\/moverdb.com\/wp-content\/uploads\/Allright-Moving-and-Storage-international-moving-company.png\" alt=\"Allright Moving and Storage international flyttevirksomhed\" width=\"1440\" height=\"677\" data-wp-pid=\"5141\" srcset=\"https:\/\/moverdb.com\/wp-content\/uploads\/Allright-Moving-and-Storage-international-moving-company.png 1440w, https:\/\/moverdb.com\/wp-content\/uploads\/Allright-Moving-and-Storage-international-moving-company-300x141.png 300w, https:\/\/moverdb.com\/wp-content\/uploads\/Allright-Moving-and-Storage-international-moving-company-1024x481.png 1024w, https:\/\/moverdb.com\/wp-content\/uploads\/Allright-Moving-and-Storage-international-moving-company-18x8.png 18w, https:\/\/moverdb.com\/wp-content\/uploads\/Allright-Moving-and-Storage-international-moving-company-600x282.png 600w\" sizes=\"auto, (max-width: 1440px) 100vw, 1440px\" \/><\/em><\/p>\n<ul>\n<li>Lokale og nationale flytninger<\/li>\n<li>Internationale flytninger<\/li>\n<li>Flytning af boliger<\/li>\n<li>Kontor- og virksomhedsflytninger<\/li>\n<li>Professionelt og h\u00f8fligt personale<\/li>\n<li>Demontering og samling af m\u00f8bler<\/li>\n<li>Forsikring af forsendelser<\/li>\n<li>Toldklarering<\/li>\n<li><a href=\"https:\/\/moverdb.com\/da\/car-transport-shipping\/\" data-internallinksmanager029f6b8e52c=\"2\" title=\"2026 tilbud p\u00e5 international biltransport og forsendelse af k\u00f8ret\u00f8jer\">Transport af biler<\/a><\/li>\n<li>Opbevaringsl\u00f8sninger<\/li>\n<\/ul>\n<p>Allright Moving &amp; Storage h\u00e6vder at v\u00e6re et af Aserbajdsjans f\u00f8rende speditions- og flyttefirmaer. De tilbyder tjenester til flytning af husholdninger og virksomheder i, fra eller til Aserbajdsjan. De er medlem af IAM og har 7 \u00e5rs erfaring. De har et netv\u00e6rk af internationale underleverand\u00f8rer og partnere til at hj\u00e6lpe dem med internationale flytninger.<\/p>\n<p>Allright Moving &amp; Storage har erfarne inspekt\u00f8rer, der kan vurdere dine behov og r\u00e5dgive dig. De pakker dine ejendele, afmonterer og samler dine m\u00f8bler og s\u00f8rger for transitforsikring og toldklarering. De kan ogs\u00e5 tilbyde biltransport. De tilbyder kort- til langsigtede, fuldt sikre og klimakontrollerede opbevaringsfaciliteter.<\/p>\n<p>Hjemmeside: <a href=\"http:\/\/www.allrightmoving.com\" target=\"_blank\" rel=\"noopener\">http:\/\/www.allrightmoving.com<\/a><\/p>\n<h2><span class=\"ez-toc-section\" id=\"3_Buddy-Mover\"><\/span><strong>3. Buddy-Mover<\/strong><span class=\"ez-toc-section-end\"><\/span><\/h2>\n<p><em><img loading=\"lazy\" decoding=\"async\" class=\"alignnone size-full wp-image-5151\" src=\"https:\/\/moverdb.com\/wp-content\/uploads\/Buddy-Mover-international-moving-company.png\" alt=\"Buddy Mover international flyttevirksomhed\" width=\"1440\" height=\"680\" data-wp-pid=\"5151\" srcset=\"https:\/\/moverdb.com\/wp-content\/uploads\/Buddy-Mover-international-moving-company.png 1440w, https:\/\/moverdb.com\/wp-content\/uploads\/Buddy-Mover-international-moving-company-300x142.png 300w, https:\/\/moverdb.com\/wp-content\/uploads\/Buddy-Mover-international-moving-company-1024x484.png 1024w, https:\/\/moverdb.com\/wp-content\/uploads\/Buddy-Mover-international-moving-company-18x9.png 18w, https:\/\/moverdb.com\/wp-content\/uploads\/Buddy-Mover-international-moving-company-600x283.png 600w\" sizes=\"auto, (max-width: 1440px) 100vw, 1440px\" \/><\/em><\/p>\n<ul>\n<li>Lokale og nationale flytninger<\/li>\n<li>Internationale flytninger<\/li>\n<li>Flytning af boliger<\/li>\n<li>Forretningsflytninger<\/li>\n<li>Professionelt og kvalificeret personale<\/li>\n<li>H\u00f8j standard for pakning<\/li>\n<li>Opg\u00f8relser til at spore dine ejendele<\/li>\n<li>Vej-, luft- og s\u00f8transport<\/li>\n<li>Forsikring af forsendelser<\/li>\n<li>Kort- til langtidsopbevaring<\/li>\n<\/ul>\n<p>Buddy-Mover er et flyttefirma med base i Baku, Aserbajdsjan, som er medlem af IAM med 4 \u00e5rs erfaring. De tilbyder lokale, nationale og internationale flyttetjenester, der tager h\u00f8jde for b\u00e5de private og erhvervskunder. De besk\u00e6ftiger professionelle medarbejdere, der er h\u00f8jt uddannet i flytteteknikker og pakning.<\/p>\n<p>Buddy-Mover tilbyder en personlig unders\u00f8gelse f\u00f8r din flytning for at vurdere dine behov og toldkrav og forsendelsesmuligheder. Deres flyttepersonale pakker dine ejendele sikkert ind, udarbejder en opg\u00f8relse og arrangerer transport ad landevej, med fly eller til s\u00f8s. De tilbyder ogs\u00e5 kort- og langtidsopbevaring i deres hv\u00e6lvede lagerrum.<\/p>\n<p>Hjemmeside: <a href=\"http:\/\/www.buddy-mover.com\" target=\"_blank\" rel=\"noopener\">http:\/\/www.buddy-mover.com<\/a><\/p>\n<h2><span class=\"ez-toc-section\" id=\"4_Gosselin\"><\/span><strong>4. Gosselin<\/strong><span class=\"ez-toc-section-end\"><\/span><\/h2>\n<p><em><img loading=\"lazy\" decoding=\"async\" class=\"alignnone size-full wp-image-5170\" src=\"https:\/\/moverdb.com\/wp-content\/uploads\/Gosselin-Azerbaijan-international-moving-company.png\" alt=\"Gosselin Aserbajdsjan international flyttevirksomhed\" width=\"1440\" height=\"681\" data-wp-pid=\"5170\" srcset=\"https:\/\/moverdb.com\/wp-content\/uploads\/Gosselin-Azerbaijan-international-moving-company.png 1440w, https:\/\/moverdb.com\/wp-content\/uploads\/Gosselin-Azerbaijan-international-moving-company-300x142.png 300w, https:\/\/moverdb.com\/wp-content\/uploads\/Gosselin-Azerbaijan-international-moving-company-1024x484.png 1024w, https:\/\/moverdb.com\/wp-content\/uploads\/Gosselin-Azerbaijan-international-moving-company-18x9.png 18w, https:\/\/moverdb.com\/wp-content\/uploads\/Gosselin-Azerbaijan-international-moving-company-600x284.png 600w\" sizes=\"auto, (max-width: 1440px) 100vw, 1440px\" \/><\/em><\/p>\n<ul>\n<li>Internationale flytninger<\/li>\n<li>Flytning af husholdninger<\/li>\n<li>Flytning af kontoret<\/li>\n<li>Pakning, transport og udpakning<\/li>\n<li>Billedkunst i bev\u00e6gelse<\/li>\n<li>Flytning af k\u00e6ledyr<\/li>\n<li>Transport af biler<\/li>\n<li>Opbevaringsl\u00f8sninger<\/li>\n<li>Overskydende bagage<\/li>\n<li>Rejseudstillinger tjenester<\/li>\n<\/ul>\n<p>Gosselin er et flyttefirma, der er en del af Gosselin Group, som blev grundlagt i 1930 i <a href=\"https:\/\/moverdb.com\/da\/moving-to-belgium\/\" data-internallinksmanager029f6b8e52c=\"323\" title=\"Flytter du til Belgien? 2026 Leveomkostninger og flyttetips\">Belgien<\/a> og har v\u00e6ret aktiv i Aserbajdsjan i over 20 \u00e5r. De tager sig af diplomater, virksomhedsansatte og private husholdninger, der transporterer internationalt. De er medlemmer af IAM og har 23 \u00e5rs erfaring.<\/p>\n<p>Gosselin tilbyder en skr\u00e6ddersyet service, der opfylder din families eller virksomheds behov med en professionel pakningsservice, topmoderne pakkematerialer og udpakningsservice. De tilbyder forsikring, flytning af kunstgenstande, biltransport og flytning af k\u00e6ledyr, som er Ipata-certificeret. De kan ogs\u00e5 tilbyde opbevaringsl\u00f8sninger og speditionstjenester, herunder overskudsbagage og rejsende udstillinger.<\/p>\n<p>Hjemmeside: <a href=\"https:\/\/gosselin-moving.com\/azerbaijan\" target=\"_blank\" rel=\"noopener\">https:\/\/gosselin-moving.com\/azerbaijan<\/a><\/p>\n<h2><span class=\"ez-toc-section\" id=\"5_Interdean_International_Relocations\"><\/span><strong>5. Interdean International Relocations<\/strong><span class=\"ez-toc-section-end\"><\/span><\/h2>\n<p><em><img loading=\"lazy\" decoding=\"async\" class=\"alignnone size-full wp-image-5175\" src=\"https:\/\/moverdb.com\/wp-content\/uploads\/Interdean-International-Relocations-international-moving-company.png\" alt=\"Interdean International Relocations international flyttevirksomhed\" width=\"1440\" height=\"683\" data-wp-pid=\"5175\" srcset=\"https:\/\/moverdb.com\/wp-content\/uploads\/Interdean-International-Relocations-international-moving-company.png 1440w, https:\/\/moverdb.com\/wp-content\/uploads\/Interdean-International-Relocations-international-moving-company-300x142.png 300w, https:\/\/moverdb.com\/wp-content\/uploads\/Interdean-International-Relocations-international-moving-company-1024x486.png 1024w, https:\/\/moverdb.com\/wp-content\/uploads\/Interdean-International-Relocations-international-moving-company-18x9.png 18w, https:\/\/moverdb.com\/wp-content\/uploads\/Interdean-International-Relocations-international-moving-company-600x285.png 600w\" sizes=\"auto, (max-width: 1440px) 100vw, 1440px\" \/><\/em><\/p>\n<ul>\n<li>Internationale flytninger<\/li>\n<li>Flytninger til hjemmet<\/li>\n<li>Flytning af virksomheder<\/li>\n<li>Flytteservice<\/li>\n<li>Forberedelse, pakning og udpakning af dine ejendele<\/li>\n<li>Muligheder for vej-, s\u00f8- og luftfragt<\/li>\n<li>Forsikring af forsendelser<\/li>\n<li>St\u00f8tte til toldklarering<\/li>\n<li>Kort- til langtidsopbevaring<\/li>\n<li>Hj\u00e6lp til at finde en bolig eller en korttidsudlejning<\/li>\n<\/ul>\n<p>Interdean International Relocations er en international flytteadministration med base i Baku, Aserbajdsjan. De er medlemmer af IAM og har 24 \u00e5rs erfaring og er akkrediteret af FIDI.<\/p>\n<p>Interdean International Relocations leverer specialkasser, der er designet til indholdet for at beskytte det bedst muligt, og skr\u00e6ddersyede kasser til v\u00e6rdifulde eller skr\u00f8belige genstande. De vil foretage en fuldst\u00e6ndig opg\u00f8relse af dine ejendele p\u00e5 en fortegnelse, pakke dem ud og fjerne alle emballagematerialer. De tilbyder transport via vej-, luft- og s\u00f8transport, og de hj\u00e6lper dig med toldklarering. De tilbyder ogs\u00e5 en r\u00e6kke forskellige opbevaringsl\u00f8sninger for sm\u00e5 til store m\u00e6ngder p\u00e5 kort til lang sigt.<\/p>\n<p>Hjemmeside: <a href=\"http:\/\/www.interdean.com.az\" target=\"_blank\" rel=\"noopener\">http:\/\/www.interdean.com.az<\/a><\/p>","protected":false},"excerpt":{"rendered":"<p>Moving home can be stressful so getting someone to assist you in your move can help release the pressure. Whether you are moving within Azerbaijan, or moving to or from Azerbaijan, there are companies that can assist. We have compiled a list of removal companies below that are members of the International Association of Movers [&hellip;]<\/p>\n","protected":false},"author":4,"featured_media":0,"parent":190,"menu_order":0,"comment_status":"closed","ping_status":"closed","template":"","meta":{"_genesis_hide_title":false,"_genesis_hide_breadcrumbs":false,"_genesis_hide_singular_image":false,"_genesis_hide_footer_widgets":false,"_genesis_custom_body_class":"","_genesis_custom_post_class":"","_genesis_layout":"","footnotes":""},"class_list":{"0":"post-5224","1":"page","2":"type-page","3":"status-publish","5":"entry","6":"has-post-thumbnail"},"_links":{"self":[{"href":"https:\/\/moverdb.com\/da\/wp-json\/wp\/v2\/pages\/5224","targetHints":{"allow":["GET"]}}],"collection":[{"href":"https:\/\/moverdb.com\/da\/wp-json\/wp\/v2\/pages"}],"about":[{"href":"https:\/\/moverdb.com\/da\/wp-json\/wp\/v2\/types\/page"}],"author":[{"embeddable":true,"href":"https:\/\/moverdb.com\/da\/wp-json\/wp\/v2\/users\/4"}],"replies":[{"embeddable":true,"href":"https:\/\/moverdb.com\/da\/wp-json\/wp\/v2\/comments?post=5224"}],"version-history":[{"count":2,"href":"https:\/\/moverdb.com\/da\/wp-json\/wp\/v2\/pages\/5224\/revisions"}],"predecessor-version":[{"id":7595,"href":"https:\/\/moverdb.com\/da\/wp-json\/wp\/v2\/pages\/5224\/revisions\/7595"}],"up":[{"embeddable":true,"href":"https:\/\/moverdb.com\/da\/wp-json\/wp\/v2\/pages\/190"}],"wp:attachment":[{"href":"https:\/\/moverdb.com\/da\/wp-json\/wp\/v2\/media?parent=5224"}],"curies":[{"name":"wp","href":"https:\/\/api.w.org\/{rel}","templated":true}]}}