{"id":4726,"date":"2022-09-30T19:17:44","date_gmt":"2022-09-30T19:17:44","guid":{"rendered":"https:\/\/moverdb.com\/?page_id=4726"},"modified":"2026-01-08T13:20:35","modified_gmt":"2026-01-08T13:20:35","slug":"papua-nyt-guinea","status":"publish","type":"page","link":"https:\/\/moverdb.com\/da\/container-shipping\/papua-new-guinea\/","title":{"rendered":"2023 S\u00f8fragt containerforsendelsespriser til og fra Papua Ny Guinea"},"content":{"rendered":"<figure class=\"wp-block-image size-full\"><img loading=\"lazy\" decoding=\"async\" width=\"1000\" height=\"562\" src=\"https:\/\/moverdb.com\/wp-content\/uploads\/papua-new-guinea.jpg\" alt=\"Et flydende kvarter i byen Port Moresby i Papua Ny Guinea\" class=\"wp-image-4708\" srcset=\"https:\/\/moverdb.com\/wp-content\/uploads\/papua-new-guinea.jpg 1000w, https:\/\/moverdb.com\/wp-content\/uploads\/papua-new-guinea-300x169.jpg 300w, https:\/\/moverdb.com\/wp-content\/uploads\/papua-new-guinea-18x10.jpg 18w, https:\/\/moverdb.com\/wp-content\/uploads\/papua-new-guinea-600x337.jpg 600w\" sizes=\"auto, (max-width: 1000px) 100vw, 1000px\" \/><\/figure>\n\n\n\n<p>Mange udl\u00e6ndinge beslutter sig for at flytte til <strong>Papua Ny <a href=\"https:\/\/moverdb.com\/da\/moving-companies\/moving-companies-guinea\/\" data-internallinksmanager029f6b8e52c=\"231\" title=\"2 bedste internationale flyttefirmaer i Guinea\">Guinea<\/a> <\/strong>p\u00e5 trods af, at dette \u00f8land i Oceanien stadig er underudviklet i det store og hele.<\/p>\n\n\n\n<p>Papua Ny Guinea er meget lovende for sin sk\u00e6bne i den n\u00e6rmeste fremtid. Befolkningen er meget varm og venlig over for udl\u00e6ndinge, og de er ogs\u00e5 meget flittige og beslutsomme med hensyn til at l\u00f8fte deres samfund til et h\u00f8jere \u00f8konomisk niveau.<\/p>\n\n\n\n<p>Hvis du har f\u00e5et et job i dette charmerende land eller blot \u00f8nsker at opbygge et liv p\u00e5 et roligere og mere afsondret sted, skal du stadig l\u00e6re at kende omkostningerne ved at transportere dine husholdningsartikler dertil.<\/p>\n\n\n\n<p>Denne artikel vil hj\u00e6lpe dig med at finde de laveste Papua Ny Guinea <a href=\"https:\/\/moverdb.com\/da\/container-shipping\/\" data-internallinksmanager029f6b8e52c=\"3\" title=\"Diagram over internationale containerpriser: April 2026\">priser for containertransport<\/a>. I tabellerne nedenfor har vi medtaget alle destinationer fra hele verden, som vi kunne finde priser for.<\/p>\n\n\n\n<p>Vi opfordrer dig ogs\u00e5 til at bruge vores tilbudsv\u00e6rkt\u00f8j for at f\u00e5 en n\u00f8jagtig pris baseret p\u00e5 din n\u00f8jagtige placering.<\/p>\n\n\n\n<h2 class=\"wp-block-heading\">Forsendelsesomkostninger for containere til Papua Ny Guinea (Port Moresby)<\/h2>\n\n\n<div class=\"wp-block-image\">\n<figure class=\"aligncenter size-large\"><img loading=\"lazy\" decoding=\"async\" width=\"1024\" height=\"539\" src=\"https:\/\/moverdb.com\/wp-content\/uploads\/Shipping-Container-Costs-to-Papua-New-Guinea-1024x539.png\" alt=\"Forsendelsesomkostninger for containere til Papua Ny Guinea (Port Moresby)\" class=\"wp-image-4711\" srcset=\"https:\/\/moverdb.com\/wp-content\/uploads\/Shipping-Container-Costs-to-Papua-New-Guinea-1024x539.png 1024w, https:\/\/moverdb.com\/wp-content\/uploads\/Shipping-Container-Costs-to-Papua-New-Guinea-300x158.png 300w, https:\/\/moverdb.com\/wp-content\/uploads\/Shipping-Container-Costs-to-Papua-New-Guinea-1536x809.png 1536w, https:\/\/moverdb.com\/wp-content\/uploads\/Shipping-Container-Costs-to-Papua-New-Guinea-18x9.png 18w, https:\/\/moverdb.com\/wp-content\/uploads\/Shipping-Container-Costs-to-Papua-New-Guinea-600x316.png 600w, https:\/\/moverdb.com\/wp-content\/uploads\/Shipping-Container-Costs-to-Papua-New-Guinea.png 2000w\" sizes=\"auto, (max-width: 1024px) 100vw, 1024px\" \/><\/figure>\n<\/div>\n\n\n<table id=\"tablepress-183\" class=\"tablepress tablepress-id-183\">\n<thead>\n<tr class=\"row-1\">\n\t<th class=\"column-1\">Bestemmelsesland (<a href=\"https:\/\/moverdb.com\/da\/top-49-container-ports\/\" data-internallinksmanager029f6b8e52c=\"80\" title=\"Top 49 st\u00f8rste og travleste containerhavne i 2025\">Havn<\/a>\/City)<\/th><th class=\"column-2\">20FT<\/th><th class=\"column-3\">40FT<\/th>\n<\/tr>\n<\/thead>\n<tbody class=\"row-striping row-hover\">\n<tr class=\"row-2\">\n\t<td class=\"column-1\"><a href=\"https:\/\/moverdb.com\/da\/container-shipping\/andorra\/\" data-internallinksmanager029f6b8e52c=\"88\" title=\"2023 S\u00f8fragt containerforsendelsespriser til og fra Andorra\">Andorra (Andorra la Vella)<\/a><\/td><td class=\"column-2\">$4,396<\/td><td class=\"column-3\">$8,053<\/td>\n<\/tr>\n<tr class=\"row-3\">\n\t<td class=\"column-1\"><a href=\"https:\/\/moverdb.com\/da\/container-shipping\/antigua-and-barbuda\/\" data-internallinksmanager029f6b8e52c=\"92\" title=\"2023 S\u00f8fragt containerforsendelsespriser til og fra Antigua og Barbuda\">Antigua og Barbuda (St John's)<\/a><\/td><td class=\"column-2\">$1,825<\/td><td class=\"column-3\">N\/A<\/td>\n<\/tr>\n<tr class=\"row-4\">\n\t<td class=\"column-1\"><a href=\"https:\/\/moverdb.com\/da\/container-shipping\/argentina\/\" data-internallinksmanager029f6b8e52c=\"91\" title=\"2023 S\u00f8fragt containerforsendelsespriser til og fra Argentina\">Argentina (Buenos Aires)<\/a><\/td><td class=\"column-2\">$2,845<\/td><td class=\"column-3\">N\/A<\/td>\n<\/tr>\n<tr class=\"row-5\">\n\t<td class=\"column-1\"><a href=\"https:\/\/moverdb.com\/da\/container-shipping\/aruba\/\" data-internallinksmanager029f6b8e52c=\"90\" title=\"2023 S\u00f8fragt containerforsendelsespriser til og fra Aruba\">Aruba (Oranjestad)<\/a><\/td><td class=\"column-2\">$2,845<\/td><td class=\"column-3\">N\/A<\/td>\n<\/tr>\n<tr class=\"row-6\">\n\t<td class=\"column-1\"><a href=\"https:\/\/moverdb.com\/da\/container-shipping\/australia\/\" data-internallinksmanager029f6b8e52c=\"89\" title=\"2026 Priser for containerforsendelse til og fra Australien\">Australien (Sydney)<\/a><\/td><td class=\"column-2\">$1,561<\/td><td class=\"column-3\">$2,083<\/td>\n<\/tr>\n<tr class=\"row-7\">\n\t<td class=\"column-1\"><a href=\"https:\/\/moverdb.com\/da\/container-shipping\/austria\/\" data-internallinksmanager029f6b8e52c=\"95\" title=\"2023 S\u00f8fragt containerforsendelsespriser til og fra \u00d8strig\">\u00d8strig (Wien)<\/a><\/td><td class=\"column-2\">$4,641<\/td><td class=\"column-3\">N\/A<\/td>\n<\/tr>\n<tr class=\"row-8\">\n\t<td class=\"column-1\"><a href=\"https:\/\/moverdb.com\/da\/container-shipping\/france\/\" data-internallinksmanager029f6b8e52c=\"116\" title=\"2023 S\u00f8fragt containerforsendelsespriser til og fra Frankrig\">Frankrig (Marseilles)<\/a><\/td><td class=\"column-2\">$2,035<\/td><td class=\"column-3\">$3,465<\/td>\n<\/tr>\n<tr class=\"row-9\">\n\t<td class=\"column-1\"><a href=\"https:\/\/moverdb.com\/da\/container-shipping\/germany\/\" data-internallinksmanager029f6b8e52c=\"118\" title=\"2023 S\u00f8fragt containerforsendelsespriser til og fra Tyskland\">Tyskland (Hamburg)<\/a><\/td><td class=\"column-2\">$1,177<\/td><td class=\"column-3\">$2,037<\/td>\n<\/tr>\n<tr class=\"row-10\">\n\t<td class=\"column-1\"><a href=\"https:\/\/moverdb.com\/da\/container-shipping\/india\/\" data-internallinksmanager029f6b8e52c=\"125\" title=\"2023 S\u00f8fragt containerforsendelsespriser til og fra Indien\">Indien (Mumbai)<\/a><\/td><td class=\"column-2\">$3,614<\/td><td class=\"column-3\">$4,317<\/td>\n<\/tr>\n<tr class=\"row-11\">\n\t<td class=\"column-1\"><a href=\"https:\/\/moverdb.com\/da\/container-shipping\/isle-of-man\/\" data-internallinksmanager029f6b8e52c=\"128\" title=\"2023 S\u00f8fragt containerforsendelsespriser til og fra Isle of Man\">Isle of Man (Douglas)<\/a><\/td><td class=\"column-2\">$1,925<\/td><td class=\"column-3\">$3,255<\/td>\n<\/tr>\n<tr class=\"row-12\">\n\t<td class=\"column-1\"><a href=\"https:\/\/moverdb.com\/da\/container-shipping\/lithuania\/\" data-internallinksmanager029f6b8e52c=\"145\" title=\"2023 S\u00f8fragt containerforsendelsespriser til og fra Litauen\">Litauen (Klaipeda)<\/a><\/td><td class=\"column-2\">$1,177<\/td><td class=\"column-3\">$2,096<\/td>\n<\/tr>\n<tr class=\"row-13\">\n\t<td class=\"column-1\"><a href=\"https:\/\/moverdb.com\/da\/moving-to-luxembourg\/\" data-internallinksmanager029f6b8e52c=\"349\" title=\"Flytter du til Luxembourg? 2026 Leveomkostninger og tips til flytning\">Luxembourg<\/a><\/td><td class=\"column-2\">$1,786<\/td><td class=\"column-3\">$2,390<\/td>\n<\/tr>\n<tr class=\"row-14\">\n\t<td class=\"column-1\"><a href=\"https:\/\/moverdb.com\/da\/container-shipping\/philippines\/\" data-internallinksmanager029f6b8e52c=\"156\" title=\"2023 S\u00f8fragt containerforsendelsespriser til og fra Filippinerne\">Filippinerne (Manila)<\/a><\/td><td class=\"column-2\">$3,754<\/td><td class=\"column-3\">N\/A<\/td>\n<\/tr>\n<tr class=\"row-15\">\n\t<td class=\"column-1\"><a href=\"https:\/\/moverdb.com\/da\/container-shipping\/thailand\/\" data-internallinksmanager029f6b8e52c=\"189\" title=\"2023 S\u00f8fragt containerforsendelsespriser til og fra Thailand\">Thailand (Laem Chabang)<\/a><\/td><td class=\"column-2\">$3,200<\/td><td class=\"column-3\">$7,050<\/td>\n<\/tr>\n<tr class=\"row-16\">\n\t<td class=\"column-1\"><a href=\"https:\/\/moverdb.com\/da\/moving-to-the-united-states\/\" data-internallinksmanager029f6b8e52c=\"94\" title=\"Flytter du til USA? 2022 Leveomkostninger og flyttetips\">USA<\/a> (<a href=\"https:\/\/moverdb.com\/da\/moving-to-los-angeles\/\" data-internallinksmanager029f6b8e52c=\"51\" title=\"Skal du flytte til Los Angeles? 2026 LA Leveomkostninger og tips til flytning\">Los Angeles<\/a>)<\/td><td class=\"column-2\">$2,730<\/td><td class=\"column-3\">$3,666<\/td>\n<\/tr>\n<tr class=\"row-17\">\n\t<td class=\"column-1\"><a href=\"https:\/\/moverdb.com\/da\/container-shipping\/united-states\/\" data-internallinksmanager029f6b8e52c=\"87\" title=\"2023 S\u00f8fragt containerforsendelsespriser til og fra USA\">USA (New York)<\/a><\/td><td class=\"column-2\">$3,371<\/td><td class=\"column-3\">$4,658<\/td>\n<\/tr>\n<\/tbody>\n<\/table>\n<!-- #tablepress-183 from cache -->\n\n\n\n<h2 class=\"wp-block-heading\">Omkostninger til skibscontainere fra Papua Ny Guinea (Port Moresby)<\/h2>\n\n\n<div class=\"wp-block-image\">\n<figure class=\"aligncenter size-large\"><img loading=\"lazy\" decoding=\"async\" width=\"1024\" height=\"539\" src=\"https:\/\/moverdb.com\/wp-content\/uploads\/Shipping-Container-Costs-from-Papua-New-Guinea-1024x539.png\" alt=\"Omkostninger til skibscontainere fra Papua Ny Guinea (Port Moresby)\" class=\"wp-image-4709\" srcset=\"https:\/\/moverdb.com\/wp-content\/uploads\/Shipping-Container-Costs-from-Papua-New-Guinea-1024x539.png 1024w, https:\/\/moverdb.com\/wp-content\/uploads\/Shipping-Container-Costs-from-Papua-New-Guinea-300x158.png 300w, https:\/\/moverdb.com\/wp-content\/uploads\/Shipping-Container-Costs-from-Papua-New-Guinea-1536x809.png 1536w, https:\/\/moverdb.com\/wp-content\/uploads\/Shipping-Container-Costs-from-Papua-New-Guinea-18x9.png 18w, https:\/\/moverdb.com\/wp-content\/uploads\/Shipping-Container-Costs-from-Papua-New-Guinea-600x316.png 600w, https:\/\/moverdb.com\/wp-content\/uploads\/Shipping-Container-Costs-from-Papua-New-Guinea.png 2000w\" sizes=\"auto, (max-width: 1024px) 100vw, 1024px\" \/><\/figure>\n<\/div>\n\n\n<table id=\"tablepress-179\" class=\"tablepress tablepress-id-179\">\n<thead>\n<tr class=\"row-1\">\n\t<th class=\"column-1\">Bestemmelsesland (havn\/by)<\/th><th class=\"column-2\">20FT<\/th><th class=\"column-3\">40FT<\/th>\n<\/tr>\n<\/thead>\n<tbody class=\"row-striping row-hover\">\n<tr class=\"row-2\">\n\t<td class=\"column-1\">Andorra (Andorra la Vella)<\/td><td class=\"column-2\">N\/A<\/td><td class=\"column-3\">$12,406<\/td>\n<\/tr>\n<tr class=\"row-3\">\n\t<td class=\"column-1\">Argentina (Buenos Aires)<\/td><td class=\"column-2\">$9,863<\/td><td class=\"column-3\">$13,934<\/td>\n<\/tr>\n<tr class=\"row-4\">\n\t<td class=\"column-1\">Aruba (Oranjestad)<\/td><td class=\"column-2\">$10,171<\/td><td class=\"column-3\">N\/A<\/td>\n<\/tr>\n<tr class=\"row-5\">\n\t<td class=\"column-1\">Australien (Sydney)<\/td><td class=\"column-2\">N\/A<\/td><td class=\"column-3\">$12,406<\/td>\n<\/tr>\n<tr class=\"row-6\">\n\t<td class=\"column-1\"><a href=\"https:\/\/moverdb.com\/da\/container-shipping\/cambodia\/\" data-internallinksmanager029f6b8e52c=\"101\" title=\"2023 S\u00f8fragt containerforsendelsespriser til og fra Cambodja\">Cambodja (Sihanoukville)<\/a><\/td><td class=\"column-2\">$1,303<\/td><td class=\"column-3\">$2,886<\/td>\n<\/tr>\n<tr class=\"row-7\">\n\t<td class=\"column-1\"><a href=\"https:\/\/moverdb.com\/da\/container-shipping\/croatia\/\" data-internallinksmanager029f6b8e52c=\"107\" title=\"2023 S\u00f8fragt containerforsendelsespriser til og fra Kroatien\">Kroatien (Rijeka)<\/a><\/td><td class=\"column-2\">$10,226<\/td><td class=\"column-3\">$8,025<\/td>\n<\/tr>\n<tr class=\"row-8\">\n\t<td class=\"column-1\"><a href=\"https:\/\/moverdb.com\/da\/container-shipping\/finland\/\" data-internallinksmanager029f6b8e52c=\"115\" title=\"2023 S\u00f8fragt containerforsendelsespriser til og fra Finland\">Finland (Helsinki)<\/a><\/td><td class=\"column-2\">$1,595<\/td><td class=\"column-3\">$3,045<\/td>\n<\/tr>\n<tr class=\"row-9\">\n\t<td class=\"column-1\">Guam<\/td><td class=\"column-2\">$10,226<\/td><td class=\"column-3\">$8,025<\/td>\n<\/tr>\n<tr class=\"row-10\">\n\t<td class=\"column-1\"><a href=\"https:\/\/moverdb.com\/da\/container-shipping\/iceland\/\" data-internallinksmanager029f6b8e52c=\"124\" title=\"2023 S\u00f8fragt containerforsendelsespriser til og fra Island\">Island (Reykjavik)<\/a><\/td><td class=\"column-2\">$1,567<\/td><td class=\"column-3\">$2,518<\/td>\n<\/tr>\n<tr class=\"row-11\">\n\t<td class=\"column-1\"><a href=\"https:\/\/moverdb.com\/da\/container-shipping\/indonesia\/\" data-internallinksmanager029f6b8e52c=\"126\" title=\"2023 S\u00f8fragt containerforsendelsespriser til og fra Indonesien\">Indonesien (Jakarta)<\/a><\/td><td class=\"column-2\">$1,561<\/td><td class=\"column-3\">$2,083<\/td>\n<\/tr>\n<tr class=\"row-12\">\n\t<td class=\"column-1\">Litauen (Klaipeda)<\/td><td class=\"column-2\">$1,397<\/td><td class=\"column-3\">$2,754<\/td>\n<\/tr>\n<tr class=\"row-13\">\n\t<td class=\"column-1\">Luxembourg<\/td><td class=\"column-2\">N\/A<\/td><td class=\"column-3\">$9,192<\/td>\n<\/tr>\n<\/tbody>\n<\/table>\n<!-- #tablepress-179 from cache -->\n\n\n\n<h3 class=\"wp-block-heading\">Bem\u00e6rkninger om data:<\/h3>\n\n\n\n<ul class=\"wp-block-list\"><li>Alle $-tal er angivet i amerikanske dollars (USD);<\/li><li>Priserne er korrekte fra begyndelsen af 2022;<\/li><li>Kortene i denne artikel er udarbejdet ved hj\u00e6lp af <a href=\"https:\/\/www.mapchart.net\" target=\"_blank\" rel=\"noreferrer noopener\">https:\/\/www.mapchart.net<\/a>. Du m\u00e5 gerne dele kortene, s\u00e5 l\u00e6nge du angiver et link tilbage til <a href=\"https:\/\/moverdb.com\/da\/\" target=\"_blank\" rel=\"noreferrer noopener\">MoverDB<\/a>;<\/li><li>Ovenst\u00e5ende satser er kun sk\u00f8n og kan v\u00e6re \u00e6ndret siden denne artikel blev offentliggjort (april 2022). De er baseret p\u00e5 den laveste ansl\u00e5ede sats fra enten <a href=\"https:\/\/www.searates.com\" target=\"_blank\" rel=\"noreferrer noopener\">https:\/\/www.searates.com<\/a> eller <a href=\"https:\/\/www.gocomet.com\/freight-shipping-rates-index-calculator\" target=\"_blank\" rel=\"noreferrer noopener\">https:\/\/www.gocomet.com<\/a>;<\/li><li>For at f\u00e5 en mere pr\u00e6cis id\u00e9 om prisen for dig, bedes du bruge tilbudsformularen \u00f8verst p\u00e5 denne side;<\/li><li>Se ogs\u00e5 vores vejledning om <a href=\"https:\/\/moverdb.com\/da\/containerforsendelse\/\" target=\"_blank\" rel=\"noreferrer noopener\">international containertransport<\/a>.<\/li><\/ul>","protected":false},"excerpt":{"rendered":"<p>Many expats decide to move to Papua New Guinea despite the fact that this Oceania island country is still underdeveloped at large. Papua New Guinea shows a lot of promise for its fate in the near future. Its people are very warm and friendly toward foreigners and they are also very hardworking and resolute to [&hellip;]<\/p>\n","protected":false},"author":2,"featured_media":4708,"parent":44,"menu_order":0,"comment_status":"closed","ping_status":"closed","template":"","meta":{"_genesis_hide_title":false,"_genesis_hide_breadcrumbs":false,"_genesis_hide_singular_image":false,"_genesis_hide_footer_widgets":false,"_genesis_custom_body_class":"","_genesis_custom_post_class":"","_genesis_layout":"","footnotes":""},"class_list":{"0":"post-4726","1":"page","2":"type-page","3":"status-publish","4":"has-post-thumbnail","6":"entry"},"_links":{"self":[{"href":"https:\/\/moverdb.com\/da\/wp-json\/wp\/v2\/pages\/4726","targetHints":{"allow":["GET"]}}],"collection":[{"href":"https:\/\/moverdb.com\/da\/wp-json\/wp\/v2\/pages"}],"about":[{"href":"https:\/\/moverdb.com\/da\/wp-json\/wp\/v2\/types\/page"}],"author":[{"embeddable":true,"href":"https:\/\/moverdb.com\/da\/wp-json\/wp\/v2\/users\/2"}],"replies":[{"embeddable":true,"href":"https:\/\/moverdb.com\/da\/wp-json\/wp\/v2\/comments?post=4726"}],"version-history":[{"count":1,"href":"https:\/\/moverdb.com\/da\/wp-json\/wp\/v2\/pages\/4726\/revisions"}],"predecessor-version":[{"id":4727,"href":"https:\/\/moverdb.com\/da\/wp-json\/wp\/v2\/pages\/4726\/revisions\/4727"}],"up":[{"embeddable":true,"href":"https:\/\/moverdb.com\/da\/wp-json\/wp\/v2\/pages\/44"}],"wp:featuredmedia":[{"embeddable":true,"href":"https:\/\/moverdb.com\/da\/wp-json\/wp\/v2\/media\/4708"}],"wp:attachment":[{"href":"https:\/\/moverdb.com\/da\/wp-json\/wp\/v2\/media?parent=4726"}],"curies":[{"name":"wp","href":"https:\/\/api.w.org\/{rel}","templated":true}]}}