{"id":4724,"date":"2022-09-30T19:17:52","date_gmt":"2022-09-30T19:17:52","guid":{"rendered":"https:\/\/moverdb.com\/?page_id=4724"},"modified":"2026-01-08T13:20:34","modified_gmt":"2026-01-08T13:20:34","slug":"panama","status":"publish","type":"page","link":"https:\/\/moverdb.com\/da\/container-shipping\/panama\/","title":{"rendered":"2023 S\u00f8fragt containerforsendelsespriser til og fra Panama"},"content":{"rendered":"<div class=\"wp-block-image\">\n<figure class=\"aligncenter size-full\"><img loading=\"lazy\" decoding=\"async\" width=\"1000\" height=\"710\" src=\"https:\/\/moverdb.com\/wp-content\/uploads\/panama-city.jpg\" alt=\"Panoramaudsigt over Panama City, Panama\" class=\"wp-image-4693\" srcset=\"https:\/\/moverdb.com\/wp-content\/uploads\/panama-city.jpg 1000w, https:\/\/moverdb.com\/wp-content\/uploads\/panama-city-300x213.jpg 300w, https:\/\/moverdb.com\/wp-content\/uploads\/panama-city-18x12.jpg 18w, https:\/\/moverdb.com\/wp-content\/uploads\/panama-city-600x426.jpg 600w\" sizes=\"auto, (max-width: 1000px) 100vw, 1000px\" \/><\/figure>\n<\/div>\n\n\n<p>Der er mange gode grunde til at flytte til <strong><a href=\"https:\/\/moverdb.com\/da\/moving-to-panama\/\" data-internallinksmanager029f6b8e52c=\"432\" title=\"Flytter du til Panama? 2026 Leveomkostninger og tips til flytning\">Panama<\/a> <\/strong>som udl\u00e6nding. Nogle af dem er det vidunderlige vejr, de lave leveomkostninger, de mange kulturelle attraktioner, den politiske stabilitet og de venlige indf\u00f8dte.<\/p>\n\n\n\n<p>Der er behov for mange eksperter p\u00e5 markedet, og l\u00f8nningerne er konkurrencedygtige og med lave skattekrav. Derudover er det panamanske k\u00f8kken ekstraordin\u00e6rt godt, og landet har et fremragende organiseret sundhedssystem.<\/p>\n\n\n\n<p>Det siger sig selv, at en beslutning om at flytte dertil kan omfatte transport af dine personlige ejendele ved at hyre en eller anden form for transportservice. Panamas s\u00f8havne tilbyder gode muligheder for s\u00f8transport af fragt til s\u00f8s.<\/p>\n\n\n\n<p>I denne artikel har vi medtaget det laveste Panama <a href=\"https:\/\/moverdb.com\/da\/container-shipping\/\" data-internallinksmanager029f6b8e52c=\"3\" title=\"Diagram over internationale containerpriser: April 2026\">priser for containertransport<\/a> for forsendelse til eller fra landet.<\/p>\n\n\n\n<p>Du kan desuden anmode om et skr\u00e6ddersyet tilbud for netop din placering ved at udfylde dine oplysninger i v\u00e6rkt\u00f8jet ovenfor.<\/p>\n\n\n\n<h2 class=\"wp-block-heading\">Omkostninger til forsendelse af containere til Panama (Col\u00f3n)<\/h2>\n\n\n<div class=\"wp-block-image\">\n<figure class=\"aligncenter size-large\"><img loading=\"lazy\" decoding=\"async\" width=\"1024\" height=\"539\" src=\"https:\/\/moverdb.com\/wp-content\/uploads\/Shipping-Container-Costs-to-Panama-1024x539.png\" alt=\"Omkostninger til forsendelse af containere til Panama (Col\u00f3n)\" class=\"wp-image-4698\" srcset=\"https:\/\/moverdb.com\/wp-content\/uploads\/Shipping-Container-Costs-to-Panama-1024x539.png 1024w, https:\/\/moverdb.com\/wp-content\/uploads\/Shipping-Container-Costs-to-Panama-300x158.png 300w, https:\/\/moverdb.com\/wp-content\/uploads\/Shipping-Container-Costs-to-Panama-1536x809.png 1536w, https:\/\/moverdb.com\/wp-content\/uploads\/Shipping-Container-Costs-to-Panama-18x9.png 18w, https:\/\/moverdb.com\/wp-content\/uploads\/Shipping-Container-Costs-to-Panama-600x316.png 600w, https:\/\/moverdb.com\/wp-content\/uploads\/Shipping-Container-Costs-to-Panama.png 2000w\" sizes=\"auto, (max-width: 1024px) 100vw, 1024px\" \/><\/figure>\n<\/div>\n\n\n<table id=\"tablepress-182\" class=\"tablepress tablepress-id-182\">\n<thead>\n<tr class=\"row-1\">\n\t<th class=\"column-1\">Bestemmelsesland (<a href=\"https:\/\/moverdb.com\/da\/top-49-container-ports\/\" data-internallinksmanager029f6b8e52c=\"80\" title=\"Top 49 st\u00f8rste og travleste containerhavne i 2025\">Havn<\/a>\/City)<\/th><th class=\"column-2\">20FT<\/th><th class=\"column-3\">40FT<\/th>\n<\/tr>\n<\/thead>\n<tbody class=\"row-striping row-hover\">\n<tr class=\"row-2\">\n\t<td class=\"column-1\"><a href=\"https:\/\/moverdb.com\/da\/container-shipping\/andorra\/\" data-internallinksmanager029f6b8e52c=\"88\" title=\"2023 S\u00f8fragt containerforsendelsespriser til og fra Andorra\">Andorra (Andorra la Vella)<\/a><\/td><td class=\"column-2\">$4,035<\/td><td class=\"column-3\">$5,908<\/td>\n<\/tr>\n<tr class=\"row-3\">\n\t<td class=\"column-1\"><a href=\"https:\/\/moverdb.com\/da\/container-shipping\/argentina\/\" data-internallinksmanager029f6b8e52c=\"91\" title=\"2023 S\u00f8fragt containerforsendelsespriser til og fra Argentina\">Argentina (Buenos Aires)<\/a><\/td><td class=\"column-2\">$600<\/td><td class=\"column-3\">$801<\/td>\n<\/tr>\n<tr class=\"row-4\">\n\t<td class=\"column-1\"><a href=\"https:\/\/moverdb.com\/da\/container-shipping\/aruba\/\" data-internallinksmanager029f6b8e52c=\"90\" title=\"2023 S\u00f8fragt containerforsendelsespriser til og fra Aruba\">Aruba (Oranjestad)<\/a><\/td><td class=\"column-2\">$600<\/td><td class=\"column-3\">$801<\/td>\n<\/tr>\n<tr class=\"row-5\">\n\t<td class=\"column-1\"><a href=\"https:\/\/moverdb.com\/da\/container-shipping\/australia\/\" data-internallinksmanager029f6b8e52c=\"89\" title=\"2026 Priser for containerforsendelse til og fra Australien\">Australien (Sydney)<\/a><\/td><td class=\"column-2\">$10,171<\/td><td class=\"column-3\">N\/A<\/td>\n<\/tr>\n<tr class=\"row-6\">\n\t<td class=\"column-1\"><a href=\"https:\/\/moverdb.com\/da\/container-shipping\/austria\/\" data-internallinksmanager029f6b8e52c=\"95\" title=\"2023 S\u00f8fragt containerforsendelsespriser til og fra \u00d8strig\">\u00d8strig (Wien)<\/a><\/td><td class=\"column-2\">$4,022<\/td><td class=\"column-3\">N\/A<\/td>\n<\/tr>\n<tr class=\"row-7\">\n\t<td class=\"column-1\"><a href=\"https:\/\/moverdb.com\/da\/container-shipping\/belize\/\" data-internallinksmanager029f6b8e52c=\"137\" title=\"2023 S\u00f8fragt containerforsendelsespriser til og fra Belize\">Belize (Belize City)<\/a><\/td><td class=\"column-2\">$891<\/td><td class=\"column-3\">$1,134<\/td>\n<\/tr>\n<tr class=\"row-8\">\n\t<td class=\"column-1\"><a href=\"https:\/\/moverdb.com\/da\/container-shipping\/brazil\/\" data-internallinksmanager029f6b8e52c=\"98\" title=\"2023 S\u00f8fragt containerforsendelsespriser til og fra Brasilien\">Brasilien (Santos)<\/a><\/td><td class=\"column-2\">$1,503<\/td><td class=\"column-3\">$2,380<\/td>\n<\/tr>\n<tr class=\"row-9\">\n\t<td class=\"column-1\"><a href=\"https:\/\/moverdb.com\/da\/container-shipping\/cambodia\/\" data-internallinksmanager029f6b8e52c=\"101\" title=\"2023 S\u00f8fragt containerforsendelsespriser til og fra Cambodja\">Cambodja (Sihanoukville)<\/a><\/td><td class=\"column-2\">$2,332<\/td><td class=\"column-3\">$2,283<\/td>\n<\/tr>\n<tr class=\"row-10\">\n\t<td class=\"column-1\"><a href=\"https:\/\/moverdb.com\/da\/container-shipping\/canada\/\" data-internallinksmanager029f6b8e52c=\"102\" title=\"2023 S\u00f8fragt containerforsendelsespriser til og fra Canada\">Canada (Toronto)<\/a><\/td><td class=\"column-2\">$3,657<\/td><td class=\"column-3\">$4,329<\/td>\n<\/tr>\n<tr class=\"row-11\">\n\t<td class=\"column-1\">Canada (<a href=\"https:\/\/moverdb.com\/da\/moving-to-canada\/moving-to-vancouver\/\" data-internallinksmanager029f6b8e52c=\"438\" title=\"Flytter du til Vancouver? 2026 Leveomkostninger og tips til flytning\">Vancouver<\/a>)<\/td><td class=\"column-2\">$1,463<\/td><td class=\"column-3\">$2,058<\/td>\n<\/tr>\n<tr class=\"row-12\">\n\t<td class=\"column-1\"><a href=\"https:\/\/moverdb.com\/da\/container-shipping\/chile\/\" data-internallinksmanager029f6b8e52c=\"104\" title=\"2023 S\u00f8fragt containerforsendelsespriser til og fra Chile\">Chile (San Antonio)<\/a><\/td><td class=\"column-2\">$1,012<\/td><td class=\"column-3\">$1,187<\/td>\n<\/tr>\n<tr class=\"row-13\">\n\t<td class=\"column-1\"><a href=\"https:\/\/moverdb.com\/da\/container-shipping\/china\/\" data-internallinksmanager029f6b8e52c=\"105\" title=\"2023 S\u00f8fragt containerforsendelsespriser til og fra Kina\">Kina (Beijing)<\/a><\/td><td class=\"column-2\">$7,590<\/td><td class=\"column-3\">$8,295<\/td>\n<\/tr>\n<tr class=\"row-14\">\n\t<td class=\"column-1\">Kina (Shanghai)<\/td><td class=\"column-2\">$10,120<\/td><td class=\"column-3\">$10,290<\/td>\n<\/tr>\n<tr class=\"row-15\">\n\t<td class=\"column-1\"><a href=\"https:\/\/moverdb.com\/da\/container-shipping\/colombia\/\" data-internallinksmanager029f6b8e52c=\"106\" title=\"2023 S\u00f8fragt containerforsendelsespriser til og fra Colombia\">Colombia (Barranquilla)<\/a><\/td><td class=\"column-2\">$825<\/td><td class=\"column-3\">$1,155<\/td>\n<\/tr>\n<tr class=\"row-16\">\n\t<td class=\"column-1\"><a href=\"https:\/\/moverdb.com\/da\/container-shipping\/costa-rica\/\" data-internallinksmanager029f6b8e52c=\"138\" title=\"2023 S\u00f8fragt containerforsendelsespriser til og fra Costa Rica\">Costa Rica (Limon)<\/a><\/td><td class=\"column-2\">$935<\/td><td class=\"column-3\">$1,302<\/td>\n<\/tr>\n<tr class=\"row-17\">\n\t<td class=\"column-1\"><a href=\"https:\/\/moverdb.com\/da\/container-shipping\/croatia\/\" data-internallinksmanager029f6b8e52c=\"107\" title=\"2023 S\u00f8fragt containerforsendelsespriser til og fra Kroatien\">Kroatien (Rijeka)<\/a><\/td><td class=\"column-2\">$2,951<\/td><td class=\"column-3\">$5,253<\/td>\n<\/tr>\n<tr class=\"row-18\">\n\t<td class=\"column-1\"><a href=\"https:\/\/moverdb.com\/da\/container-shipping\/dominican-republic\/\" data-internallinksmanager029f6b8e52c=\"112\" title=\"2023 S\u00f8fragt containerforsendelsespriser til og fra Den Dominikanske Republik\">Den Dominikanske Republik (Santo Domingo)<\/a><\/td><td class=\"column-2\">$1,012<\/td><td class=\"column-3\">$1,302<\/td>\n<\/tr>\n<tr class=\"row-19\">\n\t<td class=\"column-1\"><a href=\"https:\/\/moverdb.com\/da\/container-shipping\/germany\/\" data-internallinksmanager029f6b8e52c=\"118\" title=\"2023 S\u00f8fragt containerforsendelsespriser til og fra Tyskland\">Tyskland (Hamburg)<\/a><\/td><td class=\"column-2\">$1,100<\/td><td class=\"column-3\">$1,325<\/td>\n<\/tr>\n<tr class=\"row-20\">\n\t<td class=\"column-1\"><a href=\"https:\/\/moverdb.com\/da\/container-shipping\/greece\/\" data-internallinksmanager029f6b8e52c=\"120\" title=\"2023 S\u00f8fragt containerforsendelsespriser til og fra Gr\u00e6kenland\">Gr\u00e6kenland (Pir\u00e6us)<\/a><\/td><td class=\"column-2\">$2,035<\/td><td class=\"column-3\">$2,520<\/td>\n<\/tr>\n<tr class=\"row-21\">\n\t<td class=\"column-1\"><a href=\"https:\/\/moverdb.com\/da\/container-shipping\/guatemala\/\" data-internallinksmanager029f6b8e52c=\"139\" title=\"2023 S\u00f8fragt containerforsendelsespriser til og fra Guatemala\">Guatemala (Guatemala City)<\/a><\/td><td class=\"column-2\">$748<\/td><td class=\"column-3\">$935<\/td>\n<\/tr>\n<tr class=\"row-22\">\n\t<td class=\"column-1\"><a href=\"https:\/\/moverdb.com\/da\/container-shipping\/guernsey\/\" data-internallinksmanager029f6b8e52c=\"121\" title=\"2026 Priser for s\u00f8fragt containerforsendelse til og fra Guernsey\">Guernsey (St Peter Port)<\/a><\/td><td class=\"column-2\">$1,466<\/td><td class=\"column-3\">$1,301<\/td>\n<\/tr>\n<tr class=\"row-23\">\n\t<td class=\"column-1\"><a href=\"https:\/\/moverdb.com\/da\/container-shipping\/haiti\/\" data-internallinksmanager029f6b8e52c=\"122\" title=\"2023 S\u00f8fragt containerforsendelsespriser til og fra Haiti\">Haiti (Port-au-Prince)<\/a><\/td><td class=\"column-2\">$1,012<\/td><td class=\"column-3\">$1,302<\/td>\n<\/tr>\n<tr class=\"row-24\">\n\t<td class=\"column-1\"><a href=\"https:\/\/moverdb.com\/da\/container-shipping\/hong-kong\/\" data-internallinksmanager029f6b8e52c=\"123\" title=\"2023 S\u00f8fragt containerforsendelsespriser til og fra Hong Kong\">Hong Kong (Hong Kong)<\/a><\/td><td class=\"column-2\">$6,750<\/td><td class=\"column-3\">$7,650<\/td>\n<\/tr>\n<tr class=\"row-25\">\n\t<td class=\"column-1\"><a href=\"https:\/\/moverdb.com\/da\/container-shipping\/india\/\" data-internallinksmanager029f6b8e52c=\"125\" title=\"2023 S\u00f8fragt containerforsendelsespriser til og fra Indien\">Indien (Mumbai)<\/a><\/td><td class=\"column-2\">$2,546<\/td><td class=\"column-3\">$3,318<\/td>\n<\/tr>\n<tr class=\"row-26\">\n\t<td class=\"column-1\"><a href=\"https:\/\/moverdb.com\/da\/container-shipping\/indonesia\/\" data-internallinksmanager029f6b8e52c=\"126\" title=\"2023 S\u00f8fragt containerforsendelsespriser til og fra Indonesien\">Indonesien (Jakarta)<\/a><\/td><td class=\"column-2\">$1,675<\/td><td class=\"column-3\">$1,713<\/td>\n<\/tr>\n<tr class=\"row-27\">\n\t<td class=\"column-1\"><a href=\"https:\/\/moverdb.com\/da\/container-shipping\/ireland\/\" data-internallinksmanager029f6b8e52c=\"127\" title=\"2023 S\u00f8fragt containerforsendelsespriser til og fra Irland\">Irland (Dublin)<\/a><\/td><td class=\"column-2\">$2,604<\/td><td class=\"column-3\">$3,266<\/td>\n<\/tr>\n<tr class=\"row-28\">\n\t<td class=\"column-1\"><a href=\"https:\/\/moverdb.com\/da\/container-shipping\/isle-of-man\/\" data-internallinksmanager029f6b8e52c=\"128\" title=\"2023 S\u00f8fragt containerforsendelsespriser til og fra Isle of Man\">Isle of Man (Douglas)<\/a><\/td><td class=\"column-2\">$2,604<\/td><td class=\"column-3\">$3,266<\/td>\n<\/tr>\n<tr class=\"row-29\">\n\t<td class=\"column-1\"><a href=\"https:\/\/moverdb.com\/da\/container-shipping\/israel\/\" data-internallinksmanager029f6b8e52c=\"129\" title=\"2023 S\u00f8fragt containerforsendelsespriser til og fra Israel\">Israel (Haifa)<\/a><\/td><td class=\"column-2\">$1,908<\/td><td class=\"column-3\">$2,735<\/td>\n<\/tr>\n<tr class=\"row-30\">\n\t<td class=\"column-1\"><a href=\"https:\/\/moverdb.com\/da\/container-shipping\/italy\/\" data-internallinksmanager029f6b8e52c=\"130\" title=\"2023 S\u00f8fragt containerforsendelsespriser til og fra Italien\">Italien (Trieste)<\/a><\/td><td class=\"column-2\">$1,153<\/td><td class=\"column-3\">$2,286<\/td>\n<\/tr>\n<tr class=\"row-31\">\n\t<td class=\"column-1\"><a href=\"https:\/\/moverdb.com\/da\/container-shipping\/japan\/\" data-internallinksmanager029f6b8e52c=\"131\" title=\"2023 S\u00f8fragt containerforsendelsespriser til og fra Japan\">Japan (Tokyo)<\/a><\/td><td class=\"column-2\">$2,772<\/td><td class=\"column-3\">$2,804<\/td>\n<\/tr>\n<tr class=\"row-32\">\n\t<td class=\"column-1\"><a href=\"https:\/\/moverdb.com\/da\/container-shipping\/jersey\/\" data-internallinksmanager029f6b8e52c=\"132\" title=\"2026 Priser for s\u00f8fragt containerforsendelse til og fra Jersey\">Jersey (St Helier)<\/a><\/td><td class=\"column-2\">$1,466<\/td><td class=\"column-3\">$1,301<\/td>\n<\/tr>\n<tr class=\"row-33\">\n\t<td class=\"column-1\"><a href=\"https:\/\/moverdb.com\/da\/container-shipping\/kuwait\/\" data-internallinksmanager029f6b8e52c=\"135\" title=\"2023 S\u00f8fragt containerforsendelsespriser til og fra Kuwait\">Kuwait (Shuwaikh)<\/a><\/td><td class=\"column-2\">$5,016<\/td><td class=\"column-3\">$5,184<\/td>\n<\/tr>\n<tr class=\"row-34\">\n\t<td class=\"column-1\"><a href=\"https:\/\/moverdb.com\/da\/container-shipping\/latvia\/\" data-internallinksmanager029f6b8e52c=\"136\" title=\"2023 S\u00f8fragt containerforsendelsespriser til og fra Letland\">Letland (Riga)<\/a><\/td><td class=\"column-2\">$1,100<\/td><td class=\"column-3\">$1,620<\/td>\n<\/tr>\n<tr class=\"row-35\">\n\t<td class=\"column-1\"><a href=\"https:\/\/moverdb.com\/da\/container-shipping\/lithuania\/\" data-internallinksmanager029f6b8e52c=\"145\" title=\"2023 S\u00f8fragt containerforsendelsespriser til og fra Litauen\">Litauen (Klaipeda)<\/a><\/td><td class=\"column-2\">$1,100<\/td><td class=\"column-3\">$1,620<\/td>\n<\/tr>\n<tr class=\"row-36\">\n\t<td class=\"column-1\"><a href=\"https:\/\/moverdb.com\/da\/moving-to-luxembourg\/\" data-internallinksmanager029f6b8e52c=\"349\" title=\"Flytter du til Luxembourg? 2026 Leveomkostninger og tips til flytning\">Luxembourg<\/a><\/td><td class=\"column-2\">$830<\/td><td class=\"column-3\">$1,234<\/td>\n<\/tr>\n<tr class=\"row-37\">\n\t<td class=\"column-1\"><a href=\"https:\/\/moverdb.com\/da\/container-shipping\/spain\/\" data-internallinksmanager029f6b8e52c=\"182\" title=\"2023 S\u00f8fragt containerforsendelsespriser til og fra Spanien\">Spanien (Valencia)<\/a><\/td><td class=\"column-2\">$7,095<\/td><td class=\"column-3\">$9,794<\/td>\n<\/tr>\n<tr class=\"row-38\">\n\t<td class=\"column-1\"><a href=\"https:\/\/moverdb.com\/da\/container-shipping\/taiwan\/\" data-internallinksmanager029f6b8e52c=\"183\" title=\"2023 S\u00f8fragt containerforsendelsespriser til og fra Taiwan\">Taiwan (Kaohsiung)<\/a><\/td><td class=\"column-2\">$5,280<\/td><td class=\"column-3\">$5,400<\/td>\n<\/tr>\n<tr class=\"row-39\">\n\t<td class=\"column-1\"><a href=\"https:\/\/moverdb.com\/da\/moving-to-the-united-states\/\" data-internallinksmanager029f6b8e52c=\"94\" title=\"Flytter du til USA? 2022 Leveomkostninger og flyttetips\">USA<\/a> (<a href=\"https:\/\/moverdb.com\/da\/moving-to-los-angeles\/\" data-internallinksmanager029f6b8e52c=\"51\" title=\"Skal du flytte til Los Angeles? 2026 LA Leveomkostninger og tips til flytning\">Los Angeles<\/a>)<\/td><td class=\"column-2\">$1,123<\/td><td class=\"column-3\">$1,336<\/td>\n<\/tr>\n<tr class=\"row-40\">\n\t<td class=\"column-1\"><a href=\"https:\/\/moverdb.com\/da\/container-shipping\/united-states\/\" data-internallinksmanager029f6b8e52c=\"87\" title=\"2023 S\u00f8fragt containerforsendelsespriser til og fra USA\">USA (New York)<\/a><\/td><td class=\"column-2\">$1,155<\/td><td class=\"column-3\">$1,188<\/td>\n<\/tr>\n<tr class=\"row-41\">\n\t<td class=\"column-1\"><a href=\"https:\/\/moverdb.com\/da\/container-shipping\/vietnam\/\" data-internallinksmanager029f6b8e52c=\"245\" title=\"2023 S\u00f8fragt containerforsendelsespriser til og fra Vietnam\">Vietnam (Saigon)<\/a><\/td><td class=\"column-2\">N\/A<\/td><td class=\"column-3\">$10,313<\/td>\n<\/tr>\n<\/tbody>\n<\/table>\n<!-- #tablepress-182 from cache -->\n\n\n\n<h2 class=\"wp-block-heading\">Omkostninger til skibscontainere fra Panama (Col\u00f3n)<\/h2>\n\n\n<div class=\"wp-block-image\">\n<figure class=\"aligncenter size-large\"><img loading=\"lazy\" decoding=\"async\" width=\"1024\" height=\"540\" src=\"https:\/\/moverdb.com\/wp-content\/uploads\/Shipping-Container-Costs-from-Panama-1024x540.png\" alt=\"Omkostninger til skibscontainere fra Panama (Col\u00f3n)\" class=\"wp-image-4696\" srcset=\"https:\/\/moverdb.com\/wp-content\/uploads\/Shipping-Container-Costs-from-Panama-1024x540.png 1024w, https:\/\/moverdb.com\/wp-content\/uploads\/Shipping-Container-Costs-from-Panama-300x158.png 300w, https:\/\/moverdb.com\/wp-content\/uploads\/Shipping-Container-Costs-from-Panama-1536x809.png 1536w, https:\/\/moverdb.com\/wp-content\/uploads\/Shipping-Container-Costs-from-Panama-18x9.png 18w, https:\/\/moverdb.com\/wp-content\/uploads\/Shipping-Container-Costs-from-Panama-600x316.png 600w, https:\/\/moverdb.com\/wp-content\/uploads\/Shipping-Container-Costs-from-Panama.png 2000w\" sizes=\"auto, (max-width: 1024px) 100vw, 1024px\" \/><\/figure>\n<\/div>\n\n\n<table id=\"tablepress-178\" class=\"tablepress tablepress-id-178\">\n<thead>\n<tr class=\"row-1\">\n\t<th class=\"column-1\">Bestemmelsesland (havn\/by)<\/th><th class=\"column-2\">20FT<\/th><th class=\"column-3\">40FT<\/th>\n<\/tr>\n<\/thead>\n<tbody class=\"row-striping row-hover\">\n<tr class=\"row-2\">\n\t<td class=\"column-1\">Andorra (Andorra la Vella)<\/td><td class=\"column-2\">$1,002<\/td><td class=\"column-3\">$1,424<\/td>\n<\/tr>\n<tr class=\"row-3\">\n\t<td class=\"column-1\">Australien (Sydney)<\/td><td class=\"column-2\">$1,825<\/td><td class=\"column-3\">N\/A<\/td>\n<\/tr>\n<tr class=\"row-4\">\n\t<td class=\"column-1\">\u00d8strig (Wien)<\/td><td class=\"column-2\">$250<\/td><td class=\"column-3\">$250<\/td>\n<\/tr>\n<tr class=\"row-5\">\n\t<td class=\"column-1\"><a href=\"https:\/\/moverdb.com\/da\/container-shipping\/belgium\/\" data-internallinksmanager029f6b8e52c=\"86\" title=\"2023 S\u00f8fragt containerforsendelsespriser til og fra Belgien\">Belgien (Antwerpen)<\/a><\/td><td class=\"column-2\">$916<\/td><td class=\"column-3\">$1,329<\/td>\n<\/tr>\n<tr class=\"row-6\">\n\t<td class=\"column-1\">Belize (Belize City)<\/td><td class=\"column-2\">$930<\/td><td class=\"column-3\">$1,476<\/td>\n<\/tr>\n<tr class=\"row-7\">\n\t<td class=\"column-1\">Brasilien (Santos)<\/td><td class=\"column-2\">$1,320<\/td><td class=\"column-3\">$1,533<\/td>\n<\/tr>\n<tr class=\"row-8\">\n\t<td class=\"column-1\">Canada (Vancouver)<\/td><td class=\"column-2\">$1,313<\/td><td class=\"column-3\">$1,666<\/td>\n<\/tr>\n<tr class=\"row-9\">\n\t<td class=\"column-1\">Chile (San Antonio)<\/td><td class=\"column-2\">$936<\/td><td class=\"column-3\">$1,229<\/td>\n<\/tr>\n<tr class=\"row-10\">\n\t<td class=\"column-1\">Kina (Shanghai)<\/td><td class=\"column-2\">$517<\/td><td class=\"column-3\">$635<\/td>\n<\/tr>\n<tr class=\"row-11\">\n\t<td class=\"column-1\">Colombia (Barranquilla)<\/td><td class=\"column-2\">$385<\/td><td class=\"column-3\">$420<\/td>\n<\/tr>\n<tr class=\"row-12\">\n\t<td class=\"column-1\">Costa Rica (Limon)<\/td><td class=\"column-2\">$1,001<\/td><td class=\"column-3\">$1,491<\/td>\n<\/tr>\n<tr class=\"row-13\">\n\t<td class=\"column-1\">Den Dominikanske Republik (Santo Domingo)<\/td><td class=\"column-2\">$1,424<\/td><td class=\"column-3\">$1,904<\/td>\n<\/tr>\n<tr class=\"row-14\">\n\t<td class=\"column-1\">Tyskland (Hamburg)<\/td><td class=\"column-2\">$935<\/td><td class=\"column-3\">$1,260<\/td>\n<\/tr>\n<tr class=\"row-15\">\n\t<td class=\"column-1\"><a href=\"https:\/\/moverdb.com\/da\/moving-to-gibraltar\/\" data-internallinksmanager029f6b8e52c=\"431\" title=\"Flytter du til Gibraltar? 2026 Leveomkostninger og tips til flytning\">Gibraltar<\/a><\/td><td class=\"column-2\">$977<\/td><td class=\"column-3\">$1,004<\/td>\n<\/tr>\n<tr class=\"row-16\">\n\t<td class=\"column-1\">Guatemala (Guatemala City)<\/td><td class=\"column-2\">$792<\/td><td class=\"column-3\">$1,040<\/td>\n<\/tr>\n<tr class=\"row-17\">\n\t<td class=\"column-1\">Guernsey (St Peter Port)<\/td><td class=\"column-2\">$814<\/td><td class=\"column-3\">$741<\/td>\n<\/tr>\n<tr class=\"row-18\">\n\t<td class=\"column-1\">Haiti (Port-au-Prince)<\/td><td class=\"column-2\">$1,424<\/td><td class=\"column-3\">$1,904<\/td>\n<\/tr>\n<tr class=\"row-19\">\n\t<td class=\"column-1\">Hong Kong (Hong Kong)<\/td><td class=\"column-2\">$193<\/td><td class=\"column-3\">$368<\/td>\n<\/tr>\n<tr class=\"row-20\">\n\t<td class=\"column-1\">Indien (Mumbai)<\/td><td class=\"column-2\">$550<\/td><td class=\"column-3\">$714<\/td>\n<\/tr>\n<tr class=\"row-21\">\n\t<td class=\"column-1\">Indonesien (Jakarta)<\/td><td class=\"column-2\">$950<\/td><td class=\"column-3\">$1,474<\/td>\n<\/tr>\n<tr class=\"row-22\">\n\t<td class=\"column-1\">Italien (Trieste)<\/td><td class=\"column-2\">$1,142<\/td><td class=\"column-3\">$1,806<\/td>\n<\/tr>\n<tr class=\"row-23\">\n\t<td class=\"column-1\">Japan (Tokyo)<\/td><td class=\"column-2\">$627<\/td><td class=\"column-3\">$830<\/td>\n<\/tr>\n<tr class=\"row-24\">\n\t<td class=\"column-1\">Jersey (St Helier)<\/td><td class=\"column-2\">$814<\/td><td class=\"column-3\">$741<\/td>\n<\/tr>\n<tr class=\"row-25\">\n\t<td class=\"column-1\">Letland (Riga)<\/td><td class=\"column-2\">$1,161<\/td><td class=\"column-3\">$1,372<\/td>\n<\/tr>\n<tr class=\"row-26\">\n\t<td class=\"column-1\">Litauen (Klaipeda)<\/td><td class=\"column-2\">$1,161<\/td><td class=\"column-3\">$1,372<\/td>\n<\/tr>\n<tr class=\"row-27\">\n\t<td class=\"column-1\">Luxembourg<\/td><td class=\"column-2\">$253<\/td><td class=\"column-3\">$249<\/td>\n<\/tr>\n<tr class=\"row-28\">\n\t<td class=\"column-1\"><a href=\"https:\/\/moverdb.com\/da\/container-shipping\/mexico\/\" data-internallinksmanager029f6b8e52c=\"162\" title=\"2023 S\u00f8fragt containerforsendelsespriser til og fra Mexico\">Mexico (Manzanillo)<\/a><\/td><td class=\"column-2\">$1,037<\/td><td class=\"column-3\">$1,525<\/td>\n<\/tr>\n<tr class=\"row-29\">\n\t<td class=\"column-1\"><a href=\"https:\/\/moverdb.com\/da\/container-shipping\/netherlands\/\" data-internallinksmanager029f6b8e52c=\"151\" title=\"2023 S\u00f8fragt containerforsendelsespriser til og fra Holland\">Nederlandene (Rotterdam)<\/a><\/td><td class=\"column-2\">$916<\/td><td class=\"column-3\">$1,329<\/td>\n<\/tr>\n<\/tbody>\n<\/table>\n<!-- #tablepress-178 from cache -->\n\n\n\n<h3 class=\"wp-block-heading\">Bem\u00e6rkninger om data:<\/h3>\n\n\n\n<ul class=\"wp-block-list\"><li>Alle $-tal er angivet i amerikanske dollars (USD);<\/li><li>Priserne er korrekte fra begyndelsen af 2022;<\/li><li>Kortene i denne artikel er udarbejdet ved hj\u00e6lp af <a href=\"https:\/\/www.mapchart.net\" target=\"_blank\" rel=\"noreferrer noopener\">https:\/\/www.mapchart.net<\/a>. Du m\u00e5 gerne dele kortene, s\u00e5 l\u00e6nge du angiver et link tilbage til <a href=\"https:\/\/moverdb.com\/da\/\" target=\"_blank\" rel=\"noreferrer noopener\">MoverDB<\/a>;<\/li><li>Ovenst\u00e5ende satser er kun sk\u00f8n og kan v\u00e6re \u00e6ndret siden denne artikel blev offentliggjort (april 2022). De er baseret p\u00e5 den laveste ansl\u00e5ede sats fra enten <a href=\"https:\/\/www.searates.com\" target=\"_blank\" rel=\"noreferrer noopener\">https:\/\/www.searates.com<\/a> eller <a href=\"https:\/\/www.gocomet.com\/freight-shipping-rates-index-calculator\" target=\"_blank\" rel=\"noreferrer noopener\">https:\/\/www.gocomet.com<\/a>;<\/li><li>For at f\u00e5 en mere pr\u00e6cis id\u00e9 om prisen for dig, bedes du bruge tilbudsformularen \u00f8verst p\u00e5 denne side;<\/li><li>Se ogs\u00e5 vores vejledning om <a href=\"https:\/\/moverdb.com\/da\/containerforsendelse\/\" target=\"_blank\" rel=\"noreferrer noopener\">international containertransport<\/a>.<\/li><\/ul>","protected":false},"excerpt":{"rendered":"<p>There are many great reasons for moving to Panama as an expat. Some of them include the wonderful weather, the low cost of living, many cultural attractions, the political stability, and the friendly natives. Jobwise, the market there is in need of many experts and wages are competitive and come with low tax requirements. Additionally, [&hellip;]<\/p>\n","protected":false},"author":2,"featured_media":4693,"parent":44,"menu_order":0,"comment_status":"closed","ping_status":"closed","template":"","meta":{"_genesis_hide_title":false,"_genesis_hide_breadcrumbs":false,"_genesis_hide_singular_image":false,"_genesis_hide_footer_widgets":false,"_genesis_custom_body_class":"","_genesis_custom_post_class":"","_genesis_layout":"","footnotes":""},"class_list":{"0":"post-4724","1":"page","2":"type-page","3":"status-publish","4":"has-post-thumbnail","6":"entry"},"_links":{"self":[{"href":"https:\/\/moverdb.com\/da\/wp-json\/wp\/v2\/pages\/4724","targetHints":{"allow":["GET"]}}],"collection":[{"href":"https:\/\/moverdb.com\/da\/wp-json\/wp\/v2\/pages"}],"about":[{"href":"https:\/\/moverdb.com\/da\/wp-json\/wp\/v2\/types\/page"}],"author":[{"embeddable":true,"href":"https:\/\/moverdb.com\/da\/wp-json\/wp\/v2\/users\/2"}],"replies":[{"embeddable":true,"href":"https:\/\/moverdb.com\/da\/wp-json\/wp\/v2\/comments?post=4724"}],"version-history":[{"count":1,"href":"https:\/\/moverdb.com\/da\/wp-json\/wp\/v2\/pages\/4724\/revisions"}],"predecessor-version":[{"id":4725,"href":"https:\/\/moverdb.com\/da\/wp-json\/wp\/v2\/pages\/4724\/revisions\/4725"}],"up":[{"embeddable":true,"href":"https:\/\/moverdb.com\/da\/wp-json\/wp\/v2\/pages\/44"}],"wp:featuredmedia":[{"embeddable":true,"href":"https:\/\/moverdb.com\/da\/wp-json\/wp\/v2\/media\/4693"}],"wp:attachment":[{"href":"https:\/\/moverdb.com\/da\/wp-json\/wp\/v2\/media?parent=4724"}],"curies":[{"name":"wp","href":"https:\/\/api.w.org\/{rel}","templated":true}]}}