{"id":4638,"date":"2022-09-17T00:29:40","date_gmt":"2022-09-17T00:29:40","guid":{"rendered":"https:\/\/moverdb.com\/?page_id=4638"},"modified":"2026-01-08T14:38:36","modified_gmt":"2026-01-08T14:38:36","slug":"maldiverne","status":"publish","type":"page","link":"https:\/\/moverdb.com\/da\/container-shipping\/maldives\/","title":{"rendered":"2023 S\u00f8fragt containerforsendelsespriser til og fra Maldiverne"},"content":{"rendered":"<div class=\"wp-block-image\">\n<figure class=\"aligncenter size-full\"><img loading=\"lazy\" decoding=\"async\" width=\"1000\" height=\"667\" src=\"https:\/\/moverdb.com\/wp-content\/uploads\/maldives.jpg\" alt=\"En smuk strand p\u00e5 Maldiverne\" class=\"wp-image-4586\" srcset=\"https:\/\/moverdb.com\/wp-content\/uploads\/maldives.jpg 1000w, https:\/\/moverdb.com\/wp-content\/uploads\/maldives-300x200.jpg 300w, https:\/\/moverdb.com\/wp-content\/uploads\/maldives-18x12.jpg 18w, https:\/\/moverdb.com\/wp-content\/uploads\/maldives-600x400.jpg 600w\" sizes=\"auto, (max-width: 1000px) 100vw, 1000px\" \/><\/figure>\n<\/div>\n\n\n<p>Hver gang der tales om paradis p\u00e5 jorden, <strong>the <a href=\"https:\/\/moverdb.com\/da\/moving-to-the-maldives\/\" data-internallinksmanager029f6b8e52c=\"387\" title=\"Flytter du til Maldiverne? 2026 Leveomkostninger og tips til flytning\">Maldiverne<\/a><\/strong> automatisk indtaste s\u00e6tningen. Denne sydasiatiske \u00f8 er nok det mest popul\u00e6re sommerferieomr\u00e5de, der er kendt for sit krystalklare vand og smukke hvide strande.<\/p>\n\n\n\n<p>Bortset fra naturens pragt er Maldiverne en god mulighed for alle udl\u00e6ndinge, der s\u00e6tter pris p\u00e5 et venligt samfund, lave leveomkostninger og masser af muligheder for sjove aktiviteter. Maldiverne best\u00e5r af hundredvis af \u00f8er, s\u00e5 der er altid noget nyt at se og opleve.<\/p>\n\n\n\n<p>S\u00e5 hvis Maldiverne er p\u00e5 din \u00f8nskeliste over steder, du kan kalde hjem, kan vi hj\u00e6lpe dig med at r\u00e5dgive dig om de <a href=\"https:\/\/moverdb.com\/da\/moving-costs\/\" data-internallinksmanager029f6b8e52c=\"25\" title=\"Internationale flytteomkostninger: 9 ting, du ikke m\u00e5 ignorere\">flytteomkostninger<\/a> til og fra landet.<\/p>\n\n\n\n<p>Nedenfor kan du se de laveste Maldiverne <a href=\"https:\/\/moverdb.com\/da\/container-shipping\/\" data-internallinksmanager029f6b8e52c=\"3\" title=\"Diagram over internationale containerpriser: April 2026\">priser for containertransport<\/a> til 20' og 40' skibscontainere. Du kan bruge dem til at f\u00e5 et overslag over, hvor meget det kan koste dig at transportere dine ejendele til eller fra landet.<\/p>\n\n\n\n<p>Du kan ogs\u00e5 bruge tilbudskemaet ovenfor for at f\u00e5 en mere pr\u00e6cis pris.<\/p>\n\n\n\n<h2 class=\"wp-block-heading\">Omkostninger til skibscontainere til Maldiverne (Mal\u00e9)<\/h2>\n\n\n<div class=\"wp-block-image\">\n<figure class=\"aligncenter size-large\"><img loading=\"lazy\" decoding=\"async\" width=\"1024\" height=\"539\" src=\"https:\/\/moverdb.com\/wp-content\/uploads\/Shipping-Container-Costs-to-Maldives-1024x539.png\" alt=\"Omkostninger til skibscontainere til Maldiverne\" class=\"wp-image-4595\" srcset=\"https:\/\/moverdb.com\/wp-content\/uploads\/Shipping-Container-Costs-to-Maldives-1024x539.png 1024w, https:\/\/moverdb.com\/wp-content\/uploads\/Shipping-Container-Costs-to-Maldives-300x158.png 300w, https:\/\/moverdb.com\/wp-content\/uploads\/Shipping-Container-Costs-to-Maldives-1536x809.png 1536w, https:\/\/moverdb.com\/wp-content\/uploads\/Shipping-Container-Costs-to-Maldives-18x9.png 18w, https:\/\/moverdb.com\/wp-content\/uploads\/Shipping-Container-Costs-to-Maldives-600x316.png 600w, https:\/\/moverdb.com\/wp-content\/uploads\/Shipping-Container-Costs-to-Maldives.png 2000w\" sizes=\"auto, (max-width: 1024px) 100vw, 1024px\" \/><\/figure>\n<\/div>\n\n\n<table id=\"tablepress-167\" class=\"tablepress tablepress-id-167\">\n<thead>\n<tr class=\"row-1\">\n\t<th class=\"column-1\">Bestemmelsesland (<a href=\"https:\/\/moverdb.com\/da\/top-49-container-ports\/\" data-internallinksmanager029f6b8e52c=\"80\" title=\"Top 49 st\u00f8rste og travleste containerhavne i 2025\">Havn<\/a>\/City)<\/th><th class=\"column-2\">20FT<\/th><th class=\"column-3\">40FT<\/th>\n<\/tr>\n<\/thead>\n<tbody class=\"row-striping row-hover\">\n<tr class=\"row-2\">\n\t<td class=\"column-1\"><a href=\"https:\/\/moverdb.com\/da\/container-shipping\/andorra\/\" data-internallinksmanager029f6b8e52c=\"88\" title=\"2023 S\u00f8fragt containerforsendelsespriser til og fra Andorra\">Andorra (Andorra la Vella)<\/a><\/td><td class=\"column-2\">$4,396<\/td><td class=\"column-3\">$8,053<\/td>\n<\/tr>\n<tr class=\"row-3\">\n\t<td class=\"column-1\"><a href=\"https:\/\/moverdb.com\/da\/container-shipping\/antigua-and-barbuda\/\" data-internallinksmanager029f6b8e52c=\"92\" title=\"2023 S\u00f8fragt containerforsendelsespriser til og fra Antigua og Barbuda\">Antigua og Barbuda (St John's)<\/a><\/td><td class=\"column-2\">$1,825<\/td><td class=\"column-3\">N\/A<\/td>\n<\/tr>\n<tr class=\"row-4\">\n\t<td class=\"column-1\"><a href=\"https:\/\/moverdb.com\/da\/container-shipping\/argentina\/\" data-internallinksmanager029f6b8e52c=\"91\" title=\"2023 S\u00f8fragt containerforsendelsespriser til og fra Argentina\">Argentina (Buenos Aires)<\/a><\/td><td class=\"column-2\">$2,845<\/td><td class=\"column-3\">N\/A<\/td>\n<\/tr>\n<tr class=\"row-5\">\n\t<td class=\"column-1\"><a href=\"https:\/\/moverdb.com\/da\/container-shipping\/aruba\/\" data-internallinksmanager029f6b8e52c=\"90\" title=\"2023 S\u00f8fragt containerforsendelsespriser til og fra Aruba\">Aruba (Oranjestad)<\/a><\/td><td class=\"column-2\">$2,845<\/td><td class=\"column-3\">N\/A<\/td>\n<\/tr>\n<tr class=\"row-6\">\n\t<td class=\"column-1\"><a href=\"https:\/\/moverdb.com\/da\/container-shipping\/australia\/\" data-internallinksmanager029f6b8e52c=\"89\" title=\"2026 Priser for containerforsendelse til og fra Australien\">Australien (Sydney)<\/a><\/td><td class=\"column-2\">$1,561<\/td><td class=\"column-3\">$2,083<\/td>\n<\/tr>\n<tr class=\"row-7\">\n\t<td class=\"column-1\"><a href=\"https:\/\/moverdb.com\/da\/container-shipping\/austria\/\" data-internallinksmanager029f6b8e52c=\"95\" title=\"2023 S\u00f8fragt containerforsendelsespriser til og fra \u00d8strig\">\u00d8strig (Wien)<\/a><\/td><td class=\"column-2\">$4,641<\/td><td class=\"column-3\">N\/A<\/td>\n<\/tr>\n<tr class=\"row-8\">\n\t<td class=\"column-1\"><a href=\"https:\/\/moverdb.com\/da\/container-shipping\/bangladesh\/\" data-internallinksmanager029f6b8e52c=\"97\" title=\"2023 S\u00f8fragt containerforsendelsespriser til og fra Bangladesh\">Bangladesh (Chittagong)<\/a><\/td><td class=\"column-2\">$110<\/td><td class=\"column-3\">N\/A<\/td>\n<\/tr>\n<tr class=\"row-9\">\n\t<td class=\"column-1\"><a href=\"https:\/\/moverdb.com\/da\/container-shipping\/belgium\/\" data-internallinksmanager029f6b8e52c=\"86\" title=\"2023 S\u00f8fragt containerforsendelsespriser til og fra Belgien\">Belgien (Antwerpen)<\/a><\/td><td class=\"column-2\">$2,947<\/td><td class=\"column-3\">$3,980<\/td>\n<\/tr>\n<tr class=\"row-10\">\n\t<td class=\"column-1\"><a href=\"https:\/\/moverdb.com\/da\/container-shipping\/brazil\/\" data-internallinksmanager029f6b8e52c=\"98\" title=\"2023 S\u00f8fragt containerforsendelsespriser til og fra Brasilien\">Brasilien (Santos)<\/a><\/td><td class=\"column-2\">$3,267<\/td><td class=\"column-3\">$4,305<\/td>\n<\/tr>\n<tr class=\"row-11\">\n\t<td class=\"column-1\"><a href=\"https:\/\/moverdb.com\/da\/container-shipping\/china\/\" data-internallinksmanager029f6b8e52c=\"105\" title=\"2023 S\u00f8fragt containerforsendelsespriser til og fra Kina\">Kina (Beijing)<\/a><\/td><td class=\"column-2\">$2,640<\/td><td class=\"column-3\">$4,624<\/td>\n<\/tr>\n<tr class=\"row-12\">\n\t<td class=\"column-1\">Kina (Shanghai)<\/td><td class=\"column-2\">$2,237<\/td><td class=\"column-3\">$3,416<\/td>\n<\/tr>\n<tr class=\"row-13\">\n\t<td class=\"column-1\"><a href=\"https:\/\/moverdb.com\/da\/container-shipping\/croatia\/\" data-internallinksmanager029f6b8e52c=\"107\" title=\"2023 S\u00f8fragt containerforsendelsespriser til og fra Kroatien\">Kroatien (Rijeka)<\/a><\/td><td class=\"column-2\">$2,673<\/td><td class=\"column-3\">$3,574<\/td>\n<\/tr>\n<tr class=\"row-14\">\n\t<td class=\"column-1\"><a href=\"https:\/\/moverdb.com\/da\/container-shipping\/egypt\/\" data-internallinksmanager029f6b8e52c=\"113\" title=\"2023 S\u00f8fragt containerforsendelsespriser til og fra Egypten\">Egypten (Alexandria)<\/a><\/td><td class=\"column-2\">$1,914<\/td><td class=\"column-3\">$3,371<\/td>\n<\/tr>\n<tr class=\"row-15\">\n\t<td class=\"column-1\"><a href=\"https:\/\/moverdb.com\/da\/container-shipping\/estonia\/\" data-internallinksmanager029f6b8e52c=\"114\" title=\"2023 S\u00f8fragt containerforsendelsespriser til og fra Estland\">Estland (Tallinn)<\/a><\/td><td class=\"column-2\">$2,728<\/td><td class=\"column-3\">$4,767<\/td>\n<\/tr>\n<tr class=\"row-16\">\n\t<td class=\"column-1\"><a href=\"https:\/\/moverdb.com\/da\/container-shipping\/finland\/\" data-internallinksmanager029f6b8e52c=\"115\" title=\"2023 S\u00f8fragt containerforsendelsespriser til og fra Finland\">Finland (Helsinki)<\/a><\/td><td class=\"column-2\">$2,728<\/td><td class=\"column-3\">$4,767<\/td>\n<\/tr>\n<tr class=\"row-17\">\n\t<td class=\"column-1\"><a href=\"https:\/\/moverdb.com\/da\/container-shipping\/germany\/\" data-internallinksmanager029f6b8e52c=\"118\" title=\"2023 S\u00f8fragt containerforsendelsespriser til og fra Tyskland\">Tyskland (Hamburg)<\/a><\/td><td class=\"column-2\">$1,958<\/td><td class=\"column-3\">$4,022<\/td>\n<\/tr>\n<tr class=\"row-18\">\n\t<td class=\"column-1\"><a href=\"https:\/\/moverdb.com\/da\/container-shipping\/greece\/\" data-internallinksmanager029f6b8e52c=\"120\" title=\"2023 S\u00f8fragt containerforsendelsespriser til og fra Gr\u00e6kenland\">Gr\u00e6kenland (Pir\u00e6us)<\/a><\/td><td class=\"column-2\">$2,332<\/td><td class=\"column-3\">$3,633<\/td>\n<\/tr>\n<tr class=\"row-19\">\n\t<td class=\"column-1\"><a href=\"https:\/\/moverdb.com\/da\/container-shipping\/guernsey\/\" data-internallinksmanager029f6b8e52c=\"121\" title=\"2026 Priser for s\u00f8fragt containerforsendelse til og fra Guernsey\">Guernsey (St Peter Port)<\/a><\/td><td class=\"column-2\">$1,628<\/td><td class=\"column-3\">$3,812<\/td>\n<\/tr>\n<tr class=\"row-20\">\n\t<td class=\"column-1\"><a href=\"https:\/\/moverdb.com\/da\/container-shipping\/haiti\/\" data-internallinksmanager029f6b8e52c=\"122\" title=\"2023 S\u00f8fragt containerforsendelsespriser til og fra Haiti\">Haiti (Port-au-Prince)<\/a><\/td><td class=\"column-2\">$2,347<\/td><td class=\"column-3\">$3,889<\/td>\n<\/tr>\n<tr class=\"row-21\">\n\t<td class=\"column-1\"><a href=\"https:\/\/moverdb.com\/da\/container-shipping\/india\/\" data-internallinksmanager029f6b8e52c=\"125\" title=\"2023 S\u00f8fragt containerforsendelsespriser til og fra Indien\">Indien (Mumbai)<\/a><\/td><td class=\"column-2\">$2,145<\/td><td class=\"column-3\">$3,990<\/td>\n<\/tr>\n<tr class=\"row-22\">\n\t<td class=\"column-1\"><a href=\"https:\/\/moverdb.com\/da\/container-shipping\/indonesia\/\" data-internallinksmanager029f6b8e52c=\"126\" title=\"2023 S\u00f8fragt containerforsendelsespriser til og fra Indonesien\">Indonesien (Jakarta)<\/a><\/td><td class=\"column-2\">$2,860<\/td><td class=\"column-3\">$5,040<\/td>\n<\/tr>\n<tr class=\"row-23\">\n\t<td class=\"column-1\"><a href=\"https:\/\/moverdb.com\/da\/container-shipping\/italy\/\" data-internallinksmanager029f6b8e52c=\"130\" title=\"2023 S\u00f8fragt containerforsendelsespriser til og fra Italien\">Italien (Trieste)<\/a><\/td><td class=\"column-2\">$2,673<\/td><td class=\"column-3\">$3,574<\/td>\n<\/tr>\n<tr class=\"row-24\">\n\t<td class=\"column-1\"><a href=\"https:\/\/moverdb.com\/da\/container-shipping\/japan\/\" data-internallinksmanager029f6b8e52c=\"131\" title=\"2023 S\u00f8fragt containerforsendelsespriser til og fra Japan\">Japan (Tokyo)<\/a><\/td><td class=\"column-2\">$2,805<\/td><td class=\"column-3\">$4,778<\/td>\n<\/tr>\n<tr class=\"row-25\">\n\t<td class=\"column-1\"><a href=\"https:\/\/moverdb.com\/da\/container-shipping\/jersey\/\" data-internallinksmanager029f6b8e52c=\"132\" title=\"2026 Priser for s\u00f8fragt containerforsendelse til og fra Jersey\">Jersey (St Helier)<\/a><\/td><td class=\"column-2\">$1,628<\/td><td class=\"column-3\">$3,812<\/td>\n<\/tr>\n<tr class=\"row-26\">\n\t<td class=\"column-1\"><a href=\"https:\/\/moverdb.com\/da\/container-shipping\/kenya\/\" data-internallinksmanager029f6b8e52c=\"134\" title=\"2023 S\u00f8fragt containerforsendelsespriser til og fra Kenya\">Kenya (Mombasa)<\/a><\/td><td class=\"column-2\">$1,532<\/td><td class=\"column-3\">$2,722<\/td>\n<\/tr>\n<tr class=\"row-27\">\n\t<td class=\"column-1\"><a href=\"https:\/\/moverdb.com\/da\/container-shipping\/kuwait\/\" data-internallinksmanager029f6b8e52c=\"135\" title=\"2023 S\u00f8fragt containerforsendelsespriser til og fra Kuwait\">Kuwait (Shuwaikh)<\/a><\/td><td class=\"column-2\">$1,500<\/td><td class=\"column-3\">$2,400<\/td>\n<\/tr>\n<tr class=\"row-28\">\n\t<td class=\"column-1\"><a href=\"https:\/\/moverdb.com\/da\/container-shipping\/latvia\/\" data-internallinksmanager029f6b8e52c=\"136\" title=\"2023 S\u00f8fragt containerforsendelsespriser til og fra Letland\">Letland (Riga)<\/a><\/td><td class=\"column-2\">$2,728<\/td><td class=\"column-3\">$4,904<\/td>\n<\/tr>\n<tr class=\"row-29\">\n\t<td class=\"column-1\"><a href=\"https:\/\/moverdb.com\/da\/container-shipping\/liechtenstein\/\" data-internallinksmanager029f6b8e52c=\"144\" title=\"2026 Priser for s\u00f8fragt containerforsendelse til og fra Liechtenstein\">Liechtenstein (Vaduz)<\/a><\/td><td class=\"column-2\">$2,673<\/td><td class=\"column-3\">$4,029<\/td>\n<\/tr>\n<tr class=\"row-30\">\n\t<td class=\"column-1\"><a href=\"https:\/\/moverdb.com\/da\/container-shipping\/lithuania\/\" data-internallinksmanager029f6b8e52c=\"145\" title=\"2023 S\u00f8fragt containerforsendelsespriser til og fra Litauen\">Litauen (Klaipeda)<\/a><\/td><td class=\"column-2\">$2,552<\/td><td class=\"column-3\">$4,904<\/td>\n<\/tr>\n<tr class=\"row-31\">\n\t<td class=\"column-1\"><a href=\"https:\/\/moverdb.com\/da\/moving-to-luxembourg\/\" data-internallinksmanager029f6b8e52c=\"349\" title=\"Flytter du til Luxembourg? 2026 Leveomkostninger og tips til flytning\">Luxembourg<\/a><\/td><td class=\"column-2\">$2,081<\/td><td class=\"column-3\">$3,609<\/td>\n<\/tr>\n<tr class=\"row-32\">\n\t<td class=\"column-1\"><a href=\"https:\/\/moverdb.com\/da\/container-shipping\/malaysia\/\" data-internallinksmanager029f6b8e52c=\"148\" title=\"2023 S\u00f8fragt containerforsendelsespriser til og fra Malaysia\">Malaysia (Port Kelang)<\/a><\/td><td class=\"column-2\">$3,658<\/td><td class=\"column-3\">$7,182<\/td>\n<\/tr>\n<tr class=\"row-33\">\n\t<td class=\"column-1\"><a href=\"https:\/\/moverdb.com\/da\/container-shipping\/pakistan\/\" data-internallinksmanager029f6b8e52c=\"155\" title=\"2023 S\u00f8fragt containerforsendelsespriser til og fra Pakistan\">Pakistan (Karachi)<\/a><\/td><td class=\"column-2\">$2,420<\/td><td class=\"column-3\">$4,320<\/td>\n<\/tr>\n<tr class=\"row-34\">\n\t<td class=\"column-1\"><a href=\"https:\/\/moverdb.com\/da\/container-shipping\/thailand\/\" data-internallinksmanager029f6b8e52c=\"189\" title=\"2023 S\u00f8fragt containerforsendelsespriser til og fra Thailand\">Thailand (Laem Chabang)<\/a><\/td><td class=\"column-2\">$3,415<\/td><td class=\"column-3\">$6,435<\/td>\n<\/tr>\n<tr class=\"row-35\">\n\t<td class=\"column-1\"><a href=\"https:\/\/moverdb.com\/da\/container-shipping\/united-arab-emirates\/\" data-internallinksmanager029f6b8e52c=\"188\" title=\"2026 Priser for containerforsendelse til og fra UAE\">De Forenede Arabiske Emirater (Jebel Ali)<\/a><\/td><td class=\"column-2\">$1,870<\/td><td class=\"column-3\">$2,077<\/td>\n<\/tr>\n<tr class=\"row-36\">\n\t<td class=\"column-1\"><a href=\"https:\/\/moverdb.com\/da\/moving-to-the-united-states\/\" data-internallinksmanager029f6b8e52c=\"94\" title=\"Flytter du til USA? 2022 Leveomkostninger og flyttetips\">USA<\/a> (<a href=\"https:\/\/moverdb.com\/da\/moving-to-los-angeles\/\" data-internallinksmanager029f6b8e52c=\"51\" title=\"Skal du flytte til Los Angeles? 2026 LA Leveomkostninger og tips til flytning\">Los Angeles<\/a>)<\/td><td class=\"column-2\">$2,730<\/td><td class=\"column-3\">$3,666<\/td>\n<\/tr>\n<tr class=\"row-37\">\n\t<td class=\"column-1\"><a href=\"https:\/\/moverdb.com\/da\/container-shipping\/united-states\/\" data-internallinksmanager029f6b8e52c=\"87\" title=\"2023 S\u00f8fragt containerforsendelsespriser til og fra USA\">USA (New York)<\/a><\/td><td class=\"column-2\">$3,557<\/td><td class=\"column-3\">$4,680<\/td>\n<\/tr>\n<\/tbody>\n<\/table>\n<!-- #tablepress-167 from cache -->\n\n\n\n<h2 class=\"wp-block-heading\">Omkostninger til skibscontainere fra Maldiverne (Mal\u00e9)<\/h2>\n\n\n<div class=\"wp-block-image\">\n<figure class=\"aligncenter size-large\"><img loading=\"lazy\" decoding=\"async\" width=\"1024\" height=\"539\" src=\"https:\/\/moverdb.com\/wp-content\/uploads\/Shipping-Container-Costs-from-Maldives-1024x539.png\" alt=\"Omkostninger til skibscontainere fra Maldiverne\" class=\"wp-image-4591\" srcset=\"https:\/\/moverdb.com\/wp-content\/uploads\/Shipping-Container-Costs-from-Maldives-1024x539.png 1024w, https:\/\/moverdb.com\/wp-content\/uploads\/Shipping-Container-Costs-from-Maldives-300x158.png 300w, https:\/\/moverdb.com\/wp-content\/uploads\/Shipping-Container-Costs-from-Maldives-1536x809.png 1536w, https:\/\/moverdb.com\/wp-content\/uploads\/Shipping-Container-Costs-from-Maldives-18x9.png 18w, https:\/\/moverdb.com\/wp-content\/uploads\/Shipping-Container-Costs-from-Maldives-600x316.png 600w, https:\/\/moverdb.com\/wp-content\/uploads\/Shipping-Container-Costs-from-Maldives.png 2000w\" sizes=\"auto, (max-width: 1024px) 100vw, 1024px\" \/><\/figure>\n<\/div>\n\n\n<table id=\"tablepress-160\" class=\"tablepress tablepress-id-160\">\n<thead>\n<tr class=\"row-1\">\n\t<th class=\"column-1\">Bestemmelsesland (havn\/by)<\/th><th class=\"column-2\">20FT<\/th><th class=\"column-3\">40FT<\/th>\n<\/tr>\n<\/thead>\n<tbody class=\"row-striping row-hover\">\n<tr class=\"row-2\">\n\t<td class=\"column-1\">Andorra (Andorra la Vella)<\/td><td class=\"column-2\">$9,863<\/td><td class=\"column-3\">$13,934<\/td>\n<\/tr>\n<tr class=\"row-3\">\n\t<td class=\"column-1\">Antigua og Barbuda (St John's)<\/td><td class=\"column-2\">$10,171<\/td><td class=\"column-3\">N\/A<\/td>\n<\/tr>\n<tr class=\"row-4\">\n\t<td class=\"column-1\">Argentina (Buenos Aires)<\/td><td class=\"column-2\">N\/A<\/td><td class=\"column-3\">$12,406<\/td>\n<\/tr>\n<tr class=\"row-5\">\n\t<td class=\"column-1\">Aruba (Oranjestad)<\/td><td class=\"column-2\">N\/A<\/td><td class=\"column-3\">$12,406<\/td>\n<\/tr>\n<tr class=\"row-6\">\n\t<td class=\"column-1\">Australien (Sydney)<\/td><td class=\"column-2\">$1,561<\/td><td class=\"column-3\">$2,083<\/td>\n<\/tr>\n<tr class=\"row-7\">\n\t<td class=\"column-1\">\u00d8strig (Wien)<\/td><td class=\"column-2\">N\/A<\/td><td class=\"column-3\">$9,192<\/td>\n<\/tr>\n<tr class=\"row-8\">\n\t<td class=\"column-1\"><a href=\"https:\/\/moverdb.com\/da\/moving-to-canada\/\" data-internallinksmanager029f6b8e52c=\"265\" title=\"Flytte til Canada? 2026 Leveomkostninger og flyttetips\">Canada<\/a> (<a href=\"https:\/\/moverdb.com\/da\/moving-to-canada\/moving-to-vancouver\/\" data-internallinksmanager029f6b8e52c=\"438\" title=\"Flytter du til Vancouver? 2026 Leveomkostninger og tips til flytning\">Vancouver<\/a>)<\/td><td class=\"column-2\">$9,950<\/td><td class=\"column-3\">$13,090<\/td>\n<\/tr>\n<tr class=\"row-9\">\n\t<td class=\"column-1\">Kroatien (Rijeka)<\/td><td class=\"column-2\">$2,778<\/td><td class=\"column-3\">$3,439<\/td>\n<\/tr>\n<tr class=\"row-10\">\n\t<td class=\"column-1\">Indien (Mumbai)<\/td><td class=\"column-2\">$968<\/td><td class=\"column-3\">$1,533<\/td>\n<\/tr>\n<tr class=\"row-11\">\n\t<td class=\"column-1\">Italien (Trieste)<\/td><td class=\"column-2\">$2,778<\/td><td class=\"column-3\">$3,439<\/td>\n<\/tr>\n<\/tbody>\n<\/table>\n<!-- #tablepress-160 from cache -->\n\n\n\n<h3 class=\"wp-block-heading\">Bem\u00e6rkninger om data:<\/h3>\n\n\n\n<ul class=\"wp-block-list\"><li>Alle $-tal er angivet i amerikanske dollars (USD);<\/li><li>Priserne er korrekte fra begyndelsen af 2022;<\/li><li>Kortene i denne artikel er udarbejdet ved hj\u00e6lp af <a href=\"https:\/\/www.mapchart.net\" target=\"_blank\" rel=\"noreferrer noopener\">https:\/\/www.mapchart.net<\/a>. Du m\u00e5 gerne dele kortene, s\u00e5 l\u00e6nge du angiver et link tilbage til <a href=\"https:\/\/moverdb.com\/da\/\" target=\"_blank\" rel=\"noreferrer noopener\">MoverDB<\/a>;<\/li><li>Ovenst\u00e5ende satser er kun sk\u00f8n og kan v\u00e6re \u00e6ndret siden denne artikel blev offentliggjort (april 2022). De er baseret p\u00e5 den laveste ansl\u00e5ede sats fra enten <a href=\"https:\/\/www.searates.com\" target=\"_blank\" rel=\"noreferrer noopener\">https:\/\/www.searates.com<\/a> eller <a href=\"https:\/\/www.gocomet.com\/freight-shipping-rates-index-calculator\" target=\"_blank\" rel=\"noreferrer noopener\">https:\/\/www.gocomet.com<\/a>;<\/li><li>For at f\u00e5 en mere pr\u00e6cis id\u00e9 om prisen for dig, bedes du bruge tilbudsformularen \u00f8verst p\u00e5 denne side;<\/li><li>Se ogs\u00e5 vores vejledning om <a href=\"https:\/\/moverdb.com\/da\/containerforsendelse\/\" target=\"_blank\" rel=\"noreferrer noopener\">international containertransport<\/a>.<\/li><\/ul>","protected":false},"excerpt":{"rendered":"<p>Whenever paradise on Earth is mentioned, the Maldives automatically enter the sentence. This South Asian island is probably the most popular summer vacation spot, known for its crystal clear waters and beautiful white beaches. Aside from the natural splendor, the Maldives are a decent option for every expat who values a friendly community, a low [&hellip;]<\/p>\n","protected":false},"author":2,"featured_media":4586,"parent":44,"menu_order":0,"comment_status":"closed","ping_status":"closed","template":"","meta":{"_genesis_hide_title":false,"_genesis_hide_breadcrumbs":false,"_genesis_hide_singular_image":false,"_genesis_hide_footer_widgets":false,"_genesis_custom_body_class":"","_genesis_custom_post_class":"","_genesis_layout":"","footnotes":""},"class_list":{"0":"post-4638","1":"page","2":"type-page","3":"status-publish","4":"has-post-thumbnail","6":"entry"},"_links":{"self":[{"href":"https:\/\/moverdb.com\/da\/wp-json\/wp\/v2\/pages\/4638","targetHints":{"allow":["GET"]}}],"collection":[{"href":"https:\/\/moverdb.com\/da\/wp-json\/wp\/v2\/pages"}],"about":[{"href":"https:\/\/moverdb.com\/da\/wp-json\/wp\/v2\/types\/page"}],"author":[{"embeddable":true,"href":"https:\/\/moverdb.com\/da\/wp-json\/wp\/v2\/users\/2"}],"replies":[{"embeddable":true,"href":"https:\/\/moverdb.com\/da\/wp-json\/wp\/v2\/comments?post=4638"}],"version-history":[{"count":1,"href":"https:\/\/moverdb.com\/da\/wp-json\/wp\/v2\/pages\/4638\/revisions"}],"predecessor-version":[{"id":4639,"href":"https:\/\/moverdb.com\/da\/wp-json\/wp\/v2\/pages\/4638\/revisions\/4639"}],"up":[{"embeddable":true,"href":"https:\/\/moverdb.com\/da\/wp-json\/wp\/v2\/pages\/44"}],"wp:featuredmedia":[{"embeddable":true,"href":"https:\/\/moverdb.com\/da\/wp-json\/wp\/v2\/media\/4586"}],"wp:attachment":[{"href":"https:\/\/moverdb.com\/da\/wp-json\/wp\/v2\/media?parent=4638"}],"curies":[{"name":"wp","href":"https:\/\/api.w.org\/{rel}","templated":true}]}}