{"id":454,"date":"2016-07-03T20:25:43","date_gmt":"2016-07-03T20:25:43","guid":{"rendered":"http:\/\/moverdb.com\/?page_id=454"},"modified":"2026-01-08T15:30:41","modified_gmt":"2026-01-08T15:30:41","slug":"verdens-told-organisation","status":"publish","type":"page","link":"https:\/\/moverdb.com\/da\/world-customs-organization\/","title":{"rendered":"Forklaring af Verdenstoldorganisationen (WCO)"},"content":{"rendered":"<p>Verdenstoldorganisationen (WCO) er et uafh\u00e6ngigt mellemstatsligt organ, der fungerer som taler\u00f8r for toldsamfundet. <\/p>\n<p>Den blev oprettet for at g\u00f8re toldadministrationerne i hele verden mere effektive, koordinerede og virkningsfulde.<\/p>\n<p><strong>Vigtige fakta om WCO:<\/strong><\/p>\n<ul>\n<li>  WCO har 180 medlemmer, og disse medlemmer er toldadministrationer fra hele verden.<\/li>\n<li>  Tre fjerdedele af WCO's medlemmer er udviklingslande.<\/li>\n<li>  WCO's medlemmer er ansvarlige for forvaltningen af mere end 98% af verdenshandelen.<\/li>\n<li>  WCO startede i 1952 som Toldsamarbejdsr\u00e5det.<\/li>\n<li>  WCO ledes af et r\u00e5d, som st\u00f8tter sig p\u00e5 et sekretariat med over 100 internationale embedsm\u00e6nd, tekniske eksperter og st\u00f8ttepersonale.<\/li>\n<li>  WCO har hovedkvarter i Bruxelles, <a href=\"https:\/\/moverdb.com\/da\/moving-to-belgium\/\" data-internallinksmanager029f6b8e52c=\"323\" title=\"Flytter du til Belgien? 2026 Leveomkostninger og flyttetips\">Belgien<\/a>.<\/li>\n<li>  WCO behandler ikke klager over toldsp\u00f8rgsm\u00e5l, f.eks. toldsatser - som mellemstatslig organisation er den ikke ansvarlig for administration af national lovgivning og erkl\u00e6rer udtrykkeligt, at den ikke har kompetence p\u00e5 dette omr\u00e5de.<\/li>\n<li>  De officielle sprog i WCO er engelsk og fransk.<\/li>\n<li>  WCO finansieres af \u00e5rlige bidrag fra medlemmerne samt frivillige bidrag og donationer.<\/li>\n<li>  WCO har v\u00e6ret ansvarlig for en r\u00e6kke toldinstrumenter som f.eks. den internationale konvention om det harmoniserede varebeskrivelses- og varenomenklatursystem.<\/li>\n<\/ul>\n<p><strong>Verdenstoldorganisationens profil:<\/strong><\/p>\n<p>WCO kalder sig selv for toldsamfundets taler\u00f8r og er den eneste internationale organisation med kompetence inden for toldsp\u00f8rgsm\u00e5l. Det g\u00f8r den til en n\u00f8glefaktor i bestr\u00e6belserne p\u00e5 at bidrage til at fremme den legitime internationale handel og udvikle foranstaltninger til bek\u00e6mpelse af svig og tyveri. <\/p>\n<p>WCO's form\u00e5l er at styrke b\u00e5ndene mellem toldadministrationerne og deres partnere for at skabe et st\u00e6rkt og gennemsigtigt toldmilj\u00f8. <\/p>\n<p>Den har ogs\u00e5 gjort det til en prioritet at bist\u00e5 med at beskytte samfundet og det nationale territorium og at sikre og lette den internationale handel, is\u00e6r i lyset af truslerne fra den globale terrorisme. <\/p>\n<p>WCO mener, at gr\u00e6nser adskiller, men at told forbinder. Den beskriver sin vision som \"dynamisk f\u00f8rende inden for modernisering og konnektivitet i en verden i hastig forandring\" og angiver, at dens mission er at yde lederskab, vejledning og st\u00f8tte til toldadministrationerne med henblik p\u00e5 at sikre og lette lovlig handel, realisere indt\u00e6gter, beskytte samfundet og opbygge kapacitet.<\/p>\n<p><strong>Kriterier for medlemskab:<\/strong><\/p>\n<p>WCO's medlemmer er toldadministrationer, s\u00e5 der er ingen kriterier for medlemskab p\u00e5 hjemmesiden.<\/p>\n<p><strong>Meninger om WCO:<\/strong><\/p>\n<p>WCO er et veletableret globalt toldorgan med <a href=\"http:\/\/www.britannica.com\/topic\/World-Customs-Organization\" target=\"_blank\" rel=\"noopener\">en post i encyclopedia Britannica<\/a>. <a href=\"https:\/\/www.wto.org\/english\/thewto_e\/coher_e\/wto_wco_e.htm\" target=\"_blank\" rel=\"noopener\">Verdenshandelsorganisationen beskriver<\/a> WCO som et organ, som den regelm\u00e6ssigt samarbejder med, is\u00e6r med hensyn til klassificering af varer. <\/p>\n<p>WCO n\u00e6vnes p\u00e5 regeringernes websteder og beskrives som v\u00e6rende \"f\u00f8rende inden for udvidelse af mulighederne for international handel og sikkerhed\" og har tydeligvis en anerkendt international status. Hvad ang\u00e5r medlemmer, har de, der bliver medlemmer, en tendens til at annoncere dette - f.eks. <a href=\"http:\/\/ec.europa.eu\/taxation_customs\/common\/international_affairs\/wco\/index_en.htm\" target=\"_blank\" rel=\"noopener\">WCO havde accepteret<\/a> sin ans\u00f8gning om medlemskab pr. 1. juli 2007.<\/p>\n<blockquote><p>Alle toldsp\u00f8rgsm\u00e5l, herunder udvikling af globale instrumenter, standarder og v\u00e6rkt\u00f8jer, forenkling og harmonisering af toldprocedurer, fremme af den \u00f8konomiske konkurrenceevne, sikring og lettelse af den globale forsyningsk\u00e6de, styrkelse af toldh\u00e5ndh\u00e6velse og overholdelse af reglerne, beskyttelse af folkesundheden og -sikkerheden, opretholdelse af den internationale harmoniserede varenomenklatur, sikring af indt\u00e6gter, b\u00e6redygtig kapacitetsopbygning og teknisk bistand p\u00e5 toldomr\u00e5det og forvaltning af WTO-aftalerne om toldv\u00e6rdians\u00e6ttelse og oprindelsesregler samt De Forenede Nationers (FN) konvention om containere fra 1972.<\/p><\/blockquote>\n<p>- <a href=\"http:\/\/www.basel.int\/Default.aspx?tabid=2935\" target=\"_blank\" rel=\"noopener\">Basel-konventionen<\/a><\/p>\n<p><strong>Hjemmeside:<\/strong> <a href=\"http:\/\/www.wcoomd.org\/\" target=\"_blank\" rel=\"noopener\">http:\/\/www.wcoomd.org\/<\/a><\/p>\n<p><strong>Du kan l\u00e6se mere om forsendelse p\u00e5:<\/strong> <a href=\"https:\/\/moverdb.com\/da\/containerforsendelse\/\">Priser og omkostninger for international containerforsendelse i 2018<\/a> og <a href=\"https:\/\/moverdb.com\/da\/speditor\/\">Guide til internationale omkostninger og virksomheder for spedit\u00f8rer og NVOCC'er<\/a><\/p>","protected":false},"excerpt":{"rendered":"<p>The World Customs Organisation (WCO) is an independent intergovernmental body that serves as the voice of the customs community. It was set up to make customs administrations around the world more efficient, coordinated and effective. Key facts about WCO: The WCO has 180 members and these members are customs administrations from all over the world. [&hellip;]<\/p>\n","protected":false},"author":1,"featured_media":0,"parent":0,"menu_order":0,"comment_status":"closed","ping_status":"closed","template":"","meta":{"_genesis_hide_title":false,"_genesis_hide_breadcrumbs":false,"_genesis_hide_singular_image":false,"_genesis_hide_footer_widgets":false,"_genesis_custom_body_class":"","_genesis_custom_post_class":"","_genesis_layout":"","footnotes":""},"class_list":{"0":"post-454","1":"page","2":"type-page","3":"status-publish","5":"entry"},"_links":{"self":[{"href":"https:\/\/moverdb.com\/da\/wp-json\/wp\/v2\/pages\/454","targetHints":{"allow":["GET"]}}],"collection":[{"href":"https:\/\/moverdb.com\/da\/wp-json\/wp\/v2\/pages"}],"about":[{"href":"https:\/\/moverdb.com\/da\/wp-json\/wp\/v2\/types\/page"}],"author":[{"embeddable":true,"href":"https:\/\/moverdb.com\/da\/wp-json\/wp\/v2\/users\/1"}],"replies":[{"embeddable":true,"href":"https:\/\/moverdb.com\/da\/wp-json\/wp\/v2\/comments?post=454"}],"version-history":[{"count":7,"href":"https:\/\/moverdb.com\/da\/wp-json\/wp\/v2\/pages\/454\/revisions"}],"predecessor-version":[{"id":6253,"href":"https:\/\/moverdb.com\/da\/wp-json\/wp\/v2\/pages\/454\/revisions\/6253"}],"wp:attachment":[{"href":"https:\/\/moverdb.com\/da\/wp-json\/wp\/v2\/media?parent=454"}],"curies":[{"name":"wp","href":"https:\/\/api.w.org\/{rel}","templated":true}]}}