{"id":453,"date":"2016-07-03T20:16:06","date_gmt":"2016-07-03T20:16:06","guid":{"rendered":"http:\/\/moverdb.com\/?page_id=453"},"modified":"2026-01-08T15:20:54","modified_gmt":"2026-01-08T15:20:54","slug":"international-chamber-shipping","status":"publish","type":"page","link":"https:\/\/moverdb.com\/da\/international-chamber-shipping\/","title":{"rendered":"Det Internationale Skibsfartskammer (ICS) forklaret"},"content":{"rendered":"<p>International Chamber of Shipping (ICS) er en brancheorganisation, der repr\u00e6senterer skibsejere og skibsoperat\u00f8rer via nationale rederisammenslutninger. <\/p>\n<p>Dens m\u00e5l er at fremme medlemmernes interesser i alle sp\u00f8rgsm\u00e5l vedr\u00f8rende skibsdrift og skibspolitik.<\/p>\n<p><strong>Vigtige fakta om Det Internationale Skibsfartskammer:<\/strong><\/p>\n<ul>\n<li>  ICS medlem <a href=\"https:\/\/moverdb.com\/da\/rederier\/\">rederier<\/a> driver over 80% af verdens handelsskibe.<\/li>\n<li>  ICS best\u00e5r af nationale rederforeninger i Asien, Europa og Nord- og Sydamerika.<\/li>\n<li>  ICS blev oprettet i 1921.<\/li>\n<li>  ICS har 36 medlemmer og 11 associerede medlemmer.<\/li>\n<li>  ICS er baseret i <a href=\"https:\/\/moverdb.com\/da\/moving-to-london\/\">London<\/a>.<\/li>\n<li>  ICS er enest\u00e5ende, fordi det i mods\u00e6tning til andre <a href=\"https:\/\/moverdb.com\/da\/container-shipping\/\" data-internallinksmanager029f6b8e52c=\"3\" title=\"Diagram over internationale containerpriser: April 2026\">international forsendelse<\/a> brancheforeninger, der repr\u00e6senterer de globale interesser for alle de forskellige erhverv i branchen, fra operat\u00f8rer af passagerskibe til tankskibsoperat\u00f8rer.<\/li>\n<li>  ICS er et r\u00e5dgivende organ for den <a href=\"https:\/\/moverdb.com\/da\/international-maritime-organisation\/\" data-internallinksmanager029f6b8e52c=\"24\" title=\"Den Internationale S\u00f8fartsorganisation (IMO) forklaret\">Den Internationale S\u00f8fartsorganisation<\/a>, FN's agentur med ansvar for sikkerhed for menneskeliv til s\u00f8s og beskyttelse af havmilj\u00f8et.<\/li>\n<li>  ICS besk\u00e6ftiger sig med lovgivningsm\u00e6ssige, operationelle og juridiske sp\u00f8rgsm\u00e5l vedr\u00f8rende skibsfartserhvervet.<\/li>\n<\/ul>\n<p><strong>ICS-profil:<\/strong><\/p>\n<p>ICS repr\u00e6senterer sine medlemmer i forskellige mellemstatslige reguleringsorganer, der har indflydelse p\u00e5 skibsfarten, herunder Den Internationale S\u00f8fartsorganisation. <\/p>\n<p>Det er ogs\u00e5 en kilde til information for medlemmerne og har udviklet vejledning og bedste praksis for dem, der arbejder inden for branchen - disse ressourcer tilbydes gratis til skibsejere i branchen samt til medlemmer. <\/p>\n<p>Dens mission er at str\u00e6be efter en global skibsfartserhverv, der opererer efter h\u00f8je standarder og prioriterer sikker skibsfart samt milj\u00f8beskyttelse. <\/p>\n<p>Selv om det grundl\u00e6ggende blev oprettet for at fremme rederiernes branche, er et af dets m\u00e5l ogs\u00e5 at samarbejde med andre organisationer, b\u00e5de statslige og ikke-statslige, for at bidrage til at g\u00f8re skibsfartserhvervet mere effektivt og sikkert.<\/p>\n<p><strong>Medlemsrederier (efter st\u00f8rrelse):<\/strong><\/p>\n<ul>\n<li> <a href=\"https:\/\/moverdb.com\/da\/maersk\/\">Maersk Line<\/a><\/li>\n<li> <a href=\"https:\/\/moverdb.com\/da\/middelhavs-rederiet\/\">Mediterranean Shipping Company (MSC)<\/a><\/li>\n<\/ul>\n<p><strong>Kriterier for medlemskab:<\/strong><\/p>\n<p>ICS's medlemmer er <a href=\"https:\/\/moverdb.com\/da\/speditor\/\">redere og operat\u00f8rer af skibe<\/a> fra hele verden, som er repr\u00e6senteret via nationale rederisammenslutninger. Det er foreningerne, der har medlemskab, s\u00e5 individuelle ejere og operat\u00f8rer kan ikke ans\u00f8ge. <\/p>\n<p>Der er derfor ingen kriterier for medlemskab p\u00e5 hjemmesiden.<\/p>\n<p><strong>Udtalelser om Det Internationale Skibsfartskammer:<\/strong><\/p>\n<p>ICS er citeret i flere industripublikationer og kommenterer de aktuelle emner som f.eks. CO2-reduktion. Det n\u00e6vnes p\u00e5 sine medlemmers websteder, f.eks. <a href=\"https:\/\/www.ukchamberofshipping.com\/about-us\/our-partners\/international-chamber-shipping\/\" target=\"_blank\" rel=\"noopener\">UK Chamber of Shipping<\/a>. <\/p>\n<p>Dokumenter online viser, at ICS kommenterer globale sp\u00f8rgsm\u00e5l, f.eks. skatteaftaler, og der er ogs\u00e5 en <a href=\"http:\/\/www.allaboutshipping.co.uk\/category\/associations\/international-chamber-of-shipping\/\" target=\"_blank\" rel=\"noopener\">d\u00e6kning af begivenheder<\/a> som f.eks. <a href=\"http:\/\/www.imo.org\/en\/MediaCentre\/SecretaryGeneral\/SpeechesByTheSecretaryGeneral\/Pages\/ICS2012.aspx\" target=\"_blank\" rel=\"noopener\">Konference i Det Internationale Skibsfartskammer<\/a> hvor Koji Sekimizu, generalsekret\u00e6r, Den Internationale S\u00f8fartsorganisation, beskrev ICS som <em>\"en af flere ikke-statslige organisationer, der repr\u00e6senterer skibsfarten i IMO, og som har en af de l\u00e6ngste stamtavler.\"<\/em> <\/p>\n<p>Andre onlinekilder omtaler ICS som \"den mest anerkendte globale rederisammenslutning\". ICS' trov\u00e6rdighed fremg\u00e5r tydeligt af de publikationer, som dens navn optr\u00e6der i, dens forbindelser med andre organisationer og den type sp\u00f8rgsm\u00e5l, som den bliver bedt om at kommentere.<\/p>\n<blockquote><p>International Chamber of Shipping (ICS) er den vigtigste internationale brancheorganisation for redere og operat\u00f8rer af handelsskibe og repr\u00e6senterer alle sektorer og brancher (herunder bl.a. tankskibe, t\u00f8rlastskibe, containerskibe, almindelige fragtskibe og specialskibe samt passagerskibe) over for de forskellige mellemstatslige organer, der har indflydelse p\u00e5 skibsfarten. ICS' medlemskab omfatter nationale rederisammenslutninger i 35 lande, der repr\u00e6senterer over 80% af verdens handelsfl\u00e5de.<\/p><\/blockquote>\n<p><a href=\"http:\/\/www.oecd.org\/tax\/treaties\/ics-comments-discussion-draft-mtc-international-traffic.pdf\" target=\"_blank\" rel=\"noopener\">OECD<\/a><\/p>\n<p><strong>Hjemmeside:<\/strong> <a href=\"http:\/\/www.ics-shipping.org\/\" target=\"_blank\" rel=\"noopener\">http:\/\/www.ics-shipping.org\/<\/a><\/p>\n<p><strong>Du kan l\u00e6se mere om forsendelse p\u00e5:<\/strong> <a href=\"https:\/\/moverdb.com\/da\/containerforsendelse\/\">Priser og omkostninger for international containerforsendelse i 2018<\/a> og <a href=\"https:\/\/moverdb.com\/da\/speditor\/\">Guide til internationale omkostninger og virksomheder for spedit\u00f8rer og NVOCC'er<\/a><\/p>","protected":false},"excerpt":{"rendered":"<p>The International Chamber of Shipping (ICS) is a trade association that represents ship owners and ship operators via national shipowners associations. Its aim is to promote the interests of its members throughout all issues of ship operation and also shipping policy. Key facts about the International Chamber of Shipping: ICS member shipping companies operate over [&hellip;]<\/p>\n","protected":false},"author":1,"featured_media":0,"parent":0,"menu_order":0,"comment_status":"closed","ping_status":"closed","template":"","meta":{"_genesis_hide_title":false,"_genesis_hide_breadcrumbs":false,"_genesis_hide_singular_image":false,"_genesis_hide_footer_widgets":false,"_genesis_custom_body_class":"","_genesis_custom_post_class":"","_genesis_layout":"","footnotes":""},"class_list":{"0":"post-453","1":"page","2":"type-page","3":"status-publish","5":"entry"},"_links":{"self":[{"href":"https:\/\/moverdb.com\/da\/wp-json\/wp\/v2\/pages\/453","targetHints":{"allow":["GET"]}}],"collection":[{"href":"https:\/\/moverdb.com\/da\/wp-json\/wp\/v2\/pages"}],"about":[{"href":"https:\/\/moverdb.com\/da\/wp-json\/wp\/v2\/types\/page"}],"author":[{"embeddable":true,"href":"https:\/\/moverdb.com\/da\/wp-json\/wp\/v2\/users\/1"}],"replies":[{"embeddable":true,"href":"https:\/\/moverdb.com\/da\/wp-json\/wp\/v2\/comments?post=453"}],"version-history":[{"count":10,"href":"https:\/\/moverdb.com\/da\/wp-json\/wp\/v2\/pages\/453\/revisions"}],"predecessor-version":[{"id":6245,"href":"https:\/\/moverdb.com\/da\/wp-json\/wp\/v2\/pages\/453\/revisions\/6245"}],"wp:attachment":[{"href":"https:\/\/moverdb.com\/da\/wp-json\/wp\/v2\/media?parent=453"}],"curies":[{"name":"wp","href":"https:\/\/api.w.org\/{rel}","templated":true}]}}