{"id":451,"date":"2016-07-04T14:16:48","date_gmt":"2016-07-04T14:16:48","guid":{"rendered":"http:\/\/moverdb.com\/?page_id=451"},"modified":"2026-01-08T14:39:55","modified_gmt":"2026-01-08T14:39:55","slug":"international-maritime-organisation","status":"publish","type":"page","link":"https:\/\/moverdb.com\/da\/international-maritime-organisation\/","title":{"rendered":"Den Internationale S\u00f8fartsorganisation (IMO) forklaret"},"content":{"rendered":"<p>Den Internationale S\u00f8fartsorganisation (IMO) er et FN-agentur, der har hjemsted i <a href=\"https:\/\/moverdb.com\/da\/moving-to-the-uk\/\" data-internallinksmanager029f6b8e52c=\"93\" title=\"Flytter du til Det Forenede Kongerige? 2022 Leveomkostninger og flyttetips\">UK<\/a>, som er ansvarlig for at regulere skibsfarten. Det beskriver sig selv som den globale standardiseringsmyndighed for sikkerhed, sikring og milj\u00f8pr\u00e6stationer i forbindelse med <a href=\"https:\/\/moverdb.com\/da\/containerforsendelse\/\">international forsendelse<\/a>.<\/p>\n<p><strong>Vigtige fakta om Den Internationale S\u00f8fartsorganisation<\/strong><\/p>\n<ul>\n<li>  IMO har 171 medlemsstater og tre associerede medlemmer.<\/li>\n<li>  IMO er et FN-agentur, der blev oprettet i 1948 og tr\u00e5dte i funktion ti \u00e5r senere.<\/li>\n<li>  De fleste medlemsstater, der ikke er medlem af IMO, er indlandsstater, som ikke har nogen interesse i eller er involveret i skibsfart.<\/li>\n<li>  De tre associerede medlemmer af IMO er F\u00e6r\u00f8erne, <a href=\"https:\/\/moverdb.com\/da\/moving-to-hong-kong\/\" data-internallinksmanager029f6b8e52c=\"350\" title=\"Flytter du til Hong Kong? 2026 Leveomkostninger og tips til flytning\">Hong Kong<\/a> og Macao.<\/li>\n<li>  Den internationale konvention om sikkerhed for menneskeliv p\u00e5 s\u00f8en er et af IMO's mest kendte juridiske instrumenter.<\/li>\n<li>  <a href=\"https:\/\/moverdb.com\/da\/container-shipping\/\" data-internallinksmanager029f6b8e52c=\"3\" title=\"Diagram over internationale containerpriser: April 2026\">International forsendelse<\/a> transporterer mere end 80% af den globale handel til befolkninger og samfund i hele verden.<\/li>\n<li>  IMO's ansvarsomr\u00e5de d\u00e6kker alle aspekter af international skibsfart, herunder skibsdesign, konstruktion, udstyr, bemanding, drift og bortskaffelse.<\/li>\n<li>  Ikke-statslige internationale organisationer, der har mulighed for at yde et v\u00e6sentligt bidrag til IMO's arbejde, kan af R\u00e5det med forsamlingens godkendelse f\u00e5 konsultativ status.<\/li>\n<\/ul>\n<p><strong>IMO-profil<\/strong><\/p>\n<p>IMO er et globalt agentur, der h\u00f8rer under FN's ansvarsomr\u00e5de. Det best\u00e5r af en forsamling, et r\u00e5d og fem hovedudvalg: <\/p>\n<ol>\n<li> Udvalget for sikkerhed til s\u00f8s<\/li>\n<li> Udvalget til beskyttelse af havmilj\u00f8et<\/li>\n<li> Det Juridiske Udvalg<\/li>\n<li> Det Tekniske Samarbejdsudvalg<\/li>\n<li> Faciliteringsudvalget<\/li>\n<\/ol>\n<p>IMO har v\u00e6ret ansvarlig for en lang r\u00e6kke juridiske instrumenter, der har til form\u00e5l at forbedre sikkerheden til s\u00f8s, forbedre handelen mellem s\u00f8farende stater og beskytte havmilj\u00f8et. <\/p>\n<p>Ud over at se p\u00e5 skibsfarten i dens nuv\u00e6rende form er IMO ogs\u00e5 involveret i at sikre dens fremtid som sikker, milj\u00f8venlig og energieffektiv. <\/p>\n<p>Der er meget lidt, som IMO ikke d\u00e6kker, herunder det menneskelige aspekt af skibsfarten, s\u00f8fartssikkerhed og teknisk samarbejde, som er udformet til at hj\u00e6lpe regeringer, der mangler den tekniske viden og de ressourcer, der er n\u00f8dvendige for at drive en skibsfart med succes.<\/p>\n<p><strong>Kriterier for medlemskab <\/strong><\/p>\n<p>Medlemskab sker p\u00e5 grundlag af stater. For at blive medlem af IMO skal en stat ratificere en multilateral traktat, der kaldes konventionen om Den Internationale S\u00f8fartsorganisation.<\/p>\n<p><strong>Meninger om IMO:<\/strong><\/p>\n<p>IMO er en global organisation <a href=\"http:\/\/www.unsceb.org\/content\/imo\" target=\"_blank\" rel=\"noopener\">anerkendt organisation<\/a> med anerkendt status. Den er meget synlig og er en st\u00e6rk kraft i skibsfarten. P\u00e5 nettet fokuserer oplysningerne om IMO p\u00e5 dens rolle i forbindelse med fremme af det mellemstatslige samarbejde, indkaldelse til internationale konferencer om skibsfartssp\u00f8rgsm\u00e5l og udarbejdelse af internationale konventioner eller aftaler om dette emne. <\/p>\n<p>Dens rolle i forbindelse med sikkerhed understreges ogs\u00e5 de steder, hvor den n\u00e6vnes. Da medlemskab af IMO er statsligt, n\u00e6vnes det ikke p\u00e5 de enkelte virksomheders websteder, men det optr\u00e6der ofte i <a href=\"http:\/\/www.britannica.com\/topic\/International-Maritime-Organization\" target=\"_blank\" rel=\"noopener\">online-encyklop\u00e6dier<\/a> og websteder, der beskriver FN's struktur.<\/p>\n<p><strong>Hjemmeside:<\/strong> <a href=\"http:\/\/www.imo.org\/en\/Pages\/Default.aspx\" target=\"_blank\" rel=\"noopener\">http:\/\/www.imo.org\/<\/a><\/p>\n<p><strong>Du kan l\u00e6se mere om forsendelse p\u00e5:<\/strong> <a href=\"https:\/\/moverdb.com\/da\/containerforsendelse\/\">Priser og omkostninger for international containerforsendelse i 2018<\/a> og <a href=\"https:\/\/moverdb.com\/da\/speditor\/\">Guide til internationale omkostninger og virksomheder for spedit\u00f8rer og NVOCC'er<\/a><\/p>","protected":false},"excerpt":{"rendered":"<p>The International Maritime Organisation (IMO) is a UN agency, based in the UK, which is responsible for regulating shipping. It describes itself as the global standard-setting authority for the safety, security and environmental performance of international shipping. Key facts about the International Maritime Organisation The IMO has 171 Member States and three Associate Members. The [&hellip;]<\/p>\n","protected":false},"author":1,"featured_media":0,"parent":0,"menu_order":0,"comment_status":"closed","ping_status":"closed","template":"","meta":{"_genesis_hide_title":false,"_genesis_hide_breadcrumbs":false,"_genesis_hide_singular_image":false,"_genesis_hide_footer_widgets":false,"_genesis_custom_body_class":"","_genesis_custom_post_class":"","_genesis_layout":"","footnotes":""},"class_list":{"0":"post-451","1":"page","2":"type-page","3":"status-publish","5":"entry"},"_links":{"self":[{"href":"https:\/\/moverdb.com\/da\/wp-json\/wp\/v2\/pages\/451","targetHints":{"allow":["GET"]}}],"collection":[{"href":"https:\/\/moverdb.com\/da\/wp-json\/wp\/v2\/pages"}],"about":[{"href":"https:\/\/moverdb.com\/da\/wp-json\/wp\/v2\/types\/page"}],"author":[{"embeddable":true,"href":"https:\/\/moverdb.com\/da\/wp-json\/wp\/v2\/users\/1"}],"replies":[{"embeddable":true,"href":"https:\/\/moverdb.com\/da\/wp-json\/wp\/v2\/comments?post=451"}],"version-history":[{"count":6,"href":"https:\/\/moverdb.com\/da\/wp-json\/wp\/v2\/pages\/451\/revisions"}],"predecessor-version":[{"id":13163,"href":"https:\/\/moverdb.com\/da\/wp-json\/wp\/v2\/pages\/451\/revisions\/13163"}],"wp:attachment":[{"href":"https:\/\/moverdb.com\/da\/wp-json\/wp\/v2\/media?parent=451"}],"curies":[{"name":"wp","href":"https:\/\/api.w.org\/{rel}","templated":true}]}}