{"id":448,"date":"2016-07-04T14:52:09","date_gmt":"2016-07-04T14:52:09","guid":{"rendered":"http:\/\/moverdb.com\/?page_id=448"},"modified":"2026-01-08T13:18:20","modified_gmt":"2026-01-08T13:18:20","slug":"freight-transport-association","status":"publish","type":"page","link":"https:\/\/moverdb.com\/da\/freight-transport-association\/","title":{"rendered":"Forklaring af Freight Transport Association (FTA)"},"content":{"rendered":"<p>Freight Transport Association (FTA) blev oprettet for at repr\u00e6sentere interesserne for <a href=\"https:\/\/moverdb.com\/da\/rederier\/\">logistikvirksomheder<\/a>, uanset om de transporterer varer til s\u00f8s, i luften, p\u00e5 vej eller med jernbane. Den har v\u00e6ret involveret i h\u00f8jt profilerede kampagner om emner som f.eks. br\u00e6ndstofafgifter og licensudstedelse.<\/p>\n<p><strong>Vigtige fakta om frihandelsaftalen:<\/strong><\/p>\n<ul>\n<li>  FTA kan spore sine r\u00f8dder tilbage til 1889.<\/li>\n<li>  FTA's medlemmer driver mere end 200.000 lastbiler - n\u00e6sten halvdelen af alle <a href=\"https:\/\/moverdb.com\/da\/moving-to-the-uk\/\" data-internallinksmanager029f6b8e52c=\"93\" title=\"Flytter du til Det Forenede Kongerige? 2022 Leveomkostninger og flyttetips\">UK<\/a> fl\u00e5de.<\/li>\n<li>  Medlemmerne leverer over 90% gods, der transporteres med jernbane.<\/li>\n<li>  FTA-medlemmer st\u00e5r for 70% af Storbritanniens synlige eksport til s\u00f8s og i luften.<\/li>\n<li>  FTA har mere end 15.000 medlemmer og er den st\u00f8rste brancheorganisation for godstransport i Storbritannien.<\/li>\n<li>  FTA's 360 medarbejdere behandler hvert \u00e5r over 50.000 foresp\u00f8rgsler fra medlemmerne.<\/li>\n<li>  FTA's medlemskab er begr\u00e6nset til <a href=\"https:\/\/moverdb.com\/da\/internationale-flytninger\/\">Virksomheder i Storbritannien<\/a>.<\/li>\n<\/ul>\n<p><strong>Freight Transport Association Profile:<\/strong><\/p>\n<p>FTA definerer sin mission som \"sikker, b\u00e6redygtig og effektiv logistik\". Den har en r\u00e6kke forskellige roller, herunder at repr\u00e6sentere medlemmerne p\u00e5 lokalt, nationalt og europ\u00e6isk plan og f\u00f8re kampagner for at \u00f8ge kendskabet til logistikbranchen. <\/p>\n<p>FTA sikrer ogs\u00e5, at medlemmerne er ajour med de seneste krav til overholdelse af reglerne for deres virksomheder og tilbyder et bredt udvalg af uddannelsesordninger, der er designet til at bidrage til at h\u00e6ve standarderne og forbedre arbejdsforholdene. <\/p>\n<p>Desuden er FTA en kilde til information om den sektor, som den repr\u00e6senterer, og udarbejder rapporter om emner som f.eks. hvordan logistikindustrien fungerer og hvilke udfordringer den st\u00e5r over for. <\/p>\n<p>Medlemsfordele omfatter briefinger og vejledninger om overholdelse af reglerne, en pay as you go-redningstjeneste og et online leverand\u00f8rkartotek.<\/p>\n<p>Medlemskabskategorierne omfatter:<\/p>\n<ul>\n<li> Medlemskab for k\u00f8ret\u00f8jsoperat\u00f8rer<\/li>\n<li> Medlemskab som ikke-k\u00f8ret\u00f8jsoperat\u00f8r<\/li>\n<li> Medlemskab for passagerer<\/li>\n<li> Lokale myndigheders medlemskab<\/li>\n<li> Den vedt\u00e6gtsm\u00e6ssige myndigheds medlemskab<\/li>\n<li> Branchemedlemskab<\/li>\n<\/ul>\n<p><strong>Kriterier for medlemskab:<\/strong><\/p>\n<p>FTA tilbyder de forskellige typer medlemskab, der er anf\u00f8rt nedenfor. Der er ingen kriterier for, hvem der kan blive medlem, men virksomhederne skal falde ind under definitionen af en af nedenst\u00e5ende virksomheder og acceptere betingelserne i vedt\u00e6gterne for Freight Transport Association Ltd. <\/p>\n<p>For hver medlemskategori kr\u00e6ves der yderligere oplysninger til st\u00f8tte for ans\u00f8gningen, som anf\u00f8rt nedenfor.<\/p>\n<ul>\n<li> Medlemskab af k\u00f8ret\u00f8jsoperat\u00f8r - antal k\u00f8ret\u00f8jer, der drives, og virksomhedens art.<\/li>\n<li> Medlemskab som ikke-k\u00f8ret\u00f8jsoperat\u00f8r - virksomhedens art.<\/li>\n<li> Passagermedlemsskab - \u00e5rlig oms\u00e6tning, virksomhedens art, antal k\u00f8ret\u00f8jer, der drives.<\/li>\n<li> Medlemskab af lokale myndigheder - antal k\u00f8ret\u00f8jer og befolkningstal i den region, der betjenes af den lokale myndighed.<\/li>\n<li> Medlemskab af den lovpligtige myndighed - antal k\u00f8ret\u00f8jer, der drives, og befolkning i den region, som myndigheden betjener.<\/li>\n<li> Branchemedlemskab - antal k\u00f8ret\u00f8jer, der drives, virksomhedens art.<\/li>\n<\/ul>\n<p><strong>Eksempler p\u00e5 medlemsvirksomheder<\/strong><\/p>\n<ul>\n<li> <a href=\"https:\/\/moverdb.com\/da\/shore-porters-society\/\">Selskabet af kystport\u00f8rer<\/a><\/li>\n<li> <a href=\"https:\/\/moverdb.com\/da\/movecorp\/\">Movecorp<\/a><\/li>\n<\/ul>\n<p><strong>Meninger om frihandelsaftalen:<\/strong><\/p>\n<p>FTA har st\u00f8tte fra store navne i branchen - s\u00e5som PWC, der l\u00e6gger navn til den \u00e5rlige <a href=\"http:\/\/www.pwc.co.uk\/industries\/transport-logistics\/fta-logistics-report-2014.html\" target=\"_blank\" rel=\"noopener\">Freight Transport Association's Logistics Report<\/a> og beskriver FTA som \"en af Storbritanniens st\u00f8rste handelsorganisationer\".<\/p>\n<p>FTA n\u00e6vnes som en partner til den <a href=\"http:\/\/www.csrf.ac.uk\/partner\/freight-transport-association\/\" target=\"_blank\" rel=\"noopener\">Center for b\u00e6redygtig vejgodstransport<\/a> og samarbejder opst\u00e5r p\u00e5 tv\u00e6rs af besl\u00e6gtede emner, f.eks. udvikling af en delvis <a href=\"http:\/\/www.osapartnershipgroup.co.uk\/campaign2-fta.html\" target=\"_blank\" rel=\"noopener\">Bevis for faglig kompetence<\/a> med Obstructive Sleep Apnoeia Group. FTA er n\u00e6vnt p\u00e5 <a href=\"http:\/\/www.lombard.co.uk\/our-expertise\/commercial-transportation\/industry-associations\/fta\" target=\"_blank\" rel=\"noopener\">hjemmesiderne for en r\u00e6kke<\/a> medlemmernes interesser og citeres ofte, n\u00e5r der er et emne, der repr\u00e6senterer logistikbranchen.<\/p>\n<p><strong>Hjemmeside:<\/strong> <a href=\"http:\/\/www.fta.co.uk\/\" target=\"_blank\" rel=\"noopener\">http:\/\/www.fta.co.uk\/<\/a><\/p>\n<p><strong>Du kan l\u00e6se mere om forsendelse p\u00e5:<\/strong> <a href=\"https:\/\/moverdb.com\/da\/containerforsendelse\/\">Priser og omkostninger for international containerforsendelse i 2018<\/a> og <a href=\"https:\/\/moverdb.com\/da\/speditor\/\">Guide til internationale omkostninger og virksomheder for spedit\u00f8rer og NVOCC'er<\/a><\/p>","protected":false},"excerpt":{"rendered":"<p>The Freight Transport Association (FTA) was set up to represent the interests of logistics companies, whether they are moving goods by sea, air, road or rail. It has been involved in high profile campaigns on issues such as fuel duty and licensing. Key facts about the FTA: The FTA can trace its roots back to [&hellip;]<\/p>\n","protected":false},"author":1,"featured_media":0,"parent":0,"menu_order":0,"comment_status":"closed","ping_status":"closed","template":"","meta":{"_genesis_hide_title":false,"_genesis_hide_breadcrumbs":false,"_genesis_hide_singular_image":false,"_genesis_hide_footer_widgets":false,"_genesis_custom_body_class":"","_genesis_custom_post_class":"","_genesis_layout":"","footnotes":""},"class_list":{"0":"post-448","1":"page","2":"type-page","3":"status-publish","5":"entry"},"_links":{"self":[{"href":"https:\/\/moverdb.com\/da\/wp-json\/wp\/v2\/pages\/448","targetHints":{"allow":["GET"]}}],"collection":[{"href":"https:\/\/moverdb.com\/da\/wp-json\/wp\/v2\/pages"}],"about":[{"href":"https:\/\/moverdb.com\/da\/wp-json\/wp\/v2\/types\/page"}],"author":[{"embeddable":true,"href":"https:\/\/moverdb.com\/da\/wp-json\/wp\/v2\/users\/1"}],"replies":[{"embeddable":true,"href":"https:\/\/moverdb.com\/da\/wp-json\/wp\/v2\/comments?post=448"}],"version-history":[{"count":11,"href":"https:\/\/moverdb.com\/da\/wp-json\/wp\/v2\/pages\/448\/revisions"}],"predecessor-version":[{"id":6213,"href":"https:\/\/moverdb.com\/da\/wp-json\/wp\/v2\/pages\/448\/revisions\/6213"}],"wp:attachment":[{"href":"https:\/\/moverdb.com\/da\/wp-json\/wp\/v2\/media?parent=448"}],"curies":[{"name":"wp","href":"https:\/\/api.w.org\/{rel}","templated":true}]}}