{"id":446,"date":"2016-06-21T20:49:19","date_gmt":"2016-06-21T20:49:19","guid":{"rendered":"http:\/\/moverdb.com\/?page_id=446"},"modified":"2026-01-08T15:20:34","modified_gmt":"2026-01-08T15:20:34","slug":"rios","status":"publish","type":"page","link":"https:\/\/moverdb.com\/da\/rios\/","title":{"rendered":"Forklaring af Ombudsmandsordningen for flyttebranchen (RIOS)"},"content":{"rendered":"<p>Ombudsmandsordningen for flyttebranchen (RIOS) behandler klager over virksomheder i flyttebranchen. Den tilbyder en uafh\u00e6ngig tjeneste til at l\u00f8se tvister mellem medlemsvirksomheder og deres kunder.<\/p>\n<p><strong>Vigtige fakta om RIOS:<\/strong><\/p>\n<ul>\n<li>  Alle klager, der unders\u00f8ges gennem RIOS, er gratis.<\/li>\n<li>  RIOS er tilg\u00e6ngelig for <a href=\"https:\/\/moverdb.com\/da\/moving-to-the-uk\/\" data-internallinksmanager029f6b8e52c=\"93\" title=\"Flytter du til Det Forenede Kongerige? 2022 Leveomkostninger og flyttetips\">UK<\/a> borgere.<\/li>\n<li>  Borgere i Storbritannien kan bruge den gratis tjeneste til at klage over et l\u00f8bende problem med enten hjemlige eller erhvervsm\u00e6ssige flytte- og opbevaringsfirmaer, der er medlem af Ombudsmandsordningen.<\/li>\n<li>  Ombudsmandens afg\u00f8relser er bindende for den <a href=\"https:\/\/moverdb.com\/da\/internationale-flytninger\/\" target=\"_blank\" rel=\"noopener\">flyttefirma<\/a>, men ikke p\u00e5 forbrugeren.<\/li>\n<li>  Den nuv\u00e6rende ombudsmand er Tony Kaye, som blev udn\u00e6vnt i juni 2015. Han er uafh\u00e6ngig af enhver <a href=\"https:\/\/moverdb.com\/da\/international-removals\/\" data-internallinksmanager029f6b8e52c=\"27\" title=\"De 36 bedste internationale flyttefirmaer i Storbritannien\">flyttefirma<\/a> eller organisation.<\/li>\n<li> The <a href=\"https:\/\/moverdb.com\/da\/ngrs\/\">National Guild of Removers and Storers<\/a> er i \u00f8jeblikket det vigtigste medlem.<\/li>\n<\/ul>\n<p><strong>Ombudsmandsordningen for flyttebranchen - en profil:<\/strong><\/p>\n<p>RIOS giver mulighed for, at tvister inden for branchen kan l\u00f8ses af et uafh\u00e6ngigt organ. Disse tvister kan omfatte b\u00e5de private forbrugere og kommercielle organisationer. Ordningen fungerer som en uafh\u00e6ngig dommer, der behandler tvister, som ikke kan l\u00f8ses enten mellem parterne selv eller via et andet brancheorgan.<\/p>\n<p>Der er forholdsvis strenge regler for, hvilke typer klager RIOS kan og ikke kan behandle - f.eks. vil klager, der allerede er genstand for en retssag, ikke blive behandlet. <\/p>\n<p>Problemer i forbindelse med forsinkelser, manglende levering af den lovede service, for h\u00f8je gebyrer ud over det aftalte eller beskyldninger om uprofessionel adf\u00e6rd h\u00f8rer alle under RIOS' ansvarsomr\u00e5de. <\/p>\n<p>Hvis forbrugere \u00f8nsker at indgive en klage, skal den f\u00f8rst indgives til den p\u00e5g\u00e6ldende virksomhed - hvis den ikke kan l\u00f8ses, kan den overf\u00f8res til RIOS.<\/p>\n<p><strong>Kriterier for medlemskab:<\/strong><\/p>\n<p>De er ikke anf\u00f8rt p\u00e5 webstedet, men beskrives som en kontrakt, som medlemmerne af ordningen skal underskrive, og som indeholder alle kriterierne. Det vigtigste er dog, at medlemmerne er underlagt en kundevenlig adf\u00e6rdskodeks, uafh\u00e6ngige \u00e5rlige inspektioner, l\u00f8bende kvalitetsoverv\u00e5gning og deres aftale om at overholde Ombudsmandens afg\u00f8relser i tvister med kunderne.<\/p>\n<p><strong>Eksempler p\u00e5 medlemsvirksomheder<\/strong><\/p>\n<ul>\n<li> <a href=\"https:\/\/moverdb.com\/da\/movecorp\/\">Movecorp<\/a><\/li>\n<\/ul>\n<p><strong>Udtalelser om RIOS:<\/strong><\/p>\n<p>RIOS' uafh\u00e6ngighed er et af de elementer, der skiller sig mest ud, n\u00e5r det vises p\u00e5 medlemmernes websteder. De, der n\u00e6vner det, g\u00f8r det som en m\u00e5de at forsikre om, at kunderne har en m\u00e5de at klage p\u00e5, som ikke n\u00f8dvendigvis kun involverer en forretning eller en branche. <\/p>\n<p>Medlemskab af RIOS-ordningen er opf\u00f8rt som en akkreditering og en m\u00e5de at adskille virksomheder fra konkurrenterne p\u00e5. Medlemskab af RIOS beskrives ogs\u00e5 som en indikator for, at en virksomhed overholder h\u00f8je standarder for forbrugerbeskyttelse.<\/p>\n<blockquote><p>Ombudsmandsordningen for flyttebranchen er blevet oprettet for at give flyttebranchen en uafh\u00e6ngig tjeneste til at l\u00f8se tvister mellem medlemsvirksomheder og deres kunder, b\u00e5de private forbrugere og kommercielle organisationer, hvis den forligstjeneste, der tilbydes af National Guild of Removers &amp; Storers, ikke har f\u00f8rt til en tilfredsstillende l\u00f8sning.\n<\/p><\/blockquote>\n<p>- <a href=\"http:\/\/www.ngrs.co.uk\/ombudsman-scheme\/\" target=\"_blank\" rel=\"noopener\">National Guild Of Removers &amp; Storers<\/a><\/p>\n<blockquote><p>Der er ingen love i Storbritannien om, hvem der kan oprette en flyttevirksomhed. Du skal dog vide, at du overlader dit hjem og dine dyrebare ejendele til en flyttevirksomhed, der opfylder h\u00f8je standarder for forbrugerbeskyttelse. Den bedste indikator herfor er at lede efter et medlem af The Removals Industry Ombudsman Scheme (RIOS), og kun GUILD insisterer p\u00e5, at alle sine medlemmer overholder Ombudsmandsordningens regler.<\/p><\/blockquote>\n<p>- <a href=\"http:\/\/www.moveit-essex.co.uk\/news\/yjpleijb5i.html\" target=\"_blank\" rel=\"noopener\">Flyt det flytning<\/a> <\/p>\n<blockquote><p>Ombudsmandsordninger er oprettet for at give kunderne en uafh\u00e6ngig og uvildig klageprocedure. Ombudsmandsordningen for flyttebranchen er fuldgyldigt medlem af British and Irish Ombudsman Association, sammen med den velkendte finansielle ombudsmandstjeneste, den parlamentariske ombudsmand og sundhedsombudsmanden og 17 andre ordninger alene i Det Forenede Kongerige.<\/p><\/blockquote>\n<p>- <a href=\"http:\/\/www.uptonsremovals.com\/moving-you\/local-domestic-moves\/\" target=\"_blank\" rel=\"noopener\">Glyn Upton Flyttevirksomhed<\/a><\/p>\n<p><strong>Hjemmeside:<\/strong> <a href=\"http:\/\/removalsombudsman.co.uk\/\" target=\"_blank\" rel=\"noopener\">http:\/\/removalsombudsman.co.uk\/<\/a><\/p>","protected":false},"excerpt":{"rendered":"<p>The Removal Industry Ombudsman Scheme (RIOS) deals with complaints that are made about removals industry businesses. It offers an independent service to resolve disputes between member companies and their clients. Key facts about RIOS: All complaints investigated through RIOS are done so free of charge. RIOS is available to UK citizens. UK citizens can use [&hellip;]<\/p>\n","protected":false},"author":1,"featured_media":0,"parent":0,"menu_order":0,"comment_status":"closed","ping_status":"closed","template":"","meta":{"_genesis_hide_title":false,"_genesis_hide_breadcrumbs":false,"_genesis_hide_singular_image":false,"_genesis_hide_footer_widgets":false,"_genesis_custom_body_class":"","_genesis_custom_post_class":"","_genesis_layout":"","footnotes":""},"class_list":{"0":"post-446","1":"page","2":"type-page","3":"status-publish","5":"entry"},"_links":{"self":[{"href":"https:\/\/moverdb.com\/da\/wp-json\/wp\/v2\/pages\/446","targetHints":{"allow":["GET"]}}],"collection":[{"href":"https:\/\/moverdb.com\/da\/wp-json\/wp\/v2\/pages"}],"about":[{"href":"https:\/\/moverdb.com\/da\/wp-json\/wp\/v2\/types\/page"}],"author":[{"embeddable":true,"href":"https:\/\/moverdb.com\/da\/wp-json\/wp\/v2\/users\/1"}],"replies":[{"embeddable":true,"href":"https:\/\/moverdb.com\/da\/wp-json\/wp\/v2\/comments?post=446"}],"version-history":[{"count":9,"href":"https:\/\/moverdb.com\/da\/wp-json\/wp\/v2\/pages\/446\/revisions"}],"predecessor-version":[{"id":6231,"href":"https:\/\/moverdb.com\/da\/wp-json\/wp\/v2\/pages\/446\/revisions\/6231"}],"wp:attachment":[{"href":"https:\/\/moverdb.com\/da\/wp-json\/wp\/v2\/media?parent=446"}],"curies":[{"name":"wp","href":"https:\/\/api.w.org\/{rel}","templated":true}]}}