{"id":445,"date":"2016-06-21T20:35:30","date_gmt":"2016-06-21T20:35:30","guid":{"rendered":"http:\/\/moverdb.com\/?page_id=445"},"modified":"2026-01-08T14:47:36","modified_gmt":"2026-01-08T14:47:36","slug":"sammenslutning-af-flyttefaglige-personer","status":"publish","type":"page","link":"https:\/\/moverdb.com\/da\/association-relocation-professionals\/","title":{"rendered":"Forklaring af Association of Relocation Professionals (ARP)"},"content":{"rendered":"<p>Association of Relocation Professionals (ARP) er et fagligt organ for flyttebranchen i USA. <a href=\"https:\/\/moverdb.com\/da\/moving-to-the-uk\/\" data-internallinksmanager029f6b8e52c=\"93\" title=\"Flytter du til Det Forenede Kongerige? 2022 Leveomkostninger og flyttetips\">UK<\/a>. Dens mission er ikke blot at repr\u00e6sentere sine medlemmer, men ogs\u00e5 at hj\u00e6lpe dem med at markedsf\u00f8re sig selv og vokse.<\/p>\n<p><strong>Vigtige fakta om ARP:<\/strong><\/p>\n<ul>\n<li>  ARP er den organisation, der repr\u00e6senterer fagfolk inden for relocation i Storbritannien.<\/li>\n<li>  Association of Relocation Professionals blev dannet i 1986.<\/li>\n<li>  ARP-medlemmer har fuld professionel ansvarsforsikring, offentlig ansvarsforsikring og arbejdsgiveransvarsforsikring for at beskytte kunder og udbydere.<\/li>\n<li>  ARP har et s\u00e6t adf\u00e6rdsregler, som medlemmerne skal overholde, herunder regler for h\u00e5ndtering af kundepenge og undg\u00e5else af vildledende oplysninger.<\/li>\n<li>  Alle medlemmer, der tilbyder flytningstjenester, skal vise, at de har tilsluttet sig en klageordning for ejendomme, og at de har tilmeldt sig HMRC's register til bek\u00e6mpelse af hvidvaskning af penge, hvis de er involveret i k\u00f8b af ejendomme.<\/li>\n<li>  ARP er stiftende medlem af og sponsor for European Academy of Relocation Professionals (EARP), som er den f\u00f8rste organisation, der tilbyder europ\u00e6iske uddannelseskvalifikationer inden for relocation.<\/li>\n<\/ul>\n<p><strong>Profil for Association of Relocation Professionals:<\/strong><\/p>\n<p>ARP beskrives som det professionelle organ for flyttevirksomheder i Det Forenede Kongerige og repr\u00e6senterer en r\u00e6kke medlemmer, lige fra virksomhedsflytningsspecialister til ejendomss\u00f8gere og andre, der leverer specialiserede flytningstjenester. <\/p>\n<p>ARP tilbyder akkrediteret uddannelse til sine medlemmer - som en del af European Academy of Relocation Professionals (EARP) tilbyder ARP kvalifikationen Managing International Mobility (MIM) og European Relocation Qualification (ERQ). <\/p>\n<p>ARP udarbejder en medlemsoversigt, som sendes til 6.000 HR-chefer, direkt\u00f8rer og HRO'er i hele Storbritannien, og id\u00e9en er at fremme medlemmerne og hj\u00e6lpe dem med at markedsf\u00f8re sig selv bedre. <\/p>\n<p>ARP er designet til b\u00e5de at v\u00e6re en forpligtelse til bedste praksis, kundetilfredshed og professionalisme og et forum for udveksling af ideer, der kan bidrage til at holde branchen i bev\u00e6gelse.<\/p>\n<p><strong>Kriterier for medlemskab:<\/strong><\/p>\n<p><u>Associeret medlemskab<\/u><\/p>\n<p>Associeret medlemskab af ARP g\u00e6lder for dem, der ikke opfylder betingelserne for fuldt medlemskab, og er \u00e5bent for virksomheder, hvis kommercielle aktiviteter er relateret til og hvis indt\u00e6gter stammer fra privatpersoner eller juridiske personer i forbindelse med levering af flytningsrelaterede tjenester.<\/p>\n<p>A <a href=\"https:\/\/moverdb.com\/da\/flyttefirmaer\/\">flyttefirma<\/a> anses for at v\u00e6re enhver organisation, der tilbyder en r\u00e6kke tjenester, som har til form\u00e5l at lette mobiliteten for enkeltpersoner eller grupper af enkeltpersoner og deres familier.<\/p>\n<p>S\u00e5danne tjenester kan leveres i afgangs- eller bestemmelsesomr\u00e5det eller i begge omr\u00e5der. Associeret medlemskab af ARP er t\u00e6nkt som et springbr\u00e6t til fuldt medlemskab, og du vil f\u00e5 al mulig hj\u00e6lp til at opn\u00e5 dette.<\/p>\n<p><u>Medlemsskab<\/u><\/p>\n<p>For virksomheder, der leverer tjenester, som anvendes af professionelle flyttefolk, men hvis prim\u00e6re aktivitet har et bredere kundegrundlag.<\/p>\n<p><u>Fuldt medlemskab<\/u><\/p>\n<p>For virksomheder, der har handlet i mere end to \u00e5r.<\/p>\n<p>Associerede medlemmer skal indsende referencer, som derefter kontrolleres og forel\u00e6gges for ARP's medlemsudvalg til endelig kontrol. Associerede medlemmer skal gennemf\u00f8re uddannelse p\u00e5 niveau 1 i EARP's pensum, f\u00f8r de kan ans\u00f8ge om fuldt medlemskab.<\/p>\n<p>Fuldgyldige medlemmer skal have v\u00e6ret aktive i mere end to \u00e5r og skal indsende en ans\u00f8gning med referencer fra tre kunder.<\/p>\n<p><strong>Eksempler p\u00e5 medlemsvirksomheder<\/strong><\/p>\n<ul>\n<li> <a href=\"https:\/\/moverdb.com\/da\/sterling-relocation\/\">Sterling Flytning<\/a><\/li>\n<li> <a href=\"https:\/\/moverdb.com\/da\/dt-bevaegelse\/\">DT flytning<\/a><\/li>\n<li> <a href=\"https:\/\/moverdb.com\/da\/btr-international\/\">BTR International<\/a><\/li>\n<\/ul>\n<p><strong>Udtalelser om ARP:<\/strong><\/p>\n<p>ARP findes p\u00e5 adskillige britiske websteder og beskrives som det faglige organ, der repr\u00e6senterer de overs\u00f8iske flytteudbydere i Det Forenede Kongerige. <\/p>\n<p>At v\u00e6re medlem af ARP opfattes som et bevis p\u00e5, at en relocationvirksomhed opfylder og overg\u00e5r anerkendte industristandarder. I henhold til <a href=\"http:\/\/www.bloomberg.com\/profiles\/companies\/1519530Z:LN-association-of-relocation-professionals\/\" target=\"_blank\" rel=\"noopener\">Bloomberg<\/a> ARP's hovedaktivitet <em>\"er at fremme og beskytte flytteagenter og deres erhverv\".<\/em> En r\u00e6kke af dem, der citerer ARP p\u00e5 deres websteder, g\u00f8r opm\u00e6rksom p\u00e5, at ARP s\u00e6tter standarder for branchen med hensyn til bedste praksis, kundeservice og professionalisme.<\/p>\n<blockquote><p>Vores medlemskab, der tilskynder til bedste praksis inden for branchen og har til opgave at holde medlemmerne ajour med de seneste lovgivningsm\u00e6ssige \u00e6ndringer fra hvidvaskning af penge til boliger med flere beboere, er en forpligtelse over for dig til at vise, at vi er p\u00e5 forkant med flyttebranchen, og har v\u00e6ret det i over 25 \u00e5r.<\/p><\/blockquote>\n<p>- <a href=\"http:\/\/scottsrelocation.co.uk\/association-of-relocation-professionals\" target=\"_blank\" rel=\"noopener\">Scott's flytning<\/a><\/p>\n<blockquote><p>Som medlem af Association of Relocation Professionals (ARP) kan Source-kunder v\u00e6re sikre p\u00e5, at den leverede service opfylder og overg\u00e5r anerkendte industristandarder.<\/p><\/blockquote>\n<p>-  <a href=\"http:\/\/www.source-relocation.co.uk\/index.aspx\" target=\"_blank\" rel=\"noopener\">Flytning af kilde<\/a><\/p>\n<blockquote><p>R\u00e5det, der best\u00e5r af repr\u00e6sentanter fra alle sektorer i branchen, styrer foreningens arbejde fra bunden og sikrer dermed, at foreningen fortsat er i fokus for \u00e6ndringer inden for flytning.<\/p>\n<p>ARP-medlemmer har fuld professionel ansvarsforsikring, offentlig ansvarsforsikring og arbejdsgiveransvarsforsikring for at beskytte kunder og udbydere.<\/p>\n<p>ARP-medlemskab er et bevis p\u00e5, at man er forpligtet til bedste praksis, kundetilfredshed og professionalisme.<\/p><\/blockquote>\n<p>- <a href=\"http:\/\/www.relocatecambridge.co.uk\/index.php\/arp\/\" target=\"_blank\" rel=\"noopener\">Flytte Cambridge<\/a><\/p>\n<p><strong>Hjemmeside:<\/strong> <a href=\"http:\/\/www.arp-relocation.com\/\" target=\"_blank\" rel=\"noopener\">http:\/\/www.arp-relocation.com\/<\/a><\/p>","protected":false},"excerpt":{"rendered":"<p>The Association of Relocation Professionals (ARP) is a professional body for the relocation industry in the UK. Its mission is not just to represent its members but to help them market themselves and grow too. Key facts about the ARP: The ARP is the body for relocation professionals in the UK. The Association of Relocation [&hellip;]<\/p>\n","protected":false},"author":1,"featured_media":0,"parent":0,"menu_order":0,"comment_status":"closed","ping_status":"closed","template":"","meta":{"_genesis_hide_title":false,"_genesis_hide_breadcrumbs":false,"_genesis_hide_singular_image":false,"_genesis_hide_footer_widgets":false,"_genesis_custom_body_class":"","_genesis_custom_post_class":"","_genesis_layout":"","footnotes":""},"class_list":{"0":"post-445","1":"page","2":"type-page","3":"status-publish","5":"entry"},"_links":{"self":[{"href":"https:\/\/moverdb.com\/da\/wp-json\/wp\/v2\/pages\/445","targetHints":{"allow":["GET"]}}],"collection":[{"href":"https:\/\/moverdb.com\/da\/wp-json\/wp\/v2\/pages"}],"about":[{"href":"https:\/\/moverdb.com\/da\/wp-json\/wp\/v2\/types\/page"}],"author":[{"embeddable":true,"href":"https:\/\/moverdb.com\/da\/wp-json\/wp\/v2\/users\/1"}],"replies":[{"embeddable":true,"href":"https:\/\/moverdb.com\/da\/wp-json\/wp\/v2\/comments?post=445"}],"version-history":[{"count":7,"href":"https:\/\/moverdb.com\/da\/wp-json\/wp\/v2\/pages\/445\/revisions"}],"predecessor-version":[{"id":6177,"href":"https:\/\/moverdb.com\/da\/wp-json\/wp\/v2\/pages\/445\/revisions\/6177"}],"wp:attachment":[{"href":"https:\/\/moverdb.com\/da\/wp-json\/wp\/v2\/media?parent=445"}],"curies":[{"name":"wp","href":"https:\/\/api.w.org\/{rel}","templated":true}]}}