{"id":443,"date":"2016-06-18T21:12:56","date_gmt":"2016-06-18T21:12:56","guid":{"rendered":"http:\/\/moverdb.com\/?page_id=443"},"modified":"2026-01-08T13:18:29","modified_gmt":"2026-01-08T13:18:29","slug":"harmony-relocation-network","status":"publish","type":"page","link":"https:\/\/moverdb.com\/da\/harmony-relocation-network\/","title":{"rendered":"Forklaring af Harmony Relocation Network (HRN)"},"content":{"rendered":"<p>Harmony Relocation Network (HRN) er en gruppe af partnervirksomheder, der blev oprettet for at opbygge et paneurop\u00e6isk netv\u00e6rk for global relocation. Integrationen af infrastruktur, teknologi, kvalitet og b\u00e6redygtighed er designet til at skabe en ensartet service af h\u00f8j kvalitet.<\/p>\n<p><strong>Vigtige fakta om HRH:<\/strong><\/p>\n<ol>\n<li>  Medlemmerne best\u00e5r af 140 medlemmer i 60 lande.<\/li>\n<li>  HRN betjener 180 lande p\u00e5 6 kontinenter.<\/li>\n<li>  HRN blev startet i 1992, og de 140 medlemmer er alle medejere af virksomheden.<\/li>\n<li>  HRN blev grundlagt af tyske og hollandske virksomheder, f\u00f8r det blev udvidet til <a href=\"https:\/\/moverdb.com\/da\/moving-to-australia\/living-in-australia\/\" data-internallinksmanager029f6b8e52c=\"240\" title=\"21 hemmeligheder om at bo i Australien, som du skal vide, f\u00f8r du flytter\">Australien<\/a> og Asien og derefter Mellem\u00f8sten, Latinamerika og Afrika.<\/li>\n<li>  Mellem 2002 og 2015 var HRN en del af UniGroup Worldwide UTS med en <a href=\"https:\/\/moverdb.com\/da\/moving-to-the-united-states\/\" data-internallinksmanager029f6b8e52c=\"94\" title=\"Flytter du til USA? 2022 Leveomkostninger og flyttetips\">USA<\/a> baserede Van Line.<\/li>\n<li>  HRN er det st\u00f8rste globale netv\u00e6rk af flyttefirmaer, der har et f\u00e6lles m\u00e6rke.<\/li>\n<\/ol>\n<p><strong>Harmony Relocation Network profil:<\/strong><\/p>\n<p>Id\u00e9en bag HRN er at kombinere det bedste fra den lokale arv med en global skala og tilbyde virksomheder og enkeltpersoner en flytningsservice, der f\u00f8les lokal, men som har verdensomsp\u00e6ndende r\u00e6kkevidde. <\/p>\n<p>De tjenester, der tilbydes, omfatter flytteadministration, flytteoperationer og destinationstjenester. HRN har udviklet sit eget netv\u00e6rkswebbaserede IT-system, der er designet til at holde kunderne informeret og sikre, at processen er s\u00e5 omfattende og ensartet som muligt - det omfatter rapporterings- og sporingsfunktioner. <\/p>\n<p>Integrationen af \u00f8konomisk, milj\u00f8m\u00e6ssig og social b\u00e6redygtighed er vigtig for HRN, som n\u00e6vner dette som en af sine vigtigste s\u00f8jler for at skabe balance mellem mennesker, teknologi og milj\u00f8.<\/p>\n<p><strong>Kriterier for medlemskab <\/strong><\/p>\n<p>Der er ingen kriterier for medlemskab p\u00e5 webstedet - der er kun en kontaktside.<\/p>\n<p><strong>Eksempler p\u00e5 medlemsvirksomheder<\/strong><\/p>\n<ul>\n<li> <a href=\"https:\/\/moverdb.com\/da\/bournes\/\">Bournes<\/a><\/li>\n<li> <a href=\"https:\/\/moverdb.com\/da\/cadogan-tate\/\">Cadogan Tate<\/a><\/li>\n<li> <a href=\"https:\/\/moverdb.com\/da\/gerson-relocation\/\">Gerson Flytning<\/a><\/li>\n<li> <a href=\"https:\/\/moverdb.com\/da\/pearson\/\">Pearson Home Moving<\/a><\/li>\n<\/ul>\n<p><strong>Meninger om HRN<\/strong><\/p>\n<p>HRN optr\u00e6der p\u00e5 et betydeligt antal flytters websteder, hvor det omtales som en organisation med <em>\"et nyt navn, men en dokumenteret erfaring.\"<\/em> St\u00e6rke familiev\u00e6rdier og den samarbejdsorienterede globale tilgang kommer til udtryk hver gang. <\/p>\n<p>Der synes at v\u00e6re generel enighed om, at hvis man flytter med en flyttevirksomhed, der er en del af HRN, f\u00e5r kunden adgang til fordelene ved hele netv\u00e6rket. Det understreges, at medlemmerne skal holde sig til en global serviceniveauaftale, og at resultatet heraf er ensartethed - <em>\"Selv om skikke og kultur kan variere fra land til land, er det ikke tilf\u00e6ldet med den h\u00f8je kvalitet af den service, du kan forvente. Overalt i verden - de samme procedurer, service og den samme h\u00f8je kvalitet.\"<\/em> <\/p>\n<p>Desuden fokuserer en r\u00e6kke af dem, der n\u00e6vner medlemskabet p\u00e5 deres websteder, p\u00e5 netv\u00e6rkets st\u00f8rrelse og p\u00e5, at det er et af de st\u00f8rste af sin art i verden.<\/p>\n<blockquote><p>Harmony er et globalt netv\u00e6rk af lokalt ejede flyttefirmaer, der opretholder st\u00e6rke familiev\u00e6rdier gennem generationer af arv.<\/p><\/blockquote>\n<p>- <a href=\"http:\/\/www.abels.co.uk\/harmony-relocation-network\/\" target=\"_blank\" rel=\"noopener\">Abels<\/a><\/p>\n<blockquote><p>Harmony kombinerer det bedste fra lokal arv med en global skala, idet vi g\u00e5r den ekstra mil og holder vores l\u00f8fter. Vi tager virkelig betydningen af mennesker og det lokale til hjertet.<\/p><\/blockquote>\n<p>- <a href=\"https:\/\/theresforum.com\/partners\/harmony\/\" target=\"_blank\" rel=\"noopener\">RES Forum<\/a><\/p>\n<blockquote><p>Netv\u00e6rket tilbyder en bred vifte af tjenester forud for udstationering, transport og destination for at hj\u00e6lpe med at vejlede privatpersoner eller HR-chefer og udstationerede personer gennem hele deres rejse fra start til slut.<\/p><\/blockquote>\n<p>- <a href=\"http:\/\/bournesmoves.com\/relocation\/harmony-relocation-network.htm\" target=\"_blank\" rel=\"noopener\">Bournes<\/a> <\/p>\n<p><a href=\"http:\/\/www.harmonyrelo.com\/\" target=\"_blank\" rel=\"noopener\">http:\/\/www.harmonyrelo.com\/<\/a><\/p>","protected":false},"excerpt":{"rendered":"<p>The Harmony Relocation Network (HRN) is a group of partner companies that was created to build a pan-European network for global relocation. Integration of infrastructure, technology, quality and sustainability is designed to produce a consistently high quality service. Key facts about HRH: The membership is made up of 140 members in 60 countries. The HRN [&hellip;]<\/p>\n","protected":false},"author":1,"featured_media":0,"parent":0,"menu_order":0,"comment_status":"closed","ping_status":"closed","template":"","meta":{"_genesis_hide_title":false,"_genesis_hide_breadcrumbs":false,"_genesis_hide_singular_image":false,"_genesis_hide_footer_widgets":false,"_genesis_custom_body_class":"","_genesis_custom_post_class":"","_genesis_layout":"","footnotes":""},"class_list":{"0":"post-443","1":"page","2":"type-page","3":"status-publish","5":"entry"},"_links":{"self":[{"href":"https:\/\/moverdb.com\/da\/wp-json\/wp\/v2\/pages\/443","targetHints":{"allow":["GET"]}}],"collection":[{"href":"https:\/\/moverdb.com\/da\/wp-json\/wp\/v2\/pages"}],"about":[{"href":"https:\/\/moverdb.com\/da\/wp-json\/wp\/v2\/types\/page"}],"author":[{"embeddable":true,"href":"https:\/\/moverdb.com\/da\/wp-json\/wp\/v2\/users\/1"}],"replies":[{"embeddable":true,"href":"https:\/\/moverdb.com\/da\/wp-json\/wp\/v2\/comments?post=443"}],"version-history":[{"count":6,"href":"https:\/\/moverdb.com\/da\/wp-json\/wp\/v2\/pages\/443\/revisions"}],"predecessor-version":[{"id":6219,"href":"https:\/\/moverdb.com\/da\/wp-json\/wp\/v2\/pages\/443\/revisions\/6219"}],"wp:attachment":[{"href":"https:\/\/moverdb.com\/da\/wp-json\/wp\/v2\/media?parent=443"}],"curies":[{"name":"wp","href":"https:\/\/api.w.org\/{rel}","templated":true}]}}