{"id":442,"date":"2016-06-12T20:08:54","date_gmt":"2016-06-12T20:08:54","guid":{"rendered":"http:\/\/moverdb.com\/?page_id=442"},"modified":"2026-01-08T14:48:14","modified_gmt":"2026-01-08T14:48:14","slug":"euromovers","status":"publish","type":"page","link":"https:\/\/moverdb.com\/da\/euromovers\/","title":{"rendered":"European Mover Partnership (EUROMOVERS International) forklaret"},"content":{"rendered":"<p>Euromovers er baseret i <a href=\"https:\/\/moverdb.com\/da\/moving-to-luxembourg\/\" data-internallinksmanager029f6b8e52c=\"349\" title=\"Flytter du til Luxembourg? 2026 Leveomkostninger og tips til flytning\">Luxembourg<\/a> og best\u00e5r af en r\u00e6kke f\u00f8rende <a href=\"https:\/\/moverdb.com\/da\/flyttefirmaer\/\">internationale flyttefirmaer<\/a> som har dannet et netv\u00e6rk p\u00e5 grundlag af f\u00e6lles standarder, visioner og retningslinjer. <\/p>\n<p>Koncernen tilbyder flytteydelser, som er bedre tilg\u00e6ngelige takket v\u00e6re sit netv\u00e6rk af forbundne virksomheder.<\/p>\n<p><strong>Vigtige fakta om Euromovers:<\/strong><\/p>\n<ol>\n<li>  Euromovers er et netv\u00e6rk af mere end 70 flyttefirmaer.<\/li>\n<li>  Medlemsorganisationerne kommer fra en r\u00e6kke lande, herunder <a href=\"https:\/\/moverdb.com\/da\/moving-to-austria\/\" data-internallinksmanager029f6b8e52c=\"343\" title=\"Flytter du til \u00d8strig? 2026 Leveomkostninger og tips til flytning\">\u00d8strig<\/a>, <a href=\"https:\/\/moverdb.com\/da\/moving-to-belgium\/\" data-internallinksmanager029f6b8e52c=\"323\" title=\"Flytter du til Belgien? 2026 Leveomkostninger og flyttetips\">Belgien<\/a>, <a href=\"https:\/\/moverdb.com\/da\/moving-to-the-czech-republic\/\" data-internallinksmanager029f6b8e52c=\"391\" title=\"Skal du flytte til Tjekkiet? 2024 Leveomkostninger og tips til flytning\">Tjekkiet<\/a>, <a href=\"https:\/\/moverdb.com\/da\/moving-to-denmark\/\" data-internallinksmanager029f6b8e52c=\"335\" title=\"Flytter du til Danmark? 2026 Leveomkostninger og tips til flytning\">Danmark<\/a>, <a href=\"https:\/\/moverdb.com\/da\/moving-to-finland\/\" data-internallinksmanager029f6b8e52c=\"345\" title=\"Flytter du til Finland? 2026 Leveomkostninger og tips til flytning\">Finland<\/a>, <a href=\"https:\/\/moverdb.com\/da\/moving-to-france\/\" data-internallinksmanager029f6b8e52c=\"315\" title=\"Flytter du til Frankrig? 2026 Leveomkostninger og flyttetips\">Frankrig<\/a>, <a href=\"https:\/\/moverdb.com\/da\/moving-to-germany\/\" data-internallinksmanager029f6b8e52c=\"321\" title=\"Flytter du til Tyskland? 2026 Leveomkostninger og flyttetips\">Tyskland<\/a>, <a href=\"https:\/\/moverdb.com\/da\/moving-to-greece\/\" data-internallinksmanager029f6b8e52c=\"353\" title=\"Flytter du til Gr\u00e6kenland? 2026 Leveomkostninger og tips til flytning\">Gr\u00e6kenland<\/a>, <a href=\"https:\/\/moverdb.com\/da\/moving-to-italy\/\" data-internallinksmanager029f6b8e52c=\"346\" title=\"Flytter du til Italien? 2026 Leveomkostninger og tips til flytning\">Italien<\/a>, Luxembourg, <a href=\"https:\/\/moverdb.com\/da\/moving-to-the-netherlands\/\" data-internallinksmanager029f6b8e52c=\"328\" title=\"Flytter du til Holland? 2026 Leveomkostninger og flyttetips\">Nederlandene<\/a>, <a href=\"https:\/\/moverdb.com\/da\/moving-to-slovakia\/\" data-internallinksmanager029f6b8e52c=\"338\" title=\"Flytter du til Slovakiet? 2026 Leveomkostninger og tips til flytning\">Slovakiet<\/a>, <a href=\"https:\/\/moverdb.com\/da\/moving-to-spain\/\" data-internallinksmanager029f6b8e52c=\"266\" title=\"Flytter du til Spanien? 2026 Leveomkostninger og flyttetips\">Spanien<\/a>, <a href=\"https:\/\/moverdb.com\/da\/moving-to-switzerland\/\" data-internallinksmanager029f6b8e52c=\"327\" title=\"Flytter du til Schweiz? 2026 Leveomkostninger og flyttetips\">Schweiz<\/a> og <a href=\"https:\/\/moverdb.com\/da\/internationale-flytninger\/\">Det Forenede Kongerige<\/a>, og uden for Europa i den <a href=\"https:\/\/moverdb.com\/da\/moving-to-the-united-states\/\" data-internallinksmanager029f6b8e52c=\"94\" title=\"Flytter du til USA? 2022 Leveomkostninger og flyttetips\">USA<\/a>, <a href=\"https:\/\/moverdb.com\/da\/moving-to-australia\/living-in-australia\/\" data-internallinksmanager029f6b8e52c=\"240\" title=\"21 hemmeligheder om at bo i Australien, som du skal vide, f\u00f8r du flytter\">Australien<\/a>, Den Russiske F\u00f8deration og <a href=\"https:\/\/moverdb.com\/da\/moving-to-china\/\" data-internallinksmanager029f6b8e52c=\"357\" title=\"Flytter du til Kina? 2026 Leveomkostninger og tips til flytning\">Kina<\/a>.<\/li>\n<li>  Euromovers leverer flyttetjenester, det er ikke en brancheorganisation.<\/li>\n<li>  Alle associerede partnere i Euromovers-netv\u00e6rket deltager i regelm\u00e6ssige revisioner og gennemgange for at sikre overholdelse af de fastsatte standarder.<\/li>\n<li>  Euromovers er medlem af <a href=\"https:\/\/moverdb.com\/da\/iam\/\">Den internationale sammenslutning af flyttefirmaer<\/a> og har kvalitetscertifikater ISO 9001 (kvalitetsstyringstjenester), ISO 14001 (milj\u00f8styringssystemer) og ISO 27001 (informationssikkerhedssystemer).<\/li>\n<\/ol>\n<p><strong>Profil for European Mover Partnership:<\/strong><\/p>\n<p>Euromovers tilbyder <a href=\"https:\/\/moverdb.com\/da\/internationale-flytninger\/\">Europ\u00e6iske flytninger og overs\u00f8iske flytninger<\/a> via sine 70 medlemmer, der er fordelt p\u00e5 lande i Europa og i st\u00f8rre lande som f.eks. Kina og Rusland. <\/p>\n<p>Virksomheden tilbyder d\u00f8r-til-d\u00f8r flytning og flytningstjenester til virksomheder og privatpersoner, opbevaringsl\u00f8sninger, virksomhedsl\u00f8sninger og forsendelse af kunst. Det gensidige partnerskab, som Euromovers er baseret p\u00e5, hj\u00e6lper virksomheden med at realisere sin vision om integreret flytning til enhver global destination.<\/p>\n<p><strong>Kriterier for medlemskab:<\/strong><\/p>\n<p>Der findes ingen oplysninger online om kriterierne for medlemskab.<\/p>\n<p><strong>Eksempler p\u00e5 medlemsvirksomheder<\/strong><\/p>\n<ul>\n<li> <a href=\"https:\/\/moverdb.com\/da\/atlas-van-lines-international\/\">Atlas Van Lines<\/a><\/li>\n<\/ul>\n<p><strong>Udtalelser om European Mover Partnership<\/strong><\/p>\n<p>Ud over sit eget websted synes European Mover Partnership ikke at blive n\u00e6vnt andre steder p\u00e5 nettet. Der findes en anden organisation med et lignende navn - Euro Movers International LLC, som er baseret i <a href=\"https:\/\/moverdb.com\/da\/moving-to-dubai\/\" data-internallinksmanager029f6b8e52c=\"246\" title=\"Flytte til Dubai? 2026 Leveomkostninger og flyttetips\">Dubai<\/a>, men er ikke en del af gruppen. <\/p>\n<p>Dubai Euromovers modtager <a href=\"http:\/\/www.complaintsboard.com\/complaints\/euro-movers-dubai-c431198.html\" target=\"_blank\" rel=\"noopener\">meget negative anmeldelser<\/a>.<\/p>\n<p><strong>Hjemmeside:<\/strong> <a href=\"http:\/\/www.euromovers.com\/\" target=\"_blank\" rel=\"noopener\">http:\/\/www.euromovers.com\/<\/a><\/p>","protected":false},"excerpt":{"rendered":"<p>Euromovers is based in Luxembourg and is made up of a number of leading international moving companies who have formed a network on the basis of shared standards, vision and direction. The group offers moving services that are better provided because of its network of connected companies. Key facts about Euromovers: Euromovers is a network [&hellip;]<\/p>\n","protected":false},"author":1,"featured_media":0,"parent":0,"menu_order":0,"comment_status":"closed","ping_status":"closed","template":"","meta":{"_genesis_hide_title":false,"_genesis_hide_breadcrumbs":false,"_genesis_hide_singular_image":false,"_genesis_hide_footer_widgets":false,"_genesis_custom_body_class":"","_genesis_custom_post_class":"","_genesis_layout":"","footnotes":""},"class_list":{"0":"post-442","1":"page","2":"type-page","3":"status-publish","5":"entry"},"_links":{"self":[{"href":"https:\/\/moverdb.com\/da\/wp-json\/wp\/v2\/pages\/442","targetHints":{"allow":["GET"]}}],"collection":[{"href":"https:\/\/moverdb.com\/da\/wp-json\/wp\/v2\/pages"}],"about":[{"href":"https:\/\/moverdb.com\/da\/wp-json\/wp\/v2\/types\/page"}],"author":[{"embeddable":true,"href":"https:\/\/moverdb.com\/da\/wp-json\/wp\/v2\/users\/1"}],"replies":[{"embeddable":true,"href":"https:\/\/moverdb.com\/da\/wp-json\/wp\/v2\/comments?post=442"}],"version-history":[{"count":5,"href":"https:\/\/moverdb.com\/da\/wp-json\/wp\/v2\/pages\/442\/revisions"}],"predecessor-version":[{"id":6203,"href":"https:\/\/moverdb.com\/da\/wp-json\/wp\/v2\/pages\/442\/revisions\/6203"}],"wp:attachment":[{"href":"https:\/\/moverdb.com\/da\/wp-json\/wp\/v2\/media?parent=442"}],"curies":[{"name":"wp","href":"https:\/\/api.w.org\/{rel}","templated":true}]}}