{"id":441,"date":"2016-06-18T21:28:02","date_gmt":"2016-06-18T21:28:02","guid":{"rendered":"http:\/\/moverdb.com\/?page_id=441"},"modified":"2026-01-08T15:30:43","modified_gmt":"2026-01-08T15:30:43","slug":"medarbejderflytningsrad","status":"publish","type":"page","link":"https:\/\/moverdb.com\/da\/employee-relocation-council\/","title":{"rendered":"Forklaring af det verdensomsp\u00e6ndende Employee Relocation Council (ERC)"},"content":{"rendered":"<p>Worldwide Employee Relocation Council (ERC) beskriver sig selv som en sammenslutning for fagfolk, der overv\u00e5ger, leder eller st\u00f8tter indenlandske og internationale flytninger af medarbejdere i USA. <\/p>\n<p>Form\u00e5let er at hj\u00e6lpe medlemmerne - som kommer fra en r\u00e6kke forskellige erhverv, herunder HR, ejendomshandel og milit\u00e6r - med at h\u00e5ndtere udfordringerne i forbindelse med arbejdskraftens mobilitet.<\/p>\n<p><strong>Vigtige fakta om ERC:<\/strong><\/p>\n<ol>\n<li>  ERC-medlemmerne kommer fra en bred vifte af erhverv, herunder HR, rekruttering, offentlige myndigheder, milit\u00e6ret, ejendomshandel, finansielle tjenesteydelser, flytning, r\u00e5dgivning og konsulentvirksomhed.<\/li>\n<li>  ERC's ansvarsomr\u00e5de d\u00e6kker sp\u00f8rgsm\u00e5l og ledelsespraksis for fagfolk inden for relocation i <a href=\"https:\/\/moverdb.com\/da\/moving-to-the-united-states\/\" data-internallinksmanager029f6b8e52c=\"94\" title=\"Flytter du til USA? 2022 Leveomkostninger og flyttetips\">USA<\/a> og mellem alle andre lande.<\/li>\n<li>  ERC har hovedkvarter i <a href=\"https:\/\/moverdb.com\/da\/flytning-til-washington-dc\/\">Washington, DC,<\/a> med et europ\u00e6isk kontor i Bruxelles, <a href=\"https:\/\/moverdb.com\/da\/moving-to-belgium\/\" data-internallinksmanager029f6b8e52c=\"323\" title=\"Flytter du til Belgien? 2026 Leveomkostninger og flyttetips\">Belgien<\/a>.<\/li>\n<li>  ERC tilbyder akkrediteringer som Certified Relocation Professional og Global Mobility Specialist.<\/li>\n<li>  Der findes forskellige medlemskategorier, herunder Corporate Membership (hovedsagelig interne fagfolk), Mobility Service Membership (for virksomheder, der arbejder med mobilitet), Personal\/Professional (PERC\u2122) Membership (dem, der s\u00f8ger information, f.eks. akademikere og jobs\u00f8gende), Relocation Appraiser, Real Estate Broker og Relocation Management Company.<\/li>\n<li>  I 2005 havde ERC mere end 12 000 medlemmer (de seneste statistikker, der er tilg\u00e6ngelige).<\/li>\n<\/ol>\n<p><strong>Worldwide Employee Relocation Council profil:<\/strong><\/p>\n<p>ERC har mange funktioner, herunder lobbyvirksomhed p\u00e5 medlemmernes vegne, uddannelse og undervisning samt muligheder for netv\u00e6rksdannelse. Det er ogs\u00e5 involveret i at hj\u00e6lpe med at udvikle standardisering af industrien og konsensusopbygning og fremme nye arbejdsmetoder og e-l\u00f8sninger. <\/p>\n<p>Ud over at handle p\u00e5 vegne af og sammen med sine medlemmer er ERC blevet kendt for at indsamle en r\u00e6kke data via unders\u00f8gelser, herunder analyser af byers egnethed til nyligt tilflyttede familier. ERC har etableret sig som en autoritet inden for arbejdskraftens mobilitet.<\/p>\n<p><strong>Kriterier for medlemskab:<\/strong><\/p>\n<p>Kriterierne for medlemskab er ikke anf\u00f8rt p\u00e5 webstedet.<\/p>\n<p><strong>Liste over ERC-medlemmer p\u00e5 verdensplan <a href=\"https:\/\/moverdb.com\/da\/moving-companies\/\" data-internallinksmanager029f6b8e52c=\"79\" title=\"Top 25 internationale flyttefirmaer online\">Flyttefirmaer<\/a><\/strong><\/p>\n<ul>\n<li> <a href=\"https:\/\/moverdb.com\/da\/aires\/\">Aires<\/a><\/li>\n<li> <a href=\"https:\/\/moverdb.com\/da\/armstrong-relokalisering\/\">Armstrong flytning<\/a><\/li>\n<li> <a href=\"https:\/\/moverdb.com\/da\/arpin-international\/\">Arpin International<\/a><\/li>\n<li> <a href=\"https:\/\/moverdb.com\/da\/atlas-van-lines-international\/\">Atlas Van Lines<\/a><\/li>\n<li> <a href=\"https:\/\/moverdb.com\/da\/santa-fe-relocation\/\">Santa Fe flytningstjenester<\/a><\/li>\n<li> <a href=\"https:\/\/moverdb.com\/da\/sterling-relocation\/\">Sterling Flytning<\/a><\/li>\n<li> <a href=\"https:\/\/moverdb.com\/da\/arpin-van-lines\/\">Arpin Van Lines<\/a><\/li>\n<li> <a href=\"https:\/\/moverdb.com\/da\/suddath\/\">Suddath<\/a><\/li>\n<li> <a href=\"https:\/\/moverdb.com\/da\/dt-bevaegelse\/\">DT flytning<\/a><\/li>\n<li> <a href=\"https:\/\/moverdb.com\/da\/btr-international\/\">BTR International<\/a><\/li>\n<p><a href=\"https:\/\/moverdb.com\/da\/packimpex\/\">Packimpex<\/a>\n<\/ul>\n<p><strong>Meninger om ERC<\/strong><\/p>\n<p>ERC findes ikke p\u00e5 s\u00e5 mange websteder. N\u00e5r det n\u00e6vnes, er det ofte i forbindelse med organisationer, der er tilknyttet det, f.eks. Great Lakes Relocation Council.<\/p>\n<blockquote><p>For at opfylde behovene p\u00e5 markedet for flytning og dermed hj\u00e6lpe medarbejderne med en gnidningsl\u00f8s start p\u00e5 deres nye livsperiode, grundlagde seks personer i 1964 forl\u00f8beren for det verdensomsp\u00e6ndende Employee Relocation Council (ERC) i 1964 i <a href=\"https:\/\/moverdb.com\/da\/flytning-til-chicago\/\">Chicago<\/a>.<\/p><\/blockquote>\n<p>- <a href=\"http:\/\/start-up-services.de\/en\/company-profile-relocation-service\/relocation-associations\/worldwide-employee-relocation-council\/\" target=\"_blank\" rel=\"noopener\">Opstartstjenester<\/a><\/p>\n<p><strong>Hjemmeside:<\/strong> <a href=\"http:\/\/www.worldwideerc.org\/Pages\/index.aspx\" target=\"_blank\" rel=\"noopener\">http:\/\/www.worldwideerc.org\/Pages\/index.aspx<\/a><\/p>","protected":false},"excerpt":{"rendered":"<p>The Worldwide Employee Relocation Council (ERC) describes itself as the workforce mobility association for professionals who oversee, manage, or support U.S. domestic and international employee transfer. Its purpose is to help members &#8211; who come from a range of professions, including HR, real estate and military &#8211; to deal with the challenges of workforce mobility. [&hellip;]<\/p>\n","protected":false},"author":1,"featured_media":0,"parent":0,"menu_order":0,"comment_status":"closed","ping_status":"closed","template":"","meta":{"_genesis_hide_title":false,"_genesis_hide_breadcrumbs":false,"_genesis_hide_singular_image":false,"_genesis_hide_footer_widgets":false,"_genesis_custom_body_class":"","_genesis_custom_post_class":"","_genesis_layout":"","footnotes":""},"class_list":{"0":"post-441","1":"page","2":"type-page","3":"status-publish","5":"entry"},"_links":{"self":[{"href":"https:\/\/moverdb.com\/da\/wp-json\/wp\/v2\/pages\/441","targetHints":{"allow":["GET"]}}],"collection":[{"href":"https:\/\/moverdb.com\/da\/wp-json\/wp\/v2\/pages"}],"about":[{"href":"https:\/\/moverdb.com\/da\/wp-json\/wp\/v2\/types\/page"}],"author":[{"embeddable":true,"href":"https:\/\/moverdb.com\/da\/wp-json\/wp\/v2\/users\/1"}],"replies":[{"embeddable":true,"href":"https:\/\/moverdb.com\/da\/wp-json\/wp\/v2\/comments?post=441"}],"version-history":[{"count":15,"href":"https:\/\/moverdb.com\/da\/wp-json\/wp\/v2\/pages\/441\/revisions"}],"predecessor-version":[{"id":6255,"href":"https:\/\/moverdb.com\/da\/wp-json\/wp\/v2\/pages\/441\/revisions\/6255"}],"wp:attachment":[{"href":"https:\/\/moverdb.com\/da\/wp-json\/wp\/v2\/media?parent=441"}],"curies":[{"name":"wp","href":"https:\/\/api.w.org\/{rel}","templated":true}]}}