{"id":440,"date":"2016-06-12T19:59:07","date_gmt":"2016-06-12T19:59:07","guid":{"rendered":"http:\/\/moverdb.com\/?page_id=440"},"modified":"2026-01-08T13:19:01","modified_gmt":"2026-01-08T13:19:01","slug":"iata","status":"publish","type":"page","link":"https:\/\/moverdb.com\/da\/iata\/","title":{"rendered":"International Air Transport Association (IATA) forklaret"},"content":{"rendered":"<p>International Air Transport Association (IATA) er den globale brancheorganisation for verdens luftfartsselskaber. <\/p>\n<p>Dens mission er at lede og tjene sine medlemmer og at repr\u00e6sentere deres interesser p\u00e5 en m\u00e5de, der fremmer lufthavnstransportindustrien.<\/p>\n<p><strong>Vigtige fakta om IATA:<\/strong><\/p>\n<ol>\n<li>  Det svarer til ca. 260 luftfartsselskaber eller 83% af den samlede lufttrafik.<\/li>\n<li>  Den har global r\u00e6kkevidde.<\/li>\n<li>  IATA-medlemmernes flyvninger udg\u00f8r 83% af den samlede trafik.<\/li>\n<li>  Det blev grundlagt i Havana, Cuba, i april 1945.<\/li>\n<li>  Den havde 57 medlemmer fra 31 nationer, hovedsageligt i Europa og Nordamerika, da den blev oprettet i 1945. I dag har den ca. 260 medlemmer fra 117 nationer i alle dele af verden.<\/li>\n<li>  Prioriteterne omfatter sikkerhed, sikring, milj\u00f8, tjenester, forenkling af forretningen og hj\u00e6lp til at opbygge relationer inden for branchen.<\/li>\n<li>  IATA's Billing and Settlement Plan fungerer som branchens finansielle rygrad ved at styre str\u00f8mmen af de over $270 milliarder euro, som rejsebureauernes billetsalg til flyselskaberne genererer \u00e5rligt.<\/li>\n<\/ol>\n<p><strong>International Air Transport Association profil:<\/strong><\/p>\n<p>IATA er en globalt anerkendt brancheorganisation for luftfartsselskaber og har eksisteret i mere end 50 \u00e5r. Dens medlemmer omfatter b\u00e5de <a href=\"https:\/\/moverdb.com\/da\/speditor\/\">fragt<\/a> og passagertransportvirksomheder og har kontorer i 53 lande rundt om i verden. <\/p>\n<p>Det er vokset sammen med luftfartsindustrien og har arbejdet sammen med sektoren for at hj\u00e6lpe med at udvikle standarder, praksis og procedurer for at regulere den og sikre et ensartet serviceniveau for kunderne. IATA er en virkelig global organisation, og dens 260 medlemmer kommer fra mere end 117 lande.<\/p>\n<p>Ud over forbrugerbeskyttelse har IATA v\u00e6ret involveret i at hj\u00e6lpe luftfartsindustrien med at blive mere b\u00e6redygtig. Organisationen tilbyder oplysninger om flyselskaber, en r\u00e6kke publikationer og uddannelsesprogrammer og akkreditering for dem, der arbejder i rejsebranchen. <\/p>\n<p>Desuden leverer virksomheden en r\u00e6kke finansielle tjenesteydelser, f.eks. en inkassotjeneste for luftfartsselskaber.<\/p>\n<p><strong>Kriterier for medlemskab<\/strong><\/p>\n<p>IATA-medlemskab med fulde rettigheder og privilegier kan kun opn\u00e5s efter: IATA Operational Safety Audit (IOSA) registrering, en administrativ gennemgang af medlemsafdelingen, betaling af alle ans\u00f8gningsgebyrer og medlemskabskontingenter.<\/p>\n<p>Hvis en IOSA gennemf\u00f8res med succes, vil den blive optaget i IOSA-registret. Et luftfartsselskab skal v\u00e6re opf\u00f8rt i IOSA-registret, f\u00f8r IATA-medlemskab kan godkendes.<\/p>\n<p>Herefter indsendes et ans\u00f8gningsskema med f\u00f8lgende bilag:<\/p>\n<ul>\n<li> En bekr\u00e6ftet kopi af Air Operator's Certificate (AOC), der er gyldigt i mindst seks m\u00e5neder, med ORIGINAL stempel, dato og underskrift fra den udstedende myndighed (ikke en notar), sammen med de operationelle specifikationer udstedt af registreringsstaten, hvis det er relevant.<\/li>\n<li> En bekr\u00e6ftet kopi af registreringsbeviset hos den relevante myndighed, f.eks. handelskammeret eller tilsvarende. Attestering af en notar er acceptabel.<\/li>\n<li> Reviderede regnskaber for det ans\u00f8gende luftfartsselskab og, hvis det er majoritetsejet af et andet selskab (herunder statsligt ejerskab), regnskaberne for ejerselskabet. Disse skal v\u00e6re attesteret af en statsautoriseret revisor eller en offentlig revisor. For nye luftfartsselskaber kan en forretningsplan udarbejdet af en statsautoriseret eller offentlig revisor accepteres.<\/li>\n<li> \u00c5rsrapport for det ans\u00f8gende luftfartsselskab, eller selskabets vedt\u00e6gter, der viser, hvordan det er oprettet, eller luftfartsselskabets profil.<\/li>\n<li> Gyldige forsikringscertifikater med luftfart\u00f8jstype, registreringsnummer for hvert luftfart\u00f8j og de respektive oplysninger om den registrerende myndighed, som er gyldige i mindst seks m\u00e5neder.<\/li>\n<li> Trafikstatistikker for de foreg\u00e5ende to \u00e5r. Dette krav g\u00e6lder ikke for nye luftfartsselskaber.<\/li>\n<li> Offentliggjort fartplan\/plan, hvis luftfartsselskabet har ruteflyvning. For ikke-linjetrafik anmodes der om en liste over destinationer.<\/li>\n<\/ul>\n<p><strong>Liste over IATA-medlemmer <a href=\"https:\/\/moverdb.com\/da\/moving-companies\/\" data-internallinksmanager029f6b8e52c=\"79\" title=\"Top 25 internationale flyttefirmaer online\">Flyttefirmaer<\/a><\/strong><\/p>\n<ul>\n<li> <a href=\"https:\/\/moverdb.com\/da\/armstrong-relokalisering\/\">Armstrong flytning<\/a><\/li>\n<li> <a href=\"https:\/\/moverdb.com\/da\/atlas-van-lines-international\/\">Atlas Van Lines<\/a><\/li>\n<li> <a href=\"https:\/\/moverdb.com\/da\/suddath\/\">Suddath<\/a><\/li>\n<li> <a href=\"https:\/\/moverdb.com\/da\/nippon-express\/\">Nippon Express<\/a><\/li>\n<li> <a href=\"https:\/\/moverdb.com\/da\/bolliger\/\">Bolliger<\/a><\/li>\n<\/ul>\n<p><strong>Meninger om International Air Transport Association<\/strong><\/p>\n<p>IATA findes p\u00e5 de fleste st\u00f8rre flyselskabers websteder (ofte via en IATA-kode) og har ogs\u00e5 sin egen Wikipedia-side. <\/p>\n<p>Dens betydning som brancheorganisation er indlysende, ligesom den har v\u00e6ret med til at udvikle visse industristandarder for luftfartssektoren. Det er en kendsgerning, at dens medlemmer st\u00e5r for mere end 90% af verdens ruteflytrafik, hvilket ofte n\u00e6vnes. <\/p>\n<p>Onlineartikler om luftfartsindustrien n\u00e6vner ofte IATA og dens deltagelse i beslutninger om vigtige sp\u00f8rgsm\u00e5l og vigtige forslag, f.eks. om regulering af st\u00f8rrelsen af bagage til bagage i overbagagebokse. <\/p>\n<p>IATA n\u00e6vnes i mange sammenh\u00e6nge, lige fra projektledelsespartnerskaber til EU-forordninger. I betragtning af hyppigheden og omfanget af de nyhedsrapporter, der n\u00e6vner IATA, er det klart, at det er en aktiv og fremtr\u00e6dende brancheorganisation.<\/p>\n<p><strong>Hjemmeside:<\/strong> <a href=\"http:\/\/www.iata.org\/Pages\/default.aspx\" target=\"_blank\" rel=\"noopener\">http:\/\/www.iata.org\/Pages\/default.aspx<\/a><\/p>","protected":false},"excerpt":{"rendered":"<p>The International Air Transport Association (IATA) is the global trade association for the world&#8217;s airlines. Its mission is to lead and serve its members, as well as to represent their interests in a way that boosts the airport transport industry. Key facts about IATA: It represents around 260 airlines or 83% of total air traffic. [&hellip;]<\/p>\n","protected":false},"author":1,"featured_media":0,"parent":0,"menu_order":0,"comment_status":"closed","ping_status":"closed","template":"","meta":{"_genesis_hide_title":false,"_genesis_hide_breadcrumbs":false,"_genesis_hide_singular_image":false,"_genesis_hide_footer_widgets":false,"_genesis_custom_body_class":"","_genesis_custom_post_class":"","_genesis_layout":"","footnotes":""},"class_list":{"0":"post-440","1":"page","2":"type-page","3":"status-publish","5":"entry"},"_links":{"self":[{"href":"https:\/\/moverdb.com\/da\/wp-json\/wp\/v2\/pages\/440","targetHints":{"allow":["GET"]}}],"collection":[{"href":"https:\/\/moverdb.com\/da\/wp-json\/wp\/v2\/pages"}],"about":[{"href":"https:\/\/moverdb.com\/da\/wp-json\/wp\/v2\/types\/page"}],"author":[{"embeddable":true,"href":"https:\/\/moverdb.com\/da\/wp-json\/wp\/v2\/users\/1"}],"replies":[{"embeddable":true,"href":"https:\/\/moverdb.com\/da\/wp-json\/wp\/v2\/comments?post=440"}],"version-history":[{"count":10,"href":"https:\/\/moverdb.com\/da\/wp-json\/wp\/v2\/pages\/440\/revisions"}],"predecessor-version":[{"id":13161,"href":"https:\/\/moverdb.com\/da\/wp-json\/wp\/v2\/pages\/440\/revisions\/13161"}],"wp:attachment":[{"href":"https:\/\/moverdb.com\/da\/wp-json\/wp\/v2\/media?parent=440"}],"curies":[{"name":"wp","href":"https:\/\/api.w.org\/{rel}","templated":true}]}}