{"id":439,"date":"2016-06-12T19:46:10","date_gmt":"2016-06-12T19:46:10","guid":{"rendered":"http:\/\/moverdb.com\/?page_id=439"},"modified":"2026-01-08T14:40:02","modified_gmt":"2026-01-08T14:40:02","slug":"lacma","status":"publish","type":"page","link":"https:\/\/moverdb.com\/da\/lacma\/","title":{"rendered":"Sammenslutningen af latinamerikanske og caribiske internationale flyttefirmaer (LACMA)"},"content":{"rendered":"<p>Latin American and Caribbean International Movers Association (LACIMA) repr\u00e6senterer en samling af flytte- og forflytningsvirksomheder med henblik p\u00e5 at fremme integrationen af lokalt baserede virksomheder og andre virksomheder i hele verden.<\/p>\n<p><strong>Vigtige fakta om LACMA:<\/strong><\/p>\n<ol>a<\/p>\n<li>  Medlemskab af LACMA er \u00e5bent for flytte- og relocationvirksomheder fra Latinamerika og resten af verden.<\/li>\n<li>  Det er den latinamerikanske sammenslutning, der er repr\u00e6senteret i <a href=\"https:\/\/moverdb.com\/da\/fidi-faim\/\">FIDI<\/a>.<\/li>\n<li>  Den er baseret i <a href=\"https:\/\/moverdb.com\/da\/moving-to-panama\/\" data-internallinksmanager029f6b8e52c=\"432\" title=\"Flytter du til Panama? 2026 Leveomkostninger og tips til flytning\">Panama<\/a>.<\/li>\n<li>  Den fungerer som m\u00e6gler i eventuelle konflikter, der m\u00e5tte opst\u00e5 mellem medlemmerne indbyrdes eller mellem et medlem og andre, der ikke er tilknyttet foreningen.<\/li>\n<li>  Den kr\u00e6ver ikke, at deres medlemmer skal v\u00e6re <a href=\"https:\/\/moverdb.com\/da\/fidi-faim\/\" data-internallinksmanager029f6b8e52c=\"16\" title=\"FIDI &amp; FAIM (FIDI Accredited International Mover) forklaret\">FIDI<\/a> tilknyttede organisationer, da LACMA opretholder sine uafh\u00e6ngige kriterier for tilknytning.<\/li>\n<li>  LACMA har sit eget uddannelsesinstitut, der tilbyder seminarer p\u00e5 stedet og virtuelle seminarer, herunder et kursus for Packers-instrukt\u00f8rer.<\/li>\n<li>  Den tilbyder et betalingsgarantiprogram, som er en ressource for medlemmer, der \u00f8nsker at inddrive forfaldne bel\u00f8b fra andre medlemmer i foreningen.<\/li>\n<li>  LACMA kan v\u00e6re aktivt medlem (virksomheder i Latinamerika og Caribien, der aktivt besk\u00e6ftiger sig med international flytning og pakning med eget personale, transport og lagerfaciliteter), associeret medlem (virksomheder uden for Latinamerika og Caribien, der besk\u00e6ftiger sig med international flytning og pakning) eller adjungeret medlem (virksomheder, der leverer nyttige varer og tjenester til medlemmerne).<\/li>\n<li>  Organisationen udtaler: \"FIDI Latinamerika repr\u00e6senterer 53 virksomheder (FIDI-LACMA og FIDI-Non LACMA) i vores region.<\/li>\n<\/ol>\n<p><strong>Latinamerikanske og caribiske internationale flytteforeningers profil<\/strong><\/p>\n<p>LACMA blev oprettet for at repr\u00e6sentere sine medlemmers interesser og for at fasts\u00e6tte og opretholde standarder for serviceydelser i branchen. <\/p>\n<p>Det er FIDI's organisation i Latinamerika, og det giver den en vis trov\u00e6rdighed, da den er anerkendt af FIDI som repr\u00e6sentant for interesserne hos FIDI's tilknyttede virksomheder i regionen. <\/p>\n<p>LACMA tilbyder flere typer medlemskab, herunder Active og Associate. LACMA tilbyder ogs\u00e5 medlemmerne en bred vifte af e-learning, information og seminarer for at forbedre deres viden og forretningseffektivitet - LACMA Training Institute blev grundlagt i 1992 med det form\u00e5l at uddanne medlemmerne bedre. <\/p>\n<p>Medlemmerne nyder ogs\u00e5 godt af visse beskyttelsesforanstaltninger, s\u00e5som betalingsgarantiprogrammet - der er designet til at hj\u00e6lpe med at inddrive bel\u00f8b, som andre medlemmer skylder - og LACMA S.O.S.-programmet, som yder humanit\u00e6r hj\u00e6lp til medlemmer, der er ramt af naturkatastrofer, som ofte rammer denne del af verden.<\/p>\n<p><strong>Kriterier for medlemskab:<\/strong><\/p>\n<p><u>Aktive medlemmer<\/u><\/p>\n<ul>\n<li> Udfylde medlemskabsans\u00f8gningen p\u00e5 den officielle LACMA-formular og give de kr\u00e6vede oplysninger, samt acceptere at overholde LACMA's vedt\u00e6gter og regler, etiske kodeks og beslutninger vedtaget af LACMA's bestyrelse.<\/li>\n<li> Sponsorering af fem (5) aktive medlemmer af LACMA.<\/li>\n<li> Angiv regnskaberne med tilh\u00f8rende noter for de seneste to \u00e5r.<\/li>\n<li> Forel\u00e6gge virksomhedens Corporate Charter (der kr\u00e6ves mindst fire \u00e5rs virksomhed i den <a href=\"https:\/\/moverdb.com\/da\/flyttefirmaer\/\">international flytning<\/a> industri).<\/li>\n<li> Betal optagelsesgebyret, PGP-initieringsgebyret, PGP- og LACMA-medlemskabets \u00e5rlige gebyrer, n\u00e5r ans\u00f8gningsprocessen er afsluttet og ans\u00f8gningen er blevet godkendt.<\/li>\n<\/ul>\n<p><u>Associerede medlemmer<\/u><\/p>\n<ul>\n<li> Udfylde medlemskabsans\u00f8gningen p\u00e5 den officielle LACMA-formular og give de kr\u00e6vede oplysninger, samt acceptere at overholde LACMA's vedt\u00e6gter og regler, etiske kodeks og beslutninger vedtaget af LACMA's bestyrelse.<\/li>\n<li> Sponsorering af fem (5) aktive og\/eller associerede medlemmer af LACMA, hvoraf mindst to er associerede medlemmer.<\/li>\n<li> Angiv regnskaberne med tilh\u00f8rende noter for de seneste to \u00e5r.<\/li>\n<li> Tilvejebringe virksomhedens Corporate Charter (der kr\u00e6ves mindst fire \u00e5rs virksomhed i den internationale flyttebranche).<\/li>\n<li> Betale optagelsesgebyret, PGP-initieringsgebyret, PGP- og LACMA-medlemskabets \u00e5rlige gebyr, n\u00e5r ans\u00f8gningsprocessen er afsluttet og ans\u00f8gningen er blevet godkendt.<\/li>\n<\/ul>\n<p><u>Adjungerede medlemmer<\/u><\/p>\n<ul>\n<li> Udfylde medlemskabsans\u00f8gningen p\u00e5 LACMA's officielle formular og give de \u00f8nskede oplysninger, samt acceptere at overholde LACMA's vedt\u00e6gter og regler, etiske kodeks og beslutninger vedtaget af LACMA's bestyrelse.<\/li>\n<li> Sponsorering af (2) aktive og\/eller associerede medlemmer af LACMA.<\/li>\n<li> Betal optagelsesgebyret og det \u00e5rlige LACMA-medlemsgebyr, n\u00e5r ans\u00f8gningsprocessen er afsluttet, og ans\u00f8gningen er blevet godkendt. Kontakt venligst LACMA's sekretariat for at f\u00e5 oplyst de n\u00e6vnte gebyrer.<\/li>\n<li> Freml\u00e6gge bevis for, at det produkt eller den tjeneste, der tilbydes, har v\u00e6ret markedsf\u00f8rt i mindst et \u00e5r.<\/li>\n<\/ul>\n<p><strong>Eksempler p\u00e5 medlemsvirksomheder<\/strong><\/p>\n<ul>\n<li> <a href=\"https:\/\/moverdb.com\/da\/aires\/\">Aires<\/a><\/li>\n<li> <a href=\"https:\/\/moverdb.com\/da\/arpin-international\/\">Arpin International<\/a><\/li>\n<li> <a href=\"https:\/\/moverdb.com\/da\/atlas-van-lines-international\/\">Atlas Van Lines<\/a><\/li>\n<li> <a href=\"https:\/\/moverdb.com\/da\/santa-fe-relocation\/\">Santa Fe flytningstjenester<\/a><\/li>\n<li> <a href=\"https:\/\/moverdb.com\/da\/sterling-relocation\/\">Sterling Flytning<\/a><\/li>\n<li> <a href=\"https:\/\/moverdb.com\/da\/stevens-worldwide-van-lines\/\">Stevens Worldwide Van Lines<\/a><\/li>\n<li> <a href=\"https:\/\/moverdb.com\/da\/amj-campbell-van-lines\/\">AMJ Campbell Van Lines<\/a><\/li>\n<li> <a href=\"https:\/\/moverdb.com\/da\/suddath\/\">Suddath<\/a><\/li>\n<li> <a href=\"https:\/\/moverdb.com\/da\/dt-bevaegelse\/\">DT flytning<\/a><\/li>\n<li> <a href=\"https:\/\/moverdb.com\/da\/john-mason\/\">John Mason International Movers<\/a><\/li>\n<li> <a href=\"https:\/\/moverdb.com\/da\/mudanzas-gou\/\">Mudanzas Gou<\/a><\/li>\n<li> <a href=\"https:\/\/moverdb.com\/da\/gil-stauffer\/\">Gil Stauffer<\/a><\/li>\n<\/ul>\n<p><strong>Meninger om LACMA:<\/strong><\/p>\n<p>Oplysninger online viser, at LACMA-medlemmer tegner sig for 90% af flytningerne til og fra Latinamerika og Caribien. Det er noteret, at det er et af de vigtigste <a href=\"https:\/\/moverdb.com\/da\/organisationer-sammenslutninger\/\">internationale flytte- og forsendelsesorganisationer<\/a>.<\/p>\n<p>Flyttefirmaerne n\u00e6vner LACMA i forbindelse med at forsikre kunderne om deres professionalisme og geografiske d\u00e6kning. Medlemmerne n\u00e6vnes som nogle af de bedste flyttefirmaer i verden, og if\u00f8lge oplysninger p\u00e5 nettet repr\u00e6senterer medlemmerne f\u00f8lgende omr\u00e5der: <em>\"Europa 31%, Den <a href=\"https:\/\/moverdb.com\/da\/moving-to-the-united-states\/\" data-internallinksmanager029f6b8e52c=\"94\" title=\"Flytter du til USA? 2022 Leveomkostninger og flyttetips\">USA<\/a> &amp; <a href=\"https:\/\/moverdb.com\/da\/moving-to-canada\/\" data-internallinksmanager029f6b8e52c=\"265\" title=\"Flytte til Canada? 2026 Leveomkostninger og flyttetips\">Canada<\/a> 26%, Latinamerika og Caribien 28% og <a href=\"https:\/\/moverdb.com\/da\/moving-to-australia\/living-in-australia\/\" data-internallinksmanager029f6b8e52c=\"240\" title=\"21 hemmeligheder om at bo i Australien, som du skal vide, f\u00f8r du flytter\">Australien<\/a>, Mellem\u00f8sten og Fjern\u00f8sten 15%.\"<\/em> <\/p>\n<p>De flyttefirmaer, der n\u00e6vner LACMA p\u00e5 deres websteder, er ofte fra lande uden for regionen, men viser deres globale r\u00e6kkevidde ved at v\u00e6re medlem af organisationen.<\/p>\n<blockquote><p>LACMA er en sammenslutning af de bedste internationale flyttefirmaer fra Latinamerika og Caribien, som st\u00e5r for over 90 procent af flytningerne til og fra denne region.<\/p><\/blockquote>\n<p>- <a href=\"http:\/\/www.brytor.ca\/memberships.php\" target=\"_blank\" rel=\"noopener\">Brytor International Moving<\/a><\/p>\n<blockquote><p>LACMA er den forening, der omfatter de bedste 260 <a href=\"https:\/\/moverdb.com\/da\/moving-companies\/\" data-internallinksmanager029f6b8e52c=\"79\" title=\"Top 25 internationale flyttefirmaer online\">flyttefirmaer<\/a> af verden, hovedsagelig fra Latinamerika og Caribien. P\u00e5 grund af deres prestige tegner de sig for 90% af den import og eksport, der finder sted i Latinamerika.<\/p><\/blockquote>\n<p>- <a href=\"http:\/\/miglobal.com\/miglobal.com\/httpdocs\/affiliations.html\" target=\"_blank\" rel=\"noopener\">Internationale investeringer globalt<\/a><\/p>\n<p><strong>Hjemmeside:<\/strong> <a href=\"http:\/\/www.lacmassoc.org\/\" target=\"_blank\" rel=\"noopener\">http:\/\/www.lacmassoc.org\/<\/a><\/p>","protected":false},"excerpt":{"rendered":"<p>The Latin American and Caribbean International Movers Association (LACIMA) represents a collection of moving and relocation companies with a view to encouraging integration of locally based businesses, as well as others across the world. Key facts about LACMA: a Membership of LACMA is open to moving and relocation companies from Latin America and the rest [&hellip;]<\/p>\n","protected":false},"author":1,"featured_media":0,"parent":0,"menu_order":0,"comment_status":"closed","ping_status":"closed","template":"","meta":{"_genesis_hide_title":false,"_genesis_hide_breadcrumbs":false,"_genesis_hide_singular_image":false,"_genesis_hide_footer_widgets":false,"_genesis_custom_body_class":"","_genesis_custom_post_class":"","_genesis_layout":"","footnotes":""},"class_list":{"0":"post-439","1":"page","2":"type-page","3":"status-publish","5":"entry"},"_links":{"self":[{"href":"https:\/\/moverdb.com\/da\/wp-json\/wp\/v2\/pages\/439","targetHints":{"allow":["GET"]}}],"collection":[{"href":"https:\/\/moverdb.com\/da\/wp-json\/wp\/v2\/pages"}],"about":[{"href":"https:\/\/moverdb.com\/da\/wp-json\/wp\/v2\/types\/page"}],"author":[{"embeddable":true,"href":"https:\/\/moverdb.com\/da\/wp-json\/wp\/v2\/users\/1"}],"replies":[{"embeddable":true,"href":"https:\/\/moverdb.com\/da\/wp-json\/wp\/v2\/comments?post=439"}],"version-history":[{"count":21,"href":"https:\/\/moverdb.com\/da\/wp-json\/wp\/v2\/pages\/439\/revisions"}],"predecessor-version":[{"id":13169,"href":"https:\/\/moverdb.com\/da\/wp-json\/wp\/v2\/pages\/439\/revisions\/13169"}],"wp:attachment":[{"href":"https:\/\/moverdb.com\/da\/wp-json\/wp\/v2\/media?parent=439"}],"curies":[{"name":"wp","href":"https:\/\/api.w.org\/{rel}","templated":true}]}}