{"id":438,"date":"2016-06-12T15:34:55","date_gmt":"2016-06-12T15:34:55","guid":{"rendered":"http:\/\/moverdb.com\/?page_id=438"},"modified":"2026-01-08T15:20:25","modified_gmt":"2026-01-08T15:20:25","slug":"ncbfaa","status":"publish","type":"page","link":"https:\/\/moverdb.com\/da\/ncbfaa\/","title":{"rendered":"National Customs Brokers &amp; Forwarders Association of America (NCBFAA)"},"content":{"rendered":"<p>National Customs Brokers &amp; Forwarders Association of America (NCBFAA) betragtes som taler\u00f8r for transportlogistikindustrien i USA. <\/p>\n<p>Det er en organisation, der konstant arbejder p\u00e5 at repr\u00e6sentere sine medlemmer og sin sektor p\u00e5 et juridisk og lovgivningsm\u00e6ssigt plan.<\/p>\n<p><strong>Vigtige fakta om NCBFAA:<\/strong><\/p>\n<ol>\n<li>  NCBFAA repr\u00e6senterer mere end 970 medlemsvirksomheder med 110.000 ansatte inden for international handel.<\/li>\n<li>  NCBFAA blev oprettet i 1897 i <a href=\"https:\/\/moverdb.com\/da\/flytning-til-nyc\/\">New York<\/a>.<\/li>\n<li>  NCBFAA-medlemmer omfatter <a href=\"https:\/\/moverdb.com\/da\/speditor\/\">spedit\u00f8rer<\/a>, toldm\u00e6glere, s\u00f8transportformidlere, NVOCC'er og luftfragtagenter, der betjener mere end 250.000 import\u00f8rer og eksport\u00f8rer.<\/li>\n<li>  NCBFAA's medlemskab er udelukkende sammensat af amerikanske virksomheder, bortset fra associerede medlemmer.<\/li>\n<li>  NCBFAA har en r\u00e6kke hovedtyper af medlemskab: (autoriserede toldm\u00e6glere, autoriserede s\u00f8spedit\u00f8rer, internationale luftfragtagenter og ikke-fart\u00f8jsopererende f\u00e6lles transport\u00f8rer i USA), affilierede (som driver virksomhed som leverand\u00f8rer eller s\u00e6lgere af transportrelaterede tjenester, internationale forretningstjenester eller produkter, der er specifikke for funktioner inden for international handel), associerede (toldm\u00e6glere og\/eller internationale <a href=\"https:\/\/moverdb.com\/da\/freight-forwarder\/\" data-internallinksmanager029f6b8e52c=\"17\" title=\"Guide til internationale omkostninger og virksomheder for spedit\u00f8rer og NVOCC&#039;er\">spedit\u00f8r<\/a> bosiddende uden for USA).<\/li>\n<li>  NCBFAA har hovedkvarter i <a href=\"https:\/\/moverdb.com\/da\/flytning-til-washington-dc\/\">Washington<\/a>.<\/li>\n<li>  NCBFAA's vigtigste opgave er at holde n\u00f8je \u00f8je med de lovgivningsm\u00e6ssige og reguleringsm\u00e6ssige sp\u00f8rgsm\u00e5l, der ber\u00f8rer medlemmerne - og at holde medlemmerne informeret om disse sp\u00f8rgsm\u00e5l.<\/li>\n<li>  NCBFAA anser sig selv for at v\u00e6re den effektive nationale stemme for branchen.<\/li>\n<\/ol>\n<p><strong>National Customs Brokers &amp; Forwarders Association of America profil<\/strong><\/p>\n<p>NCBFAA spiller en stor rolle som repr\u00e6sentant for medlemmer af logistikbranchen i USA. Den har v\u00e6ret involveret i dr\u00f8ftelser om sp\u00f8rgsm\u00e5l, der p\u00e5virker branchen, f.eks. toldlovgivning, og den har lobbyet over for kongressen for at forf\u00f8lge og beskytte medlemmernes rettigheder og interesser. <\/p>\n<p>NCBFAA var engang kendt som Baltimore Customs Brokers and Forwarders Association og startede som en brancheorganisation, der skulle fremme og uddanne de <a href=\"https:\/\/moverdb.com\/da\/top-49-container-ports\/\" data-internallinksmanager029f6b8e52c=\"80\" title=\"Top 49 st\u00f8rste og travleste containerhavne i 2025\">Havn<\/a> i Baltimore. <\/p>\n<p>Organisationen blev til NCBFAA i 1983 \"for bedre at afspejle et nyt og bredere anvendelsesomr\u00e5de\". NCBFAA er en non-profit organisation, der er designet til at fremme sine medlemmers interesser - og til at fremme deres m\u00e5l - b\u00e5de p\u00e5 forbrugermarkedet og i regeringens hjerte.<\/p>\n<p><strong>Kriterier for medlemskab:<\/strong><\/p>\n<p>I henhold til NCBFAA's vedt\u00e6gter skal alle ans\u00f8gere om ordin\u00e6re medlemmer: <\/p>\n<blockquote><p>... foresl\u00e5s af et ordin\u00e6rt medlem og st\u00f8ttes af et andet ordin\u00e6rt medlem p\u00e5 en dertil beregnet formular, som skal indeholde ans\u00f8gerens navn, adresse og erhverv samt navnene p\u00e5 de ordin\u00e6re medlemmer, der foresl\u00e5r og st\u00f8tter ans\u00f8gningen. Det p\u00e5hviler de medlemmer, der foresl\u00e5r og st\u00f8tter ans\u00f8gningen, at give oplysninger om ans\u00f8gerens stilling og karakter.<\/p><\/blockquote>\n<p>Der skal betales kontingent, der skal udfyldes en formular, og potentielle medlemmer skal bevise, at de falder ind under en af medlemskategorierne, f.eks.<\/p>\n<ul>\n<li> Toldagent - Licensnummer for m\u00e6gler<\/li>\n<li> OTI - FMC Licensnummer<\/li>\n<li> International luftfragtspedit\u00f8r\/luftfragtagent: CNS\/<a href=\"https:\/\/moverdb.com\/da\/iata\/\">IATA<\/a> Registreringsnummer<\/li>\n<li> NVOCC: FMC-obligationsnummer<\/li>\n<\/ul>\n<p><strong>Meninger om NCBFAA<\/strong><\/p>\n<p>NCBFAA n\u00e6vnes ikke s\u00e6rlig ofte p\u00e5 de enkelte virksomheders websteder. Den n\u00e6vnes dog oftere som en informationskilde og en ressource for nyttige data om og for spedit\u00f8rer. <\/p>\n<p>Der findes ogs\u00e5 en r\u00e6kke websteder, hvor standardvilk\u00e5r udarbejdet af NCBFAA er anf\u00f8rt - med en bem\u00e6rkning om, at disse er blevet frigivet til medlemmerne, og at NCBFAA ikke tager noget juridisk ansvar for dem. <\/p>\n<p>Dette indikerer, at foreningen tilbyder sine medlemmer en database med dokumenter samt information og r\u00e5dgivning. Den \u00e5rlige konference er ogs\u00e5 klart en fremtr\u00e6dende begivenhed og n\u00e6vnes p\u00e5 <a href=\"https:\/\/www.cbp.gov\/newsroom\/speeches-and-statements\/2016-04-20-000000\/commissioner-kerlikowske%E2%80%99s-remarks-national\" target=\"_blank\" rel=\"noopener\">Websted for US Customs &amp; Border Protection<\/a>.<\/p>\n<blockquote><p>NCBFAA er branchens effektive nationale taler\u00f8r. Gennem sine forskellige udvalg, r\u00e5dgivere og repr\u00e6sentanter holder foreningen n\u00f8je \u00f8je med de lovgivningsm\u00e6ssige og reguleringsm\u00e6ssige sp\u00f8rgsm\u00e5l, der ber\u00f8rer medlemmerne.<\/p><\/blockquote>\n<p>- <a href=\"http:\/\/www.shipuwl.com\/member-of-national-customs-brokers-forwarders-association-of-america-inc-ncbfaa\/\" target=\"_blank\" rel=\"noopener\">UWL<\/a><\/p>\n<blockquote><p>Agenturet holder et v\u00e5gent \u00f8je med de lovgivningsm\u00e6ssige og reguleringsm\u00e6ssige sp\u00f8rgsm\u00e5l, der har betydning for dets medlemmer...<\/p><\/blockquote>\n<p>- <a href=\"http:\/\/www.bdpinternational.com\/news-advisories-events\/trend-watch\/bdp-international-joins-the-national-customs-brokers-forwarders-association-of-america-inc\/\" target=\"_blank\" rel=\"noopener\">BDP International<\/a><\/p>\n<p><strong>F\u00e5 mere at vide:<\/strong> <a href=\"https:\/\/moverdb.com\/da\/speditor\/\">Guide til internationale omkostninger og virksomheder for spedit\u00f8rer og NVOCC'er<\/a> <\/p>\n<p><strong>Hjemmeside:<\/strong> <a href=\"http:\/\/www.ncbfaa.org\/\" target=\"_blank\" rel=\"noopener\">http:\/\/www.ncbfaa.org\/<\/a><\/p>","protected":false},"excerpt":{"rendered":"<p>The National Customs Brokers &#038; Forwarders Association of America (NCBFAA) is viewed as the voice of the transportation logistics industry in America. It is an organisation that constantly works to represent its members and sector, on a legal and regulatory level. Key facts about NCBFAA: The NCBFAA represents more than 970 member companies, with 110,000 [&hellip;]<\/p>\n","protected":false},"author":1,"featured_media":0,"parent":0,"menu_order":0,"comment_status":"closed","ping_status":"closed","template":"","meta":{"_genesis_hide_title":false,"_genesis_hide_breadcrumbs":false,"_genesis_hide_singular_image":false,"_genesis_hide_footer_widgets":false,"_genesis_custom_body_class":"","_genesis_custom_post_class":"","_genesis_layout":"","footnotes":""},"class_list":{"0":"post-438","1":"page","2":"type-page","3":"status-publish","5":"entry"},"_links":{"self":[{"href":"https:\/\/moverdb.com\/da\/wp-json\/wp\/v2\/pages\/438","targetHints":{"allow":["GET"]}}],"collection":[{"href":"https:\/\/moverdb.com\/da\/wp-json\/wp\/v2\/pages"}],"about":[{"href":"https:\/\/moverdb.com\/da\/wp-json\/wp\/v2\/types\/page"}],"author":[{"embeddable":true,"href":"https:\/\/moverdb.com\/da\/wp-json\/wp\/v2\/users\/1"}],"replies":[{"embeddable":true,"href":"https:\/\/moverdb.com\/da\/wp-json\/wp\/v2\/comments?post=438"}],"version-history":[{"count":8,"href":"https:\/\/moverdb.com\/da\/wp-json\/wp\/v2\/pages\/438\/revisions"}],"predecessor-version":[{"id":6223,"href":"https:\/\/moverdb.com\/da\/wp-json\/wp\/v2\/pages\/438\/revisions\/6223"}],"wp:attachment":[{"href":"https:\/\/moverdb.com\/da\/wp-json\/wp\/v2\/media?parent=438"}],"curies":[{"name":"wp","href":"https:\/\/api.w.org\/{rel}","templated":true}]}}