{"id":437,"date":"2016-06-12T15:02:39","date_gmt":"2016-06-12T15:02:39","guid":{"rendered":"http:\/\/moverdb.com\/?page_id=437"},"modified":"2026-01-08T13:18:34","modified_gmt":"2026-01-08T13:18:34","slug":"hgfaa","status":"publish","type":"page","link":"https:\/\/moverdb.com\/da\/hgfaa\/","title":{"rendered":"Household Goods Forwarders Association of America (HGFAA) Forklaret"},"content":{"rendered":"<p>Household Goods Forwarders Association of America (HGFAA) beskriver sig selv som en global sammenslutning af flyttefirmaer, der er forpligtet til at sikre, at kunderne f\u00e5r den bedst mulige service under deres flytning. Den er nu blevet erstattet af <a href=\"https:\/\/moverdb.com\/da\/iam\/\">Den internationale sammenslutning af flyttefirmaer<\/a> (<a href=\"https:\/\/moverdb.com\/da\/iam\/\" data-internallinksmanager029f6b8e52c=\"23\" title=\"International Association of Movers (IAM) Forklaret\">IAM<\/a>), selv om flere flyttefirmaer stadig opf\u00f8rer den p\u00e5 deres websteder. <\/p>\n<p><strong>Vigtige fakta om HGFAA:<\/strong><\/p>\n<ol>\n<li>  HGFAA har et verdensomsp\u00e6ndende medlemskab p\u00e5 over 1800 virksomheder.<\/li>\n<li>  HGFAA er en global organisation med medlemmer fra mere end 160 lande og territorier.<\/li>\n<li>  Portal er foreningens brancheblad.<\/li>\n<li>  Foreningen repr\u00e6senterer flyttebranchen i <a href=\"https:\/\/moverdb.com\/da\/moving-to-the-united-states\/\" data-internallinksmanager029f6b8e52c=\"94\" title=\"Flytter du til USA? 2022 Leveomkostninger og flyttetips\">USA<\/a>.<\/li>\n<li>  HGFAA er kendt for sit kommunikationsnetv\u00e6rk og sin tr\u00e6ningsfacilitet.<\/li>\n<\/ol>\n<p><strong>Household Goods Forwarders Association of America profil:<\/strong><\/p>\n<p>HGFAA er forbrugerorienteret og tilbyder en database over p\u00e5lidelige flyttefirmaer, der kan hj\u00e6lpe med flytning overalt i verden. Det har forpligtet sig til at sikre h\u00f8je servicestandarder og sikre, at forbrugerne har alle de oplysninger, de har brug for, n\u00e5r de skal flytte, lige fra tilrettel\u00e6ggelse af flyttedagen til flytning og sundhedspleje. <\/p>\n<p>HGFAA udgiver sit eget brancheblad kaldet Portal, som udkommer med seks numre om \u00e5ret. Webstedet indeholder et v\u00e6ld af links til b\u00e5de branchen og forbrugerne til emner af interesse, f.eks. dagpenge, rejser og transport samt flytning med k\u00e6ledyr.<\/p>\n<p><strong>Kriterier for medlemskab:<\/strong><\/p>\n<p>HGFAA tilbyder en medlemskabsblanket, der kan downloades, men den er ikke tilg\u00e6ngelig via hjemmesiden i \u00f8jeblikket. Der er ikke anf\u00f8rt nogen medlemskabsbetingelser p\u00e5 webstedet.<\/p>\n<p><strong>Eksempler p\u00e5 medlemsvirksomheder<\/strong><\/p>\n<ul>\n<li> <a href=\"https:\/\/moverdb.com\/da\/atlas-van-lines-international\/\">Atlas Van Lines<\/a><\/li>\n<li> <a href=\"https:\/\/moverdb.com\/da\/eagle-relocations\/\">Eagle flytninger<\/a><\/li>\n<li> <a href=\"https:\/\/moverdb.com\/da\/overskydende-internationale-mobiler\/\">Overskydende internationale flyttefirmaer<\/a><\/li>\n<li> <a href=\"https:\/\/moverdb.com\/da\/fn-removals\/\">F&amp;N Worldwide Removals<\/a><\/li>\n<li> <a href=\"https:\/\/moverdb.com\/da\/mudanzas-gou\/\">Mudanzas Gou<\/a><\/li>\n<\/ul>\n<p><strong>Meninger om HGFAA:<\/strong><\/p>\n<p>HGFAA har ikke en stor profil p\u00e5 nettet, og den er ikke n\u00e6vnt p\u00e5 mange flyttefirmaers websteder. Online udtalelser om HGFAA fra de flyttefirmaer, der n\u00e6vner den p\u00e5 deres websteder, fokuserer p\u00e5 organisationens globale karakter og dens engagement i h\u00f8je servicestandarder.<\/p>\n<p><a href=\"http:\/\/www.bloomberg.com\/profiles\/companies\/0774891D:US-household-goods-forwarders-association-of-america\" target=\"_blank\" rel=\"noopener\">Bloomberg fokuserer<\/a> p\u00e5 grund af dens repr\u00e6sentation af branchen, det faktum, at den fungerer som et kommunikationsnetv\u00e6rk og uddannelsesfacilitet og det store udbud af uddannelse, ressourcer, publikationer og henvisningstjenester.<\/p>\n<blockquote><p>HHGFAA er en global sammenslutning af spedit\u00f8rer og flyttefirmaer, der har forpligtet sig til at give kunderne det h\u00f8jeste serviceniveau, der findes.<\/p><\/blockquote>\n<p>- <a href=\"http:\/\/www.amjbc.ca\/international-moving-services\/\" target=\"_blank\" rel=\"noopener\">AMJ Campbell Worldwide Relocations<\/a><\/p>\n<p><strong>Hjemmeside:<\/strong> <a href=\"http:\/\/www.hhgfaa.org\/\" target=\"_blank\" rel=\"noopener\">http:\/\/www.hhgfaa.org\/<\/a><\/p>","protected":false},"excerpt":{"rendered":"<p>The Household Goods Forwarders Association of America (HGFAA) describes itself as a global association of movers who are committed to ensuring that customers receive the best possible service during their move. It has now been replaced by the International Association of Movers (IAM), although several movers still list it on their websites. Key facts about [&hellip;]<\/p>\n","protected":false},"author":1,"featured_media":0,"parent":0,"menu_order":0,"comment_status":"closed","ping_status":"closed","template":"","meta":{"_genesis_hide_title":false,"_genesis_hide_breadcrumbs":false,"_genesis_hide_singular_image":false,"_genesis_hide_footer_widgets":false,"_genesis_custom_body_class":"","_genesis_custom_post_class":"","_genesis_layout":"","footnotes":""},"class_list":{"0":"post-437","1":"page","2":"type-page","3":"status-publish","5":"entry"},"_links":{"self":[{"href":"https:\/\/moverdb.com\/da\/wp-json\/wp\/v2\/pages\/437","targetHints":{"allow":["GET"]}}],"collection":[{"href":"https:\/\/moverdb.com\/da\/wp-json\/wp\/v2\/pages"}],"about":[{"href":"https:\/\/moverdb.com\/da\/wp-json\/wp\/v2\/types\/page"}],"author":[{"embeddable":true,"href":"https:\/\/moverdb.com\/da\/wp-json\/wp\/v2\/users\/1"}],"replies":[{"embeddable":true,"href":"https:\/\/moverdb.com\/da\/wp-json\/wp\/v2\/comments?post=437"}],"version-history":[{"count":12,"href":"https:\/\/moverdb.com\/da\/wp-json\/wp\/v2\/pages\/437\/revisions"}],"predecessor-version":[{"id":6221,"href":"https:\/\/moverdb.com\/da\/wp-json\/wp\/v2\/pages\/437\/revisions\/6221"}],"wp:attachment":[{"href":"https:\/\/moverdb.com\/da\/wp-json\/wp\/v2\/media?parent=437"}],"curies":[{"name":"wp","href":"https:\/\/api.w.org\/{rel}","templated":true}]}}