{"id":436,"date":"2016-06-12T14:04:20","date_gmt":"2016-06-12T14:04:20","guid":{"rendered":"http:\/\/moverdb.com\/?page_id=436"},"modified":"2026-01-08T14:47:42","modified_gmt":"2026-01-08T14:47:42","slug":"aima","status":"publish","type":"page","link":"https:\/\/moverdb.com\/da\/aima\/","title":{"rendered":"Australian International Movers Association (AIMA) Forklaret"},"content":{"rendered":"<p>Australian International Movers Association (AIMA) beskriver sig selv som et professionelt forum for de <a href=\"https:\/\/moverdb.com\/da\/international-removals\/\" data-internallinksmanager029f6b8e52c=\"27\" title=\"De 36 bedste internationale flyttefirmaer i Storbritannien\">internationale flytninger<\/a> industri. Medlemmerne skal have <a href=\"https:\/\/moverdb.com\/da\/fidi-faim\/\">FIDI\/FAIM<\/a> eller opfylde strenge kriterier for medlemskab, herunder krav om \u00f8konomisk integritet.<\/p>\n<p><strong>Vigtige fakta om AIMA:<\/strong><\/p>\n<ol>\n<li>  Det blev oprettet i 1975.<\/li>\n<li>  Den har omkring 60 medlemmer i <a href=\"https:\/\/moverdb.com\/da\/moving-to-australia\/living-in-australia\/\" data-internallinksmanager029f6b8e52c=\"240\" title=\"21 hemmeligheder om at bo i Australien, som du skal vide, f\u00f8r du flytter\">Australien<\/a>.<\/li>\n<li>  AIMA repr\u00e6senterer flyttebranchen i Australien og tiltr\u00e6kker ikke medlemmer fra andre lande. Den d\u00e6kker dog australske virksomheder, der foretager <a href=\"https:\/\/moverdb.com\/da\/flyttefirmaer\/\">internationale flytninger<\/a>.<\/li>\n<li>  Den er anerkendt som den <a href=\"https:\/\/moverdb.com\/da\/fidi-faim\/\" data-internallinksmanager029f6b8e52c=\"16\" title=\"FIDI &amp; FAIM (FIDI Accredited International Mover) forklaret\">FIDI<\/a> Association i Australien.<\/li>\n<li>  Medlemmer beh\u00f8ver ikke at v\u00e6re i besiddelse af FIDI\/FAIM-certificeringer for at blive medlem.<\/li>\n<li>  AIMA repr\u00e6senterer de FIDI-tilknyttede <a href=\"https:\/\/moverdb.com\/da\/moving-companies\/australia-moving-companies\/\" data-internallinksmanager029f6b8e52c=\"176\" title=\"17 bedste internationale flyttefirmaer i Australien\">Flyttefirmaer i Australien<\/a> som 'FIDI Association' og sender delegerede til FIDI's kongres og generalforsamling, der afholdes hvert \u00e5r.<\/li>\n<\/ol>\n<p><strong>Australian International Movers Association profil:<\/strong><\/p>\n<p>AIMA's mission er at give den australske flyttebranche mulighed for at styre sig selv, forbedre sine tjenester, sikre, at kunderne f\u00e5r bedre tjenester, beskytte offentlighedens interesser og give branchen mulighed for at handle som en enhed med regeringen. <\/p>\n<p>AIMA har ogs\u00e5 en uafh\u00e6ngig tvistbil\u00e6ggelsesinstans. AIMA er den anerkendte FIDI-sammenslutning i Australien, hvilket betyder, at flyttefirmaer med FIDI\/FAIM automatisk er berettiget til at blive medlem af AIMA. Australien <a href=\"https:\/\/moverdb.com\/da\/moving-companies\/\" data-internallinksmanager029f6b8e52c=\"79\" title=\"Top 25 internationale flyttefirmaer online\">flyttefirmaer<\/a> uden FAIM kan stadig blive medlem af AIMA, men skal opfylde kriterier, der m\u00e5ler deres specialviden, ressourcer, erfaring og finansielle situation. <\/p>\n<p>Kun AIMA-medlemmer er bundet af AIMA's tvistbil\u00e6ggelsesprocedure.<\/p>\n<p><strong>Kriterier for medlemskab:<\/strong><\/p>\n<p>AIMA's strenge kriterier for medlemskab omfatter kontrol af operationel kapacitet og finansiel integritet. Detaljerne om disse kriterier er ikke tilg\u00e6ngelige p\u00e5 webstedet.<\/p>\n<p>Virksomheder, der allerede er medlem af FIDI\/FAIM, er automatisk berettiget til medlemskab.<\/p>\n<p><strong>Medlemsvirksomheder<\/strong><\/p>\n<ul>\n<li> <a href=\"https:\/\/moverdb.com\/da\/conroy-removals\/\">Conroy Flyttefirmaer<\/a><\/li>\n<\/ul>\n<p><strong>Meninger om AIMA:<\/strong><\/p>\n<p>AIMA betragtes som en af en r\u00e6kke internationale flytteorganisationer, der giver sikkerhed for, at en flytning vil blive h\u00e5ndteret i overensstemmelse med de h\u00f8jest mulige standarder. Det er en garanti for, at en flyttevirksomhed har de rette kvalifikationer og er ajour med, hvad der betragtes som lokal bedste praksis. <\/p>\n<p>En r\u00e6kke virksomheder anf\u00f8rer AIMA p\u00e5 deres websteder som en international akkreditering, et kvalitetsm\u00e6rke sammen med andre som FIDI. AIMA's r\u00e6kkevidde er dog ret begr\u00e6nset, da den ikke har s\u00e5 mange medlemmer som nogle lignende organisationer i andre lande.<\/p>\n<p>Der er <a href=\"http:\/\/vandijktrack.com\/mim\/\" target=\"_blank\" rel=\"noopener\">et negativt websted<\/a> der angiver, at en kunde har en tvist med et AIMA-medlem, og at det har taget lang tid at f\u00e5 et resultat af tvisten. <\/p>\n<p>Denne person angiver, at han ikke ville tage en AIMA-akkreditering alt for alvorligt som et kvalitetsbevis. Det fremg\u00e5r dog ogs\u00e5 af hjemmesiden, at AIMA har ydet dem bistand, og tvisten synes ikke at v\u00e6re blevet opdateret siden 2010, hvilket tyder p\u00e5, at den er blevet behandlet.<\/p>\n<blockquote><p>Offentlige borgere, der v\u00e6lger et AIMA-medlem til at udf\u00f8re deres internationale flytning, kan derfor g\u00f8re det med tillid.<\/p><\/blockquote>\n<p>- <a href=\"http:\/\/www.ossworldwidemovers.com\/australian-international-movers-association\" target=\"_blank\" rel=\"noopener\">OSS World Wide Movers<\/a><\/p>\n<blockquote><p>Australian International Movers Association (AIMA) - Sikrer, at medlemmerne er tilstr\u00e6kkeligt kvalificerede og har opdateret bedste praksis i branchen.<\/p><\/blockquote>\n<p>- <a href=\"http:\/\/www.internationalremovalsaustralia.com.au\/why-choose-us\" target=\"_blank\" rel=\"noopener\">KeysBros Flyttel\u00f8sninger<\/a><\/p>\n<p><strong>Hjemmeside:<\/strong> <a href=\"http:\/\/aima.com.au\/\" target=\"_blank\" rel=\"noopener\">http:\/\/aima.com.au\/<\/a><\/p>\n<h2>Andre nyttige guider til Australien<\/h2>\n<ul>\n<li> <a href=\"https:\/\/moverdb.com\/da\/containerforsendelse\/australien\/\">2024 S\u00f8transportpriser for containere til og fra Australien<\/a><\/li>\n<li> <a href=\"https:\/\/moverdb.com\/da\/flyttefirmaer\/australien-2\/\">17 bedste internationale flyttefirmaer i Australien<\/a><\/li>\n<li> <a href=\"https:\/\/moverdb.com\/da\/de-bedste-internationale-pengeoverforselstjenester\/money-transfer-companies-australia\/\">De 10 bedste pengeoverf\u00f8rselsfirmaer i Australien<\/a><\/li>\n<li> <a href=\"https:\/\/moverdb.com\/da\/flytning-til-australien\/\">Flytter du til Australien? 2024 Leveomkostninger og tips til flytning<\/a><\/li>\n<li> <a href=\"https:\/\/moverdb.com\/da\/flytning-til-australien\/best-places-to-live-australia\/\">De 13 bedste steder at bo i Australien<\/a><\/li>\n<li> <a href=\"https:\/\/moverdb.com\/da\/flytning-til-australien\/at-bo-i-australien\/\">21 hemmeligheder om at bo i Australien, som du skal vide, f\u00f8r du flytter<\/a><\/li>\n<li> <a href=\"https:\/\/moverdb.com\/da\/flytning-til-australien\/moving-to-perth\/\">Skal du flytte til Perth? 2024 Leveomkostninger og tips til flytning<\/a><\/li>\n<li> <a href=\"https:\/\/moverdb.com\/da\/flytning-til-australien\/moving-to-australia-from-the-us\/\">Flytter til Australien fra USA<\/a><\/li>\n<li> <a href=\"https:\/\/moverdb.com\/da\/containerforsendelse\/to-australia-from-the-united-states\/\">Containerforsendelse til Australien fra USA koster<\/a><\/li>\n<li> <a href=\"https:\/\/moverdb.com\/da\/flytning-til-australien\/moving-to-australia-from-the-uk\/\">Flytter til Australien fra Storbritannien<\/a><\/li>\n<li> <a href=\"https:\/\/moverdb.com\/da\/containerforsendelse\/to-australia-from-the-uk\/\">Containerforsendelse til Australien fra Storbritannien - omkostninger og tider<\/a><\/li>\n<li> <a href=\"https:\/\/moverdb.com\/da\/flytning-til-australien\/moving-to-australia-from-bahrain\/\">Flytter til Australien fra Bahrain<\/a><\/li>\n<li> <a href=\"https:\/\/moverdb.com\/da\/flytning-til-australien\/moving-to-australia-from-the-uae\/\">Flytter til Australien fra Dubai og UAE<\/a><\/li>\n<li> <a href=\"https:\/\/moverdb.com\/da\/containerforsendelse\/to-australia-from-dubai\/\">Containerforsendelse til Australien fra Dubai - omkostninger og tider<\/a><\/li>\n<li> <a href=\"https:\/\/moverdb.com\/da\/containerforsendelse\/to-australia-from-uae\/\">Containerforsendelse til Australien fra De Forenede Arabiske Emirater - omkostninger og tider<\/a><\/li>\n<li> <a href=\"https:\/\/moverdb.com\/da\/flytning-til-australien\/moving-to-australia-from-kuwait\/\">Flytter til Australien fra Kuwait<\/a><\/li>\n<li> <a href=\"https:\/\/moverdb.com\/da\/flytning-til-australien\/moving-to-australia-from-qatar\/\">Flytter til Australien fra Qatar<\/a><\/li>\n<li> <a href=\"https:\/\/moverdb.com\/da\/containerforsendelse\/to-australia-from-qatar\/\">Omkostninger og tider for containerforsendelse til Australien fra Qatar<\/a><\/li>\n<li> <a href=\"https:\/\/moverdb.com\/da\/flytning-til-australien\/moving-to-australia-from-singapore\/\">Flytter til Australien fra Singapore<\/a><\/li>\n<li> <a href=\"https:\/\/moverdb.com\/da\/containerforsendelse\/to-australia-from-singapore\/\">Containerforsendelse til Australien fra Singapore - omkostninger og tider<\/a><\/li>\n<li> <a href=\"https:\/\/moverdb.com\/da\/flytning-til-australien\/moving-to-australia-from-south-africa\/\">Flytter til Australien fra Sydafrika<\/a><\/li>\n<li> <a href=\"https:\/\/moverdb.com\/da\/containerforsendelse\/to-australia-from-canada\/\">Containerforsendelse til Australien fra Canada koster<\/a><\/li>\n<li> <a href=\"https:\/\/moverdb.com\/da\/containerforsendelse\/to-australia-from-new-zealand\/\">Containerforsendelse til Australien fra New Zealand koster<\/a><\/li>\n<li> <a href=\"https:\/\/moverdb.com\/da\/flytning-til-australien\/moving-to-hobart\/\">Skal du flytte til Hobart? 2024 Leveomkostninger og tips til flytning<\/a><\/li>\n<li> <a href=\"https:\/\/moverdb.com\/da\/flytning-til-australien\/moving-to-gold-coast\/\">Skal du flytte til Gold Coast? 2024 Leveomkostninger og tips til flytning<\/a><\/li>\n<li> <a href=\"https:\/\/moverdb.com\/da\/flytning-til-australien\/moving-to-melbourne\/\">Skal du flytte til Melbourne? 2024 Leveomkostninger og tips til flytning<\/a><\/li>\n<\/ul>","protected":false},"excerpt":{"rendered":"<p>The Australian International Movers Association (AIMA) describes itself as a professional forum for the international removals industry. Members must hold FIDI\/FAIM or meet strict membership criteria, including requirements for financial integrity. Key facts about AIMA: It was established in 1975. It has around 60 members in Australia. AIMA represents the moving industry in Australia and [&hellip;]<\/p>\n","protected":false},"author":1,"featured_media":0,"parent":0,"menu_order":0,"comment_status":"closed","ping_status":"closed","template":"","meta":{"_genesis_hide_title":false,"_genesis_hide_breadcrumbs":false,"_genesis_hide_singular_image":false,"_genesis_hide_footer_widgets":false,"_genesis_custom_body_class":"","_genesis_custom_post_class":"","_genesis_layout":"","footnotes":""},"class_list":{"0":"post-436","1":"page","2":"type-page","3":"status-publish","5":"entry"},"_links":{"self":[{"href":"https:\/\/moverdb.com\/da\/wp-json\/wp\/v2\/pages\/436","targetHints":{"allow":["GET"]}}],"collection":[{"href":"https:\/\/moverdb.com\/da\/wp-json\/wp\/v2\/pages"}],"about":[{"href":"https:\/\/moverdb.com\/da\/wp-json\/wp\/v2\/types\/page"}],"author":[{"embeddable":true,"href":"https:\/\/moverdb.com\/da\/wp-json\/wp\/v2\/users\/1"}],"replies":[{"embeddable":true,"href":"https:\/\/moverdb.com\/da\/wp-json\/wp\/v2\/comments?post=436"}],"version-history":[{"count":9,"href":"https:\/\/moverdb.com\/da\/wp-json\/wp\/v2\/pages\/436\/revisions"}],"predecessor-version":[{"id":17998,"href":"https:\/\/moverdb.com\/da\/wp-json\/wp\/v2\/pages\/436\/revisions\/17998"}],"wp:attachment":[{"href":"https:\/\/moverdb.com\/da\/wp-json\/wp\/v2\/media?parent=436"}],"curies":[{"name":"wp","href":"https:\/\/api.w.org\/{rel}","templated":true}]}}