{"id":435,"date":"2016-06-12T14:17:13","date_gmt":"2016-06-12T14:17:13","guid":{"rendered":"http:\/\/moverdb.com\/?page_id=435"},"modified":"2026-01-08T14:47:40","modified_gmt":"2026-01-08T14:47:40","slug":"afra","status":"publish","type":"page","link":"https:\/\/moverdb.com\/da\/afra\/","title":{"rendered":"Australian Furniture Removers Association (AFRA) Forklaret"},"content":{"rendered":"<p>Australian Furniture Removers Association (AFRA) beskriver sig selv b\u00e5de som repr\u00e6sentant for og regulerende myndighed for flyttebranchen i Australien. <a href=\"https:\/\/moverdb.com\/da\/moving-to-australia\/living-in-australia\/\" data-internallinksmanager029f6b8e52c=\"240\" title=\"21 hemmeligheder om at bo i Australien, som du skal vide, f\u00f8r du flytter\">Australien<\/a>. <\/p>\n<p>Det har en stor geografisk r\u00e6kkevidde i Australien og n\u00e6vnes ofte som et kvalitetsm\u00e6rke.<\/p>\n<p><strong>Vigtige fakta om AFRA:<\/strong><\/p>\n<ol>\n<li>  I \u00f8jeblikket er omkring 350 flyttefirmaer og lignende virksomheder medlemmer af AFRA.<\/li>\n<li>  AFRA's medlemskab d\u00e6kker stort set alle regioner i Australien - men ikke internationale steder.<\/li>\n<li>  Revision er noget, som AFRA-medlemmer skal gennemg\u00e5 regelm\u00e6ssigt. Der er en indledende revision, som finder sted i forbindelse med medlemskabsans\u00f8gningen, efterfulgt af en revision 12 m\u00e5neder efter godkendelse og derefter en revision hvert fjerde \u00e5r. Hvis revisioner viser, at medlemmer ikke overholder de grundl\u00e6ggende krav, er der en frist p\u00e5 21 dage til at rette op p\u00e5 dette, f\u00f8r AFRA kan tr\u00e6ffe disciplin\u00e6re foranstaltninger over for sine medlemmer.<\/li>\n<li>  AFRA's medlemskab er mangfoldigt, lige fra sm\u00e5 virksomheder med en enkelt lastbil som ejer til store multinationale virksomheder med mange afdelinger b\u00e5de i Australien og i andre lande. <a href=\"https:\/\/moverdb.com\/da\/flyttefirmaer\/\">i udlandet<\/a>.<\/li>\n<li>  AFRA har visse grundl\u00e6ggende krav, som medlemmerne skal opfylde, og disse krav er omfattende og vedr\u00f8rer alt fra lokaler til personale, k\u00f8ret\u00f8jer, udstyr og forsikringer.<\/li>\n<li>  Hvis klager eller krav ikke kan l\u00f8ses af medlemmerne, kan kunden henvise dem til AFRA.<\/li>\n<li>  Alle AFRA-medlemmer har en ansvarsforsikring og er autoriseret til at tegne en transportforsikring for alle varer og effekter, der flyttes.<\/li>\n<\/ol>\n<p><strong>Australian Furniture Removers Association profil:<\/strong><\/p>\n<p>AFRA er et officielt organ for flytteeksperter, som giver akkreditering til medlemmer, der s\u00f8ger et p\u00e5lideligt kvalitetsm\u00e6rke, som de kan vise forbrugerne. <\/p>\n<p>Kun flyttefirmaer, der har det rette udstyr, k\u00f8ret\u00f8jer, lokaler og personaleuddannelse til at gennemf\u00f8re en professionel flytning, vil f\u00e5 en AFRA-medlemskabsakkreditering. N\u00e5r f\u00f8rst akkrediteringen er modtaget, forts\u00e6tter organisationen med at vurdere sine medlemmer for at sikre, at standarderne ikke er blevet forringet. <\/p>\n<p>De krav, som AFRA stiller til sine medlemmer, har til form\u00e5l at g\u00f8re flyttebranchen til et bedre sted for forbrugerne med hensyn til faktorer som f.eks. \u00f8konomisk beskyttelse og god service. AFRA tilbyder kun australske virksomheder medlemskab, men de kan betjene kunder, der flytter inden for Australien eller <a href=\"https:\/\/moverdb.com\/da\/internationale-flytninger\/\">i udlandet<\/a>. <\/p>\n<p>Som en del af sine medlemsfordele tilbyder AFRA uddannelse, information og vejledning til medlemmerne og er en ressource med de seneste nyheder og \u00e6ndringer, der p\u00e5virker branchen.<\/p>\n<p><strong>Kriterier for medlemskab:<\/strong><\/p>\n<p>Kriterierne for medlemskab er ikke anf\u00f8rt p\u00e5 webstedet, men p\u00e5 ans\u00f8gningsskemaet (som heller ikke er tilg\u00e6ngeligt p\u00e5 webstedet). En medlemskabspakke kan f\u00e5s ved henvendelse til <a href=\"mailto:admin@afra.com.au\">admin@afra.com.au<\/a>.<\/p>\n<p>Alle virksomheder skal underkastes en revision, inden de bliver medlem, inden de bliver godkendt.<\/p>\n<p><strong>Medlemsvirksomheder<\/strong><\/p>\n<ul>\n<li> <a href=\"https:\/\/moverdb.com\/da\/conroy-removals\/\">Conroy Flyttefirmaer<\/a><\/li>\n<\/ul>\n<p><strong>Meninger om AFRA:<\/strong><\/p>\n<p>AFRA betragtes som en indikator for en kvalitetsvirksomhed og foresl\u00e5s p\u00e5 regeringens websteder som en m\u00e5de at sikre, at en flyttevirksomhed har de rette ressourcer, standarder og f\u00e6rdigheder til at udf\u00f8re en flytning. <\/p>\n<p>Det anses for vigtigt, at AFRA kun godkender dem, der er i stand til at udf\u00f8re en flytning professionelt, og at AFRA-medlemmer skal have en beskyttelse som f.eks. forskellige forsikringer. <\/p>\n<p>Det p\u00e5peges, at hvis en virksomhed er medlem af AFRA, giver det deres kunder mulighed for at f\u00e5 adgang til AFRA-informationer og for at f\u00e5 tryghed i forbindelse med tvistbil\u00e6ggelsesordningen. I en online-udtalelse fremh\u00e6ves det, at \"alle de store nationale <a href=\"https:\/\/moverdb.com\/da\/international-removals\/\" data-internallinksmanager029f6b8e52c=\"27\" title=\"De 36 bedste internationale flyttefirmaer i Storbritannien\">flyttefirmaer<\/a> er engageret i AFRA-idealet.\" <\/p>\n<p>Brug af en AFRA-medlemssupporter er et af de tips til flytning, der gives af en <a href=\"https:\/\/www.allianz.com.au\/home-insurance\/news\/6-tips-on-how-to-hire-the-best-removalists\" target=\"_blank\" rel=\"noopener\">st\u00f8rre virksomhed inden for finansielle tjenesteydelser<\/a>, som g\u00f8r opm\u00e6rksom p\u00e5, at australsk lov ikke kr\u00e6ver, at flyttefirmaer skal have en forsikring, men at AFRA g\u00f8r det. Den l\u00e6gger ogs\u00e5 v\u00e6gt p\u00e5, at AFRA-medlemmer vil v\u00e6re ajour med den seneste udvikling og holdes op til minimumsstandarder.<\/p>\n<blockquote><p>Flyttefirmaer, der er akkrediteret af AFRA, skal opfylde visse standarder i forhold til udstyr, k\u00f8ret\u00f8jer, lokaler og uddannelse af personale, der er n\u00f8dvendige for at gennemf\u00f8re en professionel flytning.<\/p><\/blockquote>\n<p>- <a href=\"http:\/\/www.fairtrading.nsw.gov.au\/ftw\/Consumers\/Buying_services\/Hiring_a_removalist.page\" target=\"_blank\" rel=\"noopener\">NSW's regering<\/a><\/p>\n<blockquote><p>AFRA er et officielt organ for flytteeksperter i Australien, som hj\u00e6lper med at regulere flyttebranchen. AFRA godkender kun de flyttefirmaer, der har det n\u00f8dvendige udstyr, k\u00f8ret\u00f8jer, lokaler og uddannelse af personale, som er n\u00f8dvendige for at gennemf\u00f8re en professionel flytning.<\/p><\/blockquote>\n<p>- <a href=\"http:\/\/www.ashtons.com.au\/afra-accreditation.html\" target=\"_blank\" rel=\"noopener\">Ashtons Flyttefirmaer<\/a><\/p>\n<p><strong>Hjemmeside:<\/strong> <a href=\"http:\/\/www.afra.com.au\/\" target=\"_blank\" rel=\"noopener\">http:\/\/www.afra.com.au\/<\/a><\/p>\n<h2>Andre nyttige guider til Australien<\/h2>\n<ul>\n<li> <a href=\"https:\/\/moverdb.com\/da\/containerforsendelse\/australien\/\">2024 S\u00f8transportpriser for containere til og fra Australien<\/a><\/li>\n<li> <a href=\"https:\/\/moverdb.com\/da\/flyttefirmaer\/australien-2\/\">17 bedste internationale flyttefirmaer i Australien<\/a><\/li>\n<li> <a href=\"https:\/\/moverdb.com\/da\/de-bedste-internationale-pengeoverforselstjenester\/money-transfer-companies-australia\/\">De 10 bedste pengeoverf\u00f8rselsfirmaer i Australien<\/a><\/li>\n<li> <a href=\"https:\/\/moverdb.com\/da\/flytning-til-australien\/\">Flytter du til Australien? 2024 Leveomkostninger og tips til flytning<\/a><\/li>\n<li> <a href=\"https:\/\/moverdb.com\/da\/flytning-til-australien\/best-places-to-live-australia\/\">De 13 bedste steder at bo i Australien<\/a><\/li>\n<li> <a href=\"https:\/\/moverdb.com\/da\/flytning-til-australien\/at-bo-i-australien\/\">21 hemmeligheder om at bo i Australien, som du skal vide, f\u00f8r du flytter<\/a><\/li>\n<li> <a href=\"https:\/\/moverdb.com\/da\/flytning-til-australien\/moving-to-australia-from-the-us\/\">Flytter til Australien fra USA<\/a><\/li>\n<li> <a href=\"https:\/\/moverdb.com\/da\/containerforsendelse\/to-australia-from-the-united-states\/\">Containerforsendelse til Australien fra USA koster<\/a><\/li>\n<li> <a href=\"https:\/\/moverdb.com\/da\/flytning-til-australien\/moving-to-australia-from-the-uk\/\">Flytter til Australien fra Storbritannien<\/a><\/li>\n<li> <a href=\"https:\/\/moverdb.com\/da\/containerforsendelse\/to-australia-from-the-uk\/\">Containerforsendelse til Australien fra Storbritannien - omkostninger og tider<\/a><\/li>\n<li> <a href=\"https:\/\/moverdb.com\/da\/flytning-til-australien\/moving-to-australia-from-bahrain\/\">Flytter til Australien fra Bahrain<\/a><\/li>\n<li> <a href=\"https:\/\/moverdb.com\/da\/flytning-til-australien\/moving-to-australia-from-the-uae\/\">Flytter til Australien fra Dubai og UAE<\/a><\/li>\n<li> <a href=\"https:\/\/moverdb.com\/da\/containerforsendelse\/to-australia-from-dubai\/\">Containerforsendelse til Australien fra Dubai - omkostninger og tider<\/a><\/li>\n<li> <a href=\"https:\/\/moverdb.com\/da\/containerforsendelse\/to-australia-from-uae\/\">Containerforsendelse til Australien fra De Forenede Arabiske Emirater - omkostninger og tider<\/a><\/li>\n<li> <a href=\"https:\/\/moverdb.com\/da\/flytning-til-australien\/moving-to-australia-from-kuwait\/\">Flytter til Australien fra Kuwait<\/a><\/li>\n<li> <a href=\"https:\/\/moverdb.com\/da\/flytning-til-australien\/moving-to-australia-from-qatar\/\">Flytter til Australien fra Qatar<\/a><\/li>\n<li> <a href=\"https:\/\/moverdb.com\/da\/containerforsendelse\/to-australia-from-qatar\/\">Omkostninger og tider for containerforsendelse til Australien fra Qatar<\/a><\/li>\n<li> <a href=\"https:\/\/moverdb.com\/da\/flytning-til-australien\/moving-to-perth\/\">Skal du flytte til Perth? 2024 Leveomkostninger og tips til flytning<\/a><\/li>\n<li> <a href=\"https:\/\/moverdb.com\/da\/flytning-til-australien\/moving-to-australia-from-singapore\/\">Flytter til Australien fra Singapore<\/a><\/li>\n<li> <a href=\"https:\/\/moverdb.com\/da\/containerforsendelse\/to-australia-from-singapore\/\">Containerforsendelse til Australien fra Singapore - omkostninger og tider<\/a><\/li>\n<li> <a href=\"https:\/\/moverdb.com\/da\/flytning-til-australien\/moving-to-australia-from-south-africa\/\">Flytter til Australien fra Sydafrika<\/a><\/li>\n<li> <a href=\"https:\/\/moverdb.com\/da\/containerforsendelse\/to-australia-from-canada\/\">Containerforsendelse til Australien fra Canada koster<\/a><\/li>\n<li> <a href=\"https:\/\/moverdb.com\/da\/containerforsendelse\/to-australia-from-new-zealand\/\">Containerforsendelse til Australien fra New Zealand koster<\/a><\/li>\n<li> <a href=\"https:\/\/moverdb.com\/da\/flytning-til-australien\/moving-to-hobart\/\">Skal du flytte til Hobart? 2024 Leveomkostninger og tips til flytning<\/a><\/li>\n<li> <a href=\"https:\/\/moverdb.com\/da\/flytning-til-australien\/moving-to-gold-coast\/\">Skal du flytte til Gold Coast? 2024 Leveomkostninger og tips til flytning<\/a><\/li>\n<li> <a href=\"https:\/\/moverdb.com\/da\/flytning-til-australien\/moving-to-melbourne\/\">Skal du flytte til Melbourne? 2024 Leveomkostninger og tips til flytning<\/a><\/li>\n<\/ul>","protected":false},"excerpt":{"rendered":"<p>The Australian Furniture Removers Association (AFRA) describes itself both as a representative of, and regulator of, the removals industry in Australia. It has broad geographic reach within Australia and is often cited as a mark of quality. Key facts about the AFRA: Currently, around 350 furniture removal and associated companies are members of AFRA. The [&hellip;]<\/p>\n","protected":false},"author":1,"featured_media":0,"parent":0,"menu_order":0,"comment_status":"closed","ping_status":"closed","template":"","meta":{"_genesis_hide_title":false,"_genesis_hide_breadcrumbs":false,"_genesis_hide_singular_image":false,"_genesis_hide_footer_widgets":false,"_genesis_custom_body_class":"","_genesis_custom_post_class":"","_genesis_layout":"","footnotes":""},"class_list":{"0":"post-435","1":"page","2":"type-page","3":"status-publish","5":"entry"},"_links":{"self":[{"href":"https:\/\/moverdb.com\/da\/wp-json\/wp\/v2\/pages\/435","targetHints":{"allow":["GET"]}}],"collection":[{"href":"https:\/\/moverdb.com\/da\/wp-json\/wp\/v2\/pages"}],"about":[{"href":"https:\/\/moverdb.com\/da\/wp-json\/wp\/v2\/types\/page"}],"author":[{"embeddable":true,"href":"https:\/\/moverdb.com\/da\/wp-json\/wp\/v2\/users\/1"}],"replies":[{"embeddable":true,"href":"https:\/\/moverdb.com\/da\/wp-json\/wp\/v2\/comments?post=435"}],"version-history":[{"count":11,"href":"https:\/\/moverdb.com\/da\/wp-json\/wp\/v2\/pages\/435\/revisions"}],"predecessor-version":[{"id":17997,"href":"https:\/\/moverdb.com\/da\/wp-json\/wp\/v2\/pages\/435\/revisions\/17997"}],"wp:attachment":[{"href":"https:\/\/moverdb.com\/da\/wp-json\/wp\/v2\/media?parent=435"}],"curies":[{"name":"wp","href":"https:\/\/api.w.org\/{rel}","templated":true}]}}