{"id":434,"date":"2016-06-05T06:20:47","date_gmt":"2016-06-05T06:20:47","guid":{"rendered":"http:\/\/moverdb.com\/?page_id=434"},"modified":"2026-01-08T14:48:22","modified_gmt":"2026-01-08T14:48:22","slug":"fidi-faim","status":"publish","type":"page","link":"https:\/\/moverdb.com\/da\/fidi-faim\/","title":{"rendered":"FIDI &amp; FAIM (FIDI Accredited International Mover) forklaret"},"content":{"rendered":"<p>FIDI (F\u00e9d\u00e9ration Internationale des D\u00e9m\u00e9nageurs Internationaux; The Federation of International Movers) er en global paraplyorganisation for internationale flytte- og forflytningsvirksomheder. <\/p>\n<p>FIDI beskriver sig selv som en verdensomsp\u00e6ndende industristandard for topkvalitetsflyttere og har v\u00e6ret pioner for FIDI Accredited International Mover (FAIM) Quality Management Programme, et kvalitetscertificeringsprogram, der udelukkende er dedikeret til den internationale flyttebranche.<\/p>\n<p><strong>Vigtige fakta om organisationen:<\/strong><\/p>\n<ol>\n<li>  FIDI repr\u00e6senterer over <strong>600 uafh\u00e6ngige <a href=\"https:\/\/moverdb.com\/da\/flyttefirmaer\/\">virksomheder<\/a><\/strong> i mere end <strong>100 lande<\/strong>.<\/li>\n<li>  FIDI er den st\u00f8rste paraplyorganisation for <a href=\"https:\/\/moverdb.com\/da\/internationale-flytninger\/\">internationale flytninger<\/a> og flyttefirmaer.<\/li>\n<li>  FIDI tilbyder b\u00e5de personlig flytning og virksomhedsflytning.<\/li>\n<li>  Alle FIDI Affiliates skal overholde en streng FIDI-FAIM-kvalitetsstandard.<\/li>\n<li>  FIDI tilbyder FAIM-kvalitetsstyringsprogrammet, som anses for at v\u00e6re en af de mest strenge standarder i branchen med mere end <strong>200 kvalitetskrav<\/strong> b\u00e5de i forbindelse med drift og kundeservice.<\/li>\n<li>  Alle FIDI affilierede virksomheder skal gennemg\u00e5 en periodisk uafh\u00e6ngig vurdering af deres internationale flytteaktiviteter. Hvis de ikke best\u00e5r vurderingen, bliver de afskediget fra FIDI.<\/li>\n<li>  Alle FIDI-affilierede virksomheder skal underskrive og overholde et obligatorisk charter om bek\u00e6mpelse af bestikkelse og korruption.<\/li>\n<li>  Alle FIDI-medlemmer skal ogs\u00e5 v\u00e6re FAIM-certificeret - dette s\u00f8ges samtidig med medlemskabet.<\/li>\n<li>  FAIM Plus er tilg\u00e6ngelig for dem, der har ISO 9001-certificering.<\/li>\n<\/ol>\n<p><strong>FIDI's organisationsprofil<\/strong><\/p>\n<p>FIDI er en global sammenslutning af flyttefirmaer, der tilbyder sine medlemmer et st\u00e6rkt, anerkendt godkendelsesstempel for tjenester, \u00f8gede netv\u00e6rksmuligheder og mulighed for at udvide deres forretning. <\/p>\n<p>Den afholder j\u00e6vnligt konferencer og kurser for medlemmer fra hele verden og tilbyder medlemmerne en betalingsbeskyttelsesplan, som hj\u00e6lper dem med at beskytte op til 90% af v\u00e6rdien af deres fakturaer. FIDI har ogs\u00e5 sat sig for at holde sine medlemmer ajour med de seneste nyheder i branchen og har et branchepanel, der tilbyder ekspertvejledning og behandler tvister mellem medlemmer. <\/p>\n<p>FIDI Accredited International Mover (FAIM) Quality Management Programme er en del af FIDI's tilbud, en kvalitetscertificering for flyttebranchen, som er udviklet via h\u00f8ring og bedste praksis fra de bedste store, sm\u00e5, private og offentlige flyttefirmaer. <a href=\"https:\/\/moverdb.com\/da\/moving-companies\/\" data-internallinksmanager029f6b8e52c=\"79\" title=\"Top 25 internationale flyttefirmaer online\">internationale flyttefirmaer<\/a> fra hele verden.<\/p>\n<p><strong>Kriterier for medlemskab:<\/strong><\/p>\n<p>For at blive medlem af FIDI Global Alliance skal du opfylde f\u00f8lgende obligatoriske krav:<\/p>\n<ul>\n<li> Overholder FIDI's regler<\/li>\n<li> have arbejdet med interkontinentale flytninger i mindst 2 \u00e5r f\u00f8r ans\u00f8gningen<\/li>\n<li> Udf\u00f8re mindst 10 interkontinentale flytninger om \u00e5ret*<\/li>\n<li> have en passende og tilstr\u00e6kkelig forsikringsd\u00e6kning<\/li>\n<li> Underskriv FIDI's charter om bek\u00e6mpelse af bestikkelse og korruption (FIDI ABC Charter)<\/li>\n<li> v\u00e6re \u00f8konomisk sund (din \u00f8konomiske sundhed vil blive kontrolleret af en uafh\u00e6ngig revisor i ans\u00f8gningsfasen)<\/li>\n<li> v\u00e6re FIDI-FAIM-certificeret (du skal ans\u00f8ge om FAIM-certificering samtidig med, at du ans\u00f8ger om medlemskab af FIDI)<\/li>\n<\/ul>\n<p><strong>FAIM-certificering:<\/strong><\/p>\n<p>FIDI-FAIM-certificeringsprogrammet kr\u00e6ver, at internationale flyttefirmaer f\u00e5r foretaget en periodisk uafh\u00e6ngig vurdering af deres interkontinentale flytteaktiviteter gennem en uafh\u00e6ngig audit, som udf\u00f8res hvert tredje \u00e5r.<\/p>\n<p>Dette sikrer, at FIDI-virksomhederne arbejder efter en f\u00e6lles standard p\u00e5 verdensplan for at styre og udf\u00f8re internationale flyttetjenester p\u00e5 en ensartet, kvalitetsbevidst og effektiv m\u00e5de. Det giver ogs\u00e5 en gennemsigtig mekanisme, der sikrer, at standarderne forbliver h\u00f8je.<\/p>\n<p>Set fra slutkundens synspunkt giver en FAIM-certificeret virksomhed den person, der flytter, og HR-afdelingen, der organiserer flytningen, tillid til, at virksomheden kender branchen og har ressourcerne og knowhow til at udf\u00f8re arbejdet korrekt.<\/p>\n<p>Vurderingen p\u00e5 stedet udf\u00f8res uafh\u00e6ngigt af de internationale vurderingsfirmaer Ernst &amp; Young.<\/p>\n<p><strong>Nogle medlemsvirksomheder<\/strong><\/p>\n<ul>\n<li> <a href=\"https:\/\/moverdb.com\/da\/aires\/\">Aires<\/a><\/li>\n<li> <a href=\"https:\/\/moverdb.com\/da\/cadogan-tate\/\">Cadogan Tate<\/a><\/li>\n<li> <a href=\"https:\/\/moverdb.com\/da\/harrow-green\/\">Harrow Green<\/a><\/li>\n<li> <a href=\"https:\/\/moverdb.com\/da\/santa-fe-relocation\/\">Flytning i Santa Fe<\/a><\/li>\n<li> <a href=\"https:\/\/moverdb.com\/da\/team-relokaliseringer\/\">Flytning af hold<\/a><\/li>\n<li> <a href=\"https:\/\/moverdb.com\/da\/nippon-express\/\">Nippon Express<\/a><\/li>\n<li> <a href=\"https:\/\/moverdb.com\/da\/settelen\/\">Settelen<\/a><\/li>\n<li> <a href=\"https:\/\/moverdb.com\/da\/conroy-removals\/\">Conroy Flyttefirmaer<\/a><\/li>\n<li> <a href=\"https:\/\/moverdb.com\/da\/bolliger\/\">Bolliger<\/a><\/li>\n<li> <a href=\"https:\/\/moverdb.com\/da\/mudanzas-gou\/\">Mudanzas Gou<\/a><\/li>\n<li> <a href=\"https:\/\/moverdb.com\/da\/gil-stauffer\/\">Gil Stauffer<\/a><\/li>\n<li> <a href=\"https:\/\/moverdb.com\/da\/packimpex\/\">Packimpex<\/a><\/li>\n<\/ul>\n<p><strong>Meninger om organisationen<\/strong><\/p>\n<p>FIDI er h\u00f8jt anset af de flyttefirmaer, der n\u00e6vner det p\u00e5 deres websteder, b\u00e5de med hensyn til de betydelige ressourcer, det r\u00e5der over, og det faktum, at der l\u00f8bende foretages revisioner. <\/p>\n<p>Uafh\u00e6ngighed er en anden vigtig faktor for det ry, som FIDI har opbygget - alle flyttefirmaer har en overensstemmelsesprocedure p\u00e5 stedet, som udf\u00f8res af en konsulent uden for landets gr\u00e6nser. <\/p>\n<blockquote><p>For flyttefirmaer, der str\u00e6ber efter det h\u00f8jeste kvalitetsniveau, er FAIM\/ISO den h\u00f8jeste certificeringsstandard, der findes i verden.<\/p><\/blockquote>\n<p> - <a href=\"http:\/\/www.ossworldwidemovers.com\/fidi-accredited-international-mover\" target=\"_blank\" rel=\"noopener\">OSS World Wide Movers<\/a><\/p>\n<blockquote><p>Der findes mange flyttefirmaer i hele verden. Hvordan adskiller man de gode fra de d\u00e5rlige? Du starter med FIDI\/FAIM, som er den gyldne standard for internationale flytninger.<\/p><\/blockquote>\n<p>- <a href=\"http:\/\/www.jkmoving.com\/International\/International_Network-_FIDI\/FAIM\/\" target=\"_blank\" rel=\"noopener\">JK Flyttetjenester<\/a><\/p>\n<p><a href=\"http:\/\/www.jkmoving.com\/International\/International_Network-_FIDI\/FAIM\/\" target=\"_blank\" rel=\"noopener\"><\/a><\/p>\n<blockquote><p>Dette er det strengeste, altomfattende kvalitetsprogram for den internationale flyttebranche og indeholder mere end 200 kvalitetskrav vedr\u00f8rende organisationens aktiviteter og serviceydelser til kunderne. FIDI tilbyder nu en akkreditering kaldet FAIM.<\/p><\/blockquote>\n<p>- <a href=\"http:\/\/www.suddathinternational.com\/news\/2013\/8\/1\/faim-plus.aspx\" target=\"_blank\" rel=\"noopener\">Suddath<\/a><\/p>\n<p><strong>Hjemmeside:<\/strong> <a href=\"https:\/\/www.fidi.org\" target=\"_blank\" rel=\"noopener\">https:\/\/www.fidi.org<\/a><\/p>","protected":false},"excerpt":{"rendered":"<p>FIDI (F\u00e9d\u00e9ration Internationale des D\u00e9m\u00e9nageurs Internationaux; The Federation of International Movers) is a global umbrella organisation of international moving and relocation businesses. It describes itself as a worldwide industry standard for top quality movers and has pioneered the FIDI Accredited International Mover (FAIM) Quality Management Programme, a quality certification programme dedicated exclusively to the international [&hellip;]<\/p>\n","protected":false},"author":1,"featured_media":0,"parent":0,"menu_order":0,"comment_status":"closed","ping_status":"closed","template":"","meta":{"_genesis_hide_title":false,"_genesis_hide_breadcrumbs":false,"_genesis_hide_singular_image":false,"_genesis_hide_footer_widgets":false,"_genesis_custom_body_class":"","_genesis_custom_post_class":"","_genesis_layout":"","footnotes":""},"class_list":{"0":"post-434","1":"page","2":"type-page","3":"status-publish","5":"entry"},"_links":{"self":[{"href":"https:\/\/moverdb.com\/da\/wp-json\/wp\/v2\/pages\/434","targetHints":{"allow":["GET"]}}],"collection":[{"href":"https:\/\/moverdb.com\/da\/wp-json\/wp\/v2\/pages"}],"about":[{"href":"https:\/\/moverdb.com\/da\/wp-json\/wp\/v2\/types\/page"}],"author":[{"embeddable":true,"href":"https:\/\/moverdb.com\/da\/wp-json\/wp\/v2\/users\/1"}],"replies":[{"embeddable":true,"href":"https:\/\/moverdb.com\/da\/wp-json\/wp\/v2\/comments?post=434"}],"version-history":[{"count":28,"href":"https:\/\/moverdb.com\/da\/wp-json\/wp\/v2\/pages\/434\/revisions"}],"predecessor-version":[{"id":6210,"href":"https:\/\/moverdb.com\/da\/wp-json\/wp\/v2\/pages\/434\/revisions\/6210"}],"wp:attachment":[{"href":"https:\/\/moverdb.com\/da\/wp-json\/wp\/v2\/media?parent=434"}],"curies":[{"name":"wp","href":"https:\/\/api.w.org\/{rel}","templated":true}]}}